{"id":343594,"date":"2022-06-24T17:21:51","date_gmt":"2022-06-25T00:21:51","guid":{"rendered":"https:\/\/www.santamonica.com\/?page_id=343594"},"modified":"2026-03-06T15:02:38","modified_gmt":"2026-03-06T23:02:38","slug":"st-patricks-day","status":"publish","type":"page","link":"https:\/\/www.santamonica.com\/de\/things-to-do\/st-patricks-day\/","title":{"rendered":"St. Patrick's Day in Santa Monica"},"content":{"rendered":"<section class=\"sun-title-images sm-block\">\n    <div class=\"sun-title-images__inner\">\n\n        <div class=\"sun-title-images__bottom\">\n            <div class=\"sun-title-images__bottom-content\">\n                <h2 class=\"sun-title-images__bottom-headline\">\n                    St. Patrick's Day Angebote                <\/h2>\n                <div class=\"sun-title-images__bottom-text wysiwyg\">\n                    <p><strong>Holey Moley<br \/>\n<\/strong>Ein bisschen irischer Mut kann viel bewirken bei <a href=\"https:\/\/www.santamonica.com\/de\/dinge-die-man-tun-kann\/heiteres-treiben\/\">L\u00f6chrig<\/a><a href=\"https:\/\/www.santamonica.com\/de\/dinge-die-man-tun-kann\/heiteres-treiben\/\"> Moley<\/a>. W\u00e4hlen Sie aus zwei Spezialit\u00e4ten f\u00fcr $8 oder kombinieren Sie Ihre Wahl mit einem beliebigen Bier f\u00fcr nur $12. Die perfekte Ausrede, um zwischen zwei Minigolf-Runden mit Ihrer Mannschaft ein Glas zu erheben und Gl\u00fcck zu haben. Nur f\u00fcr eine begrenzte Zeit erh\u00e4ltlich - kommen Sie mit uns zum Shamrock and Roll!<\/p>\n<p><strong>Jameson's Pub<br \/>\n<\/strong>Betrachten Sie dies als Ihre offizielle Ausrede, um die Party fr\u00fchzeitig zu beginnen. St.-Patrick's-Wochenende im <a href=\"https:\/\/www.santamonica.com\/de\/restaurants\/jamesons-pub\/\">Jameson's Pub<\/a> bedeutet, dass gr\u00fcnes Bier flie\u00dft, Whiskey ausgeschenkt wird und man es nicht bereut. Wir \u00f6ffnen am Montag, den 17.03. um 6 Uhr morgens, denn St. Paddy's wartet auf niemanden. Kommen Sie und genie\u00dfen Sie Getr\u00e4nke-Specials, gutes Essen, Live-Unterhaltung und genug Gl\u00fcck, um Sie durch das Wochenende zu bringen!<\/p>\n<p><strong>Spielland Arkade<\/strong><br \/>\nTragen Sie etwas Gr\u00fcnes zu <a href=\"https:\/\/www.santamonica.com\/de\/dinge-die-man-tun-kann\/spielland-arkade\/\">Spielland Arkade<\/a> und erhalten Sie 200 zus\u00e4tzliche Punkte auf Ihrer Spielkarte sowie eine kostenlose Halskette, wenn Sie am Dienstag, den 17.03. eines unserer St. Paddy's Day Specials nutzen.<\/p>\n                <\/div>\n            <\/div>\n            <div class=\"sun-title-images__bottom-images\">\n                <div class=\"sun-title-images__bottom-images-wrap\">\n                                    <img decoding=\"async\" class=\"sun-title-images__bottom-image-tall\" src=\"https:\/\/www.santamonica.com\/wp-content\/uploads\/2022\/06\/mcgregor-mural-santa-monica2.jpg\" alt=\"mcgregor-mauer-santa-monica2\" title=\"\">\n                                                             <img decoding=\"async\" class=\"sun-title-images__bottom-image-square\" src=\"https:\/\/www.santamonica.com\/wp-content\/uploads\/2022\/06\/santa-monica-irish-pub.jpg\" alt=\"santa-monica-irish-pub\" title=\"\">\n                                    <\/div>\n            <\/div>\n        <\/div>\n\n    <\/div>\n<\/section>\n\n\n<section class=\"sun-title sm-block --theme6 --2col sm-block\" id=\"events\">\n            <h2 class=\"sun-title__headline\">St. Patrick's Day Veranstaltungen<\/h2>    \n            <div class=\"sun-title__body  --2col wysiwyg\">\n                    <div class=\"column-1\">\n                <p><strong>Dudelsack im Library Ale House<br \/>\n<\/strong><em>Sonntag, 15. M\u00e4rz &amp; Dienstag, 17. M\u00e4rz<\/em><br \/>\nBeitreten <a href=\"https:\/\/www.santamonica.com\/de\/restaurants\/die-bibliothek-bierstube\/\">Die Bierstube der Bibliothek<\/a> zum St. Patrick's Day-Wochenende! Genie\u00dfen Sie am Sonntag um 15 Uhr und am Dienstag um 18 Uhr eine Dudelsackshow, begleitet von einem speziellen Reuben Sandwich, Corned Beef Stew und Guiness und Jameson, die die ganze Nacht \u00fcber ausgeschenkt werden.<\/p>\n<p><strong>Happy Hour im 1212 Santa Monica<br \/>\n<\/strong><em>Samstag, 14. M\u00e4rz<br \/>\n<\/em>Santa Monica, mach dich gr\u00fcn - am Samstag, 14.03. <a href=\"https:\/\/www.santamonica.com\/de\/restaurants\/1212-santa-monica\/\">1212 Santa Monica<\/a> steht ganz im Zeichen des St. Paddy's Day mit gr\u00fcnen Biert\u00fcrmen, Getr\u00e4nken zum Mitnehmen und all dem irischen Spa\u00df, den Sie haben k\u00f6nnen. Genie\u00dfen Sie Getr\u00e4nke im Freien in der Entertainment Zone und erleben Sie das beste St. Paddy's Day-Wochenende aller Zeiten!<\/p>\n<p><strong>Das irische Filmfestival in Santa Monica<br \/>\n<\/strong><em>Freitag, 20. M\u00e4rz bis Sonntag, 22. M\u00e4rz<\/em><br \/>\nDas Irish Film Festival LA kehrt zur\u00fcck und feiert drei Tage lang das irische Kino im <a href=\"https:\/\/www.santamonica.com\/de\/dinge-die-man-tun-kann\/laemmles-monica-4-plex-theatres\/\">Laemmle Monica Film Center<\/a>. Gezeigt werden sechs Spielfilme, drei Dokumentarfilme und mehr als 30 Kurzfilme in vier kuratierten Sparten. Auf dem Programm stehen au\u00dferdem irischsprachiges Kino, Fragen und Antworten von Filmemachern und Diskussionsrunden zu neuen Trends im Filmbereich. Tickets kaufen <a href=\"https:\/\/ciacla.com\/film\/\" target=\"_blank\" rel=\"noopener\">hier<\/a> jetzt!<\/p>\n<p><strong>Santa Monica St. Patrick's Day 2026 Bar Crawl<\/strong><br \/>\n<em>Freitag, 13. M\u00e4rz von 19:30 - 2 Uhr und Samstag, 14. M\u00e4rz von 19:30 - 2 Uhr<\/em><br \/>\nFeiern Sie den St. Paddy's Day mit einem ausgiebigen Abend in Santa Monica. Besuchen Sie mehr als 4 teilnehmende Lokale, zahlen Sie keinen Eintritt in den teilnehmenden Lokalen w\u00e4hrend der Bar Crawl Stunden, und beenden Sie gemeinsam am letzten Halt f\u00fcr einige Late-Night-Party Energie. Tickets besorgen <a href=\"https:\/\/www.eventbrite.ca\/e\/santa-monica-st-patricks-day-2026-bar-crawl-friday-march-13th-tickets-1980857407830?aff=odcleoeventsincollection\" target=\"_blank\" rel=\"noopener\">hier<\/a> jetzt!<\/p>\n                            <\/div>\n            <div class=\"column-2\">\n                <p><strong>Lucky's St. Patrick's Day Bar Crawl<\/strong><br \/>\n<em>Samstag, 14. M\u00e4rz von 4PM - 10PM<\/em><br \/>\nErleben Sie eine unvergessliche Kneipentour mit gr\u00fcnen Getr\u00e4nken, Kleebl\u00e4ttern und Spa\u00df ohne Ende! Start bei <a href=\"https:\/\/www.santamonica.com\/de\/restaurants\/cabo-cantina\/\">Cabo Cantina<\/a>, und h\u00fcpfen Sie dann zwischen den besten Bars in Santa Monica hin und her, genie\u00dfen Sie exklusive Getr\u00e4nke-Specials, festliche Giveaways und die ganze lebhafte Energie des St. Patrick's Day. Tickets kaufen <a href=\"https:\/\/crawlwith.us\/santamonica\/stpattys\/\" target=\"_blank\" rel=\"noopener\">hier.<\/a><\/p>\n<p><strong>K\u00fcss mich, ich bin Ire! St. Patrick's Day Singles Party im Weary Livers<br \/>\n<\/strong><em>Samstag, 14. M\u00e4rz von 7PM - 11PM<\/em><br \/>\nMachen Sie sich bereit f\u00fcr Shamrock and Roll bei <a href=\"https:\/\/www.santamonica.com\/de\/mude-lebern\/\">M\u00fcde Lebern\u2019<\/a> St. Patrick's Day Singles Party &amp; Karaoke Night! Egal, ob Sie wegen des gr\u00fcnen Biers, unserer ber\u00fchmten Shamrock-Shakes oder der M\u00f6glichkeit, Ihre Lieblingssongs zu singen, hier sind Sie genau richtig! Mehr Infos <a href=\"https:\/\/www.santamonica.com\/de\/veranstaltung\/kiss-me-im-irish-singles-social-mixer-santa-monica\/\" target=\"_blank\" rel=\"noopener\">hier.<\/a><\/p>\n<p><strong>Ye Olde King Head's St. Patrick's Shenanigans<\/strong><br \/>\n<em>Dienstag, 17. M\u00e4rz von 10AM - 2AM<\/em><br \/>\nGenie\u00dfen Sie den St. Patrick's Day bei <a href=\"https:\/\/www.santamonica.com\/de\/restaurants\/der-alte-konigskopf\/\">Ye Olde King Head's<\/a> mit DJ, Dudelsackspieler, Gr\u00fcnbier, Corned Beef und Kraut, Getr\u00e4nkespecials und vielem mehr! Kommen Sie, um Spa\u00df zu haben, und bleiben Sie, um sich zu am\u00fcsieren! Erfahren Sie mehr <a href=\"https:\/\/www.yeoldekingshead.com\/events\/st-patricks-day-tuesday-march-17th\" target=\"_blank\" rel=\"noopener\">hier.<\/a><\/p>\n                            <\/div>\n            <\/div>\n    <\/section>\n\n\n<section class=\"stakeholder-feed sm-block js-stk-root sm-block\" id=\"irishbars\">\n    <div class=\"stakeholder-feed__top\">\n        <div class=\"stakeholder-feed__intro\">\n                            <h2 class=\"stakeholder-feed__headline\">Irische Bars in Santa Monica<\/h2>                                <\/div>\n        <div class=\"stakeholder-feed__nav-section\">\n                            <h3 class=\"stakeholder-feed__feed-title\">Feiern Sie in diesen Kneipen<\/h3>                                        <a href=\"https:\/\/www.santamonica.com\/de\/restaurants\/?stake-cat=3522&#038;stake-price=any&#038;page-num=1\" class=\"stakeholder-feed__feed-cta button --primary-teal-button\">Alle Santa Monica Bars anzeigen<\/a>            \n                        <div class=\"stakeholder-feed__pagination xxx--desktop-hide\">\n                <div class=\"swiper-button-prev stakeholder-feed__pagination-prev\"><\/div>\n                <div class=\"swiper-button-next stakeholder-feed__pagination-next\"><\/div>\n            <\/div>\n        <\/div>\n    <\/div>\n    <div class=\"stakeholder-feed__bottom\">\n        <div class=\"stakeholder-feed__feed-list-wrapper swiper js-stk-swiper\">\n            <ul class=\"stakeholder-feed__feed-list swiper-wrapper js-stk-wrapper\">\n                    <li class=\"swiper-slide stakeholder-card --theme3\">\n        <a class=\"stakeholder-card__link\" href=\"https:\/\/www.santamonica.com\/de\/restaurants\/jamesons-pub\/\">\n            <div class=\"stakeholder-card__image\">\n                <img decoding=\"async\" src=\"https:\/\/assets.simpleviewinc.com\/simpleview\/image\/upload\/crm\/santamonica\/full-1_AC41F6E0-A2D1-B06A-387E52DCFBCF43B1-ac41f563ac0630e_ac41fe91-e034-7018-499f11fb0ec2ae09.jpg\" alt=\"Jameson&#039;s Pub\" title=\"\">\n            <\/div>\n            <div class=\"stakeholder-card__stk-info\">\n                <div class=\"stakeholder-card__stk-name\">Jameson's Pub<\/div>\n                <div class=\"stakeholder-card__stk-cat\">Irisch<\/div>\n            <\/div>\n        <\/a>\n    <\/li>\n        <li class=\"swiper-slide stakeholder-card --theme3\">\n        <a class=\"stakeholder-card__link\" href=\"https:\/\/www.santamonica.com\/de\/restaurants\/obriens-irish-pub\/\">\n            <div class=\"stakeholder-card__image\">\n                <img decoding=\"async\" src=\"https:\/\/api.threshold360.com\/step\/v2\/locations\/1323295\/thumbnail\" alt=\"O&#039;Briens Irish Pub &amp; Restaurant\" title=\"\">\n            <\/div>\n            <div class=\"stakeholder-card__stk-info\">\n                <div class=\"stakeholder-card__stk-name\">O'Briens Irish Pub &amp; Restaurant<\/div>\n                <div class=\"stakeholder-card__stk-cat\">Amerikanisch<\/div>\n            <\/div>\n        <\/a>\n    <\/li>\n        <li class=\"swiper-slide stakeholder-card --theme3\">\n        <a class=\"stakeholder-card__link\" href=\"https:\/\/www.santamonica.com\/de\/restaurants\/sonny-mcleans-irish-pub\/\">\n            <div class=\"stakeholder-card__image\">\n                <img decoding=\"async\" src=\"https:\/\/api.threshold360.com\/step\/v2\/locations\/1323265\/thumbnail\" alt=\"Sonny McLean&#039;s Irish Pub\" title=\"\">\n            <\/div>\n            <div class=\"stakeholder-card__stk-info\">\n                <div class=\"stakeholder-card__stk-name\">Sonny McLean's Irish Pub<\/div>\n                <div class=\"stakeholder-card__stk-cat\">Essen<\/div>\n            <\/div>\n        <\/a>\n    <\/li>\n        <li class=\"swiper-slide stakeholder-card --theme3\">\n        <a class=\"stakeholder-card__link\" href=\"https:\/\/www.santamonica.com\/de\/restaurants\/ye-olde-kings-head\/\">\n            <div class=\"stakeholder-card__image\">\n                <img decoding=\"async\" src=\"https:\/\/assets.simpleviewinc.com\/simpleview\/image\/upload\/crm\/santamonica\/Bangers-and-mash1_c6d37c8e-5056-b365-ab4ac1d494c3fd11.jpg\" alt=\"Ye Olde King&#039;s Head\" title=\"\">\n            <\/div>\n            <div class=\"stakeholder-card__stk-info\">\n                <div class=\"stakeholder-card__stk-name\">Ye Olde King's Head<\/div>\n                <div class=\"stakeholder-card__stk-cat\">Britisch<\/div>\n            <\/div>\n        <\/a>\n    <\/li>\n                <\/ul>\n        <\/div>\n    <\/div>\n<\/section>\n\n\n<section class=\"blog-feed --theme8 sm-block\">\n    <div class=\"blog-feed__content\">\n        <div class=\"blog-feed__intro\">\n                            <div class=\"blog-feed__eyebrow eyebrow\">Blogs<\/div>                                        <h2 class=\"blog-feed__headline\">Santa Monica entdecken<\/h2>                                        <div class=\"blog-feed__body\"><p>Entdecken Sie Reiserouten, lokale Tipps, Hot Spots und ausgew\u00e4hlte Abenteuer, damit Sie das Beste aus Ihrem Aufenthalt in Santa Monica machen k\u00f6nnen.<\/p>\n<\/div>\n                                        <a class=\"blog-feed__cta\" href=\"https:\/\/www.santamonica.com\/de\/blogeintrage\/\">Alle Blogs anzeigen<\/a>\n                    <\/div>\n\n        <ul class=\"blog-feed__list\">\n                                                <li class=\"blog-feed__item\">\n                        <a href=\"https:\/\/www.santamonica.com\/de\/restaurants\/wine-craft-beer-craft-cocktails\/\" class=\"blog-feed__item-link\">\n                            <div class=\"blog-feed__image-ratio\">\n                                <img decoding=\"async\" class=\"blog-feed__image\" src=\"https:\/\/www.santamonica.com\/wp-content\/uploads\/2021\/06\/Santa-Monica-Local-Libations-Featured-400x400.jpg\" alt=\"Lokale Spirituosen in Santa Monica\" title=\"\">\n                            <\/div>\n                            <div class=\"blog-feed__card-title\">Lokale Spirituosen in Santa Monica<\/div>\n                        <\/a>\n                    <\/li>\n                                                                <li class=\"blog-feed__item\">\n                        <a href=\"https:\/\/www.santamonica.com\/de\/restaurants\/a-guide-to-santa-monicas-hotel-bars\/\" class=\"blog-feed__item-link\">\n                            <div class=\"blog-feed__image-ratio\">\n                                <img decoding=\"async\" class=\"blog-feed__image\" src=\"https:\/\/www.santamonica.com\/wp-content\/uploads\/2019\/07\/desktop-1-e1563912356679-400x400.jpg\" alt=\"Ein F\u00fchrer zu Santa Monicas Hotelbars\" title=\"\">\n                            <\/div>\n                            <div class=\"blog-feed__card-title\">Ein F\u00fchrer zu Santa Monicas Hotelbars<\/div>\n                        <\/a>\n                    <\/li>\n                                                                <li class=\"blog-feed__item\">\n                        <a href=\"https:\/\/www.santamonica.com\/de\/things-to-do\/arts-culture\/live-music-santa-monica\/\" class=\"blog-feed__item-link\">\n                            <div class=\"blog-feed__image-ratio\">\n                                <img decoding=\"async\" class=\"blog-feed__image\" src=\"https:\/\/www.santamonica.com\/wp-content\/uploads\/2018\/05\/Live-Music-Blog-Featured-400x400.jpg\" alt=\"Live-Musik in Santa Monica\" title=\"\">\n                            <\/div>\n                            <div class=\"blog-feed__card-title\">Live-Musik in Santa Monica<\/div>\n                        <\/a>\n                    <\/li>\n                                    <\/ul>\n    <\/div>\n<\/section>","protected":false},"excerpt":{"rendered":"","protected":false},"author":1450,"featured_media":350202,"parent":0,"menu_order":0,"comment_status":"closed","ping_status":"closed","template":"template-editorial.php","meta":{"_acf_changed":false,"inline_featured_image":false,"footnotes":""},"silos":[3899],"class_list":["post-343594","page","type-page","status-publish","has-post-thumbnail","hentry"],"acf":[],"_links":{"self":[{"href":"https:\/\/www.santamonica.com\/de\/wp-json\/wp\/v2\/pages\/343594","targetHints":{"allow":["GET"]}}],"collection":[{"href":"https:\/\/www.santamonica.com\/de\/wp-json\/wp\/v2\/pages"}],"about":[{"href":"https:\/\/www.santamonica.com\/de\/wp-json\/wp\/v2\/types\/page"}],"author":[{"embeddable":true,"href":"https:\/\/www.santamonica.com\/de\/wp-json\/wp\/v2\/users\/1450"}],"replies":[{"embeddable":true,"href":"https:\/\/www.santamonica.com\/de\/wp-json\/wp\/v2\/comments?post=343594"}],"version-history":[{"count":143,"href":"https:\/\/www.santamonica.com\/de\/wp-json\/wp\/v2\/pages\/343594\/revisions"}],"predecessor-version":[{"id":789686,"href":"https:\/\/www.santamonica.com\/de\/wp-json\/wp\/v2\/pages\/343594\/revisions\/789686"}],"wp:featuredmedia":[{"embeddable":true,"href":"https:\/\/www.santamonica.com\/de\/wp-json\/wp\/v2\/media\/350202"}],"wp:attachment":[{"href":"https:\/\/www.santamonica.com\/de\/wp-json\/wp\/v2\/media?parent=343594"}],"wp:term":[{"taxonomy":"silos","embeddable":true,"href":"https:\/\/www.santamonica.com\/de\/wp-json\/wp\/v2\/silos?post=343594"}],"curies":[{"name":"wp","href":"https:\/\/api.w.org\/{rel}","templated":true}]}}