{"id":343591,"date":"2022-06-24T17:20:48","date_gmt":"2022-06-25T00:20:48","guid":{"rendered":"https:\/\/www.santamonica.com\/?page_id=343591"},"modified":"2025-11-25T16:06:16","modified_gmt":"2025-11-26T00:06:16","slug":"erntedankfest","status":"publish","type":"page","link":"https:\/\/www.santamonica.com\/de\/things-to-do\/thanksgiving\/","title":{"rendered":"Erntedankfest in Santa Monica"},"content":{"rendered":"<h2 class=\"wp-block-heading has-text-align-center base-block\" id=\"meal\">Restaurants in Santa Monica zum Thanksgiving-Dinner ge\u00f6ffnet<\/h2>\n\n\n\n<div class=\"wp-block-columns is-layout-flex wp-container-core-columns-is-layout-28f84493 wp-block-columns-is-layout-flex base-block\">\n<div class=\"wp-block-column is-layout-flow wp-block-column-is-layout-flow base-block\">\n<h6 class=\"wp-block-heading base-block\"><a href=\"https:\/\/www.santamonica.com\/de\/restaurants\/ein-pico-restaurant\/\">1 Pico<\/a><\/h6>\n\n\n\n<p class=\"base-block\">Genie\u00dfen Sie ein Thanksgiving-Men\u00fc direkt am Strand. Das 1 Pico serviert die Klassiker, wobei auch vegane und glutenfreie Optionen erh\u00e4ltlich sind. Genie\u00dfen Sie traditionelle Gerichte oder mischen Sie sie mit k\u00fcstennahen Aromen, wie zum Beispiel \"Pan-Seared Maine Scallops\". <a href=\"https:\/\/www.shuttersonthebeach.com\/dining\/1-pico\/\" target=\"_blank\" rel=\"noreferrer noopener\">Sehen Sie sich das Men\u00fc an.<\/a><br><br><a href=\"https:\/\/www.shuttersonthebeach.com\/dining\/1-pico\/\" target=\"_blank\" rel=\"noreferrer noopener\">Eine Reservierung vornehmen<\/a><\/p>\n\n\n\n<h6 class=\"wp-block-heading base-block\"><a href=\"https:\/\/www.santamonica.com\/de\/restaurants\/1212-santa-monica\/\">1212 Santa Monica<\/a><\/h6>\n\n\n\n<p class=\"base-block\">Ersparen Sie sich den Stress des Kochens und \u00fcberlassen Sie 1212 das Festmahl! Genie\u00dfen Sie ein spezielles Prix-Fixe-Men\u00fc mit all Ihren Lieblingsgerichten, gepaart mit einigen der beliebtesten Gerichte von 1212. Die Sitzpl\u00e4tze sind begrenzt, also reservieren Sie fr\u00fchzeitig! <a href=\"https:\/\/www.1212santamonica.com\/menus\/#thanksgiving-day\" target=\"_blank\" rel=\"noreferrer noopener\">Sehen Sie sich das Men\u00fc an.<\/a><br><br><a href=\"https:\/\/www.1212santamonica.com\/menus\/#thanksgiving-day\" target=\"_blank\" rel=\"noreferrer noopener\">Eine Reservierung vornehmen<\/a><\/p>\n\n\n\n<h6 class=\"wp-block-heading base-block\"><a href=\"https:\/\/www.santamonica.com\/de\/stakeholder\/la-monique\/\">La Monique<\/a><\/h6>\n\n\n\n<p class=\"base-block\">Besuchen Sie eines von Santa Monicas neuesten Restaurants im Oceana Santa Monica! La Monique bietet festliche Vorspeisen wie Lobster &amp; Bisque und Chestnut Velout\u00e9, saisonale Hauptgerichte wie Roasted Turkey Roulade und Roasted New York Strip und k\u00f6stliche Desserts wie Pumpkin Tart Tatin und Apple Pavlova. <br><br><a href=\"https:\/\/www.opentable.com\/booking\/experiences-availability?rid=1243696&amp;restref=1243696&amp;experienceId=582195&amp;utm_source=opentable&amp;utm_medium=tms_email&amp;utm_campaign=shared\" target=\"_blank\" rel=\"noreferrer noopener\">Eine Reservierung vornehmen<\/a><\/p>\n\n\n\n<h6 class=\"wp-block-heading base-block\"><a href=\"https:\/\/www.santamonica.com\/de\/restaurants\/lunetta\/\">Lunetta<\/a><\/h6>\n\n\n\n<p class=\"base-block\">Danken Sie mit einem Drei-G\u00e4nge-Men\u00fc aus der kalifornischen K\u00fcstenregion, das von 14 bis 19 Uhr serviert wird. Genie\u00dfen Sie den Dine-in-Service. <a href=\"http:\/\/chrome-extension:\/\/efaidnbmnnnibpcajpcglclefindmkaj\/https:\/\/www.lunettasm.com\/wp-content\/uploads\/2025\/10\/Thanksgiving2025.pdf\" target=\"_blank\" rel=\"noreferrer noopener\">Sehen Sie sich das Men\u00fc an.<\/a><br><br><a href=\"http:\/\/opentable.com\/r\/lunetta-reservations-santa-monica?restref=985057&amp;lang=en-US&amp;ot_source=Restaurant%20website\" target=\"_blank\" rel=\"noreferrer noopener\">Eine Reservierung vornehmen<\/a><\/p>\n\n\n\n<h6 class=\"wp-block-heading base-block\"><a href=\"https:\/\/www.santamonica.com\/de\/restaurants\/marelle\/\">Marelle Santa Monica<\/a><\/h6>\n\n\n\n<p class=\"base-block\">Ob Sie mit der Familie oder mit Freunden zusammenkommen oder ein romantisches Thanksgiving-Dinner genie\u00dfen, feiern Sie mit k\u00f6stlichem Essen, au\u00dfergew\u00f6hnlichem Service und einem Hauch von kalifornischem K\u00fcstencharme. Reservieren Sie Ihren Tisch, denn die Pl\u00e4tze sind schnell ausgebucht! <a href=\"https:\/\/www.marelle.com\/menus\/#thanksgiving\" target=\"_blank\" rel=\"noreferrer noopener\">Sehen Sie sich das Men\u00fc an.<\/a><br><br><a href=\"https:\/\/www.marelle.com\/\" target=\"_blank\" rel=\"noreferrer noopener\">Eine Reservierung vornehmen<\/a><\/p>\n<\/div>\n\n\n\n<div class=\"wp-block-column is-layout-flow wp-block-column-is-layout-flow base-block\">\n<h6 class=\"wp-block-heading base-block\"><a href=\"https:\/\/www.santamonica.com\/de\/restaurants\/fleisch-auf-dem-meer\/\">Fleisch auf dem Ozean<\/a><\/h6>\n\n\n\n<p class=\"base-block\">Versammeln Sie sich, speisen Sie und bedanken Sie sich bei Meat on Ocean mit einem speziellen Drei-G\u00e4nge-Men\u00fc, das den ganzen Tag \u00fcber auf der Speisekarte steht. <a href=\"https:\/\/cdn.prod.website-files.com\/5be7bb74dc46209d37cfe185\/6905249d5664f1fd56b4b5f0_364e143ea7cdb7e501a4a63f4db0328c_MOO-menu.png\" target=\"_blank\" rel=\"noreferrer noopener\">Sehen Sie sich das Men\u00fc an.<\/a><br><br><a href=\"https:\/\/www.opentable.com\/booking\/restref\/availability?searchdatetime=2025-11-27T12%3A00&amp;correlationId=922c133c-3391-48ef-8cb0-c3997cb14536&amp;restRef=449833&amp;dateTime=2025-11-27T12%3A00&amp;partySize=4&amp;otCampaign=Thnxgvn2025\" target=\"_blank\" rel=\"noreferrer noopener\">Eine Reservierung vornehmen<\/a><\/p>\n\n\n\n<h6 class=\"wp-block-heading base-block\"><a href=\"https:\/\/www.santamonica.com\/de\/restaurants\/der-surffuchs\/\">Solidarit\u00e4t<\/a><\/h6>\n\n\n\n<p class=\"base-block\">Genie\u00dfen Sie ein warmes und einladendes Thanksgiving im Solidarity in Santa Monica, wo das Fest mit einer authentischen polnischen Note gefeiert wird. Genie\u00dfen Sie traditionelle, handgefertigte Gerichte, die von Familienrezepten inspiriert sind und in einer gem\u00fctlichen, festlichen Umgebung serviert werden, in der man sich wie zu Hause f\u00fchlt. Es ist die perfekte Art, Thanksgiving mit reichhaltigen Aromen, herzlicher Gastfreundschaft und dem Geist der polnischen Tradition zu erleben.<\/p>\n\n\n\n<p class=\"base-block\"><a href=\"https:\/\/www.solidarityla.com\/\" target=\"_blank\" rel=\"noreferrer noopener\">Eine Reservierung vornehmen<\/a><\/p>\n\n\n\n<h6 class=\"wp-block-heading base-block\"><a href=\"https:\/\/www.santamonica.com\/de\/restaurants\/der-surffuchs\/\">Der Surffuchs<\/a><\/h6>\n\n\n\n<p class=\"base-block\">Versammeln Sie Ihre Lieben im Fuchsbau und genie\u00dfen Sie ein traditionelles dreig\u00e4ngiges Thanksgiving-Dinner mit allen Beilagen und beliebten Men\u00fcpunkten, darunter das beliebte Ceviche und das Hot Chicken Sandwich. <a href=\"https:\/\/www.thesurfingfoxsm.com\/events\/the-surfing-fox-thanksgiving-specials\/\" target=\"_blank\" rel=\"noreferrer noopener\">Sehen Sie sich das Men\u00fc an.<\/a><\/p>\n\n\n\n<p class=\"base-block\"><a href=\"https:\/\/www.opentable.com\/restref\/client\/?restref=1272778&amp;lang=en-US&amp;ot_source=Restaurant%20website&amp;corrid=78d4c0c3-309f-4e74-b517-ec549f7d87bc\" target=\"_blank\" rel=\"noreferrer noopener\">Eine Reservierung vornehmen<\/a><\/p>\n\n\n\n<h6 class=\"wp-block-heading base-block\"><a href=\"https:\/\/www.santamonica.com\/de\/restaurants\/restaurant-terrazza\/\">Terrasse<\/a><\/h6>\n\n\n\n<p class=\"base-block\">\u00dcberlassen Sie den Abwasch dem Terrazza und genie\u00dfen Sie ein luftiges Drei-G\u00e4nge-Men\u00fc zu Thanksgiving am wundersch\u00f6nen Santa Monica Beach. Vegane und vegetarische Optionen verf\u00fcgbar. <a href=\"https:\/\/www.hotelcasadelmar.com\/dining\/terrazza\/\" target=\"_blank\" rel=\"noreferrer noopener\">Sehen Sie sich das Men\u00fc an.<\/a><br><br><a href=\"https:\/\/www.hotelcasadelmar.com\/dining\/terrazza\/\" target=\"_blank\" rel=\"noreferrer noopener\">Eine Reservierung vornehmen<\/a><\/p>\n\n\n\n<h6 class=\"wp-block-heading base-block\"><a href=\"https:\/\/www.santamonica.com\/de\/restaurants\/wassergrill\/\">Wassergrill<\/a><\/h6>\n\n\n\n<p class=\"base-block\">Genie\u00dfen Sie am Thanksgiving-Tag im Water Grill ein spezielles dreig\u00e4ngiges Thanksgiving-Men\u00fc, das den ganzen Tag \u00fcber zus\u00e4tzlich zur vollst\u00e4ndigen Speisekarte angeboten wird. <a href=\"https:\/\/cdn.prod.website-files.com\/5bd78ffdfc757ce771e4bf46\/6904ee403f49ac4bc82b7088_5ae8ba65e4ffc4b67b680304f1230f8e_wg-thanksgiving-menu.png\" target=\"_blank\" rel=\"noreferrer noopener\">Sehen Sie sich das Men\u00fc an.<\/a><br><br><a href=\"https:\/\/www.opentable.com\/restref\/client\/?restref=108970&amp;datetime=2025-11-27T12%3A00&amp;searchdatetime=2025-11-27T12%3A00&amp;covers=4&amp;partysize=4&amp;corrid=1fbd68a5-2430-4370-8e7b-0729ba9cde11&amp;ot_campaign=Thnxgvn2025\" target=\"_blank\" rel=\"noreferrer noopener\">Eine Reservierung vornehmen<\/a><\/p>\n<\/div>\n<\/div>\n\n\n\n<h2 class=\"wp-block-heading has-text-align-center base-block\" id=\"desserts\">Thanksgiving-Catering<\/h2>\n\n\n\n<div class=\"wp-block-columns is-layout-flex wp-container-core-columns-is-layout-28f84493 wp-block-columns-is-layout-flex base-block\">\n<div class=\"wp-block-column is-layout-flow wp-block-column-is-layout-flow base-block\">\n<h6 class=\"wp-block-heading base-block\"><a href=\"https:\/\/www.santamonica.com\/de\/restaurants\/augies-am-main\/\">Augies auf der Hauptstra\u00dfe<\/a><\/h6>\n\n\n\n<p class=\"base-block\">Augie's on Main bietet mehrere Pakete zum Aufw\u00e4rmen zum Mitnehmen an. Zu den Optionen geh\u00f6ren sowohl das Dirty Chicken-Paket zum Mitnehmen als auch eine Prime Rib-Variante zum Mitnehmen. <br><br><a href=\"https:\/\/www.augiesonmain.com\/thanksgiving-2025\" target=\"_blank\" rel=\"noreferrer noopener\">Das vollst\u00e4ndige Men\u00fc und die Vorbestellung finden Sie hier.<\/a><\/p>\n\n\n\n<h6 class=\"wp-block-heading base-block\"><a href=\"https:\/\/www.santamonica.com\/de\/restaurants\/hofladen\/\">Hofladen<\/a><\/h6>\n\n\n\n<p class=\"base-block\">Feiern Sie die Saison mit einem komplett vorbereiteten Thanksgiving-Men\u00fc mit zartem Truthahn, klassischen Beilagen und frisch gebackenen Desserts aus den besten lokalen Zutaten. Bestellen Sie noch heute vor und machen Sie sich die Feiertage leicht. Bitte geben Sie uns 48 Stunden Vorlaufzeit f\u00fcr alle Bestellungen.<br><br><a href=\"https:\/\/www.toasttab.com\/catering\/farmshop-santa-monica-225-26th-street\/menu\/thanksgiving%202025\/?mode=fulfillment\" target=\"_blank\" rel=\"noreferrer noopener\">Das vollst\u00e4ndige Men\u00fc und die Vorbestellung finden Sie hier.<\/a><\/p>\n\n\n\n<h6 class=\"wp-block-heading base-block\"><a href=\"https:\/\/www.santamonica.com\/de\/restaurants\/fia-restaurant\/\">Fia-Restaurant<\/a><\/h6>\n\n\n\n<p class=\"base-block\">Konzentrieren Sie sich auf die Gesellschaft am Tisch mit den Fia-Paketen zum Mitnehmen, die ein klassisches Thanksgiving-Dinner oder ein veganes Thanksgiving-Dinner bieten. Erh\u00f6hen Sie das Essen noch mehr, indem Sie vom Fia-Sommelier ausgew\u00e4hlte Weinkombinationen bestellen.<br><br><a href=\"https:\/\/www.fiarestaurant.com\/store\" target=\"_blank\" rel=\"noreferrer noopener\">Das vollst\u00e4ndige Men\u00fc und die Vorbestellung finden Sie hier.<\/a><\/p>\n<\/div>\n\n\n\n<div class=\"wp-block-column is-layout-flow wp-block-column-is-layout-flow base-block\">\n<h6 class=\"wp-block-heading base-block\"><a href=\"https:\/\/www.santamonica.com\/de\/restaurants\/melisse\/\">Melisse<\/a><\/h6>\n\n\n\n<p class=\"base-block\">Versammeln Sie sich dieses Jahr zu einem Festmahl, das im 2-Sterne-Restaurant Melisse zubereitet wird, und genie\u00dfen Sie ein Abendessen, das vor saisonalen Aromen, durchdachten Details und zeitloser Sorgfalt nur so strotzt.<br><br><a href=\"https:\/\/www.exploretock.com\/melisse?tock_medium=search_nav&amp;tock_source=tock\" target=\"_blank\" rel=\"noreferrer noopener\">Das vollst\u00e4ndige Men\u00fc und die Vorbestellung finden Sie hier.<\/a><\/p>\n\n\n\n<h6 class=\"wp-block-heading base-block\"><a href=\"https:\/\/www.santamonica.com\/de\/restaurants\/sozalo\/\">sozalo<\/a><\/h6>\n\n\n\n<p class=\"base-block\">Feiern Sie die Feiertage mit einem Festmahl mit Lieblingsgerichten der Chefk\u00f6che Susan Feniger und Mary Sue Milliken. Geben Sie Ihre Bestellung auf und genie\u00dfen Sie Ihr Abendessen zu Hause mit einer einfachen Anleitung zum Aufw\u00e4rmen und Servieren, damit die Bewirtung zum Kinderspiel wird.<br><br><a href=\"https:\/\/www.toasttab.com\/catering\/socalo?mode=fulfillment\" target=\"_blank\" rel=\"noreferrer noopener\">Das vollst\u00e4ndige Men\u00fc und die Vorbestellung finden Sie hier.<\/a><\/p>\n\n\n\n<h6 class=\"wp-block-heading base-block\"><a href=\"https:\/\/www.santamonica.com\/de\/restaurants\/tiato-gartnerei-cafe\/\">tiato<\/a><\/h6>\n\n\n\n<p class=\"base-block\">Veranstalten Sie ein Friendsgiving, feiern Sie mit Kollegen oder der Familie oder sehnen Sie sich nach Komfort? Die K\u00f6che von Tiato haben den perfekten Festtagsschmaus kreiert, damit Sie sich auf das Fest konzentrieren k\u00f6nnen.<br><br><a href=\"https:\/\/www.toasttab.com\/catering\/tiato-kitchen-garden-2700-colorado-blvd\" target=\"_blank\" rel=\"noreferrer noopener\">Das vollst\u00e4ndige Men\u00fc und die Vorbestellung finden Sie hier.<\/a><\/p>\n<\/div>\n<\/div>\n\n\n\n<h2 class=\"wp-block-heading has-text-align-center base-block\" id=\"activities\">Was man an Thanksgiving tun kann<\/h2>\n\n\n\n<div class=\"wp-block-columns is-layout-flex wp-container-core-columns-is-layout-28f84493 wp-block-columns-is-layout-flex base-block\">\n<div class=\"wp-block-column is-layout-flow wp-block-column-is-layout-flow base-block\">\n<h6 class=\"wp-block-heading base-block\"><a href=\"https:\/\/www.santamonica.com\/de\/dinge-die-man-tun-kann\/die-schule-der-gourmandise\/\">Die Schule der Gourmandise<\/a><\/h6>\n\n\n\n<p class=\"base-block\">Genie\u00dfen Sie eine Vielzahl von Thanksgiving-Kursen, von Herbstkuchen \u00fcber Thanksgiving-Beilagen bis hin zum Thanksgiving-Essen und mehr. <a href=\"https:\/\/thegourmandiseschool.com\/\" target=\"_blank\" rel=\"noreferrer noopener\">Sehen Sie sich den Kalender an und buchen Sie Ihren Aufenthalt hier<\/a>.<\/p>\n\n\n\n<h6 class=\"wp-block-heading base-block\"><a href=\"https:\/\/www.santamonica.com\/de\/veranstaltung\/eis-in-santa-monica\/2025-01-20\/\">eis santa monica<\/a><\/h6>\n\n\n\n<p class=\"base-block\">Schlittschuhlaufen auf Santa Monicas gr\u00f6\u00dfter Eislaufbahn im Herzen der Innenstadt von Santa Monica.<\/p>\n<\/div>\n\n\n\n<div class=\"wp-block-column is-layout-flow wp-block-column-is-layout-flow base-block\">\n<h6 class=\"wp-block-heading base-block\"><a href=\"https:\/\/www.santamonica.com\/de\/veranstaltung\/truthahntrab\/\">Truthahntrab<\/a><\/h6>\n\n\n\n<p class=\"base-block\">Laufen Sie den Turkey Trot Halbmarathon, 15 km, 10 km und 5 km und kommen Sie ins Schwitzen, bevor Sie sich auf das Thanksgiving-Festmahl st\u00fcrzen.<\/p>\n<\/div>\n<\/div>\n\n\n\n<p class=\"has-text-align-center base-block\"><strong>Santa Monica Unternehmen:<\/strong><br>Reichen Sie ein Sonderangebot ein, damit es auf dieser Seite aufgenommen wird,&nbsp;<a href=\"https:\/\/www.santamonica.com\/de\/formular-fur-die-einreichung-von-geschaftsspecials\/\">Angebote bitte hier abgeben<\/a>.<\/p>\n\n\n    <section class=\"booking-cta --theme5 sm-block\">\n    <div id=\"widget-container-2070\"><\/div>\n<script type=\"text\/javascript\">\n  (function() {\n    var script = document.createElement('script');\n    script.type = 'text\/javascript';\n    script.async = 'true';\n    script.src = \"https:\/\/admin.bookdirect.net\/hs4\/widgets\/2070.js?widget_element=widget-container-2070\";\n    document.body.appendChild(script);\n  })();\n<\/script>\n    <\/section>\n\n\n\n<section class=\"blog-feed --theme8 sm-block\">\n    <div class=\"blog-feed__content\">\n        <div class=\"blog-feed__intro\">\n                            <div class=\"blog-feed__eyebrow eyebrow\">Blogs<\/div>                                        <h2 class=\"blog-feed__headline\">Santa Monica entdecken<\/h2>                                        <div class=\"blog-feed__body\"><p>Entdecken Sie Reiserouten, lokale Tipps, Hot Spots und ausgew\u00e4hlte Abenteuer, damit Sie das Beste aus Ihrem Aufenthalt in Santa Monica machen k\u00f6nnen.<\/p>\n<\/div>\n                                        <a class=\"blog-feed__cta\" href=\"https:\/\/www.santamonica.com\/de\/blogeintrage\/\">Alle Blogs anzeigen<\/a>\n                    <\/div>\n\n        <ul class=\"blog-feed__list\">\n                                                <li class=\"blog-feed__item\">\n                        <a href=\"https:\/\/www.santamonica.com\/de\/trip-planner\/southern-california-road-trip\/\" class=\"blog-feed__item-link\">\n                            <div class=\"blog-feed__image-ratio\">\n                                <img decoding=\"async\" class=\"blog-feed__image\" src=\"https:\/\/www.santamonica.com\/wp-content\/uploads\/2021\/08\/Santa-Monica-Coast-Featured-400x400.jpg\" alt=\"10 Tage S\u00fcdkalifornien Road Trip\" title=\"\">\n                            <\/div>\n                            <div class=\"blog-feed__card-title\">10 Tage S\u00fcdkalifornien Road Trip<\/div>\n                        <\/a>\n                    <\/li>\n                                                                <li class=\"blog-feed__item\">\n                        <a href=\"https:\/\/www.santamonica.com\/de\/restaurants\/santa-monica-coffee-shops\/\" class=\"blog-feed__item-link\">\n                            <div class=\"blog-feed__image-ratio\">\n                                <img decoding=\"async\" class=\"blog-feed__image\" src=\"https:\/\/www.santamonica.com\/wp-content\/uploads\/2023\/10\/best-santa-monica-coffee-shops-400x400.jpg\" alt=\"Die 11 besten Caf\u00e9s und Teeh\u00e4user in Santa Monica\" title=\"\">\n                            <\/div>\n                            <div class=\"blog-feed__card-title\">Die 11 besten Caf\u00e9s und Teeh\u00e4user in Santa Monica<\/div>\n                        <\/a>\n                    <\/li>\n                                                                <li class=\"blog-feed__item\">\n                        <a href=\"https:\/\/www.santamonica.com\/de\/restaurants\/wine-craft-beer-craft-cocktails\/\" class=\"blog-feed__item-link\">\n                            <div class=\"blog-feed__image-ratio\">\n                                <img decoding=\"async\" class=\"blog-feed__image\" src=\"https:\/\/www.santamonica.com\/wp-content\/uploads\/2021\/06\/Santa-Monica-Local-Libations-Featured-400x400.jpg\" alt=\"Lokale Spirituosen in Santa Monica\" title=\"\">\n                            <\/div>\n                            <div class=\"blog-feed__card-title\">Lokale Spirituosen in Santa Monica<\/div>\n                        <\/a>\n                    <\/li>\n                                    <\/ul>\n    <\/div>\n<\/section>","protected":false},"excerpt":{"rendered":"<p>Restaurants Open for Thanksgiving Dinner in Santa Monica FIA Restaurant Fia will be open for Thanksgiving dining. See the menu here. Jameson\u2019s Pub Join Jameson\u2019s Pub for all you can eat holiday dinner on Thanksgiving Day for only $19.90 per person. Your choice of Roasted Turkey, Honey Baked Ham, or Prime Rib Roast with all the fixin\u2019s. Lunetta Enjoy Thanksgiving at Lunetta. Dine-in 2PM-7PM by reservations only. View menu here. Marelle Santa Monica Join Marelle for a festive Thanksgiving Brunch, available from 11AM to 3PM. From 4 PM to 10 PM, enjoy special Thanksgiving family dinner, featuring a pre-set menu [\u2026]<\/p>\n","protected":false},"author":1450,"featured_media":299767,"parent":0,"menu_order":0,"comment_status":"closed","ping_status":"closed","template":"template-editorial.php","meta":{"_acf_changed":false,"inline_featured_image":false,"footnotes":""},"silos":[3899],"class_list":["post-343591","page","type-page","status-publish","has-post-thumbnail","hentry"],"acf":[],"_links":{"self":[{"href":"https:\/\/www.santamonica.com\/de\/wp-json\/wp\/v2\/pages\/343591","targetHints":{"allow":["GET"]}}],"collection":[{"href":"https:\/\/www.santamonica.com\/de\/wp-json\/wp\/v2\/pages"}],"about":[{"href":"https:\/\/www.santamonica.com\/de\/wp-json\/wp\/v2\/types\/page"}],"author":[{"embeddable":true,"href":"https:\/\/www.santamonica.com\/de\/wp-json\/wp\/v2\/users\/1450"}],"replies":[{"embeddable":true,"href":"https:\/\/www.santamonica.com\/de\/wp-json\/wp\/v2\/comments?post=343591"}],"version-history":[{"count":160,"href":"https:\/\/www.santamonica.com\/de\/wp-json\/wp\/v2\/pages\/343591\/revisions"}],"predecessor-version":[{"id":777927,"href":"https:\/\/www.santamonica.com\/de\/wp-json\/wp\/v2\/pages\/343591\/revisions\/777927"}],"wp:featuredmedia":[{"embeddable":true,"href":"https:\/\/www.santamonica.com\/de\/wp-json\/wp\/v2\/media\/299767"}],"wp:attachment":[{"href":"https:\/\/www.santamonica.com\/de\/wp-json\/wp\/v2\/media?parent=343591"}],"wp:term":[{"taxonomy":"silos","embeddable":true,"href":"https:\/\/www.santamonica.com\/de\/wp-json\/wp\/v2\/silos?post=343591"}],"curies":[{"name":"wp","href":"https:\/\/api.w.org\/{rel}","templated":true}]}}