{"id":342957,"date":"2022-06-24T08:57:52","date_gmt":"2022-06-24T15:57:52","guid":{"rendered":"https:\/\/www.santamonica.com\/?page_id=342957"},"modified":"2026-04-08T11:29:19","modified_gmt":"2026-04-08T18:29:19","slug":"der-vierte-juli","status":"publish","type":"page","link":"https:\/\/www.santamonica.com\/de\/things-to-do\/fourth-of-july\/","title":{"rendered":"Der vierte Juli"},"content":{"rendered":"<section class=\"image-section-break sm-block\" id=\"goody\">\n    <div class=\"image-section-break__image-wrapper\">\n                    <picture>\n                    <source\n                        media=\"(min-width: 768px)\"\n                        srcset=\"https:\/\/www.santamonica.com\/wp-content\/uploads\/2024\/06\/smtt-4th-of-july-bag-1656x574-2.jpg\"\n                    >\n                    <img decoding=\"async\" src=\"https:\/\/www.santamonica.com\/wp-content\/uploads\/2024\/06\/smtt-4th-of-july-bag-650x866-2.jpg\" class=\"image-section-break__image\" alt=\"\" title=\"\">\n            <\/picture>\n                \n\n    <\/div>\n    <div class=\"image-section-break__text-content\">\n        <div class=\"image-section-break__first-content --theme3\">\n                            <div class=\"image-section-break__eyebrow-text\">Feiern Sie die K\u00fcnste<\/div>\n                                        <h2 class=\"image-section-break__title\">Holen Sie sich Ihr kostenloses Goody Bag f\u00fcr Familienspa\u00df<\/h2>\n                                        <div class=\"image-section-break__body-copy wysiwyg\"><p>Main Street Besucherzentrum<br \/>\n2427 Hauptstra\u00dfe<br \/>\nSanta Monica, CA 90405<\/p>\n<\/div>\n                                <\/div>\n        <div class=\"image-section-break__second-content\">\n                            <div class=\"image-section-break__body-copy wysiwyg\"><p><em>Feiern Sie die K\u00fcnste<\/em> mit Santa Monica an diesem 4. Juli! Zum Auftakt gibt es 200 KOSTENLOSE Geschenkt\u00fcten f\u00fcr Kinder, darunter ein Kunstset, ein Malblatt und einige Leckereien zum Thema Santa Monica. Schauen Sie in unserem Main Street Visitor Information Center in der Main Street 2427 vorbei, das an sieben Tagen in der Woche von 9:00 bis 17:00 Uhr ge\u00f6ffnet ist, und holen Sie sich Ihre T\u00fcte und lassen Sie Ihrer Kreativit\u00e4t freien Lauf. Vergessen Sie nicht, Ihr fertiges Meisterwerk zur\u00fcckzugeben, damit es im Schaufenster des Visitor Center ausgestellt werden kann.<\/p>\n<\/div>\n                                <\/div>\n    <\/div>\n<\/section>\n\n\n\n<section class=\"two-images container-max sm-block --flip sm-block\">\n    <div class=\"two-images__container --flip\">\n\n        <div class=\"two-images__column\">\n            <div class=\"two-images__content\">\n                <div class=\"two-images__content-header-container\">\n                                            <h2 class=\"two-images__content-header\">Kostenlose Veranstaltungen zum 4. Juli<\/h2>                                    <\/div>\n                                    <div class=\"two-images__content-body wysiwyg\">\n                        <p>Besuchen Sie den Santa Monica Pier und den Pacific Park vom 3. bis 7. Juli von der Abendd\u00e4mmerung bis 12:30 Uhr, um die <a href=\"https:\/\/www.santamonica.com\/de\/veranstaltung\/pacific-wheels-feier-zum-vierten-juli-wochenende\/2024-07-07\/\">Pacific Wheel's<\/a> eine spezielle rot-wei\u00df-blaue Ausstellung zur Feier des Unabh\u00e4ngigkeitstages.<\/p>\n<p>Besuchen Sie gemeinsam mit Einheimischen und Besuchern von Santa Monica das All-Age <a href=\"https:\/\/www.santamonica.com\/de\/veranstaltung\/vierte-juli-parade\/\" rel=\"noopener\">J\u00e4hrliche Parade zum 4. Juli<\/a>, Die Parade findet am Dienstag, den 4. Juli ab 9:30 Uhr statt. Diese Parade findet seit 16 Jahren statt und zeigt den rot-wei\u00df-blauen Geist.<\/p>\n<p>Besuchen Sie das Ocean View Hotel und genie\u00dfen Sie die <a href=\"https:\/\/www.santamonica.com\/de\/veranstaltung\/vierte-juli-star-spangled-soiree\/\">Fourth of July Star Spangled Soir\u00e9e<\/a>, mit professioneller Gesichtsbemalung, Musik von Dani Rox DJ und vielem mehr. Die Feierlichkeiten finden am 4. Juli von 15 bis 15 Uhr auf der vorderen Terrasse statt.<\/p>\n                    <\/div>\n                                            <\/div>\n        <\/div>\n\n        <div class=\"two-images__column\">\n                            <div class=\"two-images__image-container\">\n                    <img decoding=\"async\" width=\"424\" height=\"504\" src=\"https:\/\/www.santamonica.com\/wp-content\/uploads\/2022\/06\/july-4-parade-santa-monica.jpg\" class=\"two-images__image\" alt=\"\" loading=\"lazy\" srcset=\"https:\/\/www.santamonica.com\/wp-content\/uploads\/2022\/06\/july-4-parade-santa-monica.jpg 424w, https:\/\/www.santamonica.com\/wp-content\/uploads\/2022\/06\/july-4-parade-santa-monica-252x300.jpg 252w, https:\/\/www.santamonica.com\/wp-content\/uploads\/2022\/06\/july-4-parade-santa-monica-126x150.jpg 126w\" sizes=\"auto, (max-width: 424px) 100vw, 424px\" title=\"\">                    \n\n            <div class=\"img-lctn-tag --no-link two-images__image-caption --right\">Santa Monica 4. Juli Parade<\/div>\n                    <\/div>\n                    <\/div>\n\n        <div class=\"two-images__column\">\n                            <div class=\"two-images__image-container\">\n                    <img decoding=\"async\" width=\"600\" height=\"564\" src=\"https:\/\/www.santamonica.com\/wp-content\/uploads\/2022\/06\/santa-monica-college-independance.jpg\" class=\"two-images__image\" alt=\"Santa Monica 4. Juli Parade\" loading=\"lazy\" srcset=\"https:\/\/www.santamonica.com\/wp-content\/uploads\/2022\/06\/santa-monica-college-independance.jpg 600w, https:\/\/www.santamonica.com\/wp-content\/uploads\/2022\/06\/santa-monica-college-independance-300x282.jpg 300w, https:\/\/www.santamonica.com\/wp-content\/uploads\/2022\/06\/santa-monica-college-independance-160x150.jpg 160w\" sizes=\"auto, (max-width: 600px) 100vw, 600px\" title=\"\">                    \n\n            <div class=\"img-lctn-tag --no-link two-images__image-caption --right\">Santa Monica 4. Juli Parade<\/div>\n                    <\/div>\n                    <\/div>\n\n    <\/div>\n<\/section>\n\n\n<section class=\"sun-title sm-block --theme6 sm-block\">\n            <h3 class=\"sun-title__headline\">Ein toller Blick auf den 4. Juli in Los Angeles von Santa Monica aus<\/h3>    \n            <div class=\"sun-title__body  wysiwyg\">\n                    <p>Schnappen Sie sich ein paar Freunde oder die ganze Familie und veranstalten Sie Ihre eigene Party zum 4. Juli! Hier sind nur eine Handvoll Orte in Santa Monica, die f\u00fcr ihre atemberaubende Aussicht auf den Pazifik bekannt sind, damit Sie den Unabh\u00e4ngigkeitstag auf LA-Art feiern k\u00f6nnen:<\/p>\n<ul>\n<li>An der Spitze der <a href=\"https:\/\/www.santamonica.com\/de\/veranstaltung\/pacific-wheels-feier-zum-vierten-juli-wochenende\/2024-07-03\/\">Pazifik-Park<\/a> Riesenrad am Santa Monica Pier<\/li>\n<li>Auf <a href=\"http:\/\/www.smgov.net\/Portals\/Beach\/\" target=\"_blank\" rel=\"noopener noreferrer\">Santa Monica Strand<\/a><\/li>\n<li>Das Penthouse im <a href=\"https:\/\/www.santamonica.com\/de\/hotel\/huntley-santa-monica-strand\/\">Huntley Santa Monica Strand<\/a><\/li>\n<li><a href=\"https:\/\/www.santamonica.com\/de\/shop\/santa-monica-platz\/\">Santa Monica Platz<\/a> Speisedeck<\/li>\n<li>Faulenzen bei <a href=\"https:\/\/www.santamonica.com\/de\/restaurant\/strandhaus-elephante\/\">\u00c9lephante Strandhaus<\/a><\/li>\n<li>Die Bar\/Pool auf dem Dach des <a href=\"https:\/\/www.santamonica.com\/de\/hotel\/santa-monica-proper-hotel\/\">Santa Monica Proper Hotel<\/a><\/li>\n<li>Oder versuchen Sie eines der <a href=\"https:\/\/www.santamonica.com\/de\/santa-monica-restaurants\/#?filters=%7B%22neighborhood%22:%22santa-monica-pier-area-ocean-avenue%22%7D\">Restaurants in der Ocean Avenue<\/a><\/li>\n<\/ul>\n                        <\/div>\n    <\/section>\n\n\n\n<p class=\"base-block\"><\/p>\n\n\n\n<section class=\"image-section-break sm-block\">\n    <div class=\"image-section-break__image-wrapper\">\n                    <picture>\n                    <source\n                        media=\"(min-width: 768px)\"\n                        srcset=\"https:\/\/www.santamonica.com\/wp-content\/uploads\/2022\/06\/july-fourth-fireworks-d.jpg\"\n                    >\n                    <img decoding=\"async\" src=\"https:\/\/www.santamonica.com\/wp-content\/uploads\/2022\/06\/july-fourth-fireworks-m.jpg\" class=\"image-section-break__image\" alt=\"\" title=\"\">\n            <\/picture>\n                \n\n    <\/div>\n    <div class=\"image-section-break__text-content\">\n        <div class=\"image-section-break__first-content --theme3\">\n                                        <h3 class=\"image-section-break__title\">Umliegende Gebiete von Santa Monica Feuerwerksshows<\/h3>\n                                        <div class=\"image-section-break__body-copy wysiwyg\"><p>Genie\u00dfen Sie ein wundersch\u00f6nes Feuerwerk an ber\u00fchmten Orten in Los Angeles, wie Pacific Palisades und Marina Del Ray, mit Live-Musik, Filmen und Paraden.<\/p>\n<p><a href=\"https:\/\/www.visitlongbeach.com\/blog\/4th-of-july-in-long-beach\/\" target=\"_blank\" rel=\"noopener\">Feuerwerk an der Long Beach Waterfront<\/a><a href=\"http:\/\/palisades4th.com\/\" target=\"_blank\" rel=\"noopener noreferrer\"><br \/>\n<\/a>Entlang der Uferpromenade von Long Beach<br \/>\nFreitag, 4. Juli | 21 Uhr<br \/>\nKosten: Kostenlos<\/p>\n<p><a href=\"https:\/\/www.universalstudioshollywood.com\/web\/en\/us\/things-to-do\/events-and-seasonal-activities\/fourth-of-july-celebration\" target=\"_blank\" rel=\"noopener\">4. Juli-Feier in den Universal Studios<\/a><br \/>\n100 Universal City Plaza<br \/>\nFreitag, 4. Juli | Ganzt\u00e4gig<br \/>\nKosten: Preis der Eintrittskarte<\/p>\n<\/div>\n                                <\/div>\n        <div class=\"image-section-break__second-content\">\n                            <div class=\"image-section-break__body-copy wysiwyg\"><p><a href=\"https:\/\/visitmdr.com\/events\/july-4-fireworks-marina-del-rey\" target=\"_blank\" rel=\"noopener noreferrer\">Marina Del Rey Feuerwerk Feierlichkeiten<\/a><br \/>\nBurton Chace Park (13650 Mindanao Way) oder Fisherman's Village (13755 Fiji Way)<br \/>\nFreitag, 4. Juli | 9-9:20pm<br \/>\nKosten: Kostenlos<\/p>\n<p><a href=\"https:\/\/www.sixflags.com\/magicmountain\/events\/july-celebration\" target=\"_blank\" rel=\"noopener\">Six Flags Magic Mountain<\/a><br \/>\n26101 Magic Mountain Pkwy<br \/>\nDonnerstag, 4. Juli -6| 9:15pm<br \/>\nKosten: Preis der Eintrittskarte<\/p>\n<\/div>\n                                <\/div>\n    <\/div>\n<\/section>\n\n\n\n<section class=\"two-images container-max sm-block  sm-block\">\n    <div class=\"two-images__container\">\n\n        <div class=\"two-images__column\">\n            <div class=\"two-images__content\">\n                <div class=\"two-images__content-header-container\">\n                                            <h2 class=\"two-images__content-header\">Entdecken Sie Santa Monica Veranstaltungen<\/h2>                                    <\/div>\n                                    <div class=\"two-images__content-body wysiwyg\">\n                        <p>Santa Monica ist dank des ganzj\u00e4hrig milden Wetters, der N\u00e4he zu Los Angeles und der einzigartigen Veranstaltungsorte ein gro\u00dfartiger Ort, um eine Veranstaltung zu besuchen. Gehen Sie zu Fu\u00df, fahren Sie mit dem Fahrrad oder steigen Sie in die Metro-Linie E und besuchen Sie die zahlreichen Veranstaltungen in Santa Monica. Diese Stadt am Meer bietet das ganze Jahr \u00fcber einzigartige Veranstaltungen und Unterhaltungsangebote - viele davon sind kostenlos und finden im Freien statt! Erleben Sie mit der Familie den kultigen Pacific Park, oder planen Sie Ihren perfekten Samstagsausflug, wenn Sie die Veranstaltungen in Los Angeles an diesem Wochenende entdecken.<\/p>\n                    <\/div>\n                                                    <div class=\"two-images__content-cta\">\n                        <a class=\"two-images__cta\" href=\"https:\/\/www.santamonica.com\/de\/veranstaltungen\/jahrliche-veranstaltungen\/\" target=\"\">Top-Ereignisse anzeigen<\/a>\n                    <\/div>\n                            <\/div>\n        <\/div>\n\n        <div class=\"two-images__column\">\n                            <div class=\"two-images__image-container\">\n                    <img decoding=\"async\" width=\"425\" height=\"505\" src=\"https:\/\/www.santamonica.com\/wp-content\/uploads\/2022\/06\/events-santa-monica.jpg\" class=\"two-images__image\" alt=\"veranstaltungen santa monica\" loading=\"lazy\" srcset=\"https:\/\/www.santamonica.com\/wp-content\/uploads\/2022\/06\/events-santa-monica.jpg 425w, https:\/\/www.santamonica.com\/wp-content\/uploads\/2022\/06\/events-santa-monica-252x300.jpg 252w, https:\/\/www.santamonica.com\/wp-content\/uploads\/2022\/06\/events-santa-monica-126x150.jpg 126w\" sizes=\"auto, (max-width: 425px) 100vw, 425px\" title=\"\">                    \n\n                <\/div>\n                    <\/div>\n\n        <div class=\"two-images__column\">\n                            <div class=\"two-images__image-container\">\n                    <img decoding=\"async\" width=\"600\" height=\"565\" src=\"https:\/\/www.santamonica.com\/wp-content\/uploads\/2022\/06\/fall-events-santa-monica.jpg\" class=\"two-images__image\" alt=\"herbstveranstaltungen santa monica\" loading=\"lazy\" srcset=\"https:\/\/www.santamonica.com\/wp-content\/uploads\/2022\/06\/fall-events-santa-monica.jpg 600w, https:\/\/www.santamonica.com\/wp-content\/uploads\/2022\/06\/fall-events-santa-monica-300x283.jpg 300w, https:\/\/www.santamonica.com\/wp-content\/uploads\/2022\/06\/fall-events-santa-monica-159x150.jpg 159w\" sizes=\"auto, (max-width: 600px) 100vw, 600px\" title=\"\">                    \n\n                <\/div>\n                    <\/div>\n\n    <\/div>\n<\/section>\n\n\n<section class=\"blog-feed --theme8 sm-block\">\n    <div class=\"blog-feed__content\">\n        <div class=\"blog-feed__intro\">\n                            <div class=\"blog-feed__eyebrow eyebrow\">Blogs<\/div>                                        <h2 class=\"blog-feed__headline\">Santa Monica entdecken<\/h2>                                        <div class=\"blog-feed__body\"><p>Entdecken Sie Reiserouten, lokale Tipps, Hot Spots und ausgew\u00e4hlte Abenteuer, damit Sie das Beste aus Ihrem Aufenthalt in Santa Monica machen k\u00f6nnen.<\/p>\n<\/div>\n                                        <a class=\"blog-feed__cta\" href=\"https:\/\/www.santamonica.com\/de\/blogeintrage\/\">Alle Blogs anzeigen<\/a>\n                    <\/div>\n\n        <ul class=\"blog-feed__list\">\n                                                <li class=\"blog-feed__item\">\n                        <a href=\"https:\/\/www.santamonica.com\/de\/mother-road-modern-meetings-route-66-meeting-spaces-set-to-shine-for-centennial-in-santa-monica\/\" class=\"blog-feed__item-link\">\n                            <div class=\"blog-feed__image-ratio\">\n                                <img decoding=\"async\" class=\"blog-feed__image\" src=\"https:\/\/www.santamonica.com\/wp-content\/uploads\/2025\/12\/untitledJuly20162C2020180010-182-2-400x400.jpg\" alt=\"MUTTERSTRASSE, MODERNE TAGUNGEN: ROUTE-66-TAGUNGSR\u00c4UME ERSTRAHLEN ZUM HUNDERTJ\u00c4HRIGEN JUBIL\u00c4UM IN SANTA MONICA\" title=\"\">\n                            <\/div>\n                            <div class=\"blog-feed__card-title\">MUTTERSTRASSE, MODERNE TAGUNGEN: ROUTE-66-TAGUNGSR\u00c4UME ERSTRAHLEN ZUM HUNDERTJ\u00c4HRIGEN JUBIL\u00c4UM IN SANTA MONICA<\/div>\n                        <\/a>\n                    <\/li>\n                                                                <li class=\"blog-feed__item\">\n                        <a href=\"https:\/\/www.santamonica.com\/de\/media\/news-release\/santa-monica-announces-song-contest-in-celebration-of-route-66-centennial\/\" class=\"blog-feed__item-link\">\n                            <div class=\"blog-feed__image-ratio\">\n                                <img decoding=\"async\" class=\"blog-feed__image\" src=\"https:\/\/www.santamonica.com\/wp-content\/uploads\/2025\/11\/DSC01084-400x400.jpg\" alt=\"SANTA MONICA VERK\u00dcNDET SONGWETTBEWERB ZUR FEIER DES HUNDERTJ\u00c4HRIGEN BESTEHENS DER ROUTE 66\" title=\"\">\n                            <\/div>\n                            <div class=\"blog-feed__card-title\">SANTA MONICA VERK\u00dcNDET SONGWETTBEWERB ZUR FEIER DES HUNDERTJ\u00c4HRIGEN BESTEHENS DER ROUTE 66<\/div>\n                        <\/a>\n                    <\/li>\n                                                                <li class=\"blog-feed__item\">\n                        <a href=\"https:\/\/www.santamonica.com\/de\/media\/news-release\/where-to-watch-the-world-series-in-santa-monica\/\" class=\"blog-feed__item-link\">\n                            <div class=\"blog-feed__image-ratio\">\n                                <img decoding=\"async\" class=\"blog-feed__image\" src=\"https:\/\/www.santamonica.com\/wp-content\/uploads\/2025\/10\/dodgers-logo-1-400x400.jpg\" alt=\"WO MAN DIE WORLD SERIES IN SANTA MONICA SEHEN KANN\" title=\"\">\n                            <\/div>\n                            <div class=\"blog-feed__card-title\">WO MAN DIE WORLD SERIES IN SANTA MONICA SEHEN KANN<\/div>\n                        <\/a>\n                    <\/li>\n                                    <\/ul>\n    <\/div>\n<\/section>","protected":false},"excerpt":{"rendered":"","protected":false},"author":1450,"featured_media":343332,"parent":0,"menu_order":0,"comment_status":"closed","ping_status":"closed","template":"template-editorial.php","meta":{"_acf_changed":false,"inline_featured_image":false,"footnotes":""},"silos":[3899],"class_list":["post-342957","page","type-page","status-publish","has-post-thumbnail","hentry"],"acf":[],"_links":{"self":[{"href":"https:\/\/www.santamonica.com\/de\/wp-json\/wp\/v2\/pages\/342957","targetHints":{"allow":["GET"]}}],"collection":[{"href":"https:\/\/www.santamonica.com\/de\/wp-json\/wp\/v2\/pages"}],"about":[{"href":"https:\/\/www.santamonica.com\/de\/wp-json\/wp\/v2\/types\/page"}],"author":[{"embeddable":true,"href":"https:\/\/www.santamonica.com\/de\/wp-json\/wp\/v2\/users\/1450"}],"replies":[{"embeddable":true,"href":"https:\/\/www.santamonica.com\/de\/wp-json\/wp\/v2\/comments?post=342957"}],"version-history":[{"count":93,"href":"https:\/\/www.santamonica.com\/de\/wp-json\/wp\/v2\/pages\/342957\/revisions"}],"predecessor-version":[{"id":767997,"href":"https:\/\/www.santamonica.com\/de\/wp-json\/wp\/v2\/pages\/342957\/revisions\/767997"}],"wp:featuredmedia":[{"embeddable":true,"href":"https:\/\/www.santamonica.com\/de\/wp-json\/wp\/v2\/media\/343332"}],"wp:attachment":[{"href":"https:\/\/www.santamonica.com\/de\/wp-json\/wp\/v2\/media?parent=342957"}],"wp:term":[{"taxonomy":"silos","embeddable":true,"href":"https:\/\/www.santamonica.com\/de\/wp-json\/wp\/v2\/silos?post=342957"}],"curies":[{"name":"wp","href":"https:\/\/api.w.org\/{rel}","templated":true}]}}