{"id":342861,"date":"2022-06-24T07:45:55","date_gmt":"2022-06-24T14:45:55","guid":{"rendered":"https:\/\/www.santamonica.com\/?page_id=342861"},"modified":"2026-01-12T07:47:04","modified_gmt":"2026-01-12T15:47:04","slug":"gruppenreisen","status":"publish","type":"page","link":"https:\/\/www.santamonica.com\/de\/travel-trade\/group-tours\/","title":{"rendered":"Gruppenreisen"},"content":{"rendered":"<section class=\"two-images container-max sm-block --flip sm-block\">\n    <div class=\"two-images__container --flip\">\n\n        <div class=\"two-images__column\">\n            <div class=\"two-images__content\">\n                <div class=\"two-images__content-header-container\">\n                                            <h2 class=\"two-images__content-header\">Neue Bus-Ladezonen<\/h2>                                    <\/div>\n                                    <div class=\"two-images__content-body wysiwyg\">\n                        <p>Mit Wirkung vom 1. Juni 2023 hat die Stadt Santa Monica mehrere der aktiven Be- und Entladezonen f\u00fcr Tourbusse verlegt. Neben anderen \u00c4nderungen gibt es nun eine eigene Zone auf der Westseite der Ocean Ave, die einen direkten und einfachen Zugang zum Santa Monica Place, dem Stadtzentrum von Santa Monica und dem weltber\u00fchmten Santa Monica Pier erm\u00f6glicht.<\/p>\n<p><a href=\"https:\/\/www.santamonica.com\/wp-content\/uploads\/2025\/10\/2024-Tour-Bus-Final-24.pdf\">Sehen Sie sich die Karte und eine vollst\u00e4ndige Liste der aktiven Lade-\/Entladezonen an.<\/a><\/p>\n                    <\/div>\n                                            <\/div>\n        <\/div>\n\n        <div class=\"two-images__column\">\n                            <div class=\"two-images__image-container\">\n                    <img decoding=\"async\" width=\"425\" height=\"505\" src=\"https:\/\/www.santamonica.com\/wp-content\/uploads\/2022\/06\/santa-monica-group-tours.jpg\" class=\"two-images__image\" alt=\"santa monica gruppenreisen\" loading=\"lazy\" srcset=\"https:\/\/www.santamonica.com\/wp-content\/uploads\/2022\/06\/santa-monica-group-tours.jpg 425w, https:\/\/www.santamonica.com\/wp-content\/uploads\/2022\/06\/santa-monica-group-tours-252x300.jpg 252w, https:\/\/www.santamonica.com\/wp-content\/uploads\/2022\/06\/santa-monica-group-tours-126x150.jpg 126w\" sizes=\"auto, (max-width: 425px) 100vw, 425px\" title=\"\">                    \n\n            <div class=\"img-lctn-tag --no-link two-images__image-caption --right\">Santa Monica Pier<\/div>\n                    <\/div>\n                    <\/div>\n\n        <div class=\"two-images__column\">\n                            <div class=\"two-images__image-container\">\n                    <img decoding=\"async\" width=\"600\" height=\"565\" src=\"https:\/\/www.santamonica.com\/wp-content\/uploads\/2022\/06\/group-tours-bus-parking.jpg\" class=\"two-images__image\" alt=\"Gruppenreisen Busparkplatz\" loading=\"lazy\" srcset=\"https:\/\/www.santamonica.com\/wp-content\/uploads\/2022\/06\/group-tours-bus-parking.jpg 600w, https:\/\/www.santamonica.com\/wp-content\/uploads\/2022\/06\/group-tours-bus-parking-300x283.jpg 300w, https:\/\/www.santamonica.com\/wp-content\/uploads\/2022\/06\/group-tours-bus-parking-159x150.jpg 159w\" sizes=\"auto, (max-width: 600px) 100vw, 600px\" title=\"\">                    \n\n            <div class=\"img-lctn-tag --no-link two-images__image-caption --right\">Stadtzentrum \/ Third Street Promenade<\/div>\n                    <\/div>\n                    <\/div>\n\n    <\/div>\n<\/section>\n\n\n<section class=\"sun-title sm-block --theme6 sm-block\">\n            <h2 class=\"sun-title__headline\">Reisebus-Parkgenehmigungsprogramm<\/h2>    \n            <div class=\"sun-title__body  wysiwyg\">\n                    <p>Die Stadt Santa Monica hei\u00dft in Zusammenarbeit mit Santa Monica Travel &amp; Tourism (SMTT) und Downtown Santa Monica Tour Bus Operators in unserer Gemeinde willkommen. Die Stadt m\u00f6chte Reisebusunternehmen, die von der SMTT f\u00fcr ihren Beitrag zur Besucherindustrie in Santa Monica zertifiziert wurden, das Parken und die Nutzung ausgewiesener Zonen innerhalb der Stadt zugestehen.<\/p>\n<p>Wenn Sie ein Reisebusunternehmen sind und an einer Zertifizierung und dem Zugang zu kostenlosen Parkpl\u00e4tzen interessiert sind, <a href=\"https:\/\/www.santamonica.com\/wp-content\/uploads\/2025\/06\/25-26-Tour-Bus-Application-FINAL.pdf\" target=\"_blank\" rel=\"noopener\">die Anwendung herunterladen<\/a>. Bitte senden Sie die ausgef\u00fcllten Bewerbungen zusammen mit mindestens einem Reisebeispiel, das Santa Monica f\u00fcr mindestens vier Stunden einschlie\u00dft, per E-Mail an <a href=\"mailto:trade@santamonica.com\">trade@santamonica.com<\/a>.<\/p>\n                        <\/div>\n    <\/section>\n\n\n<section class=\"sun-title sm-block --theme6 sm-block\">\n            <h2 class=\"sun-title__headline\">Bezahltes Busparken<\/h2>    \n            <div class=\"sun-title__body  wysiwyg\">\n                    <p>Kostenpflichtige Parkpl\u00e4tze stehen derzeit auf dem Parkplatz 4 S\u00fcd (2030 Barnard Way) zur Verf\u00fcgung. Der Parkplatz ist von Sonnenaufgang bis Sonnenuntergang ge\u00f6ffnet und <a href=\"https:\/\/www.santamonica.com\/wp-content\/uploads\/2024\/05\/2023-Santa-Monica-Parking-Rate-Table.pdf\" target=\"_blank\" rel=\"noopener\">Preise<\/a> variieren je nach Saison. Bitte E-Mail\u00a0 <a href=\"mailto:parking@santamonica.gov\">parking@santamonica.gov<\/a>\u00a0f\u00fcr weitere Informationen.<\/p>\n<p>\u00dcbernachtungsparkpl\u00e4tze f\u00fcr Busse gibt es auch im nahe gelegenen Marina del Rey. F\u00fcr die Reservierung von \u00dcbernachtungsparkpl\u00e4tzen f\u00fcr Reisebusse und \u00fcbergro\u00dfe Fahrzeuge ist eine Voranmeldung erforderlich. <a href=\"https:\/\/beaches.lacounty.gov\/marina-del-rey-overnight-parking\/\" target=\"_blank\" rel=\"noopener\">Weitere Informationen.<\/a><\/p>\n                        <\/div>\n    <\/section>\n\n\n<section class=\"image-slider --theme1 sm-block\" >\n    <div class=\"image-slider__wrapper\">\n                    <div class=\"image-slider__copy wysiwyg\"><h2>Essen gehen in Santa Monica<\/h2>\n<p><a href=\"https:\/\/www.santamonica.com\/de\/restaurants\/\">Restaurants in Santa Monica<\/a> bieten einige der abwechslungsreichsten und erstklassigsten Restaurants in ganz Los Angeles und S\u00fcdkalifornien. Von biologischer, vegetarischer K\u00fcche und California Fusion bis hin zu frischen Meeresfr\u00fcchten und erstklassigen Steaks gibt es Optionen f\u00fcr jeden Gaumen, Geschmack und Geldbeutel.<\/p>\n<\/div>\n                <div class=\"image-slider__slider right\">\n                            <!-- Slider main container -->\n                <div class=\"swiper\">\n                    <!-- Additional required wrapper -->\n                    <div class=\"swiper-wrapper\">\n                        <!-- Slides -->\n                                                    <div class=\"swiper-slide\">\n                                <img decoding=\"async\" width=\"1024\" height=\"576\" src=\"https:\/\/www.santamonica.com\/wp-content\/uploads\/2022\/06\/group-dining-3.jpg\" class=\"swiper-slide__image\" alt=\"Gruppenessen\" loading=\"lazy\" srcset=\"https:\/\/www.santamonica.com\/wp-content\/uploads\/2022\/06\/group-dining-3.jpg 1024w, https:\/\/www.santamonica.com\/wp-content\/uploads\/2022\/06\/group-dining-3-300x169.jpg 300w, https:\/\/www.santamonica.com\/wp-content\/uploads\/2022\/06\/group-dining-3-267x150.jpg 267w, https:\/\/www.santamonica.com\/wp-content\/uploads\/2022\/06\/group-dining-3-768x432.jpg 768w\" sizes=\"auto, (max-width: 1024px) 100vw, 1024px\" title=\"\">                                \n\n            <a href=\"https:\/\/www.santamonica.com\/de\/restaurants\/am-meer-auf-der-seebrucke\/\" class=\"img-lctn-tag --right\">\n            <div class=\"img-lctn-tag-inside-link image-slider__image-caption right\">Seaside On The Pier<\/div>\n        <\/a>\n                                <\/div>\n                                            <\/div>\n                                    <\/div>\n                    <\/div>\n    <\/div>\n<\/section>\n\n\n<section class=\"blog-feed --theme8 sm-block\">\n    <div class=\"blog-feed__content\">\n        <div class=\"blog-feed__intro\">\n                            <div class=\"blog-feed__eyebrow eyebrow\">Blogs<\/div>                                        <h2 class=\"blog-feed__headline\">Santa Monica entdecken<\/h2>                                        <div class=\"blog-feed__body\"><p>Entdecken Sie Reiserouten, lokale Tipps, Hot Spots und ausgew\u00e4hlte Abenteuer, damit Sie das Beste aus Ihrem Aufenthalt in Santa Monica machen k\u00f6nnen.<\/p>\n<\/div>\n                                        <a class=\"blog-feed__cta\" href=\"https:\/\/www.santamonica.com\/de\/blogeintrage\/\">Alle Blogs anzeigen<\/a>\n                    <\/div>\n\n        <ul class=\"blog-feed__list\">\n                                                <li class=\"blog-feed__item\">\n                        <a href=\"https:\/\/www.santamonica.com\/de\/mother-road-modern-meetings-route-66-meeting-spaces-set-to-shine-for-centennial-in-santa-monica\/\" class=\"blog-feed__item-link\">\n                            <div class=\"blog-feed__image-ratio\">\n                                <img decoding=\"async\" class=\"blog-feed__image\" src=\"https:\/\/www.santamonica.com\/wp-content\/uploads\/2025\/12\/untitledJuly20162C2020180010-182-2-400x400.jpg\" alt=\"MUTTERSTRASSE, MODERNE TAGUNGEN: ROUTE-66-TAGUNGSR\u00c4UME ERSTRAHLEN ZUM HUNDERTJ\u00c4HRIGEN JUBIL\u00c4UM IN SANTA MONICA\" title=\"\">\n                            <\/div>\n                            <div class=\"blog-feed__card-title\">MUTTERSTRASSE, MODERNE TAGUNGEN: ROUTE-66-TAGUNGSR\u00c4UME ERSTRAHLEN ZUM HUNDERTJ\u00c4HRIGEN JUBIL\u00c4UM IN SANTA MONICA<\/div>\n                        <\/a>\n                    <\/li>\n                                                                <li class=\"blog-feed__item\">\n                        <a href=\"https:\/\/www.santamonica.com\/de\/media\/news-release\/santa-monica-announces-song-contest-in-celebration-of-route-66-centennial\/\" class=\"blog-feed__item-link\">\n                            <div class=\"blog-feed__image-ratio\">\n                                <img decoding=\"async\" class=\"blog-feed__image\" src=\"https:\/\/www.santamonica.com\/wp-content\/uploads\/2025\/11\/DSC01084-400x400.jpg\" alt=\"SANTA MONICA VERK\u00dcNDET SONGWETTBEWERB ZUR FEIER DES HUNDERTJ\u00c4HRIGEN BESTEHENS DER ROUTE 66\" title=\"\">\n                            <\/div>\n                            <div class=\"blog-feed__card-title\">SANTA MONICA VERK\u00dcNDET SONGWETTBEWERB ZUR FEIER DES HUNDERTJ\u00c4HRIGEN BESTEHENS DER ROUTE 66<\/div>\n                        <\/a>\n                    <\/li>\n                                                                <li class=\"blog-feed__item\">\n                        <a href=\"https:\/\/www.santamonica.com\/de\/media\/news-release\/where-to-watch-the-world-series-in-santa-monica\/\" class=\"blog-feed__item-link\">\n                            <div class=\"blog-feed__image-ratio\">\n                                <img decoding=\"async\" class=\"blog-feed__image\" src=\"https:\/\/www.santamonica.com\/wp-content\/uploads\/2025\/10\/dodgers-logo-1-400x400.jpg\" alt=\"WO MAN DIE WORLD SERIES IN SANTA MONICA SEHEN KANN\" title=\"\">\n                            <\/div>\n                            <div class=\"blog-feed__card-title\">WO MAN DIE WORLD SERIES IN SANTA MONICA SEHEN KANN<\/div>\n                        <\/a>\n                    <\/li>\n                                    <\/ul>\n    <\/div>\n<\/section>","protected":false},"excerpt":{"rendered":"","protected":false},"author":1450,"featured_media":343233,"parent":0,"menu_order":0,"comment_status":"closed","ping_status":"closed","template":"template-meetings-editorial-detail.php","meta":{"_acf_changed":false,"inline_featured_image":false,"footnotes":""},"silos":[3908],"class_list":["post-342861","page","type-page","status-publish","has-post-thumbnail","hentry"],"acf":[],"_links":{"self":[{"href":"https:\/\/www.santamonica.com\/de\/wp-json\/wp\/v2\/pages\/342861","targetHints":{"allow":["GET"]}}],"collection":[{"href":"https:\/\/www.santamonica.com\/de\/wp-json\/wp\/v2\/pages"}],"about":[{"href":"https:\/\/www.santamonica.com\/de\/wp-json\/wp\/v2\/types\/page"}],"author":[{"embeddable":true,"href":"https:\/\/www.santamonica.com\/de\/wp-json\/wp\/v2\/users\/1450"}],"replies":[{"embeddable":true,"href":"https:\/\/www.santamonica.com\/de\/wp-json\/wp\/v2\/comments?post=342861"}],"version-history":[{"count":77,"href":"https:\/\/www.santamonica.com\/de\/wp-json\/wp\/v2\/pages\/342861\/revisions"}],"predecessor-version":[{"id":774606,"href":"https:\/\/www.santamonica.com\/de\/wp-json\/wp\/v2\/pages\/342861\/revisions\/774606"}],"wp:featuredmedia":[{"embeddable":true,"href":"https:\/\/www.santamonica.com\/de\/wp-json\/wp\/v2\/media\/343233"}],"wp:attachment":[{"href":"https:\/\/www.santamonica.com\/de\/wp-json\/wp\/v2\/media?parent=342861"}],"wp:term":[{"taxonomy":"silos","embeddable":true,"href":"https:\/\/www.santamonica.com\/de\/wp-json\/wp\/v2\/silos?post=342861"}],"curies":[{"name":"wp","href":"https:\/\/api.w.org\/{rel}","templated":true}]}}