{"id":342771,"date":"2022-06-24T07:01:25","date_gmt":"2022-06-24T14:01:25","guid":{"rendered":"https:\/\/www.santamonica.com\/?page_id=342771"},"modified":"2026-02-23T17:31:28","modified_gmt":"2026-02-24T01:31:28","slug":"planungsinstrumentarium","status":"publish","type":"page","link":"https:\/\/www.santamonica.com\/de\/travel-trade\/planning-toolkit\/","title":{"rendered":"Planungs-Toolkit"},"content":{"rendered":"<section class=\"two-images container-max sm-block --flip sm-block\">\n    <div class=\"two-images__container --flip\">\n\n        <div class=\"two-images__column\">\n            <div class=\"two-images__content\">\n                <div class=\"two-images__content-header-container\">\n                                            <h2 class=\"two-images__content-header\">Ausbildungsprogramm Santa Monica<\/h2>                                    <\/div>\n                                    <div class=\"two-images__content-body wysiwyg\">\n                        <p>Werden Sie ein California STAR! Besuchen Sie Kaliforniens <a href=\"https:\/\/santamonica.thesource.travel\/\" target=\"_blank\" rel=\"noopener\">STAR-Schulungsprogramm<\/a> (verf\u00fcgbar f\u00fcr Desktop, Handy und Tablet) enth\u00e4lt die wichtigsten Ressourcen und Informationen, um ein Kalifornien-Experte zu werden.<\/p>\n<p>Wenn Sie die Einf\u00fchrungsschulung f\u00fcr Kalifornien abgeschlossen haben, k\u00f6nnen Sie das Modul Santa Monica absolvieren, um ein Experte f\u00fcr den Verkauf von LAs Strandstadt zu werden.<\/p>\n                    <\/div>\n                                            <\/div>\n        <\/div>\n\n        <div class=\"two-images__column\">\n                            <div class=\"two-images__image-container\">\n                    <img decoding=\"async\" width=\"424\" height=\"504\" src=\"https:\/\/www.santamonica.com\/wp-content\/uploads\/2025\/01\/Bikes_PlanningToolkit.jpg\" class=\"two-images__image\" alt=\"\" loading=\"lazy\" srcset=\"https:\/\/www.santamonica.com\/wp-content\/uploads\/2025\/01\/Bikes_PlanningToolkit.jpg 424w, https:\/\/www.santamonica.com\/wp-content\/uploads\/2025\/01\/Bikes_PlanningToolkit-252x300.jpg 252w, https:\/\/www.santamonica.com\/wp-content\/uploads\/2025\/01\/Bikes_PlanningToolkit-126x150.jpg 126w\" sizes=\"auto, (max-width: 424px) 100vw, 424px\" title=\"\">                    \n\n                <\/div>\n                    <\/div>\n\n        <div class=\"two-images__column\">\n                            <div class=\"two-images__image-container\">\n                    <img decoding=\"async\" width=\"600\" height=\"564\" src=\"https:\/\/www.santamonica.com\/wp-content\/uploads\/2025\/01\/PierSign_PlanningToolkit.jpg\" class=\"two-images__image\" alt=\"\" loading=\"lazy\" srcset=\"https:\/\/www.santamonica.com\/wp-content\/uploads\/2025\/01\/PierSign_PlanningToolkit.jpg 600w, https:\/\/www.santamonica.com\/wp-content\/uploads\/2025\/01\/PierSign_PlanningToolkit-300x282.jpg 300w, https:\/\/www.santamonica.com\/wp-content\/uploads\/2025\/01\/PierSign_PlanningToolkit-160x150.jpg 160w\" sizes=\"auto, (max-width: 600px) 100vw, 600px\" title=\"\">                    \n\n                <\/div>\n                    <\/div>\n\n    <\/div>\n<\/section>\n\n\n<section class=\"sun-title sm-block --theme6 sm-block\">\n            <h2 class=\"sun-title__headline\">Muster-Reiserouten<\/h2>    \n            <div class=\"sun-title__body  wysiwyg\">\n                    <p>Unabh\u00e4ngig davon, ob Ihre Kunden f\u00fcr eine Woche oder ein Wochenende zu Besuch kommen, haben wir die besten Sehensw\u00fcrdigkeiten, Aktivit\u00e4ten und Restaurants in Santa Monica zusammengestellt. Dazu geh\u00f6ren die wichtigsten Attraktionen und Tipps zum Leben wie ein Einheimischer. Entdecken Sie unsere unterhaltsamen Reisepl\u00e4ne f\u00fcr einen, zwei, drei Tage oder eine ganze Woche! Und holen Sie sich Ihr kostenloses <a href=\"https:\/\/issuu.com\/santamonicatravelandtourism\/docs\/santa_monica_insider\" target=\"_blank\" rel=\"noopener\">Santa Monica-Insider<\/a> und <a href=\"https:\/\/www.santamonica.com\/wp-content\/uploads\/2024\/11\/English-itinerary-SINGLE-PAGES-2024-10-08.pdf\" target=\"_blank\" rel=\"noopener\">Drei-Tage-Leitfaden<\/a> (Englisch) und <a href=\"https:\/\/www.santamonica.com\/wp-content\/uploads\/2026\/02\/SMTT-LUX-French-lowres.pdf\">Drei-Tage-Leitfaden<\/a> (Franz\u00f6sisch), um das Beste aus Ihrem Abenteuer zu machen.<\/p>\n                        <\/div>\n    <\/section>\n\n\n<section class=\"links-grid --theme3 sm-block\">\n    <div class=\"links-grid__wrapper\">\n                                                    <a href=\"https:\/\/www.santamonica.com\/de\/trip-planner\/one-day-itinerary\/\" class=\"links-grid__card-link\" aria-label=\"Eint\u00e4gige Reiseroute\">\n                    <div class=\"links-grid__card\">\n                                                    <div class=\"links-grid__card-image-wrapper\">\n                                <img decoding=\"async\" width=\"400\" height=\"400\" src=\"https:\/\/www.santamonica.com\/wp-content\/uploads\/2025\/01\/OneDayItinerary-400x400.jpg\" class=\"links-grid__card-image\" alt=\"Eint\u00e4gige Reiseroute\" loading=\"lazy\" title=\"\">                            <\/div>\n                                                <div class=\"links-grid__card-text\">\n                                                            <div class=\"links-grid__card-title\">Eint\u00e4gige Reiseroute<\/div>\n                                                                                <\/div>\n                    <\/div>\n                <\/a>\n                                            <a href=\"https:\/\/www.santamonica.com\/de\/trip-planner\/two-day-itinerary\/\" class=\"links-grid__card-link\" aria-label=\"Zweit\u00e4gige Reiseroute\">\n                    <div class=\"links-grid__card\">\n                                                    <div class=\"links-grid__card-image-wrapper\">\n                                <img decoding=\"async\" width=\"400\" height=\"400\" src=\"https:\/\/www.santamonica.com\/wp-content\/uploads\/2022\/06\/two-day-itinerary-400x400.jpg\" class=\"links-grid__card-image\" alt=\"zweit\u00e4gige Reiseroute\" loading=\"lazy\" title=\"\">                            <\/div>\n                                                <div class=\"links-grid__card-text\">\n                                                            <div class=\"links-grid__card-title\">Zweit\u00e4gige Reiseroute<\/div>\n                                                                                <\/div>\n                    <\/div>\n                <\/a>\n                                            <a href=\"https:\/\/www.santamonica.com\/de\/trip-planner\/three-day-itinerary\/\" class=\"links-grid__card-link\" aria-label=\"Drei-Tage-Reiseplan\">\n                    <div class=\"links-grid__card\">\n                                                    <div class=\"links-grid__card-image-wrapper\">\n                                <img decoding=\"async\" width=\"400\" height=\"400\" src=\"https:\/\/www.santamonica.com\/wp-content\/uploads\/2022\/06\/three-day-itinerary-400x400.jpg\" class=\"links-grid__card-image\" alt=\"Freizeitaktivit\u00e4ten in Santa Monica an diesem Wochenende\" loading=\"lazy\" title=\"\">                            <\/div>\n                                                <div class=\"links-grid__card-text\">\n                                                            <div class=\"links-grid__card-title\">Drei-Tage-Reiseplan<\/div>\n                                                                                <\/div>\n                    <\/div>\n                <\/a>\n                                            <a href=\"https:\/\/www.santamonica.com\/de\/trip-planner\/seven-day-itinerary\/\" class=\"links-grid__card-link\" aria-label=\"Reiseplan der Woche\">\n                    <div class=\"links-grid__card\">\n                                                    <div class=\"links-grid__card-image-wrapper\">\n                                <img decoding=\"async\" width=\"400\" height=\"400\" src=\"https:\/\/www.santamonica.com\/wp-content\/uploads\/2022\/06\/santa-monica-seven-day-itinerary-400x400.jpg\" class=\"links-grid__card-image\" alt=\"santa monica sieben tage reiseplan\" loading=\"lazy\" title=\"\">                            <\/div>\n                                                <div class=\"links-grid__card-text\">\n                                                            <div class=\"links-grid__card-title\">Reiseplan der Woche<\/div>\n                                                                                <\/div>\n                    <\/div>\n                <\/a>\n                        <\/div>\n<\/section>\n\n\n\n<section class=\"image-slider --theme1 sm-block\" >\n    <div class=\"image-slider__wrapper\">\n                    <div class=\"image-slider__copy wysiwyg\"><p><strong>Unbeschwerter Luxus<\/strong><br \/>\nDie Mischung aus Santa Monicas nat\u00fcrlicher Sch\u00f6nheit, preisgekr\u00f6nter Gastronomie und ber\u00fchmten Einkaufsm\u00f6glichkeiten an einem der ber\u00fchmtesten K\u00fcstenabschnitte Kaliforniens bietet ein wahrhaft entspanntes Luxuserlebnis. Wenn Sie mehr erfahren m\u00f6chten, besuchen Sie die <a href=\"https:\/\/issuu.com\/santamonicatravelandtourism\/docs\/santa_monica_insider\" target=\"_blank\" rel=\"noopener\">Santa Monica-Insider<\/a>.<\/p>\n<p><strong>S\u00fcdkalifornien Road Trip<\/strong><br \/>\nDas Beste von S\u00fcdkalifornien umfasst drei erstaunliche und einzigartige Regionen, die alle nur wenige Stunden voneinander entfernt sind: Santa Monica, der Gro\u00dfraum Palm Springs und San Diego.<\/p>\n<p>Ob Sie nun ein Strandurlauber oder ein Kulturkenner sind, Sie werden die <a href=\"https:\/\/www.santamonica.com\/de\/routenplaner\/sudkalifornien-road-trip\/\">Erlebnisvielfalt<\/a> die an jedem Reiseziel auf Sie warten - und die Sie in nur 10 Tagen genie\u00dfen k\u00f6nnen.<\/p>\n<\/div>\n                <div class=\"image-slider__slider right\">\n                            <!-- Slider main container -->\n                <div class=\"swiper\">\n                    <!-- Additional required wrapper -->\n                    <div class=\"swiper-wrapper\">\n                        <!-- Slides -->\n                                                    <div class=\"swiper-slide\">\n                                <img decoding=\"async\" width=\"1024\" height=\"580\" src=\"https:\/\/www.santamonica.com\/wp-content\/uploads\/2025\/01\/LaidBackLuxury_PlanningToolkit.jpg\" class=\"swiper-slide__image\" alt=\"\" loading=\"lazy\" srcset=\"https:\/\/www.santamonica.com\/wp-content\/uploads\/2025\/01\/LaidBackLuxury_PlanningToolkit.jpg 1024w, https:\/\/www.santamonica.com\/wp-content\/uploads\/2025\/01\/LaidBackLuxury_PlanningToolkit-300x170.jpg 300w, https:\/\/www.santamonica.com\/wp-content\/uploads\/2025\/01\/LaidBackLuxury_PlanningToolkit-265x150.jpg 265w, https:\/\/www.santamonica.com\/wp-content\/uploads\/2025\/01\/LaidBackLuxury_PlanningToolkit-768x435.jpg 768w\" sizes=\"auto, (max-width: 1024px) 100vw, 1024px\" title=\"\">                                \n\n                            <\/div>\n                                            <\/div>\n                                    <\/div>\n                    <\/div>\n    <\/div>\n<\/section>\n\n\n<section class=\"sun-title sm-block --theme6 sm-block\">\n            <h2 class=\"sun-title__headline\">Verantwortungsvoll reisen<\/h2>    \n            <div class=\"sun-title__body  wysiwyg\">\n                    <p>Santa Monica wird Sie und Ihre Kunden immer mit offenen Armen empfangen, und wir m\u00f6chten Ihnen helfen, das Beste aus Ihrem Strandurlaub zu machen. Holen Sie sich Tipps f\u00fcr die Planung im Voraus, <a href=\"https:\/\/www.santamonica.com\/de\/verantwortungsvoll-reisen\/\">verantwortungsvoll reisen<\/a>, Wenn Sie Santa Monica und Umgebung erkunden, sollten Sie Ihre Erwartungen erf\u00fcllen und entsprechende Vorsichtsma\u00dfnahmen treffen.<\/p>\n                        <\/div>\n    <\/section>\n\n\n\n<section class=\"two-images container-max sm-block  sm-block\">\n    <div class=\"two-images__container\">\n\n        <div class=\"two-images__column\">\n            <div class=\"two-images__content\">\n                <div class=\"two-images__content-header-container\">\n                                            <h2 class=\"two-images__content-header\">Lizenzfreie Bilder<\/h2>                                    <\/div>\n                                    <div class=\"two-images__content-body wysiwyg\">\n                        <p><a href=\"https:\/\/www.santamonica.com\/de\/medien\/foto-video-anfrageformular\/\">Anfrage f\u00fcr malerische lizenzfreie Fotografie<\/a> von Santa Monica f\u00fcr Ihre Prospekte und Brosch\u00fcren.<\/p>\n                    <\/div>\n                                            <\/div>\n        <\/div>\n\n        <div class=\"two-images__column\">\n                            <div class=\"two-images__image-container\">\n                    <img decoding=\"async\" width=\"425\" height=\"505\" src=\"https:\/\/www.santamonica.com\/wp-content\/uploads\/2022\/06\/request-royalty-free-photos-santa-monica.jpg\" class=\"two-images__image\" alt=\"anfrage lizenzfreie fotos santa monica\" loading=\"lazy\" srcset=\"https:\/\/www.santamonica.com\/wp-content\/uploads\/2022\/06\/request-royalty-free-photos-santa-monica.jpg 425w, https:\/\/www.santamonica.com\/wp-content\/uploads\/2022\/06\/request-royalty-free-photos-santa-monica-252x300.jpg 252w, https:\/\/www.santamonica.com\/wp-content\/uploads\/2022\/06\/request-royalty-free-photos-santa-monica-126x150.jpg 126w\" sizes=\"auto, (max-width: 425px) 100vw, 425px\" title=\"\">                    \n\n                <\/div>\n                    <\/div>\n\n        <div class=\"two-images__column\">\n                            <div class=\"two-images__image-container\">\n                    <img decoding=\"async\" width=\"600\" height=\"565\" src=\"https:\/\/www.santamonica.com\/wp-content\/uploads\/2022\/06\/santa-monica-royalty-free-images.jpg\" class=\"two-images__image\" alt=\"santa monica lizenzfreie bilder\" loading=\"lazy\" srcset=\"https:\/\/www.santamonica.com\/wp-content\/uploads\/2022\/06\/santa-monica-royalty-free-images.jpg 600w, https:\/\/www.santamonica.com\/wp-content\/uploads\/2022\/06\/santa-monica-royalty-free-images-300x283.jpg 300w, https:\/\/www.santamonica.com\/wp-content\/uploads\/2022\/06\/santa-monica-royalty-free-images-159x150.jpg 159w\" sizes=\"auto, (max-width: 600px) 100vw, 600px\" title=\"\">                    \n\n                <\/div>\n                    <\/div>\n\n    <\/div>\n<\/section>\n\n\n<section class=\"image-slider --theme1 sm-block\" >\n    <div class=\"image-slider__wrapper\">\n                    <div class=\"image-slider__copy wysiwyg\"><h2>Freie Aktivit\u00e4ten<\/h2>\n<p>Erfahren Sie mehr \u00fcber <a href=\"https:\/\/www.santamonica.com\/de\/dinge-die-man-tun-kann\/100-kostenlose-unternehmungen-in-santa-monica\/\">kostenlose Unternehmungen in Santa Monica<\/a> mit Sommerkonzerten, Stadtf\u00fchrungen, Strandaktivit\u00e4ten und vielem mehr!<\/p>\n<\/div>\n                <div class=\"image-slider__slider right\">\n                            <!-- Slider main container -->\n                <div class=\"swiper\">\n                    <!-- Additional required wrapper -->\n                    <div class=\"swiper-wrapper\">\n                        <!-- Slides -->\n                                                    <div class=\"swiper-slide\">\n                                <img decoding=\"async\" width=\"1024\" height=\"576\" src=\"https:\/\/www.santamonica.com\/wp-content\/uploads\/2022\/06\/santa-monica-free-activities.jpg\" class=\"swiper-slide__image\" alt=\"santa monica kostenlose aktivit\u00e4ten\" loading=\"lazy\" srcset=\"https:\/\/www.santamonica.com\/wp-content\/uploads\/2022\/06\/santa-monica-free-activities.jpg 1024w, https:\/\/www.santamonica.com\/wp-content\/uploads\/2022\/06\/santa-monica-free-activities-300x169.jpg 300w, https:\/\/www.santamonica.com\/wp-content\/uploads\/2022\/06\/santa-monica-free-activities-267x150.jpg 267w, https:\/\/www.santamonica.com\/wp-content\/uploads\/2022\/06\/santa-monica-free-activities-768x432.jpg 768w\" sizes=\"auto, (max-width: 1024px) 100vw, 1024px\" title=\"\">                                \n\n                            <\/div>\n                                            <\/div>\n                                    <\/div>\n                    <\/div>\n    <\/div>\n<\/section>\n\n\n<section class=\"sun-title sm-block --theme6 sm-block\">\n            <h2 class=\"sun-title__headline\">Materialien anfordern<\/h2>    \n            <div class=\"sun-title__body  wysiwyg\">\n                    <p>Santa Monica Travel &amp; Tourism bietet eine Reihe von umfassenden Reisef\u00fchrern an, um Ihre Kunden \u00fcber das Reiseziel zu informieren. Um gedruckte Reisef\u00fchrer anzufordern oder f\u00fcr weitere Fragen und Schulungsinformationen, wenden Sie sich bitte an unser Verkaufsteam unter <a href=\"tel:3103196263\">(310) 319.6263<\/a> oder <a href=\"mailto:trade@santamonica.com\">trade@santamonica.com<\/a>.<\/p>\n<p><a href=\"https:\/\/www.santamonica.com\/de\/anfrage-santa-monica-vistors-guide\/\" rel=\"noopener\">Santa Monica Offizieller Besucherf\u00fchrer &amp; Karte<\/a><\/p>\n                        <\/div>\n    <\/section>\n\n\n\n<section class=\"two-images container-max sm-block  sm-block\">\n    <div class=\"two-images__container\">\n\n        <div class=\"two-images__column\">\n            <div class=\"two-images__content\">\n                <div class=\"two-images__content-header-container\">\n                                            <h2 class=\"two-images__content-header\">Besucherzentrum Dienstleistungen \/ Einzelhandel<\/h2>                                    <\/div>\n                                    <div class=\"two-images__content-body wysiwyg\">\n                        <p>Sie haben einen besonderen Kunden, der nach Santa Monica kommt und den Sie beeindrucken m\u00f6chten? Wenden Sie sich an Santa Monica Travel &amp; Tourism und wir \u00fcberreichen Ihnen gerne eine Santa Monica Welcome Gift Bag mit einer pers\u00f6nlichen Notiz von SMTT, einem offiziellen Santa Monica-Besucherf\u00fchrer, einer Santa Monica-Besucherkarte und einem besonderen Santa Monica-Erinnerungsgeschenk. F\u00fcr weitere Details kontaktieren Sie bitte\u00a0<a href=\"mailto:trade@santamonica.com\">trade@santamonica.com<\/a>.<\/p>\n                    <\/div>\n                                            <\/div>\n        <\/div>\n\n        <div class=\"two-images__column\">\n                            <div class=\"two-images__image-container\">\n                    <img decoding=\"async\" width=\"425\" height=\"505\" src=\"https:\/\/www.santamonica.com\/wp-content\/uploads\/2022\/06\/visitor-center-retail.jpg\" class=\"two-images__image\" alt=\"Besucherzentrum Einzelhandel\" loading=\"lazy\" srcset=\"https:\/\/www.santamonica.com\/wp-content\/uploads\/2022\/06\/visitor-center-retail.jpg 425w, https:\/\/www.santamonica.com\/wp-content\/uploads\/2022\/06\/visitor-center-retail-252x300.jpg 252w, https:\/\/www.santamonica.com\/wp-content\/uploads\/2022\/06\/visitor-center-retail-126x150.jpg 126w\" sizes=\"auto, (max-width: 425px) 100vw, 425px\" title=\"\">                    \n\n            <div class=\"img-lctn-tag --no-link two-images__image-caption --right\">Pier Shop<\/div>\n                    <\/div>\n                    <\/div>\n\n        <div class=\"two-images__column\">\n                            <div class=\"two-images__image-container\">\n                    <img decoding=\"async\" width=\"600\" height=\"565\" src=\"https:\/\/www.santamonica.com\/wp-content\/uploads\/2022\/06\/santa-monica-visitors-center.jpg\" class=\"two-images__image\" alt=\"santa monica besucherzentrum\" loading=\"lazy\" srcset=\"https:\/\/www.santamonica.com\/wp-content\/uploads\/2022\/06\/santa-monica-visitors-center.jpg 600w, https:\/\/www.santamonica.com\/wp-content\/uploads\/2022\/06\/santa-monica-visitors-center-300x283.jpg 300w, https:\/\/www.santamonica.com\/wp-content\/uploads\/2022\/06\/santa-monica-visitors-center-159x150.jpg 159w\" sizes=\"auto, (max-width: 600px) 100vw, 600px\" title=\"\">                    \n\n            <div class=\"img-lctn-tag --no-link two-images__image-caption --right\">Pier Shop &amp; Besucherzentrum<\/div>\n                    <\/div>\n                    <\/div>\n\n    <\/div>\n<\/section>\n\n\n<section class=\"blog-feed --theme8 sm-block\">\n    <div class=\"blog-feed__content\">\n        <div class=\"blog-feed__intro\">\n                            <div class=\"blog-feed__eyebrow eyebrow\">Blogs<\/div>                                        <h2 class=\"blog-feed__headline\">Santa Monica entdecken<\/h2>                                        <div class=\"blog-feed__body\"><p>Entdecken Sie Reiserouten, lokale Tipps, Hot Spots und ausgew\u00e4hlte Abenteuer, damit Sie das Beste aus Ihrem Aufenthalt in Santa Monica machen k\u00f6nnen.<\/p>\n<\/div>\n                                        <a class=\"blog-feed__cta\" href=\"https:\/\/www.santamonica.com\/de\/blogeintrage\/\">Alle Blogs anzeigen<\/a>\n                    <\/div>\n\n        <ul class=\"blog-feed__list\">\n                                                <li class=\"blog-feed__item\">\n                        <a href=\"https:\/\/www.santamonica.com\/de\/mother-road-modern-meetings-route-66-meeting-spaces-set-to-shine-for-centennial-in-santa-monica\/\" class=\"blog-feed__item-link\">\n                            <div class=\"blog-feed__image-ratio\">\n                                <img decoding=\"async\" class=\"blog-feed__image\" src=\"https:\/\/www.santamonica.com\/wp-content\/uploads\/2025\/12\/untitledJuly20162C2020180010-182-2-400x400.jpg\" alt=\"MUTTERSTRASSE, MODERNE TAGUNGEN: ROUTE-66-TAGUNGSR\u00c4UME ERSTRAHLEN ZUM HUNDERTJ\u00c4HRIGEN JUBIL\u00c4UM IN SANTA MONICA\" title=\"\">\n                            <\/div>\n                            <div class=\"blog-feed__card-title\">MUTTERSTRASSE, MODERNE TAGUNGEN: ROUTE-66-TAGUNGSR\u00c4UME ERSTRAHLEN ZUM HUNDERTJ\u00c4HRIGEN JUBIL\u00c4UM IN SANTA MONICA<\/div>\n                        <\/a>\n                    <\/li>\n                                                                <li class=\"blog-feed__item\">\n                        <a href=\"https:\/\/www.santamonica.com\/de\/media\/news-release\/santa-monica-announces-song-contest-in-celebration-of-route-66-centennial\/\" class=\"blog-feed__item-link\">\n                            <div class=\"blog-feed__image-ratio\">\n                                <img decoding=\"async\" class=\"blog-feed__image\" src=\"https:\/\/www.santamonica.com\/wp-content\/uploads\/2025\/11\/DSC01084-400x400.jpg\" alt=\"SANTA MONICA VERK\u00dcNDET SONGWETTBEWERB ZUR FEIER DES HUNDERTJ\u00c4HRIGEN BESTEHENS DER ROUTE 66\" title=\"\">\n                            <\/div>\n                            <div class=\"blog-feed__card-title\">SANTA MONICA VERK\u00dcNDET SONGWETTBEWERB ZUR FEIER DES HUNDERTJ\u00c4HRIGEN BESTEHENS DER ROUTE 66<\/div>\n                        <\/a>\n                    <\/li>\n                                                                <li class=\"blog-feed__item\">\n                        <a href=\"https:\/\/www.santamonica.com\/de\/media\/news-release\/where-to-watch-the-world-series-in-santa-monica\/\" class=\"blog-feed__item-link\">\n                            <div class=\"blog-feed__image-ratio\">\n                                <img decoding=\"async\" class=\"blog-feed__image\" src=\"https:\/\/www.santamonica.com\/wp-content\/uploads\/2025\/10\/dodgers-logo-1-400x400.jpg\" alt=\"WO MAN DIE WORLD SERIES IN SANTA MONICA SEHEN KANN\" title=\"\">\n                            <\/div>\n                            <div class=\"blog-feed__card-title\">WO MAN DIE WORLD SERIES IN SANTA MONICA SEHEN KANN<\/div>\n                        <\/a>\n                    <\/li>\n                                    <\/ul>\n    <\/div>\n<\/section>","protected":false},"excerpt":{"rendered":"","protected":false},"author":1450,"featured_media":342804,"parent":0,"menu_order":0,"comment_status":"closed","ping_status":"closed","template":"template-editorial.php","meta":{"_acf_changed":false,"inline_featured_image":false,"footnotes":""},"silos":[3908],"class_list":["post-342771","page","type-page","status-publish","has-post-thumbnail","hentry"],"acf":[],"_links":{"self":[{"href":"https:\/\/www.santamonica.com\/de\/wp-json\/wp\/v2\/pages\/342771","targetHints":{"allow":["GET"]}}],"collection":[{"href":"https:\/\/www.santamonica.com\/de\/wp-json\/wp\/v2\/pages"}],"about":[{"href":"https:\/\/www.santamonica.com\/de\/wp-json\/wp\/v2\/types\/page"}],"author":[{"embeddable":true,"href":"https:\/\/www.santamonica.com\/de\/wp-json\/wp\/v2\/users\/1450"}],"replies":[{"embeddable":true,"href":"https:\/\/www.santamonica.com\/de\/wp-json\/wp\/v2\/comments?post=342771"}],"version-history":[{"count":58,"href":"https:\/\/www.santamonica.com\/de\/wp-json\/wp\/v2\/pages\/342771\/revisions"}],"predecessor-version":[{"id":787260,"href":"https:\/\/www.santamonica.com\/de\/wp-json\/wp\/v2\/pages\/342771\/revisions\/787260"}],"wp:featuredmedia":[{"embeddable":true,"href":"https:\/\/www.santamonica.com\/de\/wp-json\/wp\/v2\/media\/342804"}],"wp:attachment":[{"href":"https:\/\/www.santamonica.com\/de\/wp-json\/wp\/v2\/media?parent=342771"}],"wp:term":[{"taxonomy":"silos","embeddable":true,"href":"https:\/\/www.santamonica.com\/de\/wp-json\/wp\/v2\/silos?post=342771"}],"curies":[{"name":"wp","href":"https:\/\/api.w.org\/{rel}","templated":true}]}}