{"id":342651,"date":"2022-06-23T18:35:44","date_gmt":"2022-06-24T01:35:44","guid":{"rendered":"https:\/\/www.santamonica.com\/?page_id=342651"},"modified":"2026-01-12T07:32:16","modified_gmt":"2026-01-12T15:32:16","slug":"verkehrsanbindung","status":"publish","type":"page","link":"https:\/\/www.santamonica.com\/de\/meetings-conventions\/transportation-accessibility\/","title":{"rendered":"Erreichbarkeit und Transport"},"content":{"rendered":"<section class=\"sun-title sm-block --theme6 sm-block\">\n            <h2 class=\"sun-title__headline\">Spaziergang Santa Monica<\/h2>    \n            <div class=\"sun-title__body  wysiwyg\">\n                    <p>Auf einer Fl\u00e4che von nur 8,3 Quadratmeilen lassen sich viele der Attraktionen, Gesch\u00e4fte und Restaurants von Santa Monica bequem zu Fu\u00df erreichen. Ein Spaziergang durch die Stra\u00dfen mit ihren breiten, fu\u00dfg\u00e4ngerfreundlichen B\u00fcrgersteigen ist eine gro\u00dfartige M\u00f6glichkeit, die \u00f6rtlichen Viertel zu erkunden.<\/p>\n                        <\/div>\n    <\/section>\n\n\n\n<section class=\"two-images container-max sm-block  sm-block\">\n    <div class=\"two-images__container\">\n\n        <div class=\"two-images__column\">\n            <div class=\"two-images__content\">\n                <div class=\"two-images__content-header-container\">\n                                            <h2 class=\"two-images__content-header\">Fahrrad Santa Monica<\/h2>                                    <\/div>\n                                    <div class=\"two-images__content-body wysiwyg\">\n                        <p>Mit dem 22 Meilen langen Marvin Braude Bike Trail und den vielen Kilometern gr\u00fcner Radwege in der ganzen Stadt gibt es viele M\u00f6glichkeiten, Santa Monica mit dem Fahrrad zu erkunden. Besuchen Sie unser <a href=\"https:\/\/www.santamonica.com\/de\/dinge-die-man-tun-kann\/radfahren-und-fahrradverleih\/\">Fahrrad Santa Monica<\/a> Seite f\u00fcr Informationen \u00fcber Fahrradverleih.<\/p>\n                    <\/div>\n                                            <\/div>\n        <\/div>\n\n        <div class=\"two-images__column\">\n                            <div class=\"two-images__image-container\">\n                    <img decoding=\"async\" width=\"340\" height=\"610\" src=\"https:\/\/www.santamonica.com\/wp-content\/uploads\/2022\/06\/group-biking.jpg\" class=\"two-images__image\" alt=\"Gruppenfahrradfahren\" loading=\"lazy\" srcset=\"https:\/\/www.santamonica.com\/wp-content\/uploads\/2022\/06\/group-biking.jpg 340w, https:\/\/www.santamonica.com\/wp-content\/uploads\/2022\/06\/group-biking-167x300.jpg 167w, https:\/\/www.santamonica.com\/wp-content\/uploads\/2022\/06\/group-biking-84x150.jpg 84w\" sizes=\"auto, (max-width: 340px) 100vw, 340px\" title=\"\">                    \n\n                <\/div>\n                    <\/div>\n\n        <div class=\"two-images__column\">\n                            <div class=\"two-images__image-container\">\n                    <img decoding=\"async\" width=\"600\" height=\"565\" src=\"https:\/\/www.santamonica.com\/wp-content\/uploads\/2022\/06\/beach-biking-trail.jpg\" class=\"two-images__image\" alt=\"Strand-Radweg\" loading=\"lazy\" srcset=\"https:\/\/www.santamonica.com\/wp-content\/uploads\/2022\/06\/beach-biking-trail.jpg 600w, https:\/\/www.santamonica.com\/wp-content\/uploads\/2022\/06\/beach-biking-trail-300x283.jpg 300w, https:\/\/www.santamonica.com\/wp-content\/uploads\/2022\/06\/beach-biking-trail-159x150.jpg 159w\" sizes=\"auto, (max-width: 600px) 100vw, 600px\" title=\"\">                    \n\n            <div class=\"img-lctn-tag --no-link two-images__image-caption --right\">Marvin-Braude-Radweg<\/div>\n                    <\/div>\n                    <\/div>\n\n    <\/div>\n<\/section>\n\n\n<section class=\"image-slider --theme1 sm-block\" >\n    <div class=\"image-slider__wrapper\">\n                    <div class=\"image-slider__copy wysiwyg\"><h2>Metro E Stadtbahn<\/h2>\n<p>Die <a href=\"https:\/\/www.santamonica.com\/de\/transport\/santa-monica-u-bahn\/\" target=\"_blank\" rel=\"noopener\">Metro Linie E<\/a> verbindet Santa Monica mit der Stadtbahn in weniger als 50 Minuten mit dem Stadtzentrum von Los Angeles. Mit drei Bahnh\u00f6fen in Santa Monica - vom Stadtzentrum bis zur Mid-City - ist die Metro E Line eine gro\u00dfartige M\u00f6glichkeit, innerhalb der Stadt zu reisen und Verbindungen nach Pasadena, ins San Fernando Valley, zur South Bay, nach Long Beach und zu Dutzenden von Punkten dazwischen herzustellen.<\/p>\n<\/div>\n                <div class=\"image-slider__slider right\">\n                            <!-- Slider main container -->\n                <div class=\"swiper\">\n                    <!-- Additional required wrapper -->\n                    <div class=\"swiper-wrapper\">\n                        <!-- Slides -->\n                                                    <div class=\"swiper-slide\">\n                                <img decoding=\"async\" width=\"1024\" height=\"576\" src=\"https:\/\/www.santamonica.com\/wp-content\/uploads\/2022\/06\/santa-monica-transportation-1.jpg\" class=\"swiper-slide__image\" alt=\"santa monica transport\" loading=\"lazy\" srcset=\"https:\/\/www.santamonica.com\/wp-content\/uploads\/2022\/06\/santa-monica-transportation-1.jpg 1024w, https:\/\/www.santamonica.com\/wp-content\/uploads\/2022\/06\/santa-monica-transportation-1-300x169.jpg 300w, https:\/\/www.santamonica.com\/wp-content\/uploads\/2022\/06\/santa-monica-transportation-1-267x150.jpg 267w, https:\/\/www.santamonica.com\/wp-content\/uploads\/2022\/06\/santa-monica-transportation-1-768x432.jpg 768w\" sizes=\"auto, (max-width: 1024px) 100vw, 1024px\" title=\"\">                                \n\n                            <\/div>\n                                            <\/div>\n                                    <\/div>\n                    <\/div>\n    <\/div>\n<\/section>\n\n\n<section class=\"sun-title sm-block --theme6 sm-block\">\n            <h2 class=\"sun-title__headline\">Santa Monica Bus<\/h2>    \n            <div class=\"sun-title__body  wysiwyg\">\n                    <p>Die <a href=\"https:\/\/www.bigbluebus.com\/\" target=\"_blank\" rel=\"noopener\">Big Blue Bus<\/a> f\u00e4hrt vom LAX City Bus Center \u00fcber die Route 3 oder Rapid 3 ab; dies ist eine gute M\u00f6glichkeit, Santa Monica vom LAX aus zu erreichen. Die Fahrkarten kosten nur $1,25. In Santa Monica angekommen, ist der Santa Monica Big Blue Bus ebenfalls eine sehr effiziente M\u00f6glichkeit, sich fortzubewegen.<\/p>\n                        <\/div>\n    <\/section>\n\n\n\n<section class=\"two-images container-max sm-block  sm-block\">\n    <div class=\"two-images__container\">\n\n        <div class=\"two-images__column\">\n            <div class=\"two-images__content\">\n                <div class=\"two-images__content-header-container\">\n                                            <h2 class=\"two-images__content-header\">Santa Monica-Schaltung<\/h2>                                    <\/div>\n                                    <div class=\"two-images__content-body wysiwyg\">\n                        <p>Fu\u00dfg\u00e4nger k\u00f6nnen \u00fcber eine App die <a href=\"https:\/\/www.santamonica.com\/de\/transport\/freifahrtstrecke\/\">Santa Monica-Schaltung<\/a>, Golfcart-\u00e4hnliche Taxis, die \u00fcberall in ihrem Servicegebiet zwischen Wilshire Boulevard und Marine Street und vom Meer bis zur 5th Street eine kostenlose Mitfahrgelegenheit bieten. Die Wagen fahren t\u00e4glich von 11:30 bis 21 Uhr. Viele \u00f6rtliche Hotels bieten ebenfalls einen Fahrdienst in der Stadt an.<\/p>\n                    <\/div>\n                                            <\/div>\n        <\/div>\n\n        <div class=\"two-images__column\">\n                            <div class=\"two-images__image-container\">\n                    <img decoding=\"async\" width=\"425\" height=\"505\" src=\"https:\/\/www.santamonica.com\/wp-content\/uploads\/2022\/06\/santa-monica-free-transportation.jpg\" class=\"two-images__image\" alt=\"santa monica kostenloser transport\" loading=\"lazy\" srcset=\"https:\/\/www.santamonica.com\/wp-content\/uploads\/2022\/06\/santa-monica-free-transportation.jpg 425w, https:\/\/www.santamonica.com\/wp-content\/uploads\/2022\/06\/santa-monica-free-transportation-252x300.jpg 252w, https:\/\/www.santamonica.com\/wp-content\/uploads\/2022\/06\/santa-monica-free-transportation-126x150.jpg 126w\" sizes=\"auto, (max-width: 425px) 100vw, 425px\" title=\"\">                    \n\n                <\/div>\n                    <\/div>\n\n        <div class=\"two-images__column\">\n                            <div class=\"two-images__image-container\">\n                    <img decoding=\"async\" width=\"600\" height=\"564\" src=\"https:\/\/www.santamonica.com\/wp-content\/uploads\/2022\/07\/Circuit-Santa-Monica-600x564-1.jpg\" class=\"two-images__image\" alt=\"\" loading=\"lazy\" srcset=\"https:\/\/www.santamonica.com\/wp-content\/uploads\/2022\/07\/Circuit-Santa-Monica-600x564-1.jpg 600w, https:\/\/www.santamonica.com\/wp-content\/uploads\/2022\/07\/Circuit-Santa-Monica-600x564-1-300x282.jpg 300w, https:\/\/www.santamonica.com\/wp-content\/uploads\/2022\/07\/Circuit-Santa-Monica-600x564-1-160x150.jpg 160w\" sizes=\"auto, (max-width: 600px) 100vw, 600px\" title=\"\">                    \n\n                <\/div>\n                    <\/div>\n\n    <\/div>\n<\/section>\n\n\n<section class=\"image-slider --theme1 sm-block\" >\n    <div class=\"image-slider__wrapper\">\n                    <div class=\"image-slider__copy wysiwyg\"><h2>Elektro-Roller und -Fahrr\u00e4der<\/h2>\n<p><a href=\"https:\/\/www.veoride.com\/\" target=\"_blank\" rel=\"noopener\">Veo<\/a> und <a href=\"https:\/\/www.spin.app\/\" target=\"_blank\" rel=\"noopener\">Spin<\/a> sind die beiden E-Scooter- und Fahrrad-App-Marken, die derzeit in Santa Monica t\u00e4tig sind. Spin bietet 2- und 3-r\u00e4drige Stand-up-Scooter an und Veo bietet 2-r\u00e4drige Stand-up-Scooter und E-Bikes der Klasse 2. <a href=\"https:\/\/www.santamonica.com\/de\/transport\/wie-man-in-santa-monica-sicher-roller-fahrt\/\">Klicken Sie hier<\/a> um mehr \u00fcber Santa Monicas Elektroroller und -fahrr\u00e4der zu erfahren.<\/p>\n<\/div>\n                <div class=\"image-slider__slider right\">\n                            <!-- Slider main container -->\n                <div class=\"swiper\">\n                    <!-- Additional required wrapper -->\n                    <div class=\"swiper-wrapper\">\n                        <!-- Slides -->\n                                                    <div class=\"swiper-slide\">\n                                <img decoding=\"async\" width=\"1024\" height=\"580\" src=\"https:\/\/www.santamonica.com\/wp-content\/uploads\/2022\/07\/Bike-Santa-Monica-Third-Street-Promenade-1024x580-1.jpg\" class=\"swiper-slide__image\" alt=\"\" loading=\"lazy\" srcset=\"https:\/\/www.santamonica.com\/wp-content\/uploads\/2022\/07\/Bike-Santa-Monica-Third-Street-Promenade-1024x580-1.jpg 1024w, https:\/\/www.santamonica.com\/wp-content\/uploads\/2022\/07\/Bike-Santa-Monica-Third-Street-Promenade-1024x580-1-300x170.jpg 300w, https:\/\/www.santamonica.com\/wp-content\/uploads\/2022\/07\/Bike-Santa-Monica-Third-Street-Promenade-1024x580-1-265x150.jpg 265w, https:\/\/www.santamonica.com\/wp-content\/uploads\/2022\/07\/Bike-Santa-Monica-Third-Street-Promenade-1024x580-1-768x435.jpg 768w\" sizes=\"auto, (max-width: 1024px) 100vw, 1024px\" title=\"\">                                \n\n                            <\/div>\n                                            <\/div>\n                                    <\/div>\n                    <\/div>\n    <\/div>\n<\/section>\n\n\n<section class=\"sun-title sm-block --theme6 sm-block\">\n            <h2 class=\"sun-title__headline\">Sicherheit geht vor<\/h2>    \n            <div class=\"sun-title__body  wysiwyg\">\n                    <p>Ob Sie mit dem Auto, dem Zug, dem Fahrrad, dem Elektroroller oder zu Fu\u00df unterwegs sind, in Santa Monica steht Sicherheit immer an erster Stelle! Lesen Sie unbedingt unsere <a href=\"https:\/\/www.santamonica.com\/de\/transport\/sicherheitshinweise-zur-verkehrsfuhrung-in-santa-monica\/\">Sicherheitstipps<\/a> die Ihnen helfen, sich in der Stadt zurechtzufinden.<\/p>\n<p>Weitere Informationen \u00fcber Mobilit\u00e4tsm\u00f6glichkeiten in Santa Monica finden Sie auf der Website <a href=\"https:\/\/www.santamonica.gov\/categories\/getting-around\" target=\"_blank\" rel=\"noopener\">Die Website der Stadt Santa Monica<\/a>.<\/p>\n                        <\/div>\n    <\/section>\n\n\n<section class=\"blog-feed --theme8 sm-block\">\n    <div class=\"blog-feed__content\">\n        <div class=\"blog-feed__intro\">\n                            <div class=\"blog-feed__eyebrow eyebrow\">Blogs<\/div>                                        <h2 class=\"blog-feed__headline\">Santa Monica entdecken<\/h2>                                        <div class=\"blog-feed__body\"><p>Entdecken Sie Reiserouten, lokale Tipps, Hot Spots und ausgew\u00e4hlte Abenteuer, damit Sie das Beste aus Ihrem Aufenthalt in Santa Monica machen k\u00f6nnen.<\/p>\n<\/div>\n                                        <a class=\"blog-feed__cta\" href=\"https:\/\/www.santamonica.com\/de\/blogeintrage\/\">Alle Blogs anzeigen<\/a>\n                    <\/div>\n\n        <ul class=\"blog-feed__list\">\n                                                <li class=\"blog-feed__item\">\n                        <a href=\"https:\/\/www.santamonica.com\/de\/mother-road-modern-meetings-route-66-meeting-spaces-set-to-shine-for-centennial-in-santa-monica\/\" class=\"blog-feed__item-link\">\n                            <div class=\"blog-feed__image-ratio\">\n                                <img decoding=\"async\" class=\"blog-feed__image\" src=\"https:\/\/www.santamonica.com\/wp-content\/uploads\/2025\/12\/untitledJuly20162C2020180010-182-2-400x400.jpg\" alt=\"MUTTERSTRASSE, MODERNE TAGUNGEN: ROUTE-66-TAGUNGSR\u00c4UME ERSTRAHLEN ZUM HUNDERTJ\u00c4HRIGEN JUBIL\u00c4UM IN SANTA MONICA\" title=\"\">\n                            <\/div>\n                            <div class=\"blog-feed__card-title\">MUTTERSTRASSE, MODERNE TAGUNGEN: ROUTE-66-TAGUNGSR\u00c4UME ERSTRAHLEN ZUM HUNDERTJ\u00c4HRIGEN JUBIL\u00c4UM IN SANTA MONICA<\/div>\n                        <\/a>\n                    <\/li>\n                                                                <li class=\"blog-feed__item\">\n                        <a href=\"https:\/\/www.santamonica.com\/de\/media\/news-release\/santa-monica-announces-song-contest-in-celebration-of-route-66-centennial\/\" class=\"blog-feed__item-link\">\n                            <div class=\"blog-feed__image-ratio\">\n                                <img decoding=\"async\" class=\"blog-feed__image\" src=\"https:\/\/www.santamonica.com\/wp-content\/uploads\/2025\/11\/DSC01084-400x400.jpg\" alt=\"SANTA MONICA VERK\u00dcNDET SONGWETTBEWERB ZUR FEIER DES HUNDERTJ\u00c4HRIGEN BESTEHENS DER ROUTE 66\" title=\"\">\n                            <\/div>\n                            <div class=\"blog-feed__card-title\">SANTA MONICA VERK\u00dcNDET SONGWETTBEWERB ZUR FEIER DES HUNDERTJ\u00c4HRIGEN BESTEHENS DER ROUTE 66<\/div>\n                        <\/a>\n                    <\/li>\n                                                                <li class=\"blog-feed__item\">\n                        <a href=\"https:\/\/www.santamonica.com\/de\/media\/news-release\/where-to-watch-the-world-series-in-santa-monica\/\" class=\"blog-feed__item-link\">\n                            <div class=\"blog-feed__image-ratio\">\n                                <img decoding=\"async\" class=\"blog-feed__image\" src=\"https:\/\/www.santamonica.com\/wp-content\/uploads\/2025\/10\/dodgers-logo-1-400x400.jpg\" alt=\"WO MAN DIE WORLD SERIES IN SANTA MONICA SEHEN KANN\" title=\"\">\n                            <\/div>\n                            <div class=\"blog-feed__card-title\">WO MAN DIE WORLD SERIES IN SANTA MONICA SEHEN KANN<\/div>\n                        <\/a>\n                    <\/li>\n                                    <\/ul>\n    <\/div>\n<\/section>","protected":false},"excerpt":{"rendered":"","protected":false},"author":1450,"featured_media":350243,"parent":0,"menu_order":0,"comment_status":"closed","ping_status":"closed","template":"template-meetings-editorial-detail.php","meta":{"_acf_changed":false,"inline_featured_image":false,"footnotes":""},"silos":[3894],"class_list":["post-342651","page","type-page","status-publish","has-post-thumbnail","hentry"],"acf":[],"_links":{"self":[{"href":"https:\/\/www.santamonica.com\/de\/wp-json\/wp\/v2\/pages\/342651","targetHints":{"allow":["GET"]}}],"collection":[{"href":"https:\/\/www.santamonica.com\/de\/wp-json\/wp\/v2\/pages"}],"about":[{"href":"https:\/\/www.santamonica.com\/de\/wp-json\/wp\/v2\/types\/page"}],"author":[{"embeddable":true,"href":"https:\/\/www.santamonica.com\/de\/wp-json\/wp\/v2\/users\/1450"}],"replies":[{"embeddable":true,"href":"https:\/\/www.santamonica.com\/de\/wp-json\/wp\/v2\/comments?post=342651"}],"version-history":[{"count":62,"href":"https:\/\/www.santamonica.com\/de\/wp-json\/wp\/v2\/pages\/342651\/revisions"}],"predecessor-version":[{"id":424599,"href":"https:\/\/www.santamonica.com\/de\/wp-json\/wp\/v2\/pages\/342651\/revisions\/424599"}],"wp:featuredmedia":[{"embeddable":true,"href":"https:\/\/www.santamonica.com\/de\/wp-json\/wp\/v2\/media\/350243"}],"wp:attachment":[{"href":"https:\/\/www.santamonica.com\/de\/wp-json\/wp\/v2\/media?parent=342651"}],"wp:term":[{"taxonomy":"silos","embeddable":true,"href":"https:\/\/www.santamonica.com\/de\/wp-json\/wp\/v2\/silos?post=342651"}],"curies":[{"name":"wp","href":"https:\/\/api.w.org\/{rel}","templated":true}]}}