{"id":341396,"date":"2022-06-22T16:06:57","date_gmt":"2022-06-22T23:06:57","guid":{"rendered":"https:\/\/www.santamonica.com\/?page_id=341396"},"modified":"2023-02-15T10:33:18","modified_gmt":"2023-02-15T18:33:18","slug":"grose-gruppen","status":"publish","type":"page","link":"https:\/\/www.santamonica.com\/de\/meetings-conventions\/large-groups\/","title":{"rendered":"Gro\u00dfe Gruppen"},"content":{"rendered":"<section class=\"links-grid --theme3 sm-block\">\n    <div class=\"links-grid__wrapper\">\n                                                    <a href=\"https:\/\/www.santamonica.com\/de\/hotels\/\" class=\"links-grid__card-link\" aria-label=\"Finden Sie Ihr perfektes Hotel\" >\n                    <div class=\"links-grid__card\">\n                                                    <div class=\"links-grid__card-image-wrapper\">\n                                <img decoding=\"async\" width=\"366\" height=\"330\" src=\"https:\/\/www.santamonica.com\/wp-content\/uploads\/2022\/07\/Hotel366x330.jpg\" class=\"links-grid__card-image\" alt=\"Zwei Hotels nebeneinander am Strand mit Palmen\" loading=\"lazy\" srcset=\"https:\/\/www.santamonica.com\/wp-content\/uploads\/2022\/07\/Hotel366x330.jpg 366w, https:\/\/www.santamonica.com\/wp-content\/uploads\/2022\/07\/Hotel366x330-300x270.jpg 300w, https:\/\/www.santamonica.com\/wp-content\/uploads\/2022\/07\/Hotel366x330-166x150.jpg 166w\" sizes=\"auto, (max-width: 366px) 100vw, 366px\" title=\"\">                            <\/div>\n                                                <div class=\"links-grid__card-text\">\n                                                            <div class=\"links-grid__card-title\">Finden Sie Ihr perfektes Hotel<\/div>\n                                                                                        <div class=\"links-grid__card-description\">Entfliehen Sie dem Alltag, wenn Sie ein Hotel buchen, das nur wenige Schritte vom Strand entfernt ist. Hier finden Sie luxuri\u00f6se Annehmlichkeiten, Restaurants und ein Ambiente, das zu jedem Anlass passt.<\/div>\n                                                    <\/div>\n                    <\/div>\n                <\/a>\n                                            <a href=\"https:\/\/www.santamonica.com\/de\/meetings-conventions\/team-building-activities\/\" class=\"links-grid__card-link\" aria-label=\"Teambuilding-Aktivit\u00e4ten\" >\n                    <div class=\"links-grid__card\">\n                                                    <div class=\"links-grid__card-image-wrapper\">\n                                <img decoding=\"async\" width=\"366\" height=\"330\" src=\"https:\/\/www.santamonica.com\/wp-content\/uploads\/2022\/07\/TeamBuilding366x330.jpg\" class=\"links-grid__card-image\" alt=\"Gruppe von Menschen in Berufskleidung, die am Strand surfen lernen\" loading=\"lazy\" srcset=\"https:\/\/www.santamonica.com\/wp-content\/uploads\/2022\/07\/TeamBuilding366x330.jpg 366w, https:\/\/www.santamonica.com\/wp-content\/uploads\/2022\/07\/TeamBuilding366x330-300x270.jpg 300w, https:\/\/www.santamonica.com\/wp-content\/uploads\/2022\/07\/TeamBuilding366x330-166x150.jpg 166w\" sizes=\"auto, (max-width: 366px) 100vw, 366px\" title=\"\">                            <\/div>\n                                                <div class=\"links-grid__card-text\">\n                                                            <div class=\"links-grid__card-title\">Teambuilding-Aktivit\u00e4ten<\/div>\n                                                                                        <div class=\"links-grid__card-description\">Machen Sie Ihr n\u00e4chstes Treffen zu einem unvergesslichen Ereignis, indem Sie eine einzigartige Teambuilding-Aktivit\u00e4t buchen.<\/div>\n                                                    <\/div>\n                    <\/div>\n                <\/a>\n                                            <a href=\"https:\/\/www.santamonica.com\/de\/things-to-do\/wellness-activities\/\" class=\"links-grid__card-link\" aria-label=\"Wellness\" >\n                    <div class=\"links-grid__card\">\n                                                    <div class=\"links-grid__card-image-wrapper\">\n                                <img decoding=\"async\" width=\"366\" height=\"330\" src=\"https:\/\/www.santamonica.com\/wp-content\/uploads\/2022\/07\/Wellness366x330.jpg\" class=\"links-grid__card-image\" alt=\"Gruppe beim Yoga am Strand\" loading=\"lazy\" srcset=\"https:\/\/www.santamonica.com\/wp-content\/uploads\/2022\/07\/Wellness366x330.jpg 366w, https:\/\/www.santamonica.com\/wp-content\/uploads\/2022\/07\/Wellness366x330-300x270.jpg 300w, https:\/\/www.santamonica.com\/wp-content\/uploads\/2022\/07\/Wellness366x330-166x150.jpg 166w\" sizes=\"auto, (max-width: 366px) 100vw, 366px\" title=\"\">                            <\/div>\n                                                <div class=\"links-grid__card-text\">\n                                                            <div class=\"links-grid__card-title\">Wellness<\/div>\n                                                                                        <div class=\"links-grid__card-description\">Erholen Sie sich und tanken Sie neue Energie mit einem Wellness-Erlebnis f\u00fcr Ihre Gruppe und entspannen Sie abseits des B\u00fcros. Es gibt viele M\u00f6glichkeiten, sich am Strand zu entspannen!<\/div>\n                                                    <\/div>\n                    <\/div>\n                <\/a>\n                                            <a href=\"https:\/\/www.santamonica.com\/de\/meetings-conventions\/submit-an-rfp\/\" class=\"links-grid__card-link\" aria-label=\"RFP einreichen\" >\n                    <div class=\"links-grid__card\">\n                                                    <div class=\"links-grid__card-image-wrapper\">\n                                <img decoding=\"async\" width=\"366\" height=\"330\" src=\"https:\/\/www.santamonica.com\/wp-content\/uploads\/2022\/07\/Hotel366x330-1.jpg\" class=\"links-grid__card-image\" alt=\"Bild eines Tagungsraums im Hotel mit nat\u00fcrlicher Beleuchtung und Innen-\/Au\u00dfenbereich; Obst und Fr\u00fchst\u00fccksbuffet auf der Bar\" loading=\"lazy\" srcset=\"https:\/\/www.santamonica.com\/wp-content\/uploads\/2022\/07\/Hotel366x330-1.jpg 366w, https:\/\/www.santamonica.com\/wp-content\/uploads\/2022\/07\/Hotel366x330-1-300x270.jpg 300w, https:\/\/www.santamonica.com\/wp-content\/uploads\/2022\/07\/Hotel366x330-1-166x150.jpg 166w\" sizes=\"auto, (max-width: 366px) 100vw, 366px\" title=\"\">                            <\/div>\n                                                <div class=\"links-grid__card-text\">\n                                                            <div class=\"links-grid__card-title\">RFP einreichen<\/div>\n                                                                                        <div class=\"links-grid__card-description\">Lassen Sie sich von Santa Monica Travel &amp; Tourism dabei helfen, Unternehmen und Dienstleistungen zu empfehlen, die den Bed\u00fcrfnissen Ihrer Gruppe am besten entsprechen.<\/div>\n                                                    <\/div>\n                    <\/div>\n                <\/a>\n                        <\/div>\n<\/section>\n\n\n\n<section class=\"sun-title sm-block --theme6 sm-block\">\n            <h2 class=\"sun-title__headline\">Essen<\/h2>    \n            <div class=\"sun-title__body  wysiwyg\">\n                    <p>Von beliebten Spelunken bis hin zur Michelin-Sterne-K\u00fcche gibt es eine Vielzahl von <a href=\"https:\/\/www.santamonica.com\/de\/restaurants\/\">Gruppenessen<\/a> M\u00f6glichkeiten in der ganzen Stadt. Entdecken Sie Lieblingsrestaurants, Dachterrassen und vieles mehr, wenn Sie sich Santa Monicas <a href=\"https:\/\/www.santamonica.com\/de\/restaurants\/speisefuhrer\/\">Speisef\u00fchrer<\/a> und entdecken <a href=\"https:\/\/www.santamonica.com\/de\/restaurants\/essen-im-freien\/\">Essen im Freien<\/a> Optionen, bei denen Gruppen die frische Meeresbrise genie\u00dfen k\u00f6nnen. Mit Speisen und Getr\u00e4nken, die sowohl raffinierte Gaumen als auch traditionelle Gel\u00fcste befriedigen, wird jede Versammlung ein Erfolg werden.<\/p>\n                        <\/div>\n    <\/section>\n\n\n<section class=\"meetings-contact-us sm-block\">\n    <div class=\"meetings-contact-us__inner\">\n        <div class=\"meetings-contact-us__image-wrap\">\n            <img decoding=\"async\" width=\"1024\" height=\"304\" src=\"https:\/\/www.santamonica.com\/wp-content\/uploads\/2022\/07\/Help1280x380-1024x304.jpg\" class=\"attachment-large size-large\" alt=\"Bild des Geb\u00e4udes des Besucherzentrums; graues Geb\u00e4ude mit Infoschild dar\u00fcber\" srcset=\"https:\/\/www.santamonica.com\/wp-content\/uploads\/2022\/07\/Help1280x380-1024x304.jpg 1024w, https:\/\/www.santamonica.com\/wp-content\/uploads\/2022\/07\/Help1280x380-300x89.jpg 300w, https:\/\/www.santamonica.com\/wp-content\/uploads\/2022\/07\/Help1280x380-270x80.jpg 270w, https:\/\/www.santamonica.com\/wp-content\/uploads\/2022\/07\/Help1280x380-768x228.jpg 768w, https:\/\/www.santamonica.com\/wp-content\/uploads\/2022\/07\/Help1280x380.jpg 1280w\" sizes=\"(max-width: 1024px) 100vw, 1024px\" title=\"\">        <\/div>\n        <div class=\"meetings-contact-us__body\">\n            <h1 class=\"meetings-contact-us__heading\">\n                Haben Sie Fragen?            <\/h1>\n            <p class=\"meetings-contact-us__intro\">\n                F\u00fchlen Sie sich unterst\u00fctzt, wenn Sie sich noch heute an das Expertenteam von Santa Monica Travel &amp; Tourism wenden!            <\/p>\n            <div class=\"meetings-contact-us__phone-numbers wysiwyg\">\n                                                            <\/div>\n            <div class=\"meetings-contact-us__ctas\">\n                                            <a class=\"meetings-contact-us__primary-cta\" href=\"https:\/\/www.santamonica.com\/de\/treffen-konventionen\/treffen-kontakt-mit-uns\/\">Kontakt<\/a>\n                                                    <\/div>\n        <\/div>\n    <\/div>\n\n<\/section>\n\n\n<section class=\"blog-feed --theme8 sm-block\">\n    <div class=\"blog-feed__content\">\n        <div class=\"blog-feed__intro\">\n                            <div class=\"blog-feed__eyebrow eyebrow\">Blogs<\/div>                                        <h2 class=\"blog-feed__headline\">Santa Monica entdecken<\/h2>                                        <div class=\"blog-feed__body\"><p>Entdecken Sie Reiserouten, lokale Tipps, Hot Spots und ausgew\u00e4hlte Abenteuer, damit Sie das Beste aus Ihrem Aufenthalt in Santa Monica machen k\u00f6nnen.<\/p>\n<\/div>\n                                        <a class=\"blog-feed__cta\" href=\"https:\/\/www.santamonica.com\/de\/blogeintrage\/\">Alle Blogs anzeigen<\/a>\n                    <\/div>\n\n        <ul class=\"blog-feed__list\">\n                                                <li class=\"blog-feed__item\">\n                        <a href=\"https:\/\/www.santamonica.com\/de\/shopping\/most-loved-ways-to-buy-local\/\" class=\"blog-feed__item-link\">\n                            <div class=\"blog-feed__image-ratio\">\n                                <img decoding=\"async\" class=\"blog-feed__image\" src=\"https:\/\/www.santamonica.com\/wp-content\/uploads\/2021\/06\/ShoppingFeature520x546-400x400.jpg\" alt=\"Beliebteste M\u00f6glichkeiten, in Santa Monica lokal einzukaufen\" title=\"\">\n                            <\/div>\n                            <div class=\"blog-feed__card-title\">Beliebteste M\u00f6glichkeiten, in Santa Monica lokal einzukaufen<\/div>\n                        <\/a>\n                    <\/li>\n                                                                <li class=\"blog-feed__item\">\n                        <a href=\"https:\/\/www.santamonica.com\/de\/restaurants\/quick-lunches-on-the-go\/\" class=\"blog-feed__item-link\">\n                            <div class=\"blog-feed__image-ratio\">\n                                <img decoding=\"async\" class=\"blog-feed__image\" src=\"https:\/\/www.santamonica.com\/wp-content\/uploads\/2019\/08\/feature-e1565290970211-400x400.jpg\" alt=\"Schnelles Mittagessen f\u00fcr unterwegs\" title=\"\">\n                            <\/div>\n                            <div class=\"blog-feed__card-title\">Schnelles Mittagessen f\u00fcr unterwegs<\/div>\n                        <\/a>\n                    <\/li>\n                                                                <li class=\"blog-feed__item\">\n                        <a href=\"https:\/\/www.santamonica.com\/de\/shopping\/noteworthy-santa-monica-shopping-experiences\/\" class=\"blog-feed__item-link\">\n                            <div class=\"blog-feed__image-ratio\">\n                                <img decoding=\"async\" class=\"blog-feed__image\" src=\"https:\/\/www.santamonica.com\/wp-content\/uploads\/2019\/07\/feature-2-400x400.jpg\" alt=\"Bemerkenswerte Einkaufserlebnisse in Santa Monica\" title=\"\">\n                            <\/div>\n                            <div class=\"blog-feed__card-title\">Bemerkenswerte Einkaufserlebnisse in Santa Monica<\/div>\n                        <\/a>\n                    <\/li>\n                                    <\/ul>\n    <\/div>\n<\/section>","protected":false},"excerpt":{"rendered":"","protected":false},"author":1421,"featured_media":348621,"parent":0,"menu_order":0,"comment_status":"closed","ping_status":"closed","template":"template-meetings-editorial-detail.php","meta":{"_acf_changed":false,"inline_featured_image":false,"footnotes":""},"silos":[3894],"class_list":["post-341396","page","type-page","status-publish","has-post-thumbnail","hentry"],"acf":[],"_links":{"self":[{"href":"https:\/\/www.santamonica.com\/de\/wp-json\/wp\/v2\/pages\/341396","targetHints":{"allow":["GET"]}}],"collection":[{"href":"https:\/\/www.santamonica.com\/de\/wp-json\/wp\/v2\/pages"}],"about":[{"href":"https:\/\/www.santamonica.com\/de\/wp-json\/wp\/v2\/types\/page"}],"author":[{"embeddable":true,"href":"https:\/\/www.santamonica.com\/de\/wp-json\/wp\/v2\/users\/1421"}],"replies":[{"embeddable":true,"href":"https:\/\/www.santamonica.com\/de\/wp-json\/wp\/v2\/comments?post=341396"}],"version-history":[{"count":36,"href":"https:\/\/www.santamonica.com\/de\/wp-json\/wp\/v2\/pages\/341396\/revisions"}],"predecessor-version":[{"id":375346,"href":"https:\/\/www.santamonica.com\/de\/wp-json\/wp\/v2\/pages\/341396\/revisions\/375346"}],"wp:featuredmedia":[{"embeddable":true,"href":"https:\/\/www.santamonica.com\/de\/wp-json\/wp\/v2\/media\/348621"}],"wp:attachment":[{"href":"https:\/\/www.santamonica.com\/de\/wp-json\/wp\/v2\/media?parent=341396"}],"wp:term":[{"taxonomy":"silos","embeddable":true,"href":"https:\/\/www.santamonica.com\/de\/wp-json\/wp\/v2\/silos?post=341396"}],"curies":[{"name":"wp","href":"https:\/\/api.w.org\/{rel}","templated":true}]}}