{"id":341277,"date":"2022-06-22T14:05:37","date_gmt":"2022-06-22T21:05:37","guid":{"rendered":"https:\/\/www.santamonica.com\/?page_id=341277"},"modified":"2022-08-18T12:05:39","modified_gmt":"2022-08-18T19:05:39","slug":"hotels-und-veranstaltungsorte","status":"publish","type":"page","link":"https:\/\/www.santamonica.com\/de\/meetings-conventions\/hotels-venues\/","title":{"rendered":"Hotels und Veranstaltungsorte"},"content":{"rendered":"<section class=\"two-images container-max sm-block  sm-block\">\n    <div class=\"two-images__container\">\n\n        <div class=\"two-images__column\">\n            <div class=\"two-images__content\">\n                <div class=\"two-images__content-header-container\">\n                                            <h2 class=\"two-images__content-header\">Einzigartige Veranstaltungsr\u00e4ume in Santa Monica<\/h2>                                    <\/div>\n                                    <div class=\"two-images__content-body wysiwyg\">\n                        <p>Santa Monica ist nicht nur als Reiseziel einzigartig, auch die Auswahl an Tagungsr\u00e4umen, Veranstaltungsorten und Freifl\u00e4chen bietet ein unverwechselbares Flair, das man nirgendwo sonst findet. Mit \u00fcber 120.000 Quadratmetern an kreativen Veranstaltungsr\u00e4umen und Restaurants, R\u00e4umen f\u00fcr Teambuilding, Kunstgalerien und vielem mehr k\u00f6nnen Sie einen privaten Empfang, eine Veranstaltung oder eine gro\u00dfe Konferenz veranstalten - und das alles in unmittelbarer N\u00e4he zu begehrten Annehmlichkeiten wie dem Meer, <a href=\"https:\/\/www.santamonica.com\/de\/dinge-die-man-tun-kann\/besuch-der-santa-monica-pier\/\">Santa Monica Pier<\/a> und <a href=\"https:\/\/www.santamonica.com\/de\/santa-monica-erleben\/nachbarschaften\/zentrum-von-santa-monica-3-strase-promenade\/\">Third Street Promenade.<\/a><\/p>\n                    <\/div>\n                                                    <div class=\"two-images__content-cta\">\n                        <a class=\"two-images__cta\" href=\"https:\/\/www.santamonica.com\/de\/treffen-konventionen\/ihr-treffen-planen\/\" target=\"\">Planen Sie Ihr Meeting<\/a>\n                    <\/div>\n                            <\/div>\n        <\/div>\n\n        <div class=\"two-images__column\">\n                            <div class=\"two-images__image-container\">\n                    <img decoding=\"async\" width=\"425\" height=\"505\" src=\"https:\/\/www.santamonica.com\/wp-content\/uploads\/2022\/06\/meeting-venues.jpg\" class=\"two-images__image\" alt=\"Tagungsorte\" loading=\"lazy\" srcset=\"https:\/\/www.santamonica.com\/wp-content\/uploads\/2022\/06\/meeting-venues.jpg 425w, https:\/\/www.santamonica.com\/wp-content\/uploads\/2022\/06\/meeting-venues-252x300.jpg 252w, https:\/\/www.santamonica.com\/wp-content\/uploads\/2022\/06\/meeting-venues-126x150.jpg 126w\" sizes=\"auto, (max-width: 425px) 100vw, 425px\" title=\"\">                    \n\n                <\/div>\n                    <\/div>\n\n        <div class=\"two-images__column\">\n                            <div class=\"two-images__image-container\">\n                    <img decoding=\"async\" width=\"600\" height=\"565\" src=\"https:\/\/www.santamonica.com\/wp-content\/uploads\/2022\/06\/event-spaces-santa-monica.jpg\" class=\"two-images__image\" alt=\"veranstaltungsr\u00e4ume santa monica\" loading=\"lazy\" srcset=\"https:\/\/www.santamonica.com\/wp-content\/uploads\/2022\/06\/event-spaces-santa-monica.jpg 600w, https:\/\/www.santamonica.com\/wp-content\/uploads\/2022\/06\/event-spaces-santa-monica-300x283.jpg 300w, https:\/\/www.santamonica.com\/wp-content\/uploads\/2022\/06\/event-spaces-santa-monica-159x150.jpg 159w\" sizes=\"auto, (max-width: 600px) 100vw, 600px\" title=\"\">                    \n\n                <\/div>\n                    <\/div>\n\n    <\/div>\n<\/section>\n\n\n<section class=\"blog-feed --theme8 sm-block\">\n    <div class=\"blog-feed__content\">\n        <div class=\"blog-feed__intro\">\n                            <div class=\"blog-feed__eyebrow eyebrow\">Blogs<\/div>                                        <h3 class=\"blog-feed__headline\">Finden Sie Ihr Santa Monica<\/h3>                                        <div class=\"blog-feed__body\"><p>Erkunden Sie nahegelegene Orte, finden Sie lokale Tipps und stellen Sie Ihr n\u00e4chstes Abenteuer in Santa Monica zusammen.<\/p>\n<\/div>\n                                        <a class=\"blog-feed__cta\" href=\"https:\/\/www.santamonica.com\/de\/blogeintrage\/\">Alle Blogs anzeigen<\/a>\n                    <\/div>\n\n        <ul class=\"blog-feed__list\">\n                                                <li class=\"blog-feed__item\">\n                        <a href=\"https:\/\/www.santamonica.com\/de\/shopping\/most-loved-ways-to-buy-local\/\" class=\"blog-feed__item-link\">\n                            <div class=\"blog-feed__image-ratio\">\n                                <img decoding=\"async\" class=\"blog-feed__image\" src=\"https:\/\/www.santamonica.com\/wp-content\/uploads\/2021\/06\/ShoppingFeature520x546-400x400.jpg\" alt=\"Beliebteste M\u00f6glichkeiten, in Santa Monica lokal einzukaufen\" title=\"\">\n                            <\/div>\n                            <div class=\"blog-feed__card-title\">Beliebteste M\u00f6glichkeiten, in Santa Monica lokal einzukaufen<\/div>\n                        <\/a>\n                    <\/li>\n                                                                <li class=\"blog-feed__item\">\n                        <a href=\"https:\/\/www.santamonica.com\/de\/restaurants\/quick-lunches-on-the-go\/\" class=\"blog-feed__item-link\">\n                            <div class=\"blog-feed__image-ratio\">\n                                <img decoding=\"async\" class=\"blog-feed__image\" src=\"https:\/\/www.santamonica.com\/wp-content\/uploads\/2019\/08\/feature-e1565290970211-400x400.jpg\" alt=\"Schnelles Mittagessen f\u00fcr unterwegs\" title=\"\">\n                            <\/div>\n                            <div class=\"blog-feed__card-title\">Schnelles Mittagessen f\u00fcr unterwegs<\/div>\n                        <\/a>\n                    <\/li>\n                                                                <li class=\"blog-feed__item\">\n                        <a href=\"https:\/\/www.santamonica.com\/de\/shopping\/noteworthy-santa-monica-shopping-experiences\/\" class=\"blog-feed__item-link\">\n                            <div class=\"blog-feed__image-ratio\">\n                                <img decoding=\"async\" class=\"blog-feed__image\" src=\"https:\/\/www.santamonica.com\/wp-content\/uploads\/2019\/07\/feature-2-400x400.jpg\" alt=\"Bemerkenswerte Einkaufserlebnisse in Santa Monica\" title=\"\">\n                            <\/div>\n                            <div class=\"blog-feed__card-title\">Bemerkenswerte Einkaufserlebnisse in Santa Monica<\/div>\n                        <\/a>\n                    <\/li>\n                                    <\/ul>\n    <\/div>\n<\/section>","protected":false},"excerpt":{"rendered":"","protected":false},"author":1450,"featured_media":342145,"parent":0,"menu_order":0,"comment_status":"closed","ping_status":"closed","template":"template-venue-listing.php","meta":{"_acf_changed":false,"inline_featured_image":false,"footnotes":""},"silos":[3894],"class_list":["post-341277","page","type-page","status-publish","has-post-thumbnail","hentry"],"acf":[],"_links":{"self":[{"href":"https:\/\/www.santamonica.com\/de\/wp-json\/wp\/v2\/pages\/341277","targetHints":{"allow":["GET"]}}],"collection":[{"href":"https:\/\/www.santamonica.com\/de\/wp-json\/wp\/v2\/pages"}],"about":[{"href":"https:\/\/www.santamonica.com\/de\/wp-json\/wp\/v2\/types\/page"}],"author":[{"embeddable":true,"href":"https:\/\/www.santamonica.com\/de\/wp-json\/wp\/v2\/users\/1450"}],"replies":[{"embeddable":true,"href":"https:\/\/www.santamonica.com\/de\/wp-json\/wp\/v2\/comments?post=341277"}],"version-history":[{"count":24,"href":"https:\/\/www.santamonica.com\/de\/wp-json\/wp\/v2\/pages\/341277\/revisions"}],"predecessor-version":[{"id":358165,"href":"https:\/\/www.santamonica.com\/de\/wp-json\/wp\/v2\/pages\/341277\/revisions\/358165"}],"wp:featuredmedia":[{"embeddable":true,"href":"https:\/\/www.santamonica.com\/de\/wp-json\/wp\/v2\/media\/342145"}],"wp:attachment":[{"href":"https:\/\/www.santamonica.com\/de\/wp-json\/wp\/v2\/media?parent=341277"}],"wp:term":[{"taxonomy":"silos","embeddable":true,"href":"https:\/\/www.santamonica.com\/de\/wp-json\/wp\/v2\/silos?post=341277"}],"curies":[{"name":"wp","href":"https:\/\/api.w.org\/{rel}","templated":true}]}}