{"id":340563,"date":"2022-06-21T13:43:32","date_gmt":"2022-06-21T20:43:32","guid":{"rendered":"https:\/\/www.santamonica.com\/?page_id=340563"},"modified":"2026-04-08T11:27:25","modified_gmt":"2026-04-08T18:27:25","slug":"parkplatz","status":"publish","type":"page","link":"https:\/\/www.santamonica.com\/de\/transportation\/parking\/","title":{"rendered":"Parken"},"content":{"rendered":"<section class=\"sun-title sm-block --theme6 --2col sm-block\">\n            <h2 class=\"sun-title__headline\">Santa Monica Beach Parken<\/h2>    \n            <div class=\"sun-title__body  --2col wysiwyg\">\n                    <div class=\"column-1\">\n                <p>Das Parken am Strand von Santa Monica ist in die folgenden drei Zonen unterteilt:<\/p>\n<ul>\n<li>S\u00fcdliche Zone: Los 4 S\u00fcd und Los 5 S\u00fcd<\/li>\n<li>Zentrale Zone: Los 1 Nord (auch als \u201cStrandlos\u201d bezeichnet), Los 3 Nord, Los 1 S\u00fcd, Los 2 S\u00fcd und Los 3 S\u00fcd<\/li>\n<li>N\u00f6rdliche Zone: Los 4 Nord bis Los 9 Nord<\/li>\n<\/ul>\n                            <\/div>\n            <div class=\"column-2\">\n                <p><strong><a href=\"https:\/\/www.parkme.com\/santa-monica-parking\" target=\"_blank\" rel=\"noopener\">Parkinformationen in Echtzeit<\/a><\/strong> und eine herunterladbare App sind \u00fcber die Stadt erh\u00e4ltlich. Viele Parkpl\u00e4tze am Strand von Santa Monica bieten elektrische Plug-in-Optionen und sind:<\/p>\n<ul>\n<li>Ge\u00f6ffnet von Sonnenaufgang bis Sonnenuntergang (mit Ausnahme von Los 1 Nord, das von 6:00 bis 2:00 Uhr morgens ge\u00f6ffnet ist)<\/li>\n<li><span style=\"font-weight: 400;\">$7 bis $18 pro Tag (Preis variiert je nach Tag und Saison; keine Ein- und Ausreiseberechtigung)<\/span><\/li>\n<\/ul>\n                            <\/div>\n            <\/div>\n    <\/section>\n\n\n\n<section class=\"two-images container-max sm-block  sm-block\">\n    <div class=\"two-images__container\">\n\n        <div class=\"two-images__column\">\n            <div class=\"two-images__content\">\n                <div class=\"two-images__content-header-container\">\n                                            <h3 class=\"two-images__content-header\">Santa Monica Pier Parken<\/h3>                                    <\/div>\n                                    <div class=\"two-images__content-body wysiwyg\">\n                        <p>F\u00fcr den Zugang zum Santa Monica Pier und dem nahe gelegenen Santa Monica Beach gibt es einige andere Parkm\u00f6glichkeiten:<\/p>\n<ul>\n<li>Der Pier Deck Parkplatz: Begrenzte Parkm\u00f6glichkeiten stehen in der Regel von Montag bis Donnerstag von 9.00 bis 20.00 Uhr zur Verf\u00fcgung.<\/li>\n<li>Civic Center Garage: Dieses Parkhaus in Santa Monica befindet sich direkt an der Ausfahrt der Autobahn 10 West an der Ecke 4th und Olympic gegen\u00fcber dem Rathaus.<\/li>\n<li><a href=\"https:\/\/www.santamonica.com\/de\/transport\/santa-monica-u-bahn\/\">Die Metro-Linie E<\/a>: Wenn Sie den Santa Monica Pier bequem erreichen m\u00f6chten, parken Sie in einem der Parkh\u00e4user an der Metro Expo-Haltestelle und steigen Sie in den Zug. Das Parken beginnt bei $3 und da es keine Strafen f\u00fcr die \u00dcbernachtung gibt, sind sie ein gro\u00dfartiger Ort f\u00fcr ausgedehnte Erkundungen in Santa Monica.<\/li>\n<\/ul>\n                    <\/div>\n                                            <\/div>\n        <\/div>\n\n        <div class=\"two-images__column\">\n                            <div class=\"two-images__image-container\">\n                    <img decoding=\"async\" width=\"425\" height=\"505\" src=\"https:\/\/www.santamonica.com\/wp-content\/uploads\/2022\/06\/santa-monica-beach-parking.jpg\" class=\"two-images__image\" alt=\"santa monica strand parken\" loading=\"lazy\" srcset=\"https:\/\/www.santamonica.com\/wp-content\/uploads\/2022\/06\/santa-monica-beach-parking.jpg 425w, https:\/\/www.santamonica.com\/wp-content\/uploads\/2022\/06\/santa-monica-beach-parking-252x300.jpg 252w, https:\/\/www.santamonica.com\/wp-content\/uploads\/2022\/06\/santa-monica-beach-parking-126x150.jpg 126w\" sizes=\"auto, (max-width: 425px) 100vw, 425px\" title=\"\">                    \n\n                <\/div>\n                    <\/div>\n\n        <div class=\"two-images__column\">\n                            <div class=\"two-images__image-container\">\n                    <img decoding=\"async\" width=\"600\" height=\"565\" src=\"https:\/\/www.santamonica.com\/wp-content\/uploads\/2022\/06\/santa-monica-pier-parking.jpg\" class=\"two-images__image\" alt=\"santa monica pier parken\" loading=\"lazy\" srcset=\"https:\/\/www.santamonica.com\/wp-content\/uploads\/2022\/06\/santa-monica-pier-parking.jpg 600w, https:\/\/www.santamonica.com\/wp-content\/uploads\/2022\/06\/santa-monica-pier-parking-300x283.jpg 300w, https:\/\/www.santamonica.com\/wp-content\/uploads\/2022\/06\/santa-monica-pier-parking-159x150.jpg 159w\" sizes=\"auto, (max-width: 600px) 100vw, 600px\" title=\"\">                    \n\n            <div class=\"img-lctn-tag --no-link two-images__image-caption --right\">Santa Monica Pier<\/div>\n                    <\/div>\n                    <\/div>\n\n    <\/div>\n<\/section>\n\n\n<section class=\"image-slider --theme1 sm-block\" >\n    <div class=\"image-slider__wrapper\">\n                    <div class=\"image-slider__copy wysiwyg\"><h2>Parken im Zentrum von Santa Monica<\/h2>\n<p>Entlang der 2nd Street und 4th Street gibt es mehrere \u00f6ffentliche Parkpl\u00e4tze und Parkh\u00e4user. <strong><a href=\"https:\/\/www.santamonica.com\/de\/santa-monica-erleben\/nachbarschaften\/zentrum-von-santa-monica-3-strase-promenade\/\">Stadtzentrum Santa Monica<\/a><\/strong> die einen einfachen Zugang zur Third Street Promenade und dem Viertel Downtown Santa Monica erm\u00f6glichen.<\/p>\n<p>Zu den verf\u00fcgbaren Parkh\u00e4usern in Downtown Santa Monica geh\u00f6ren #1-2, 4-8 und das Ken Edwards Center:<\/p>\n<ul>\n<li>T\u00e4glich 24 Stunden in Betrieb<\/li>\n<li>In den ersten 90 Minuten ist das Parken kostenlos, danach variieren die Tarife je nach Tag und Parkdauer. <strong><a href=\"https:\/\/www.santamonica.gov\/places\/parking-lots\" target=\"_blank\" rel=\"noopener\">Siehe spezifische Tarife<\/a><\/strong> von der Stadt Santa Monica zur Verf\u00fcgung gestellt.<\/li>\n<\/ul>\n<\/div>\n                <div class=\"image-slider__slider right\">\n                            <!-- Slider main container -->\n                <div class=\"swiper\">\n                    <!-- Additional required wrapper -->\n                    <div class=\"swiper-wrapper\">\n                        <!-- Slides -->\n                                                    <div class=\"swiper-slide\">\n                                <img decoding=\"async\" width=\"1024\" height=\"576\" src=\"https:\/\/www.santamonica.com\/wp-content\/uploads\/2022\/06\/parking-santa-monica.jpg\" class=\"swiper-slide__image\" alt=\"parken santa monica\" loading=\"lazy\" srcset=\"https:\/\/www.santamonica.com\/wp-content\/uploads\/2022\/06\/parking-santa-monica.jpg 1024w, https:\/\/www.santamonica.com\/wp-content\/uploads\/2022\/06\/parking-santa-monica-300x169.jpg 300w, https:\/\/www.santamonica.com\/wp-content\/uploads\/2022\/06\/parking-santa-monica-267x150.jpg 267w, https:\/\/www.santamonica.com\/wp-content\/uploads\/2022\/06\/parking-santa-monica-768x432.jpg 768w\" sizes=\"auto, (max-width: 1024px) 100vw, 1024px\" title=\"\">                                \n\n            <a href=\"https:\/\/www.santamonica.com\/de\/santa-monica-erleben\/nachbarschaften\/zentrum-von-santa-monica-3-strase-promenade\/\" class=\"img-lctn-tag --right\">\n            <div class=\"img-lctn-tag-inside-link image-slider__image-caption right\">Stadtzentrum \/ Third Street Promenade<\/div>\n        <\/a>\n                                <\/div>\n                                            <\/div>\n                                    <\/div>\n                    <\/div>\n    <\/div>\n<\/section>\n\n\n<section class=\"sun-title sm-block --theme6 sm-block\">\n            <h2 class=\"sun-title__headline\">Wissenswertes zum Thema Parken<\/h2>    \n            <div class=\"sun-title__body  wysiwyg\">\n                    <p>In Santa Monica gibt es \u00fcberall in der Stadt Parkuhren, die die Bezahlung mit M\u00fcnzen oder Kreditkarte erm\u00f6glichen.<\/p>\n                        <\/div>\n    <\/section>\n\n\n\n<div class=\"wp-block-columns is-layout-flex wp-container-core-columns-is-layout-28f84493 wp-block-columns-is-layout-flex base-block\">\n<div class=\"wp-block-column is-layout-flow wp-block-column-is-layout-flow base-block\">\n<h3 class=\"wp-block-heading base-block\">Stra\u00dfenz\u00e4hler in Santa Monica<\/h3>\n\n\n\n<p class=\"base-block\">Stra\u00dfenparkuhren und Parkscheinautomaten auf st\u00e4dtischen Parkpl\u00e4tzen kosten in der Regel $2 pro Stunde in den Zonen Downtown und Beach und $1 pro Stunde in allen anderen Zonen der Stadt.<\/p>\n\n\n\n<p class=\"base-block\">Um einen Strafzettel zu vermeiden, sollten Sie daran denken, dass das Parken in Santa Monica an Sonntagen nicht kostenlos ist.<\/p>\n<\/div>\n\n\n\n<div class=\"wp-block-column is-layout-flow wp-block-column-is-layout-flow base-block\">\n<h3 class=\"wp-block-heading base-block\">Santa Monica Parkausweise &amp; ADA-Parken<\/h3>\n\n\n\n<p class=\"base-block\">Das Parken in Santa Monica ist f\u00fcr Besucher mit Behindertenausweis oder -kennzeichen in den oben genannten Parkzonen kostenlos.<\/p>\n\n\n\n<p class=\"base-block\">Besucher, die aus irgendeinem Grund eine besondere Parkgenehmigung ben\u00f6tigen, sollten sich an die Stadtverwaltung wenden. <a href=\"https:\/\/www.santamonica.gov\/categories\/getting-around\/parking\" target=\"_blank\" rel=\"noopener\">Parkabteilung<\/a> f\u00fcr Genehmigungsoptionen.<\/p>\n<\/div>\n\n\n\n<div class=\"wp-block-column is-layout-flow wp-block-column-is-layout-flow base-block\">\n<h3 class=\"wp-block-heading base-block\">Parken von Elektrofahrzeugen<\/h3>\n\n\n\n<p class=\"base-block\">Wenn Sie ein Elektroauto haben, k\u00f6nnen Sie Ihr Fahrzeug an mehreren Stellen aufladen, w\u00e4hrend Sie die Stadt zu Fu\u00df erkunden! Halten Sie Ausschau nach Ladestationen an einem der mehr als 20 Standorte in der Stadt.<\/p>\n\n\n\n<p class=\"base-block\">Zus\u00e4tzlich gibt es EVgo DC-Schnellladestationen auf den Parkpl\u00e4tzen 29, 27 und der Civic Center Parking Structure.<\/p>\n\n\n\n<p class=\"base-block\">Sehen Sie sich alle st\u00e4dtischen <a href=\"https:\/\/santamonica.gov\/topic-explainers\/electric-vehicles\" target=\"_blank\" rel=\"noreferrer noopener\">EV-Ladeanschl\u00fcsse<\/a>.<\/p>\n<\/div>\n<\/div>\n\n\n<section class=\"sun-title sm-block --theme6 sm-block\">\n            <h2 class=\"sun-title__headline\">H\u00e4ufig gestellte Fragen zum Parken in Santa Monica <\/h2>    \n            <div class=\"sun-title__body  wysiwyg\">\n                    <h3>Gibt es in Santa Monica Beach kostenlose Parkpl\u00e4tze?<\/h3>\n<p>In Santa Monica Beach gibt es keine kostenlosen Parkpl\u00e4tze. Santa Monica Beach verf\u00fcgt \u00fcber viele verschiedene Parkpl\u00e4tze sowie \u00fcber Stra\u00dfenparkpl\u00e4tze. Die Parkgeb\u00fchren liegen zwischen $6-$15 f\u00fcr einen ganzen Tag.<\/p>\n<h3>Wie bezahlen Sie f\u00fcr Stra\u00dfenparkpl\u00e4tze in Santa Monica?<\/h3>\n<p>Wenn Sie in Santa Monica auf der Stra\u00dfe oder auf \u00f6ffentlichen Parkpl\u00e4tzen parken m\u00f6chten, suchen Sie nach Parkuhren oder Parkscheinautomaten, die Kreditkarten oder M\u00fcnzen akzeptieren.<\/p>\n<h3>K\u00f6nnen Sie mit einem Behindertenausweis in Santa Monica kostenlos parken?<\/h3>\n<p>\u00d6ffentliche Parkpl\u00e4tze in Kalifornien sind mit einem Behindertenausweis an jedem geb\u00fchrenpflichtigen Ort kostenlos. Das Parken auf Strandparkpl\u00e4tzen ist an Nicht-Feiertagen und Wochentagen mit sichtbarem Ausweis kostenlos. F\u00fcr das Parken auf Strandparkpl\u00e4tzen zu allen anderen Zeiten lesen Sie bitte die <strong><a href=\"https:\/\/www.santamonica.gov\/categories\/getting-around\/parking\" target=\"_blank\" rel=\"noopener\">Die Parkplatzseite der Stadt Santa Monica<\/a><\/strong> f\u00fcr die aktuellsten Parkinformationen.<\/p>\n                        <\/div>\n    <\/section>\n\n\n<section class=\"blog-feed --theme8 sm-block\">\n    <div class=\"blog-feed__content\">\n        <div class=\"blog-feed__intro\">\n                            <div class=\"blog-feed__eyebrow eyebrow\">Blogs<\/div>                                        <h2 class=\"blog-feed__headline\">Santa Monica entdecken<\/h2>                                        <div class=\"blog-feed__body\"><p>Entdecken Sie Reiserouten, lokale Tipps, Hot Spots und ausgew\u00e4hlte Abenteuer, damit Sie das Beste aus Ihrem Aufenthalt in Santa Monica machen k\u00f6nnen.<\/p>\n<\/div>\n                                        <a class=\"blog-feed__cta\" href=\"https:\/\/www.santamonica.com\/de\/blogeintrage\/\">Alle Blogs anzeigen<\/a>\n                    <\/div>\n\n        <ul class=\"blog-feed__list\">\n                                                <li class=\"blog-feed__item\">\n                        <a href=\"https:\/\/www.santamonica.com\/de\/mother-road-modern-meetings-route-66-meeting-spaces-set-to-shine-for-centennial-in-santa-monica\/\" class=\"blog-feed__item-link\">\n                            <div class=\"blog-feed__image-ratio\">\n                                <img decoding=\"async\" class=\"blog-feed__image\" src=\"https:\/\/www.santamonica.com\/wp-content\/uploads\/2025\/12\/untitledJuly20162C2020180010-182-2-400x400.jpg\" alt=\"MUTTERSTRASSE, MODERNE TAGUNGEN: ROUTE-66-TAGUNGSR\u00c4UME ERSTRAHLEN ZUM HUNDERTJ\u00c4HRIGEN JUBIL\u00c4UM IN SANTA MONICA\" title=\"\">\n                            <\/div>\n                            <div class=\"blog-feed__card-title\">MUTTERSTRASSE, MODERNE TAGUNGEN: ROUTE-66-TAGUNGSR\u00c4UME ERSTRAHLEN ZUM HUNDERTJ\u00c4HRIGEN JUBIL\u00c4UM IN SANTA MONICA<\/div>\n                        <\/a>\n                    <\/li>\n                                                                <li class=\"blog-feed__item\">\n                        <a href=\"https:\/\/www.santamonica.com\/de\/media\/news-release\/santa-monica-announces-song-contest-in-celebration-of-route-66-centennial\/\" class=\"blog-feed__item-link\">\n                            <div class=\"blog-feed__image-ratio\">\n                                <img decoding=\"async\" class=\"blog-feed__image\" src=\"https:\/\/www.santamonica.com\/wp-content\/uploads\/2025\/11\/DSC01084-400x400.jpg\" alt=\"SANTA MONICA VERK\u00dcNDET SONGWETTBEWERB ZUR FEIER DES HUNDERTJ\u00c4HRIGEN BESTEHENS DER ROUTE 66\" title=\"\">\n                            <\/div>\n                            <div class=\"blog-feed__card-title\">SANTA MONICA VERK\u00dcNDET SONGWETTBEWERB ZUR FEIER DES HUNDERTJ\u00c4HRIGEN BESTEHENS DER ROUTE 66<\/div>\n                        <\/a>\n                    <\/li>\n                                                                <li class=\"blog-feed__item\">\n                        <a href=\"https:\/\/www.santamonica.com\/de\/media\/news-release\/where-to-watch-the-world-series-in-santa-monica\/\" class=\"blog-feed__item-link\">\n                            <div class=\"blog-feed__image-ratio\">\n                                <img decoding=\"async\" class=\"blog-feed__image\" src=\"https:\/\/www.santamonica.com\/wp-content\/uploads\/2025\/10\/dodgers-logo-1-400x400.jpg\" alt=\"WO MAN DIE WORLD SERIES IN SANTA MONICA SEHEN KANN\" title=\"\">\n                            <\/div>\n                            <div class=\"blog-feed__card-title\">WO MAN DIE WORLD SERIES IN SANTA MONICA SEHEN KANN<\/div>\n                        <\/a>\n                    <\/li>\n                                    <\/ul>\n    <\/div>\n<\/section>","protected":false},"excerpt":{"rendered":"<p>Street Meters in Santa Monica On-street parking meters and pay machines at City lots are typically $2 per hour in the Downtown and Beach Meter Zones and $1 per hour in all other Citywide Meter Zones. To avoid a ticket when meter parking, keep in mind that there is no free parking in Santa Monica on Sundays, so don\u2019t forget to pay the meter on your weekend outing. Santa Monica Parking Permits &#038; ADA Parking Santa Monica parking for visitors with Disability Placards or Plates is free in the above-mentioned lot zones. Visitors who need special parking permits for any [\u2026]<\/p>\n","protected":false},"author":1450,"featured_media":340650,"parent":0,"menu_order":0,"comment_status":"closed","ping_status":"closed","template":"template-editorial.php","meta":{"_acf_changed":false,"inline_featured_image":false,"footnotes":""},"silos":[3906],"class_list":["post-340563","page","type-page","status-publish","has-post-thumbnail","hentry"],"acf":[],"_links":{"self":[{"href":"https:\/\/www.santamonica.com\/de\/wp-json\/wp\/v2\/pages\/340563","targetHints":{"allow":["GET"]}}],"collection":[{"href":"https:\/\/www.santamonica.com\/de\/wp-json\/wp\/v2\/pages"}],"about":[{"href":"https:\/\/www.santamonica.com\/de\/wp-json\/wp\/v2\/types\/page"}],"author":[{"embeddable":true,"href":"https:\/\/www.santamonica.com\/de\/wp-json\/wp\/v2\/users\/1450"}],"replies":[{"embeddable":true,"href":"https:\/\/www.santamonica.com\/de\/wp-json\/wp\/v2\/comments?post=340563"}],"version-history":[{"count":89,"href":"https:\/\/www.santamonica.com\/de\/wp-json\/wp\/v2\/pages\/340563\/revisions"}],"predecessor-version":[{"id":794631,"href":"https:\/\/www.santamonica.com\/de\/wp-json\/wp\/v2\/pages\/340563\/revisions\/794631"}],"wp:featuredmedia":[{"embeddable":true,"href":"https:\/\/www.santamonica.com\/de\/wp-json\/wp\/v2\/media\/340650"}],"wp:attachment":[{"href":"https:\/\/www.santamonica.com\/de\/wp-json\/wp\/v2\/media?parent=340563"}],"wp:term":[{"taxonomy":"silos","embeddable":true,"href":"https:\/\/www.santamonica.com\/de\/wp-json\/wp\/v2\/silos?post=340563"}],"curies":[{"name":"wp","href":"https:\/\/api.w.org\/{rel}","templated":true}]}}