{"id":340479,"date":"2022-06-21T13:05:07","date_gmt":"2022-06-21T20:05:07","guid":{"rendered":"https:\/\/www.santamonica.com\/?page_id=340479"},"modified":"2025-12-09T08:37:27","modified_gmt":"2025-12-09T16:37:27","slug":"sicherheit","status":"publish","type":"page","link":"https:\/\/www.santamonica.com\/de\/experience-santa-monica\/safety\/","title":{"rendered":"Sicherheit"},"content":{"rendered":"<section class=\"sun-title sm-block --theme6 --2col sm-block\">\n            <h2 class=\"sun-title__headline\">Verantwortungsvoll reisen<\/h2>    \n            <div class=\"sun-title__body  --2col wysiwyg\">\n                    <div class=\"column-1\">\n                <p>Hier sind einige Tipps f\u00fcr <a href=\"https:\/\/www.santamonica.com\/de\/verantwortungsvoll-reisen\/\">verantwortungsvoll reisen<\/a> und erleben Sie das Reiseziel auf eine Art und Weise, die f\u00fcr die Sicherheit aller sorgt und die kostbare und zerbrechliche Sch\u00f6nheit von Santa Monica sch\u00fctzt, heute und morgen.<\/p>\n<ul>\n<li>Erkunden Sie die Welt mit Bedacht und Verantwortung und respektieren Sie jeden und alles, was Ihnen begegnet.<\/li>\n<li>Machen Sie sich mit den \u00f6rtlichen Vorschriften und den Belangen der Gemeinde vertraut, die sich im Laufe der Zeit ge\u00e4ndert haben k\u00f6nnen.<\/li>\n<\/ul>\n                            <\/div>\n            <div class=\"column-2\">\n                <ul>\n<li>Sch\u00fctzen und pflegen Sie Santa Monicas unber\u00fchrte Naturr\u00e4ume und kulturelle Ikonen, indem Sie auf Schritt und Tritt einen geringen Fu\u00dfabdruck hinterlassen und besonders auf empfindliche \u00d6kosysteme achten.<\/li>\n<li>Unterst\u00fctzen Sie lokale Unternehmen und tragen Sie Ihren Teil dazu bei, den Wohlstand der Orte, die Sie besuchen, langfristig zu sichern.<\/li>\n<li>Gehen Sie mit gutem Beispiel voran und teilen Sie diese Praktiken mit Ihren Mitreisenden, da wir alle die Verantwortung f\u00fcr den Schutz unserer Reiseziele teilen.<\/li>\n<\/ul>\n<p><strong>Im Folgenden finden Sie eine Liste der Sicherheitsressourcen in Santa Monica f\u00fcr den Notfall.<\/strong><\/p>\n                            <\/div>\n            <\/div>\n    <\/section>\n\n\n\n<div class=\"wp-block-columns is-layout-flex wp-container-core-columns-is-layout-28f84493 wp-block-columns-is-layout-flex base-block\">\n<div class=\"wp-block-column is-layout-flow wp-block-column-is-layout-flow base-block\">\n<h2 class=\"wp-block-heading base-block\" style=\"font-size:2rem\">Telefonnummern, die man kennen muss<\/h2>\n\n\n\n<p class=\"base-block\"><strong>9-1-1:<\/strong>&nbsp;Bei laufenden Straftaten, Br\u00e4nden und medizinischen Notf\u00e4llen<br><strong><a href=\"tel:3104588491\">310-458-8491<\/a>:<\/strong>&nbsp;F\u00fcr Polizeidienstleistungen, die keine Notf\u00e4lle sind<br><strong><a href=\"tel:3104588660\">310-458-8660<\/a>:<\/strong>&nbsp;F\u00fcr den Einsatz der Feuerwehr in Nicht-Notf\u00e4llen<\/p>\n<\/div>\n\n\n\n<div class=\"wp-block-column is-layout-flow wp-block-column-is-layout-flow base-block\">\n<h2 class=\"wp-block-heading base-block\" style=\"font-size:2rem\">Polizeirevier Santa Monica<\/h2>\n\n\n\n<p class=\"base-block\">333 Olympic Dr, Postfach 2200<br>Santa Monica, CA 90401<br><a href=\"tel:3103959931\">310-395-9931<\/a><br>police@smgov.net<br><a href=\"http:\/\/www.santamonicapd.org\/\" target=\"_blank\" rel=\"noreferrer noopener\">www.santamonicapd.org<\/a><\/p>\n<\/div>\n<\/div>\n\n\n\n<div class=\"wp-block-columns is-layout-flex wp-container-core-columns-is-layout-28f84493 wp-block-columns-is-layout-flex base-block\">\n<div class=\"wp-block-column is-layout-flow wp-block-column-is-layout-flow base-block\">\n<h4 class=\"wp-block-heading base-block\">Santa Monica Police Service Request Tool<\/h4>\n\n\n\n<p class=\"base-block\">Die Einwohner, Unternehmen und Besucher von Santa Monica k\u00f6nnen sich jetzt per SMS \u00fcber ihre Notrufe und nicht-notfallbedingten Polizeieins\u00e4tze informieren lassen. Wenn Sie einen Anruf t\u00e4tigen oder eine SMS an die Nummer 9-1-1 oder 310-458-8491 senden, erhalten Sie eine automatische Best\u00e4tigung Ihrer Polizeianfragen und aktuelle Statusmeldungen. Dieser neue Dienst ist sowohl auf Englisch als auch auf Spanisch verf\u00fcgbar. Bitte beachten Sie, dass bei laufenden Anrufen oder in Situationen, in denen das Senden einer Textnachricht die Sicherheit der Beteiligten gef\u00e4hrden k\u00f6nnte, keine Texte versendet werden. Weitere Einzelheiten finden Sie unter <a href=\"https:\/\/www.santamonica.gov\/press\/2023\/11\/07\/clean-and-safe-community-can-now-receive-public-safety-request-updates-on-their-phone\" target=\"_blank\" rel=\"noreferrer noopener\">besuchen Sie die Website der Stadt Santa Monica.<\/a><\/p>\n<\/div>\n<\/div>\n\n\n<section class=\"sun-title sm-block --theme6 sm-block\">\n            <h2 class=\"sun-title__headline\">Feuerwehr von Santa Monica<\/h2>    \n            <div class=\"sun-title__body  wysiwyg\">\n                    <p>333 Olympic Dr<br \/>\nSanta Monica, CA 90401<br \/>\nBrandverwaltung: <a href=\"tel:3104588653\">310-458-8653<\/a><br \/>\nBrandverh\u00fctung: <a href=\"tel:3104588915\">310-458-8915<\/a><br \/>\n<a href=\"http:\/\/santamonicafire.org\/\" target=\"_blank\" rel=\"noopener\">www.santamonicafire.org<\/a><\/p>\n                        <\/div>\n    <\/section>\n\n\n\n<div class=\"wp-block-columns is-layout-flex wp-container-core-columns-is-layout-28f84493 wp-block-columns-is-layout-flex base-block\">\n<div class=\"wp-block-column is-layout-flow wp-block-column-is-layout-flow base-block\">\n<p class=\"base-block\"><strong>Station 1<\/strong><br>1444 7th St<br>Santa Monica, CA 90401<br><a href=\"tel:3103938461\">310-393-8461<\/a><\/p>\n<\/div>\n\n\n\n<div class=\"wp-block-column is-layout-flow wp-block-column-is-layout-flow base-block\">\n<p class=\"base-block\"><strong>Station 2<\/strong><br>222 Hollister Ave<br>Santa Monica, CA 90405<br><a href=\"tel:3103961259\">310-396-1259<\/a><\/p>\n<\/div>\n\n\n\n<div class=\"wp-block-column is-layout-flow wp-block-column-is-layout-flow base-block\">\n<p class=\"base-block\"><strong>Station 3<\/strong><br>1302 19. Stra\u00dfe<br>Santa Monica, CA 90404<br><a href=\"tel:3108280950\">310-828-0950<\/a><\/p>\n<\/div>\n\n\n\n<div class=\"wp-block-column is-layout-flow wp-block-column-is-layout-flow base-block\">\n<p class=\"base-block\"><strong>Station 4<\/strong><br>2450 Ashland Ave<br>Santa Monica, CA 90405<br><a href=\"tel:3104509029\">310-450-9029<\/a><\/p>\n<\/div>\n\n\n\n<div class=\"wp-block-column is-layout-flow wp-block-column-is-layout-flow base-block\">\n<p class=\"base-block\"><strong>Feuerwehr-Kommunikationszentrum<\/strong><br>333 Olympic Dr<br>Santa Monica 90401<br>Notruf: 9-1-1<br>Nicht-Notfall: <a href=\"tel:3104588660\">310-458-8660<\/a><\/p>\n<\/div>\n<\/div>\n\n\n<section class=\"sun-title sm-block --theme6 --2col sm-block\">\n            <h2 class=\"sun-title__headline\">Krankenh\u00e4user in Santa Monica<\/h2>    \n            <div class=\"sun-title__body  --2col wysiwyg\">\n                    <div class=\"column-1\">\n                <p><strong>Saint John's Gesundheitszentrum<\/strong><br \/>\n2121 Santa Monica Blvd<br \/>\nSanta Monica, CA 90404<br \/>\nHauptkrankenhaus: <a href=\"tel:3108295511\">310-829-5511<\/a><br \/>\nPatientenbeziehungen: <a href=\"tel:3108298478\">310-829-8478<\/a><br \/>\nNotaufnahme: <a href=\"tel:3108298212\">310-829-8212<\/a><br \/>\n<a href=\"https:\/\/www.providence.org\/locations\/saint-johns-health-center\" target=\"_blank\" rel=\"noopener\">www.stjohns.org<\/a><\/p>\n                            <\/div>\n            <div class=\"column-2\">\n                <p><strong>Santa Monica UCLA Medical Center &amp; Orthop\u00e4disches Krankenhaus<\/strong><br \/>\n1250 16th Street<br \/>\nSanta Monica, CA 90404<br \/>\nInformationen zum Krankenhaus: <a href=\"tel:4242596000\">424-259-6000<\/a><br \/>\nNotfallzentrum: <a href=\"tel:4242598400\">424-259-8400<\/a><br \/>\n<a href=\"http:\/\/www.uclahealth.org\/santa-monica\/\" target=\"_blank\" rel=\"noopener\">www.uclahealth.org\/santa-monica<\/a><\/p>\n                            <\/div>\n            <\/div>\n    <\/section>\n\n\n<section class=\"sun-title sm-block --theme6 sm-block\">\n            <h2 class=\"sun-title__headline\">Bezirk Los Angeles, Abteilung Rettungsschwimmer - Santa Monica<\/h2>    \n            <div class=\"sun-title__body  wysiwyg\">\n                    <p><strong>Zentrale Sektion<\/strong><br \/>\n1642 Ocean Front Walk<br \/>\nSanta Monica, CA 90401<br \/>\n<a href=\"tel:3103943261\">310-394-3261<\/a><br \/>\nAbteilungsleiter - Mickey Gallagher<br \/>\n<a href=\"http:\/\/www.fire.lacounty.gov\/Lifeguards\" target=\"_blank\" rel=\"noopener\">www.fire.lacounty.gov\/Lifeguards<\/a><\/p>\n                        <\/div>\n    <\/section>\n\n\n<section class=\"sun-title sm-block --theme6 sm-block\">\n            <h2 class=\"sun-title__headline\">Rotes Kreuz von Santa Monica<\/h2>    \n            <div class=\"sun-title__body  wysiwyg\">\n                    <p>1450 11th St<br \/>\nSanta Monica, CA 90401<br \/>\nTelefon: <a href=\"tel:3103943773\">310-394-3773<\/a><br \/>\nArbeitszeiten: Montag - Freitag, 8:30 - 17:30 Uhr<br \/>\n<a href=\"http:\/\/www.redcrossofsantamonica.org\/\" target=\"_blank\" rel=\"noopener\">www.redcrossofsantamonica.org<\/a><\/p>\n                        <\/div>\n    <\/section>\n\n\n<section class=\"sun-title sm-block --theme6 --2col sm-block\">\n            <h2 class=\"sun-title__headline\">Wassernotstand in Santa Monica<\/h2>    \n            <div class=\"sun-title__body  --2col wysiwyg\">\n                    <div class=\"column-1\">\n                <p><strong>Wasseramt<\/strong><br \/>\n<a href=\"tel:3104588531\">310-458-8531<\/a><br \/>\n\u00d6ffnungszeiten: Montag - Donnerstag, 7:00 - 16:30 Uhr<br \/>\nFreitag, 7:00 - 16:00 Uhr<br \/>\nNach Feierabend und am Wochenende: <a href=\"tel:3108266712\">310-826-6712<\/a><\/p>\n                            <\/div>\n            <div class=\"column-2\">\n                <p><strong>Amt f\u00fcr Kanalisation und Entw\u00e4sserung<\/strong><br \/>\n<a href=\"tel:3104588532\">310-458-8532<\/a><br \/>\n\u00d6ffnungszeiten: Montag - Donnerstag, 7:00 - 16:30 Uhr<br \/>\nFreitag, 7:00 - 16:00 Uhr<br \/>\nNach Feierabend und am Wochenende: <a href=\"tel:3108266712\">310-826-6712<\/a><\/p>\n                            <\/div>\n            <\/div>\n    <\/section>","protected":false},"excerpt":{"rendered":"<p>Need-to-know Phone Numbers 9-1-1:\u00a0For crimes in progress, fires, and medical emergencies310-458-8491:\u00a0For non-emergency police dispatch310-458-8660:\u00a0For non-emergency fire dispatch Santa Monica Police Department 333 Olympic Dr, PO Box 2200Santa Monica, CA 90401310-395-9931police@smgov.netwww.santamonicapd.org Santa Monica Police Service Request Tool Santa Monica residents, businesses, and visitors can now stay informed about their emergency and non-emergency police service calls via text. When placing calls or sending texts to 9-1-1 or 310-458-8491, individuals will receive automated confirmation texts regarding their police requests and ongoing status updates. This new service is available in both English and Spanish. Please note that texts will not be sent for calls [\u2026]<\/p>\n","protected":false},"author":1450,"featured_media":350105,"parent":0,"menu_order":0,"comment_status":"closed","ping_status":"closed","template":"template-editorial.php","meta":{"_acf_changed":false,"inline_featured_image":false,"footnotes":""},"silos":[3887],"class_list":["post-340479","page","type-page","status-publish","has-post-thumbnail","hentry"],"acf":[],"_links":{"self":[{"href":"https:\/\/www.santamonica.com\/de\/wp-json\/wp\/v2\/pages\/340479","targetHints":{"allow":["GET"]}}],"collection":[{"href":"https:\/\/www.santamonica.com\/de\/wp-json\/wp\/v2\/pages"}],"about":[{"href":"https:\/\/www.santamonica.com\/de\/wp-json\/wp\/v2\/types\/page"}],"author":[{"embeddable":true,"href":"https:\/\/www.santamonica.com\/de\/wp-json\/wp\/v2\/users\/1450"}],"replies":[{"embeddable":true,"href":"https:\/\/www.santamonica.com\/de\/wp-json\/wp\/v2\/comments?post=340479"}],"version-history":[{"count":68,"href":"https:\/\/www.santamonica.com\/de\/wp-json\/wp\/v2\/pages\/340479\/revisions"}],"predecessor-version":[{"id":778663,"href":"https:\/\/www.santamonica.com\/de\/wp-json\/wp\/v2\/pages\/340479\/revisions\/778663"}],"wp:featuredmedia":[{"embeddable":true,"href":"https:\/\/www.santamonica.com\/de\/wp-json\/wp\/v2\/media\/350105"}],"wp:attachment":[{"href":"https:\/\/www.santamonica.com\/de\/wp-json\/wp\/v2\/media?parent=340479"}],"wp:term":[{"taxonomy":"silos","embeddable":true,"href":"https:\/\/www.santamonica.com\/de\/wp-json\/wp\/v2\/silos?post=340479"}],"curies":[{"name":"wp","href":"https:\/\/api.w.org\/{rel}","templated":true}]}}