{"id":340039,"date":"2022-06-21T04:26:16","date_gmt":"2022-06-21T11:26:16","guid":{"rendered":"https:\/\/www.santamonica.com\/?page_id=340039"},"modified":"2025-09-08T07:26:10","modified_gmt":"2025-09-08T14:26:10","slug":"warum-santa-monica","status":"publish","type":"page","link":"https:\/\/www.santamonica.com\/de\/travel-trade\/why-santa-monica\/","title":{"rendered":"Warum Santa Monica"},"content":{"rendered":"<section class=\"sun-title sm-block --theme6 sm-block\">\n            <h2 class=\"sun-title__headline\">Wie man Santa Monica Beach wirklich erlebt<\/h2>    \n            <div class=\"sun-title__body  wysiwyg\">\n                    <p>Die am Pazifik gelegene Stadt Santa Monica, die sich entlang der dreieinhalb Meilen langen, glitzernden K\u00fcste erstreckt, bietet Ihren Kunden unendlich viele M\u00f6glichkeiten, den Lebensstil von Santa Monica und das breite Spektrum an Aktivit\u00e4ten am Meer zu genie\u00dfen. In Verbindung mit dem ganzj\u00e4hrig milden Klima und den \u00fcber 280 Sonnentagen im Jahr ist es nicht verwunderlich, dass Santa Monica von National Geographic zu den \u201cTop Ten Beach Cities in the World\u201d gez\u00e4hlt wird und zu den sch\u00f6nsten St\u00e4dten der Welt geh\u00f6rt.\u00a0<a title=\"Besuch des Santa Monica Beach\" href=\"https:\/\/www.santamonica.com\/de\/dinge-die-man-tun-kann\/santa-monica-strand\/\">feinste Strandaktivit\u00e4ten<\/a>\u00a0f\u00fcr alle, die einen Fu\u00df auf sein Ufer setzen.\u00a0<a href=\"https:\/\/www.santamonica.com\/de\/dinge-die-man-tun-kann\/360-video-ein-besuch-in-santa-monica\/\">Erkunden Sie Santa Monica durch virtuelle Realit\u00e4t (VR).<\/a><\/p>\n                        <\/div>\n    <\/section>\n\n\n\n<section class=\"image-section-break sm-block\">\n    <div class=\"image-section-break__image-wrapper\">\n                    <picture>\n                    <source\n                        media=\"(min-width: 768px)\"\n                        srcset=\"https:\/\/www.santamonica.com\/wp-content\/uploads\/2022\/06\/the-penthouse-santa-monica-scaled.jpg\"\n                    >\n                    <img decoding=\"async\" src=\"https:\/\/www.santamonica.com\/wp-content\/uploads\/2022\/06\/the-penthouse-santa-monica-scaled.jpg\" class=\"image-section-break__image\" alt=\"Das Penthouse Santa Monica\" title=\"\">\n            <\/picture>\n                \n\n            <a href=\"https:\/\/www.santamonica.com\/de\/restaurants\/das-penthouse\/\"  class=\"img-lctn-tag --right\">\n            <div class=\"img-lctn-tag-inside-link image-section-break__image-caption right\">Das Penthouse<\/div>\n        <\/a>\n        <\/div>\n    <div class=\"image-section-break__text-content\">\n        <div class=\"image-section-break__first-content --theme3\">\n                                        <h2 class=\"image-section-break__title\">Ein Geschmack von Santa Monicas kulinarischen Erlebnissen<\/h2>\n                                        <div class=\"image-section-break__body-copy wysiwyg\"><p>Santa Monica ist ein internationales kulinarisches Reiseziel und bleibt dank seiner vielen Stark\u00f6che und der neuen kulinarischen Innovatoren, die die Region immer wieder beleben, in der Spitzengruppe der amerikanischen Gastronomie.\u00a0<a title=\"Essen &amp; Trinken\" href=\"https:\/\/www.santamonica.com\/de\/restaurants\/\">die Restaurantszene der Stadt<\/a>.<\/p>\n<\/div>\n                                <\/div>\n        <div class=\"image-section-break__second-content\">\n                            <div class=\"image-section-break__body-copy wysiwyg\"><p>Santa Monica war Vorreiter der Bewegung f\u00fcr regionale Lebensmittel, lange bevor diese zum Mainstream wurde, und die Verwendung nachhaltiger, biologischer Zutaten ist ein zentraler Bestandteil des kulinarischen Konzepts der Spitzenk\u00f6che der Stadt. <a href=\"https:\/\/www.santamonica.com\/de\/treffen-konventionen\/gruppenessen\/\">Erkunden Sie die M\u00f6glichkeiten f\u00fcr Gruppenessen.<\/a><\/p>\n<\/div>\n                                <\/div>\n    <\/div>\n<\/section>\n\n\n\n<section class=\"two-images container-max sm-block  sm-block\">\n    <div class=\"two-images__container\">\n\n        <div class=\"two-images__column\">\n            <div class=\"two-images__content\">\n                <div class=\"two-images__content-header-container\">\n                                            <h2 class=\"two-images__content-header\">Strandurlaub mit einer Prise Geschichte<\/h2>                                    <\/div>\n                                    <div class=\"two-images__content-body wysiwyg\">\n                        <p>Santa Monica hat sich seit seiner Gr\u00fcndung im Jahr 1875, als der Gr\u00fcnder von Santa Monica, John P. Jones, die 8,3 Quadratmeilen der Stadt erwarb und einzeichnete, einen festen Platz in der Geschichte als eines der beliebtesten Strandziele der Welt erobert. Von der Er\u00f6ffnung des ersten Vergn\u00fcgungspiers im Westen im Jahr 1909 \u00fcber die Entwicklung zur Spielwiese f\u00fcr Hollywoods Prominente und zur Heimat des internationalen Fitnesswahns in den 1920er Jahren bis hin zur Entstehung einer legend\u00e4ren Hotelkollektion in den 1980er Jahren - die reiche Geschichte von Santa Monica pr\u00e4gt nach wie vor die charmante Stadt am Meer, die zu einem beliebten Reiseziel f\u00fcr Menschen aus aller Welt geworden ist.<\/p>\n                    <\/div>\n                                            <\/div>\n        <\/div>\n\n        <div class=\"two-images__column\">\n                            <div class=\"two-images__image-container\">\n                    <img decoding=\"async\" width=\"424\" height=\"504\" src=\"https:\/\/www.santamonica.com\/wp-content\/uploads\/2022\/08\/shutters-on-the-beach424x504.jpg\" class=\"two-images__image\" alt=\"Blick durch den Speisesaal des Hotels auf die offenen Fl\u00fcgelt\u00fcren; zwei Pl\u00fcschsessel auf der Terrasse mit Tisch und Rosen; Strand im Hintergrund; Abendessen bei Sonnenuntergang\" loading=\"lazy\" srcset=\"https:\/\/www.santamonica.com\/wp-content\/uploads\/2022\/08\/shutters-on-the-beach424x504.jpg 424w, https:\/\/www.santamonica.com\/wp-content\/uploads\/2022\/08\/shutters-on-the-beach424x504-252x300.jpg 252w, https:\/\/www.santamonica.com\/wp-content\/uploads\/2022\/08\/shutters-on-the-beach424x504-126x150.jpg 126w\" sizes=\"auto, (max-width: 424px) 100vw, 424px\" title=\"\">                    \n\n                <\/div>\n                    <\/div>\n\n        <div class=\"two-images__column\">\n                            <div class=\"two-images__image-container\">\n                    <img decoding=\"async\" width=\"600\" height=\"464\" src=\"https:\/\/www.santamonica.com\/wp-content\/uploads\/2022\/07\/Beach600x464.jpg\" class=\"two-images__image\" alt=\"Santa Monica Strand\" loading=\"lazy\" srcset=\"https:\/\/www.santamonica.com\/wp-content\/uploads\/2022\/07\/Beach600x464.jpg 600w, https:\/\/www.santamonica.com\/wp-content\/uploads\/2022\/07\/Beach600x464-300x232.jpg 300w, https:\/\/www.santamonica.com\/wp-content\/uploads\/2022\/07\/Beach600x464-194x150.jpg 194w\" sizes=\"auto, (max-width: 600px) 100vw, 600px\" title=\"\">                    \n\n                <\/div>\n                    <\/div>\n\n    <\/div>\n<\/section>\n\n\n\n<section class=\"two-images container-max sm-block --flip sm-block\">\n    <div class=\"two-images__container --flip\">\n\n        <div class=\"two-images__column\">\n            <div class=\"two-images__content\">\n                <div class=\"two-images__content-header-container\">\n                                            <h2 class=\"two-images__content-header\">Santa Monica Anreize vom Feinsten<\/h2>                                    <\/div>\n                                    <div class=\"two-images__content-body wysiwyg\">\n                        <section class=\"content-block\">\n<div class=\"width-restrict --content\">\n<article class=\"post-content \/ subpage-intro\">\n<div class=\"subpage-intro__content wizzywig\">\n<p>Santa Monicas Mischung aus nat\u00fcrlicher Sch\u00f6nheit, preisgekr\u00f6nter Gastronomie und unvergleichlichen Hotel- und Einkaufsm\u00f6glichkeiten macht Santa Monica zu einem perfekten Reiseziel f\u00fcr Gruppen, die im Scho\u00df des Luxus schwelgen m\u00f6chten. Ob Sie nun in einem der luxuri\u00f6sen Hotels\u00a0<a title=\"Hotels\" href=\"https:\/\/www.santamonica.com\/de\/hotels\/\">die besten Hotelimmobilien der Stadt<\/a>, Ob Sie auf einem der nahegelegenen Golfpl\u00e4tze abschlagen oder sich in einem luxuri\u00f6sen Day Spa verw\u00f6hnen lassen, dieser ikonische K\u00fcstenabschnitt Kaliforniens ist der ideale Ort f\u00fcr Ihre Teilnehmer, um das Beste von S\u00fcdkalifornien zu erleben.<\/p>\n<\/div>\n<\/article>\n<\/div>\n<\/section>\n                    <\/div>\n                                            <\/div>\n        <\/div>\n\n        <div class=\"two-images__column\">\n                            <div class=\"two-images__image-container\">\n                    <img decoding=\"async\" width=\"937\" height=\"700\" src=\"https:\/\/www.santamonica.com\/wp-content\/uploads\/2022\/06\/the-ambrose-hotel-premium-hotels.jpg\" class=\"two-images__image\" alt=\"Das Ambrose Hotel Premium Hotels\" loading=\"lazy\" srcset=\"https:\/\/www.santamonica.com\/wp-content\/uploads\/2022\/06\/the-ambrose-hotel-premium-hotels.jpg 937w, https:\/\/www.santamonica.com\/wp-content\/uploads\/2022\/06\/the-ambrose-hotel-premium-hotels-300x224.jpg 300w, https:\/\/www.santamonica.com\/wp-content\/uploads\/2022\/06\/the-ambrose-hotel-premium-hotels-201x150.jpg 201w, https:\/\/www.santamonica.com\/wp-content\/uploads\/2022\/06\/the-ambrose-hotel-premium-hotels-768x574.jpg 768w\" sizes=\"auto, (max-width: 937px) 100vw, 937px\" title=\"\">                    \n\n                <\/div>\n                    <\/div>\n\n        <div class=\"two-images__column\">\n                            <div class=\"two-images__image-container\">\n                    <img decoding=\"async\" width=\"650\" height=\"866\" src=\"https:\/\/www.santamonica.com\/wp-content\/uploads\/2022\/06\/ocean-santa-monica-hotels-premium-expereince.jpg\" class=\"two-images__image\" alt=\"Oceana Hotel Premium Erlebnis\" loading=\"lazy\" srcset=\"https:\/\/www.santamonica.com\/wp-content\/uploads\/2022\/06\/ocean-santa-monica-hotels-premium-expereince.jpg 650w, https:\/\/www.santamonica.com\/wp-content\/uploads\/2022\/06\/ocean-santa-monica-hotels-premium-expereince-225x300.jpg 225w, https:\/\/www.santamonica.com\/wp-content\/uploads\/2022\/06\/ocean-santa-monica-hotels-premium-expereince-113x150.jpg 113w\" sizes=\"auto, (max-width: 650px) 100vw, 650px\" title=\"\">                    \n\n                <\/div>\n                    <\/div>\n\n    <\/div>\n<\/section>\n\n\n\n<div class=\"wp-block-columns is-layout-flex wp-container-core-columns-is-layout-28f84493 wp-block-columns-is-layout-flex base-block\">\n<div class=\"wp-block-column is-layout-flow wp-block-column-is-layout-flow base-block\">\n<figure class=\"wp-block-image size-full base-block\"><img decoding=\"async\" width=\"200\" height=\"140\" src=\"https:\/\/www.santamonica.com\/wp-content\/uploads\/2022\/06\/Travel_USA_.png\" alt=\"Vist USA Reisen\" class=\"wp-image-340158\" title=\"\"><\/figure>\n\n\n<\/figure><\/div>\n\n\n\n<div class=\"wp-block-column is-layout-flow wp-block-column-is-layout-flow base-block\">\n<figure class=\"wp-block-image size-large is-resized base-block\"><img decoding=\"async\" width=\"1024\" height=\"321\" src=\"https:\/\/www.santamonica.com\/wp-content\/uploads\/2022\/06\/Visit-California-Travel-Logo-1024x321.png\" alt=\"\" class=\"wp-image-340161\" style=\"width:292px;height:92px\" title=\"\" srcset=\"https:\/\/www.santamonica.com\/wp-content\/uploads\/2022\/06\/Visit-California-Travel-Logo-1024x321.png 1024w, https:\/\/www.santamonica.com\/wp-content\/uploads\/2022\/06\/Visit-California-Travel-Logo-300x94.png 300w, https:\/\/www.santamonica.com\/wp-content\/uploads\/2022\/06\/Visit-California-Travel-Logo-270x85.png 270w, https:\/\/www.santamonica.com\/wp-content\/uploads\/2022\/06\/Visit-California-Travel-Logo-768x241.png 768w, https:\/\/www.santamonica.com\/wp-content\/uploads\/2022\/06\/Visit-California-Travel-Logo-1536x481.png 1536w, https:\/\/www.santamonica.com\/wp-content\/uploads\/2022\/06\/Visit-California-Travel-Logo-2048x642.png 2048w\" sizes=\"(max-width: 1024px) 100vw, 1024px\" \/><\/figure>\n\n\n<\/figure><\/div>\n<\/div>\n\n\n<section class=\"meetings-contact-us sm-block\">\n    <div class=\"meetings-contact-us__inner\">\n        <div class=\"meetings-contact-us__image-wrap\">\n            <img decoding=\"async\" width=\"1024\" height=\"304\" src=\"https:\/\/www.santamonica.com\/wp-content\/uploads\/2022\/07\/Help1280x380-1024x304.jpg\" class=\"attachment-large size-large\" alt=\"Bild des Geb\u00e4udes des Besucherzentrums; graues Geb\u00e4ude mit Infoschild dar\u00fcber\" srcset=\"https:\/\/www.santamonica.com\/wp-content\/uploads\/2022\/07\/Help1280x380-1024x304.jpg 1024w, https:\/\/www.santamonica.com\/wp-content\/uploads\/2022\/07\/Help1280x380-300x89.jpg 300w, https:\/\/www.santamonica.com\/wp-content\/uploads\/2022\/07\/Help1280x380-270x80.jpg 270w, https:\/\/www.santamonica.com\/wp-content\/uploads\/2022\/07\/Help1280x380-768x228.jpg 768w, https:\/\/www.santamonica.com\/wp-content\/uploads\/2022\/07\/Help1280x380.jpg 1280w\" sizes=\"(max-width: 1024px) 100vw, 1024px\" title=\"\">        <\/div>\n        <div class=\"meetings-contact-us__body\">\n            <h1 class=\"meetings-contact-us__heading\">\n                Haben Sie Fragen?            <\/h1>\n            <p class=\"meetings-contact-us__intro\">\n                F\u00fchlen Sie sich unterst\u00fctzt, wenn Sie sich noch heute an das Expertenteam von Santa Monica Travel &amp; Tourism wenden!            <\/p>\n            <div class=\"meetings-contact-us__phone-numbers wysiwyg\">\n                                                            <\/div>\n            <div class=\"meetings-contact-us__ctas\">\n                                            <a class=\"meetings-contact-us__primary-cta\" href=\"https:\/\/www.santamonica.com\/de\/reisegewerbe\/kontaktverkaufe\/\">Kontakt<\/a>\n                                                    <\/div>\n        <\/div>\n    <\/div>\n\n<\/section>","protected":false},"excerpt":{"rendered":"","protected":false},"author":1450,"featured_media":343993,"parent":0,"menu_order":0,"comment_status":"closed","ping_status":"closed","template":"template-meetings-editorial-detail.php","meta":{"_acf_changed":false,"inline_featured_image":false,"footnotes":""},"silos":[3908],"class_list":["post-340039","page","type-page","status-publish","has-post-thumbnail","hentry"],"acf":[],"_links":{"self":[{"href":"https:\/\/www.santamonica.com\/de\/wp-json\/wp\/v2\/pages\/340039","targetHints":{"allow":["GET"]}}],"collection":[{"href":"https:\/\/www.santamonica.com\/de\/wp-json\/wp\/v2\/pages"}],"about":[{"href":"https:\/\/www.santamonica.com\/de\/wp-json\/wp\/v2\/types\/page"}],"author":[{"embeddable":true,"href":"https:\/\/www.santamonica.com\/de\/wp-json\/wp\/v2\/users\/1450"}],"replies":[{"embeddable":true,"href":"https:\/\/www.santamonica.com\/de\/wp-json\/wp\/v2\/comments?post=340039"}],"version-history":[{"count":65,"href":"https:\/\/www.santamonica.com\/de\/wp-json\/wp\/v2\/pages\/340039\/revisions"}],"predecessor-version":[{"id":772339,"href":"https:\/\/www.santamonica.com\/de\/wp-json\/wp\/v2\/pages\/340039\/revisions\/772339"}],"wp:featuredmedia":[{"embeddable":true,"href":"https:\/\/www.santamonica.com\/de\/wp-json\/wp\/v2\/media\/343993"}],"wp:attachment":[{"href":"https:\/\/www.santamonica.com\/de\/wp-json\/wp\/v2\/media?parent=340039"}],"wp:term":[{"taxonomy":"silos","embeddable":true,"href":"https:\/\/www.santamonica.com\/de\/wp-json\/wp\/v2\/silos?post=340039"}],"curies":[{"name":"wp","href":"https:\/\/api.w.org\/{rel}","templated":true}]}}