{"id":339968,"date":"2022-06-23T12:21:24","date_gmt":"2022-06-23T19:21:24","guid":{"rendered":"https:\/\/www.santamonica.com\/?page_id=339968"},"modified":"2025-08-21T16:23:54","modified_gmt":"2025-08-21T23:23:54","slug":"ihr-unternehmen-fordern","status":"publish","type":"page","link":"https:\/\/www.santamonica.com\/de\/partners\/promote-your-business\/","title":{"rendered":"Werben Sie f\u00fcr Ihr Unternehmen"},"content":{"rendered":"<section class=\"image-section-break sm-block\">\n    <div class=\"image-section-break__image-wrapper\">\n                    <picture>\n                    <source\n                        media=\"(min-width: 768px)\"\n                        srcset=\"https:\/\/www.santamonica.com\/wp-content\/uploads\/2025\/06\/MainStreetVIC-hor.jpg\"\n                    >\n                    <img decoding=\"async\" src=\"https:\/\/www.santamonica.com\/wp-content\/uploads\/2025\/06\/MainStreetVIC-650x866-1.jpg\" class=\"image-section-break__image\" alt=\"\" title=\"\">\n            <\/picture>\n                \n\n    <\/div>\n    <div class=\"image-section-break__text-content\">\n        <div class=\"image-section-break__first-content --theme3\">\n                                        <h2 class=\"image-section-break__title\">Marketing<\/h2>\n                                        <div class=\"image-section-break__body-copy wysiwyg\"><p><span style=\"font-weight: 400;\">Es gibt eine Vielzahl von M\u00f6glichkeiten, mit Santa Monica Travel &amp; Tourism zu werben:<\/span><\/p>\n<p><span style=\"font-weight: 400;\"><strong>Offizielle Website<\/strong><\/span><\/p>\n<p><span style=\"font-weight: 400;\"><a href=\"https:\/\/www.santamonica.com\/de\/\">SantaMonica.com<\/a> bietet Informationen zu Unterk\u00fcnften, Restaurants, Einkaufsm\u00f6glichkeiten, Unternehmungen und mehr. Mit \u00fcber 100.000 monatlichen Besuchen auf der Website ist sie eine der wichtigsten Quellen f\u00fcr Online-Besucher, die ihren Urlaub in L.A. und am Strand planen. Nutzen Sie diese kostenlose und stark beworbene M\u00f6glichkeit, Ihr Unternehmen auf unserer Website zu pr\u00e4sentieren.<\/span><\/p>\n<\/div>\n                                <\/div>\n        <div class=\"image-section-break__second-content\">\n                            <div class=\"image-section-break__body-copy wysiwyg\"><p><span style=\"font-weight: 400;\"><strong>*Branchenbuchseiten<\/strong><\/span><\/p>\n<p><span style=\"font-weight: 400;\">Erstellen Sie eine eigene Seite auf santamonica.com \u00fcber unser <a href=\"https:\/\/www.santamonica.com\/de\/partner\/partnerportal\/\">Partner-Portal<\/a>. Dies ist f\u00fcr Tourismusunternehmen mit einer Gesch\u00e4ftslizenz der Stadt Santa Monica verf\u00fcgbar. Die Unternehmen k\u00f6nnen betriebliche Informationen, Videos und Fotos ver\u00f6ffentlichen. F\u00fcr weitere Informationen senden Sie bitte eine E-Mail an <a href=\"mailto:partnerportal@santamonica.com\">partnerportal@santamonica.com<\/a> oder rufen Sie 310-319-6263 an.<\/span><\/p>\n<p><span style=\"font-weight: 400;\"><strong>Werbung<\/strong><\/span><\/p>\n<p><span style=\"font-weight: 400;\">Wenn Sie sich \u00fcber Werbem\u00f6glichkeiten im Offiziellen Santa Monica-Besucherf\u00fchrer und der Karte, auf santamonica.com, in den sozialen Medien und andere M\u00f6glichkeiten zur direkten Ansprache von Besuchern informieren m\u00f6chten, wenden Sie sich bitte an <a href=\"mailto:marketing@santamonica.com\">marketing@santamonica.com<\/a>.<\/span><\/p>\n<\/div>\n                                <\/div>\n    <\/div>\n<\/section>\n\n\n\n<div class=\"wp-block-columns is-layout-flex wp-container-core-columns-is-layout-28f84493 wp-block-columns-is-layout-flex base-block\">\n<div class=\"wp-block-column is-layout-flow wp-block-column-is-layout-flow base-block\">\n<p class=\"base-block\"><strong>*Angebote teilen<\/strong><\/p>\n\n\n\n<p class=\"base-block\">Wir sammeln st\u00e4ndig Sonderangebote f\u00fcr unsere Besucher, um sie \u00fcber aktuelle Gesch\u00e4ftsangebote zu informieren. Bitte f\u00fcllen Sie dieses <a href=\"https:\/\/www.santamonica.com\/de\/formular-fur-die-einreichung-von-geschaftsspecials\/\">Online-Formular<\/a> damit wir Ihre Angebote auf unseren speziellen Landing Pages und Social Media-Kan\u00e4len bewerben k\u00f6nnen. Wenn Sie nach der Einreichung \u00c4nderungen an Ihrem Angebot vornehmen m\u00f6chten, senden Sie bitte eine E-Mail an <a href=\"mailto:marketing@santamonica.com\">marketing@santamonica.com<\/a>.<\/p>\n<\/div>\n\n\n\n<div class=\"wp-block-column is-layout-flow wp-block-column-is-layout-flow base-block\">\n<p class=\"base-block\"><strong>*F\u00f6rderung von Veranstaltungen<\/strong><\/p>\n\n\n\n<p class=\"base-block\">Der Veranstaltungskalender ist eine der meistbesuchten Seiten auf SantaMonica.com. Unternehmen sind eingeladen, Veranstaltungen zur Aufnahme in den Kalender einzureichen. Bitte beachten Sie: Es k\u00f6nnen einige Ausnahmen gelten. Siehe Veranstaltungsanforderungen am Ende des Anmeldeformulars. <a href=\"https:\/\/www.santamonica.com\/de\/events-listing\/gemeinschaft\/hinzufugen\/\">Ein Ereignis einreichen.<\/a><\/p>\n<\/div>\n\n\n\n<div class=\"wp-block-column is-layout-flow wp-block-column-is-layout-flow base-block\">\n<p class=\"base-block\"><strong>*Reiseplaner<\/strong><\/p>\n\n\n\n<p class=\"base-block\">Online-Besucher k\u00f6nnen einen interaktiven Planer nutzen, der ihnen bei der Planung einer Reise nach Santa Monica hilft, indem er Empfehlungen f\u00fcr Restaurants, Einkaufsm\u00f6glichkeiten und Unternehmungen gibt, die ihren Interessen entsprechen. Um in dieses Tool aufgenommen zu werden, aktualisieren Sie bitte Ihren Eintrag auf der SMTT-Website und versorgen Sie Ihre Seite mit den neuesten Informationen, Werbeaktionen, Fotos und Videos.<\/p>\n<\/div>\n<\/div>\n\n\n\n<div class=\"wp-block-columns is-layout-flex wp-container-core-columns-is-layout-28f84493 wp-block-columns-is-layout-flex base-block\">\n<div class=\"wp-block-column is-layout-flow wp-block-column-is-layout-flow base-block\">\n<p class=\"base-block\">*<strong>Virtuelle 360\u00b0-Rundg\u00e4nge<\/strong><\/p>\n\n\n\n<p class=\"base-block\">Die SMTT hat sich mit Threshold 360 zusammengetan, um kostenlos einen virtuellen Rundgang durch Ihr Tourismusunternehmen zu machen. Das Filmmaterial wird auf der Seite Ihres Unternehmens auf unserer Website, auf Ihrer Google-Unternehmensseite und in SMTT-Pr\u00e4sentationen angezeigt. <a href=\"https:\/\/www.threshold360.com\/schedule\" target=\"_blank\" rel=\"noreferrer noopener\">Jetzt einplanen.<\/a> Bei Fragen wenden Sie sich bitte an <a href=\"mailto:marketing@santamonica.com\">marketing@santamonica.com<\/a>.<\/p>\n<\/div>\n\n\n\n<div class=\"wp-block-column is-layout-flow wp-block-column-is-layout-flow base-block\">\n<p class=\"base-block\"><strong>*Soziale Medien<\/strong><\/p>\n\n\n\n<p class=\"base-block\">SMTT freut sich, unsere Social-Media-Plattformen zu nutzen, um auf Veranstaltungen und\/oder Medienberichte \u00fcber Ihr Unternehmen hinzuweisen. Posten, markieren oder mailen <a href=\"mailto:media@santamonica.com\">media@santamonica.com<\/a> Ihre Veranstaltungen und Berichterstattung f\u00fcr Werbezwecke \u00fcber unsere Pr\u00e4senz auf <a href=\"https:\/\/www.instagram.com\/seesantamonica\/\" target=\"_blank\" rel=\"noreferrer noopener\">Instagram<\/a>, <a href=\"https:\/\/www.facebook.com\/visitsantamonica\" target=\"_blank\" rel=\"noreferrer noopener\">Facebook<\/a>, <a href=\"https:\/\/twitter.com\/GoSantaMonica\" target=\"_blank\" rel=\"noopener\">X<\/a> (fr\u00fcher bekannt als Twitter) und <a href=\"https:\/\/www.youtube.com\/user\/TravelSantaMonica\" target=\"_blank\" rel=\"noreferrer noopener\">YouTube<\/a>.<\/p>\n<\/div>\n\n\n\n<div class=\"wp-block-column is-layout-flow wp-block-column-is-layout-flow base-block\">\n<p class=\"base-block\"><strong>*Benutzergenerierte Inhalte<\/strong><\/p>\n\n\n\n<p class=\"base-block\">Die SMTT l\u00e4dt ihre lokalen Partner dazu ein, Fotos von ihren Unternehmen einzureichen, die auf den Social-Media-Konten der SMTT und\/oder auf SantaMonica.com ver\u00f6ffentlicht werden k\u00f6nnen. Die Fotos sollten: hochaufl\u00f6send sein; im Originalformat (d. h. ohne Filter); offen und authentisch aussehen - so als k\u00f6nnten sie andere nutzergenerierte Inhalte (UGC) sein. <a href=\"https:\/\/upload.crowdriff.com\/santa-monica-ugc\" target=\"_blank\" rel=\"noreferrer noopener\">Reichen Sie hier Fotos ein.<\/a><\/p>\n<\/div>\n<\/div>\n\n\n\n<section class=\"image-section-break sm-block\">\n    <div class=\"image-section-break__image-wrapper\">\n                    <picture>\n                    <source\n                        media=\"(min-width: 768px)\"\n                        srcset=\"https:\/\/www.santamonica.com\/wp-content\/uploads\/2022\/07\/Santa-Monica-Viceroy-Sugar-Palm_1656x574.png\"\n                    >\n                    <img decoding=\"async\" src=\"https:\/\/www.santamonica.com\/wp-content\/uploads\/2022\/07\/Santa-Monica-Viceroy-Sugar-Palm_650x866.png\" class=\"image-section-break__image\" alt=\"Gruppenessen im Sugar Palm im Viceroy Hotel in Santa Monica an einem sonnigen Tag.\" title=\"\">\n            <\/picture>\n                \n\n            <div class=\"img-lctn-tag --no-link image-section-break__image-caption --right\">Zuckerpalme<\/div>\n        <\/div>\n    <div class=\"image-section-break__text-content\">\n        <div class=\"image-section-break__first-content --theme3\">\n                                        <h2 class=\"image-section-break__title\">\u00d6ffentlichkeitsarbeit<\/h2>\n                                        <div class=\"image-section-break__body-copy wysiwyg\"><p><span style=\"font-weight: 400;\"><strong>Einweisungstouren (FAMs) und Medienbesuche<\/strong><\/span><\/p>\n<p><span style=\"font-weight: 400;\">Steigern Sie Ihre Medienpr\u00e4senz, indem Sie qualifizierte Medienvertreter empfangen, um sie mit Ihrem Unternehmen vertraut zu machen. Die SMTT bietet auch die M\u00f6glichkeit, an \u201cvirtuellen\u201d FAM-Touren durch Ihre Immobilie oder Ihr Unternehmen teilzunehmen.<\/span><\/p>\n<p><span style=\"font-weight: 400;\"><strong>*Medienberichterstattung<\/strong><\/span><\/p>\n<p><span style=\"font-weight: 400;\">Das SMTT-\u00d6ffentlichkeitsarbeitsteam bem\u00fcht sich um <a href=\"https:\/\/www.santamonica.com\/de\/medien\/presseartikel\/\">Presseberichterstattung<\/a> am Zielort durch eine Vielzahl von Strategien.\u00a0<\/span><\/p>\n<\/div>\n                                <\/div>\n        <div class=\"image-section-break__second-content\">\n                            <div class=\"image-section-break__body-copy wysiwyg\"><p><span style=\"font-weight: 400;\"><strong>*Nachrichtenmeldungen und Pitches<\/strong><\/span><\/p>\n<p><span style=\"font-weight: 400;\">Schicken Sie uns Informationen, Fotos und aktuelle Pressemitteilungen oder Nachrichten \u00fcber Ihr Unternehmen, damit diese in neue Pitches und sich entwickelnde Geschichten aufgenommen werden k\u00f6nnen, die die SMTT nutzt, um das Medieninteresse an Santa Monica als erstklassiges Reiseziel zu wecken.\u00a0<\/span><\/p>\n<p><span style=\"font-weight: 400;\">Wenn Sie weitere Informationen w\u00fcnschen oder sich nach M\u00f6glichkeiten der \u00d6ffentlichkeitsarbeit erkundigen m\u00f6chten, senden Sie bitte eine E-Mail an <\/span><a href=\"mailto:media@santamonica.com\"><strong>media@santamonica.com<\/strong><\/a><span style=\"font-weight: 400;\">.<\/span><\/p>\n<\/div>\n                                <\/div>\n    <\/div>\n<\/section>\n\n\n\n<section class=\"image-section-break sm-block\">\n    <div class=\"image-section-break__image-wrapper\">\n                    <picture>\n                    <source\n                        media=\"(min-width: 768px)\"\n                        srcset=\"https:\/\/www.santamonica.com\/wp-content\/uploads\/2022\/07\/Santa-Monica-IPW-Booth-2022-1656x574-1.png\"\n                    >\n                    <img decoding=\"async\" src=\"https:\/\/www.santamonica.com\/wp-content\/uploads\/2022\/07\/Santa-Monica-IPW-Booth-2022-650x866-1.png\" class=\"image-section-break__image\" alt=\"Santa Monica-Stand auf der IPW im Jahr 2022.\" title=\"\">\n            <\/picture>\n                \n\n    <\/div>\n    <div class=\"image-section-break__text-content\">\n        <div class=\"image-section-break__first-content --theme3\">\n                                        <h2 class=\"image-section-break__title\">Vertrieb<\/h2>\n                                        <div class=\"image-section-break__body-copy wysiwyg\"><p><span style=\"font-weight: 400;\">Das Vertriebsteam bietet eine Vielzahl von M\u00f6glichkeiten, Ihr Unternehmen einem breiteren Publikum bekannt zu machen:<\/span><\/p>\n<p><span style=\"font-weight: 400;\"><strong>*Gesch\u00e4ftsm\u00f6glichkeiten und Branchenkontakte<\/strong><\/span><\/p>\n<p><span style=\"font-weight: 400;\">Erhalten Sie qualifizierte Leads f\u00fcr Gruppen\u00fcbernachtungen, Veranstaltungsr\u00e4ume, Gruppenspeisen und Aktivit\u00e4ten au\u00dferhalb des Unternehmens. Sie erhalten direkten Zugang zu Tagungen, Konferenzen und Gruppenaktivit\u00e4ten. F\u00fcr Fragen oder weitere Informationen senden Sie bitte eine E-Mail an <a href=\"mailto:meet@santamonica.com\">meet@santamonica.com<\/a>.<\/span><\/p>\n<p><span style=\"font-weight: 400;\"><strong>Verkaufsmissionen und Messen<\/strong><\/span><\/p>\n<p><span style=\"font-weight: 400;\">Wir arbeiten mit Reiseveranstaltern, Reiseb\u00fcros und Fachleuten f\u00fcr Tagungen und Incentives im In- und Ausland zusammen, um Santa Monica als erstklassiges Gesch\u00e4fts- und Freizeitziel zu verkaufen. Die SMTT bietet lokalen Unternehmen die M\u00f6glichkeit, an Missionen und Veranstaltungen teilzunehmen. <a href=\"https:\/\/www.santamonica.com\/de\/partner\/formular-fur-partnerschaftsmoglichkeiten\/\">Siehe kommende Gelegenheiten.<\/a><\/span><\/p>\n<\/div>\n                                <\/div>\n        <div class=\"image-section-break__second-content\">\n                            <div class=\"image-section-break__body-copy wysiwyg\"><p><span style=\"font-weight: 400;\"><strong>Einweisungstouren (FAMs)<\/strong><\/span><\/p>\n<p><span class=\"s1\">Die SMTT ist stolz darauf, mit gepr\u00fcften Unternehmen aus dem Tourismusbereich in Santa Monica zusammenzuarbeiten, um sie auf diese Weise mit der Stadt vertraut zu machen (FAMs). Eine FAM ist f\u00fcr Teilnehmer von Reiseb\u00fcros bis hin zu Journalisten und Influencern gedacht, um aus erster Hand zu erfahren, was Santa Monica zu bieten hat. So k\u00f6nnen sie die Stadt bei ihren Kunden, Lesern von Publikationen, Followern in den sozialen Medien und anderen besser bewerben und verkaufen. Die SMTT organisiert die FAM-Tour von Anfang bis Ende und arbeitet mit lokalen Unternehmen zusammen, um den Teilnehmern w\u00e4hrend ihres Aufenthalts in der Stadt kostenlose oder erm\u00e4\u00dfigte Erlebnisse zu erm\u00f6glichen. FAM-Touren bieten den teilnehmenden Unternehmen nicht nur die M\u00f6glichkeit, sich zu pr\u00e4sentieren und Beziehungen zu kn\u00fcpfen, sondern auch aktuelle Produkte, Erlebnisse und mehr vorzustellen.\u00a0<\/span><span style=\"font-weight: 400;\">F\u00fcr Fragen oder weitere Informationen senden Sie bitte eine E-Mail an <a title=\"mailto:clientservices@santamonica.com\" contenteditable=\"false\" href=\"mailto:clientservices@santamonica.com\">clientservices@santamonica.com<\/a>.<\/span><\/p>\n<\/div>\n                                <\/div>\n    <\/div>\n<\/section>\n\n\n\n<section class=\"image-section-break sm-block\">\n    <div class=\"image-section-break__image-wrapper\">\n                    <picture>\n                    <source\n                        media=\"(min-width: 768px)\"\n                        srcset=\"https:\/\/www.santamonica.com\/wp-content\/uploads\/2022\/07\/Santa-Monica-Pier-Aerial-1656x574-1.png\"\n                    >\n                    <img decoding=\"async\" src=\"https:\/\/www.santamonica.com\/wp-content\/uploads\/2022\/07\/Santa-Monica-Pier-Aerial-650x866-1.png\" class=\"image-section-break__image\" alt=\"Luftaufnahme von Santa Monica Pier und Pacific Park.\" title=\"\">\n            <\/picture>\n                \n\n            <div class=\"img-lctn-tag --no-link image-section-break__image-caption --right\">Santa Monica Pier<\/div>\n        <\/div>\n    <div class=\"image-section-break__text-content\">\n        <div class=\"image-section-break__first-content --theme3\">\n                                        <h2 class=\"image-section-break__title\">Dienstleistungen<\/h2>\n                                        <div class=\"image-section-break__body-copy wysiwyg\"><p><span style=\"font-weight: 400;\">*<strong>Ich bin Santa Monica<\/strong><\/span><\/p>\n<p><span style=\"font-weight: 400;\">Ein Workshop f\u00fcr alle, die mehr \u00fcber die Stadt, in der sie arbeiten und leben, erfahren m\u00f6chten. <a href=\"https:\/\/www.santamonica.com\/de\/ich-bin-santa-monica\/\">Mehr erfahren<\/a> um offizieller Informationsbotschafter zu werden.<\/span><\/p>\n<p><span style=\"font-weight: 400;\">*<strong>Bildungsworkshops und Veranstaltungen<\/strong><\/span><\/p>\n<p><span style=\"font-weight: 400;\">Roundtable-Sitzungen, bei denen lokale Unternehmen dar\u00fcber informiert werden, wie sie ihre Tourismus- und Gruppengesch\u00e4ftsaktivit\u00e4ten optimieren k\u00f6nnen. Dar\u00fcber hinaus veranstaltet die SMTT das ganze Jahr \u00fcber eine Reihe von Events, die Ihnen die M\u00f6glichkeit geben, sich mit lokalen Branchenexperten zu vernetzen. F\u00fcr Fragen oder weitere Informationen wenden Sie sich bitte an <a href=\"mailto:clientservices@santamonica.com\">clientservices@santamonica.com<\/a>.<\/span><\/p>\n<\/div>\n                                <\/div>\n        <div class=\"image-section-break__second-content\">\n                            <div class=\"image-section-break__body-copy wysiwyg\"><p><span style=\"font-weight: 400;\">*<strong>Thelma Parks Preis f\u00fcr den Geist des Tourismus<\/strong><\/span><\/p>\n<p><span style=\"font-weight: 400;\">Nominieren Sie einen Mitarbeiter f\u00fcr Santa Monicas <a href=\"https:\/\/www.santamonica.com\/de\/geist-auszeichnung\/\">Thelma Parks Preis f\u00fcr den Geist des Tourismus<\/a> zur Anerkennung bei unserer j\u00e4hrlichen <a href=\"https:\/\/www.santamonica.com\/de\/reisetourismus-gipfel\/\">Tourismus-Gipfel<\/a>.<\/span><\/p>\n<p><span style=\"font-weight: 400;\">*<strong>Offizielle Reisef\u00fchrer und Karten f\u00fcr Santa Monica<\/strong><\/span><\/p>\n<p><span style=\"font-weight: 400;\">Um unsere Besucherf\u00fchrer und Karten kostenlos als Service f\u00fcr Ihre Kunden anzubieten, senden Sie eine E-Mail an <a href=\"mailto:marketing@santamonica.com\">marketing@santamonica.com<\/a> oder rufen Sie 310-319-6263 an. Es sind auch St\u00e4nder mit Markenaufdruck erh\u00e4ltlich, auf denen die Karten kostenlos ausgestellt werden k\u00f6nnen. <a href=\"https:\/\/www.santamonica.com\/de\/anfrage-santa-monica-vistors-guide\/\">Herunterladen oder ansehen<\/a> den Besucherf\u00fchrer und die Karte.<\/span><\/p>\n<\/div>\n                                <\/div>\n    <\/div>\n<\/section>","protected":false},"excerpt":{"rendered":"<p>*Share Offers We are constantly collecting specials and deals for visitors to help spread the word about current business offerings. Please fill out this online form so we can help [&hellip;]<\/p>\n","protected":false},"author":1421,"featured_media":336928,"parent":0,"menu_order":0,"comment_status":"closed","ping_status":"closed","template":"template-editorial.php","meta":{"_acf_changed":false,"inline_featured_image":false,"footnotes":""},"silos":[3910],"class_list":["post-339968","page","type-page","status-publish","has-post-thumbnail","hentry"],"acf":[],"_links":{"self":[{"href":"https:\/\/www.santamonica.com\/de\/wp-json\/wp\/v2\/pages\/339968","targetHints":{"allow":["GET"]}}],"collection":[{"href":"https:\/\/www.santamonica.com\/de\/wp-json\/wp\/v2\/pages"}],"about":[{"href":"https:\/\/www.santamonica.com\/de\/wp-json\/wp\/v2\/types\/page"}],"author":[{"embeddable":true,"href":"https:\/\/www.santamonica.com\/de\/wp-json\/wp\/v2\/users\/1421"}],"replies":[{"embeddable":true,"href":"https:\/\/www.santamonica.com\/de\/wp-json\/wp\/v2\/comments?post=339968"}],"version-history":[{"count":127,"href":"https:\/\/www.santamonica.com\/de\/wp-json\/wp\/v2\/pages\/339968\/revisions"}],"predecessor-version":[{"id":771374,"href":"https:\/\/www.santamonica.com\/de\/wp-json\/wp\/v2\/pages\/339968\/revisions\/771374"}],"wp:featuredmedia":[{"embeddable":true,"href":"https:\/\/www.santamonica.com\/de\/wp-json\/wp\/v2\/media\/336928"}],"wp:attachment":[{"href":"https:\/\/www.santamonica.com\/de\/wp-json\/wp\/v2\/media?parent=339968"}],"wp:term":[{"taxonomy":"silos","embeddable":true,"href":"https:\/\/www.santamonica.com\/de\/wp-json\/wp\/v2\/silos?post=339968"}],"curies":[{"name":"wp","href":"https:\/\/api.w.org\/{rel}","templated":true}]}}