{"id":339940,"date":"2022-06-20T21:02:10","date_gmt":"2022-06-21T04:02:10","guid":{"rendered":"https:\/\/www.santamonica.com\/?page_id=339940"},"modified":"2025-06-11T19:31:17","modified_gmt":"2025-06-12T02:31:17","slug":"reisetourismus-gipfel","status":"publish","type":"page","link":"https:\/\/www.santamonica.com\/de\/travel-tourism-summit\/","title":{"rendered":"16. j\u00e4hrlicher Tourismusgipfel"},"content":{"rendered":"<section class=\"sun-title sm-block --theme6 --2col sm-block\">\n            <h3 class=\"sun-title__headline\">Details zur Veranstaltung<\/h3>    \n            <div class=\"sun-title__body  --2col wysiwyg\">\n                    <div class=\"column-1\">\n                <h5><strong>Wenn<\/strong><\/h5>\n<p>Donnerstag, Juni 12, 2025<br \/>\n14:00 Uhr - 17:00 Uhr.<\/p>\n<h5>Wo<\/h5>\n<p>Jonathan Beach Club<br \/>\n850 Palisades Beach Rd.<br \/>\nSanta Monica, CA 90403<\/p>\n<h5>Kleidung<\/h5>\n<p>Resort-Kleidung<\/p>\n                            <\/div>\n            <div class=\"column-2\">\n                <h5>Programm-Highlights<\/h5>\n<div class=\"column-1\">\n<ul>\n<li>Hauptrednerin Caroline Beteta, Pr\u00e4sidentin und CEO, Visit California.<\/li>\n<li>Reiseprognosen und aktuelle Wirtschaftsdaten.<\/li>\n<li>Internationale Markt-Updates mit SMTT-Vertretern aus Australien\/Neuseeland, Kanada, Frankreich, Deutschland und dem Vereinigten K\u00f6nigreich\/Irland.<\/li>\n<li>Aktuelle Informationen von Geoff Freeman, Pr\u00e4sident und CEO, U.S. Travel Association.<\/li>\n<li>Aktuelle Informationen von Erin Francis-Cummings, Pr\u00e4sidentin und CEO, Future Partners.<\/li>\n<li>Expertenpanel der Tourismusbranche mit folgenden Teilnehmern:\n<ul>\n<li>Rachel Michelin, Pr\u00e4sidentin\/CEO, Kalifornischer Einzelhandelsverband<\/li>\n<li>Jot Condie, Pr\u00e4sident\/CEO, Kalifornischer Restaurantverband<\/li>\n<li>Lynn Mohrfeld, Pr\u00e4sidentin und CEO, California Hotel &amp; Lodging Association<\/li>\n<\/ul>\n<\/li>\n<\/ul>\n<\/div>\n                            <\/div>\n            <\/div>\n    <\/section>\n\n\n\n<section class=\"two-images container-max sm-block --flip sm-block\">\n    <div class=\"two-images__container --flip\">\n\n        <div class=\"two-images__column\">\n            <div class=\"two-images__content\">\n                <div class=\"two-images__content-header-container\">\n                                            <h1 class=\"two-images__content-header\">Nominieren Sie die diesj\u00e4hrige Gewinnerin des Thelma Parks Tourism Spirit Award<\/h1>                                    <\/div>\n                                    <div class=\"two-images__content-body wysiwyg\">\n                        <p data-start=\"32\" data-end=\"181\"><strong>*Die Einreichungen sind seit Montag, 1. Juni, abgeschlossen*.<\/strong><\/p>\n<p class=\"\" data-start=\"32\" data-end=\"181\">Kennen Sie jemanden, der Santa Monica f\u00fcr Besucher unvergesslich macht? W\u00fcrdigen Sie ihre herausragenden Leistungen mit dem <strong data-start=\"141\" data-end=\"179\"><a href=\"https:\/\/www.santamonica.com\/de\/tourismusgipfel-2025-rsvp\/\">Thelma Parks Preis f\u00fcr den Geist des Tourismus<\/a><\/strong>! Mit dieser Auszeichnung werden herausragende Fachkr\u00e4fte des Gastgewerbes - mit oder ohne Management - geehrt, die von Unternehmen, Kollegen und Besuchern nominiert werden.<\/p>\n<p class=\"\" data-start=\"326\" data-end=\"489\">Benannt nach Thelma Parks, einer beliebten 23-j\u00e4hrigen Mitarbeiterin von Santa Monica Travel &amp; Tourism, werden mit dieser Auszeichnung herausragende Leistungen, Innovationen und Engagement in unserer Branche gew\u00fcrdigt. Ein Komitee aus Branchenf\u00fchrern w\u00e4hlt die Gewinner aus, die an folgenden Tagen geehrt werden <strong data-start=\"567\" data-end=\"619\">12. Juni auf dem 16. j\u00e4hrlichen Tourismusgipfel 2025<\/strong>, in Zusammenarbeit mit der Handelskammer von Santa Monica.<\/p>\n                    <\/div>\n                                            <\/div>\n        <\/div>\n\n        <div class=\"two-images__column\">\n                            <div class=\"two-images__image-container\">\n                    <img decoding=\"async\" width=\"424\" height=\"504\" src=\"https:\/\/www.santamonica.com\/wp-content\/uploads\/2024\/05\/2024-Santa-Monica-Thelma-Parks-Tourism-Spirit-Award-Winner-Ramon-Jimenez-Bravo.png\" class=\"two-images__image\" alt=\"\" loading=\"lazy\" srcset=\"https:\/\/www.santamonica.com\/wp-content\/uploads\/2024\/05\/2024-Santa-Monica-Thelma-Parks-Tourism-Spirit-Award-Winner-Ramon-Jimenez-Bravo.png 424w, https:\/\/www.santamonica.com\/wp-content\/uploads\/2024\/05\/2024-Santa-Monica-Thelma-Parks-Tourism-Spirit-Award-Winner-Ramon-Jimenez-Bravo-252x300.png 252w, https:\/\/www.santamonica.com\/wp-content\/uploads\/2024\/05\/2024-Santa-Monica-Thelma-Parks-Tourism-Spirit-Award-Winner-Ramon-Jimenez-Bravo-126x150.png 126w\" sizes=\"auto, (max-width: 424px) 100vw, 424px\" title=\"\">                    \n\n                <\/div>\n                    <\/div>\n\n        <div class=\"two-images__column\">\n                            <div class=\"two-images__image-container\">\n                    <img decoding=\"async\" width=\"600\" height=\"564\" src=\"https:\/\/www.santamonica.com\/wp-content\/uploads\/2024\/05\/Untitled-design-52.jpg\" class=\"two-images__image\" alt=\"\" loading=\"lazy\" srcset=\"https:\/\/www.santamonica.com\/wp-content\/uploads\/2024\/05\/Untitled-design-52.jpg 600w, https:\/\/www.santamonica.com\/wp-content\/uploads\/2024\/05\/Untitled-design-52-300x282.jpg 300w, https:\/\/www.santamonica.com\/wp-content\/uploads\/2024\/05\/Untitled-design-52-160x150.jpg 160w\" sizes=\"auto, (max-width: 600px) 100vw, 600px\" title=\"\">                    \n\n                <\/div>\n                    <\/div>\n\n    <\/div>\n<\/section>\n\n\n<section class=\"sun-title sm-block --theme6 --2col sm-block\" id=\"directions\">\n            <h2 class=\"sun-title__headline\">Wegbeschreibung<\/h2>    \n            <div class=\"sun-title__body  --2col wysiwyg\">\n                    <div class=\"column-1\">\n                <p style=\"font-weight: 400;\"><strong>Vom internationalen Flughafen Los Angeles (LAX)<br \/>\n<\/strong>Nehmen Sie den Freeway I-405 N in Richtung Santa Monica<br \/>\nNehmen Sie die I-10 W in Richtung Santa Monica<br \/>\nWeiter auf CA-1 N<br \/>\nLinks in den Club einbiegen<\/p>\n<p style=\"font-weight: 400;\"><strong>Von n\u00f6rdlich von Santa Monica<br \/>\n<\/strong>Nehmen Sie den Freeway US-101 S<br \/>\nNehmen Sie die I-405 S in Richtung Santa Monica<br \/>\nNehmen Sie die I-10 W in Richtung Santa Monica<br \/>\nWeiter auf CA-1 N<br \/>\nLinks in den Club einbiegen<\/p>\n                            <\/div>\n            <div class=\"column-2\">\n                <p><strong>Von s\u00fcdlich von Santa Monica<br \/>\n<\/strong>Nehmen Sie den Freeway I-405 N in Richtung Santa Monica<br \/>\nNehmen Sie die I-10 W in Richtung Santa Monica<br \/>\nWeiter auf CA-1 N<br \/>\nLinks in den Club einbiegen<\/p>\n<p style=\"font-weight: 400;\"><strong>Von \u00f6stlich von Santa Monica<br \/>\n<\/strong>Nehmen Sie die I-10 W in Richtung Santa Monica<br \/>\nWeiter auf CA-1 N<br \/>\nLinks in den Club einbiegen<\/p>\n                            <\/div>\n            <\/div>\n    <\/section>\n\n\n<section class=\"sun-title sm-block --theme6 sm-block\" id=\"directions\">\n            <h2 class=\"sun-title__headline\">Parken<\/h2>    \n            <div class=\"sun-title__body  wysiwyg\">\n                    <p>Parkm\u00f6glichkeiten gibt es auf dem North Lot 8, 772-798 Pacific Coast Hwy, Santa Monica, CA 90403.<br \/>\nGeben Sie bei Ihrer Ankunft unbedingt an, dass Sie am Santa Monica Tourism Summit teilnehmen.<\/p>\n                        <\/div>\n    <\/section>\n\n\n\n<section class=\"image-section-break sm-block\">\n    <div class=\"image-section-break__image-wrapper\">\n                    <picture>\n                    <source\n                        media=\"(min-width: 768px)\"\n                        srcset=\"https:\/\/www.santamonica.com\/wp-content\/uploads\/2022\/06\/santa-monica-speaker-scaled.jpg\"\n                    >\n                    <img decoding=\"async\" src=\"https:\/\/www.santamonica.com\/wp-content\/uploads\/2022\/06\/Santa-monica-speaker-at-event.jpg\" class=\"image-section-break__image\" alt=\"\" title=\"\">\n            <\/picture>\n                \n\n    <\/div>\n    <div class=\"image-section-break__text-content\">\n        <div class=\"image-section-break__first-content --theme3\">\n                                        <h2 class=\"image-section-break__title\">Hauptredner<\/h2>\n                                            <\/div>\n        <div class=\"image-section-break__second-content\">\n                                <\/div>\n    <\/div>\n<\/section>\n\n\n<section class=\"sun-title sm-block --theme1 --2col sm-block\" id=\"caroline\">\n            <h5 class=\"sun-title__headline\">Caroline Beteta, Visit California<\/h5>    \n            <div class=\"sun-title__body  --2col wysiwyg\">\n                    <div class=\"column-1\">\n                <p>Caroline Beteta ist Pr\u00e4sidentin und CEO der branchengef\u00fchrten Visit California, einer gemeinn\u00fctzigen Organisation, die Kalifornien als erstklassiges Reiseziel vermarkten soll, um den Anteil des Staates an den tourismusbezogenen Einnahmen zu erh\u00f6hen. Gleichzeitig fungiert sie als strategische Beraterin f\u00fcr das Governor's Office of Business &amp; Economic Development (GO-Biz). Beteta ist f\u00fcr die Umsetzung des globalen Marketingprogramms von Visit California im Namen der 21.000 Investoren der Organisation verantwortlich und fungiert als f\u00fchrende Sprecherin der kalifornischen Reisebranche. In ihrer Amtszeit hat sie ein Jahrzehnt des Wachstums der kalifornischen Reiseindustrie \u00fcberwacht, das 2019 mit einem Rekordwert von $144,9 Milliarden an wirtschaftlichem Nutzen f\u00fcr den Bundesstaat seinen H\u00f6hepunkt erreichte. Sie hat das Wachstum von Visit California zu einem globalen Marketing-Franchise vorangetrieben und dazu beigetragen, die Reise- und Tourismusbranche nach zahlreichen Natur- und Wirtschaftskrisen wieder aufzubauen.<\/p>\n<p>Caroline hat zahlreiche Auszeichnungen f\u00fcr ihre kreative Arbeit und ihre F\u00fchrungsqualit\u00e4ten in der Reisebranche erhalten, darunter die Aufnahme in die U.S. Travel Association's Hall of Leaders.<\/p>\n<p>Caroline hat einen Bachelor-Abschluss in Internationalen Beziehungen von der University of California, Los Angeles, und einen Master-Abschluss in \u00d6ffentlicher Verwaltung\/Intergovernmental Affairs von der University of Southern California. Au\u00dferdem absolvierte sie das Stanford Graduate School of Business Executive Marketing Management Program.<\/p>\n                            <\/div>\n            <div class=\"column-2\">\n                <p><img decoding=\"async\" class=\"aligncenter wp-image-380254 size-full\" src=\"https:\/\/www.santamonica.com\/wp-content\/uploads\/2023\/05\/Caroline-Beteta-Web.jpg\" alt=\"\" width=\"300\" height=\"350\" srcset=\"https:\/\/www.santamonica.com\/wp-content\/uploads\/2023\/05\/Caroline-Beteta-Web.jpg 300w, https:\/\/www.santamonica.com\/wp-content\/uploads\/2023\/05\/Caroline-Beteta-Web-257x300.jpg 257w, https:\/\/www.santamonica.com\/wp-content\/uploads\/2023\/05\/Caroline-Beteta-Web-129x150.jpg 129w\" sizes=\"(max-width: 300px) 100vw, 300px\" title=\"\"><\/p>\n                            <\/div>\n            <\/div>\n    <\/section>","protected":false},"excerpt":{"rendered":"","protected":false},"author":1450,"featured_media":765699,"parent":0,"menu_order":0,"comment_status":"closed","ping_status":"closed","template":"template-editorial.php","meta":{"_acf_changed":false,"inline_featured_image":false,"footnotes":""},"silos":[],"class_list":["post-339940","page","type-page","status-publish","has-post-thumbnail","hentry"],"acf":[],"_links":{"self":[{"href":"https:\/\/www.santamonica.com\/de\/wp-json\/wp\/v2\/pages\/339940","targetHints":{"allow":["GET"]}}],"collection":[{"href":"https:\/\/www.santamonica.com\/de\/wp-json\/wp\/v2\/pages"}],"about":[{"href":"https:\/\/www.santamonica.com\/de\/wp-json\/wp\/v2\/types\/page"}],"author":[{"embeddable":true,"href":"https:\/\/www.santamonica.com\/de\/wp-json\/wp\/v2\/users\/1450"}],"replies":[{"embeddable":true,"href":"https:\/\/www.santamonica.com\/de\/wp-json\/wp\/v2\/comments?post=339940"}],"version-history":[{"count":272,"href":"https:\/\/www.santamonica.com\/de\/wp-json\/wp\/v2\/pages\/339940\/revisions"}],"predecessor-version":[{"id":778156,"href":"https:\/\/www.santamonica.com\/de\/wp-json\/wp\/v2\/pages\/339940\/revisions\/778156"}],"wp:featuredmedia":[{"embeddable":true,"href":"https:\/\/www.santamonica.com\/de\/wp-json\/wp\/v2\/media\/765699"}],"wp:attachment":[{"href":"https:\/\/www.santamonica.com\/de\/wp-json\/wp\/v2\/media?parent=339940"}],"wp:term":[{"taxonomy":"silos","embeddable":true,"href":"https:\/\/www.santamonica.com\/de\/wp-json\/wp\/v2\/silos?post=339940"}],"curies":[{"name":"wp","href":"https:\/\/api.w.org\/{rel}","templated":true}]}}