{"id":339851,"date":"2022-06-17T10:05:48","date_gmt":"2022-06-17T17:05:48","guid":{"rendered":"https:\/\/www.santamonica.com\/?page_id=339851"},"modified":"2025-05-07T16:48:44","modified_gmt":"2025-05-07T23:48:44","slug":"pool-kabinen","status":"publish","type":"page","link":"https:\/\/www.santamonica.com\/de\/hotels\/pool-cabanas\/","title":{"rendered":"Pools und Cabanas"},"content":{"rendered":"<section class=\"two-images container-max sm-block --flip sm-block\">\n    <div class=\"two-images__container --flip\">\n\n        <div class=\"two-images__column\">\n            <div class=\"two-images__content\">\n                <div class=\"two-images__content-header-container\">\n                                            <h2 class=\"two-images__content-header\">Santa Monica Kabinenvermietung<\/h2>                                    <\/div>\n                                    <div class=\"two-images__content-body wysiwyg\">\n                        <p>Suchen Sie einen Ort, an dem Sie den Strand zu Fu\u00df erreichen k\u00f6nnen? Suchen Sie nicht weiter. Es gibt mehrere Cabana-Vermietungen am Strand von Santa Monica, so dass Sie nicht weit laufen m\u00fcssen, um die perfekte Unterkunft f\u00fcr Ihren Urlaub an der kalifornischen K\u00fcste zu finden. Schauen Sie sich einige unserer Favoriten an und denken Sie daran, rechtzeitig zu reservieren, da diese atemberaubenden Einrichtungen schnell ausgebucht sind!<\/p>\n                    <\/div>\n                                            <\/div>\n        <\/div>\n\n        <div class=\"two-images__column\">\n                            <div class=\"two-images__image-container\">\n                    <img decoding=\"async\" width=\"425\" height=\"505\" src=\"https:\/\/www.santamonica.com\/wp-content\/uploads\/2022\/06\/santa-monica-day-beachfront-pool.jpg\" class=\"two-images__image\" alt=\"Shore Hotel Pool Santa Monica\" loading=\"lazy\" srcset=\"https:\/\/www.santamonica.com\/wp-content\/uploads\/2022\/06\/santa-monica-day-beachfront-pool.jpg 425w, https:\/\/www.santamonica.com\/wp-content\/uploads\/2022\/06\/santa-monica-day-beachfront-pool-252x300.jpg 252w, https:\/\/www.santamonica.com\/wp-content\/uploads\/2022\/06\/santa-monica-day-beachfront-pool-126x150.jpg 126w\" sizes=\"auto, (max-width: 425px) 100vw, 425px\" title=\"\">                    \n\n                <\/div>\n                    <\/div>\n\n        <div class=\"two-images__column\">\n                            <div class=\"two-images__image-container\">\n                    <img decoding=\"async\" width=\"1024\" height=\"765\" src=\"https:\/\/www.santamonica.com\/wp-content\/uploads\/2022\/06\/los-angeles-area-poolside-cabanas-1024x765.jpg\" class=\"two-images__image\" alt=\"\" loading=\"lazy\" srcset=\"https:\/\/www.santamonica.com\/wp-content\/uploads\/2022\/06\/los-angeles-area-poolside-cabanas-1024x765.jpg 1024w, https:\/\/www.santamonica.com\/wp-content\/uploads\/2022\/06\/los-angeles-area-poolside-cabanas-300x224.jpg 300w, https:\/\/www.santamonica.com\/wp-content\/uploads\/2022\/06\/los-angeles-area-poolside-cabanas-201x150.jpg 201w, https:\/\/www.santamonica.com\/wp-content\/uploads\/2022\/06\/los-angeles-area-poolside-cabanas-768x574.jpg 768w, https:\/\/www.santamonica.com\/wp-content\/uploads\/2022\/06\/los-angeles-area-poolside-cabanas.jpg 1339w\" sizes=\"auto, (max-width: 1024px) 100vw, 1024px\" title=\"\">                    \n\n                <\/div>\n                    <\/div>\n\n    <\/div>\n<\/section>\n\n\n<section class=\"sun-title sm-block --theme6 sm-block\">\n            <h3 class=\"sun-title__headline\">Viceroy Santa Monica<\/h3>    \n            <div class=\"sun-title__body  wysiwyg\">\n                    <p>A<a href=\"https:\/\/www.santamonica.com\/de\/hotels\/viceroy-santa-monica\/\">\u00a0Viceroy Santa Monica<\/a>\u00a0Cabana-Vermietung bietet die M\u00f6glichkeit, luxuri\u00f6se, kreativ gestaltete Cabanas in der N\u00e4he des Santa Monica Beach und der besten Restaurants und Einkaufsm\u00f6glichkeiten der Stadt zu erleben. Viele der Viceroy-Cabanas mit mehreren Einheiten sind im Freien (damit Sie die Meeresbrise genie\u00dfen k\u00f6nnen) und bieten einen weiten Blick auf das Meer. Au\u00dferdem l\u00e4dt das Viceroy Santa Monica mit einem makellosen Au\u00dfenpool, kostenlosen Liegest\u00fchlen und einem Restaurant mit Innen- und Au\u00dfenbereich zum ultimativen Entspannungserlebnis ein. Cabanas und Poolzugang sind f\u00fcr Nicht-Hotelg\u00e4ste \u00fcber Tagesp\u00e4sse erh\u00e4ltlich.<\/p>\n                        <\/div>\n    <\/section>\n\n\n<section class=\"sun-title sm-block --theme6 sm-block\">\n            <h3 class=\"sun-title__headline\">Sandbourne Santa Monica<\/h3>    \n            <div class=\"sun-title__body  wysiwyg\">\n                    <p class=\"p1\">Sie befindet sich in der 1740 Ocean Avenue, <a href=\"https:\/\/www.santamonica.com\/de\/hotels\/le-merigot-santa-monica\/\">Sandbourne Santa Monica<\/a> pr\u00e4sentiert 175 sorgf\u00e4ltig gestaltete G\u00e4stezimmer und Suiten. Der gehobene Pool mit seinen Cabanas erg\u00e4nzt die ikonische Kulisse des Santa Monica Beach. Unser hochmodernes Fitnesscenter im Innen- und Au\u00dfenbereich ist auf Wellnessbegeisterte ausgerichtet, w\u00e4hrend ein Hundepark und ein Bienenstock vor Ort unser Engagement f\u00fcr ein vielf\u00e4ltiges und nachhaltiges G\u00e4steerlebnis verst\u00e4rken.<\/p>\n                        <\/div>\n    <\/section>\n\n\n<section class=\"sun-title sm-block --theme6 sm-block\">\n            <h3 class=\"sun-title__headline\">Das Pierside Hotel<\/h3>    \n            <div class=\"sun-title__body  wysiwyg\">\n                    <p>Entspannen Sie sich nach einem Sightseeing-Tag im Wasser in <a href=\"https:\/\/www.santamonica.com\/de\/hotels\/das-pierside-hotel-santa-monica\/\">Das Pierside Hotel<\/a>\u2019Der beheizte Pool. Ein traumhaftes Ziel f\u00fcr ein Bad und eine schattige Pause von der Sonne Santa Monicas. Das Pierside Hotel bietet Liegesofas und Sessel zum Mieten an, die mit Getr\u00e4nken und Snacks am Pool kombiniert werden k\u00f6nnen. <a href=\"https:\/\/www.santamonica.com\/de\/restaurants\/der-surffuchs\/\">Der Surffuchs<\/a>. F\u00fcr Nicht-Hotelg\u00e4ste gibt es Tageskarten f\u00fcr den Verleih von M\u00f6beln und den Zugang zum Pool.<\/p>\n                        <\/div>\n    <\/section>\n\n\n\n<section class=\"two-images container-max sm-block  sm-block\">\n    <div class=\"two-images__container\">\n\n        <div class=\"two-images__column\">\n            <div class=\"two-images__content\">\n                <div class=\"two-images__content-header-container\">\n                                            <h2 class=\"two-images__content-header\">Finden Sie eine Pool Cabana Vermietung in der N\u00e4he von Los Angeles<\/h2>                                    <\/div>\n                                    <div class=\"two-images__content-body wysiwyg\">\n                        <p>Lassen Sie uns die Dinge richtig stellen. Es gibt viele Cabana-Vermietungen in Santa Monica. Von Santa Monica aus sind es nur 15 Meilen bis in die Innenstadt von Los Angeles! Wenn Sie dem Trubel der Metropole entfliehen m\u00f6chten, aber dennoch leichten Zugang zu allen st\u00e4dtischen Angeboten haben wollen, bietet eine Cabana-Vermietung in Santa Monica den perfekten Rahmen. Hier sind einige der besten Cabana-Vermietungen in Santa Monica mit beheizten Au\u00dfenpools.<\/p>\n                    <\/div>\n                                            <\/div>\n        <\/div>\n\n        <div class=\"two-images__column\">\n                            <div class=\"two-images__image-container\">\n                    <img decoding=\"async\" width=\"425\" height=\"505\" src=\"https:\/\/www.santamonica.com\/wp-content\/uploads\/2022\/06\/downtown-hotels-with-pool.jpg\" class=\"two-images__image\" alt=\"Hotels mit Pool im Zentrum von Santa Monica\" loading=\"lazy\" srcset=\"https:\/\/www.santamonica.com\/wp-content\/uploads\/2022\/06\/downtown-hotels-with-pool.jpg 425w, https:\/\/www.santamonica.com\/wp-content\/uploads\/2022\/06\/downtown-hotels-with-pool-252x300.jpg 252w, https:\/\/www.santamonica.com\/wp-content\/uploads\/2022\/06\/downtown-hotels-with-pool-126x150.jpg 126w\" sizes=\"auto, (max-width: 425px) 100vw, 425px\" title=\"\">                    \n\n                <\/div>\n                    <\/div>\n\n        <div class=\"two-images__column\">\n                            <div class=\"two-images__image-container\">\n                    <img decoding=\"async\" width=\"1024\" height=\"765\" src=\"https:\/\/www.santamonica.com\/wp-content\/uploads\/2022\/06\/downtown-santa-monica-hotel-with-pool-1024x765.jpg\" class=\"two-images__image\" alt=\"\" loading=\"lazy\" srcset=\"https:\/\/www.santamonica.com\/wp-content\/uploads\/2022\/06\/downtown-santa-monica-hotel-with-pool-1024x765.jpg 1024w, https:\/\/www.santamonica.com\/wp-content\/uploads\/2022\/06\/downtown-santa-monica-hotel-with-pool-300x224.jpg 300w, https:\/\/www.santamonica.com\/wp-content\/uploads\/2022\/06\/downtown-santa-monica-hotel-with-pool-201x150.jpg 201w, https:\/\/www.santamonica.com\/wp-content\/uploads\/2022\/06\/downtown-santa-monica-hotel-with-pool-768x574.jpg 768w, https:\/\/www.santamonica.com\/wp-content\/uploads\/2022\/06\/downtown-santa-monica-hotel-with-pool.jpg 1339w\" sizes=\"auto, (max-width: 1024px) 100vw, 1024px\" title=\"\">                    \n\n                <\/div>\n                    <\/div>\n\n    <\/div>\n<\/section>\n\n\n<section class=\"sun-title sm-block --theme6 sm-block\">\n            <h3 class=\"sun-title__headline\">Santa Monica Proper Hotel<\/h3>    \n            <div class=\"sun-title__body  wysiwyg\">\n                    <p>Die moderne<a href=\"https:\/\/www.santamonica.com\/de\/hotels\/santa-monica-proper-hotel\/\">\u00a0Santa Monica Proper Hotel<\/a>\u00a0bietet Cabana-Vermietungen, die sich durch organische Opulenz auszeichnen. Das Hotel nutzt das nat\u00fcrliche Licht der Stadt und die Meeresbrise, um private Cabanas mit sch\u00f6n eingerichteten Zimmern und viel Licht anzubieten. Das Hotel verf\u00fcgt \u00fcber eine Pool-Dachterrasse, ein Restaurant und eine Bar sowie das Surya Spa, das Programme f\u00fcr spirituelle, mentale und emotionale Gesundheit anbietet. Buchen Sie Ihren Aufenthalt rechtzeitig, denn die Nachfrage nach Cabanas im Santa Monica Proper Hotel ist gro\u00df!<\/p>\n                        <\/div>\n    <\/section>\n\n\n<section class=\"sun-title sm-block --theme6 sm-block\">\n            <h3 class=\"sun-title__headline\">Courtyard By Marriott Santa Monica<\/h3>    \n            <div class=\"sun-title__body  wysiwyg\">\n                    <p>Das Hotel liegt im Herzen des Stadtzentrums von Santa Monica, nur wenige Gehminuten von Pier und Strand entfernt.<a href=\"https:\/\/www.santamonica.com\/de\/hotels\/courtyard-by-marriott-santa-monica\/\"> Courtyard by Marriott Santa Monica<\/a>\u00a0ist bekannt f\u00fcr seine modernen Annehmlichkeiten und luxuri\u00f6sen Betten. Auf dem Pooldeck bietet das Courtyard Hotel private Cabanas, die nicht im Voraus gebucht werden m\u00fcssen! Genie\u00dfen Sie die hervorragende Gastronomie in der Innenstadt, schlendern Sie zum Sonnenuntergang zum Santa Monica Beach oder entspannen Sie einfach am beheizten Pool. Sie haben die Wahl, wenn Sie im Courtyard by Marriott \u00fcbernachten!<\/p>\n                        <\/div>\n    <\/section>\n\n\n<section class=\"sun-title sm-block --theme6 sm-block\">\n            <h3 class=\"sun-title__headline\">Hilton Santa Monica Hotel &amp; Suiten<\/h3>    \n            <div class=\"sun-title__body  wysiwyg\">\n                    <p>Nur einen kurzen Spaziergang vom Strand entfernt, an der 4th Street, liegt das<a href=\"https:\/\/www.santamonica.com\/de\/hotels\/hilton-santa-monica-hotel-and-suites\/\"> Hilton Santa Monica Hotel &amp; Suiten<\/a>\u00a0hat im April 2021 brandneue Anlagen er\u00f6ffnet, darunter einen G\u00e4stepool und wundersch\u00f6ne private Cabanas. Schauen Sie sich diese familienfreundliche Poolanlage an und genie\u00dfen Sie einen Tag der Entspannung.\u00a0\u00a0<b>\u00a0<\/b><\/p>\n                        <\/div>\n    <\/section>\n\n\n\n<section class=\"two-images container-max sm-block --flip sm-block\">\n    <div class=\"two-images__container --flip\">\n\n        <div class=\"two-images__column\">\n            <div class=\"two-images__content\">\n                <div class=\"two-images__content-header-container\">\n                                            <h2 class=\"two-images__content-header\">Weitere luxuri\u00f6se Cabana-Optionen in Santa Monica<\/h2>                                    <\/div>\n                                    <div class=\"two-images__content-body wysiwyg\">\n                        <p>Sind Sie noch auf der Suche nach dem perfekten R\u00fcckzugsort? Entlang der K\u00fcste von Santa Monica gibt es zahlreiche luxuri\u00f6se Hotels, die Suiten mit mehreren Zimmern f\u00fcr Familien oder Freunde anbieten. Egal, ob Sie in einem Pool auf dem Dach schwelgen oder am Strand faulenzen m\u00f6chten, hier finden Sie die besten Luxusunterk\u00fcnfte.<\/p>\n                    <\/div>\n                                            <\/div>\n        <\/div>\n\n        <div class=\"two-images__column\">\n                            <div class=\"two-images__image-container\">\n                    <img decoding=\"async\" width=\"425\" height=\"505\" src=\"https:\/\/www.santamonica.com\/wp-content\/uploads\/2022\/06\/poolside-santa-monica-downtown.jpg\" class=\"two-images__image\" alt=\"\" loading=\"lazy\" srcset=\"https:\/\/www.santamonica.com\/wp-content\/uploads\/2022\/06\/poolside-santa-monica-downtown.jpg 425w, https:\/\/www.santamonica.com\/wp-content\/uploads\/2022\/06\/poolside-santa-monica-downtown-252x300.jpg 252w, https:\/\/www.santamonica.com\/wp-content\/uploads\/2022\/06\/poolside-santa-monica-downtown-126x150.jpg 126w\" sizes=\"auto, (max-width: 425px) 100vw, 425px\" title=\"\">                    \n\n                <\/div>\n                    <\/div>\n\n        <div class=\"two-images__column\">\n                            <div class=\"two-images__image-container\">\n                    <img decoding=\"async\" width=\"1024\" height=\"765\" src=\"https:\/\/www.santamonica.com\/wp-content\/uploads\/2022\/06\/luxury-hotel-pools-la-1024x765.jpg\" class=\"two-images__image\" alt=\"\" loading=\"lazy\" srcset=\"https:\/\/www.santamonica.com\/wp-content\/uploads\/2022\/06\/luxury-hotel-pools-la-1024x765.jpg 1024w, https:\/\/www.santamonica.com\/wp-content\/uploads\/2022\/06\/luxury-hotel-pools-la-300x224.jpg 300w, https:\/\/www.santamonica.com\/wp-content\/uploads\/2022\/06\/luxury-hotel-pools-la-201x150.jpg 201w, https:\/\/www.santamonica.com\/wp-content\/uploads\/2022\/06\/luxury-hotel-pools-la-768x574.jpg 768w, https:\/\/www.santamonica.com\/wp-content\/uploads\/2022\/06\/luxury-hotel-pools-la.jpg 1339w\" sizes=\"auto, (max-width: 1024px) 100vw, 1024px\" title=\"\">                    \n\n                <\/div>\n                    <\/div>\n\n    <\/div>\n<\/section>\n\n\n<section class=\"sun-title sm-block --theme6 sm-block\">\n            <h3 class=\"sun-title__headline\">Fensterl\u00e4den am Strand<\/h3>    \n            <div class=\"sun-title__body  wysiwyg\">\n                    <p>Mit kilometerlangem Strandvergn\u00fcgen,<a href=\"https:\/\/www.santamonica.com\/de\/hotels\/fensterladen-am-strand\/\">\u00a0Fensterl\u00e4den am Strand<\/a>\u00a0in Santa Monica ist Ihr Zuhause am Meer, weit weg von zu Hause. Das komfortable und luxuri\u00f6se Shutters on the Beach Hotel bietet ger\u00e4umige Zimmer und Suiten mit Meerblick und geschmackvoller Strandhauseinrichtung. Dar\u00fcber hinaus bietet dieser stilvolle R\u00fcckzugsort feine Restaurants mit K\u00fcstenk\u00fcche und einen Concierge-Service vor Ort. Als einer der wenigen Hotelpools in Santa Monica mit Blick auf den Strand bietet das Shutters on the Beach seinen G\u00e4sten auch Liegest\u00fchle und Sonnenschirme direkt am Strand.<\/p>\n                        <\/div>\n    <\/section>\n\n\n<section class=\"sun-title sm-block --theme6 sm-block\">\n            <h3 class=\"sun-title__headline\">Hotel Casa Del Mar<\/h3>    \n            <div class=\"sun-title__body  wysiwyg\">\n                    <p><a href=\"https:\/\/www.santamonica.com\/de\/hotels\/hotel-casa-del-mar\/\">Hotel Casa Del Mar<\/a>\u00a0bietet eine \u201cMini-Cabana\u201d mit Liegestuhl und Sonnenschirm auf dem Sand des Santa Monica State Beach an, in der die G\u00e4ste die Wellen in Luxus genie\u00dfen k\u00f6nnen.<\/p>\n                        <\/div>\n    <\/section>\n\n\n<section class=\"sun-title sm-block --theme6 sm-block\">\n            <h3 class=\"sun-title__headline\">HYATT CENTRIC DELFINA SANTA MONICA<\/h3>    \n            <div class=\"sun-title__body  wysiwyg\">\n                    <section class=\"content-block\">\n<div class=\"width-restrict --content\">\n<article class=\"post-content \/ subpage-intro\">\n<div class=\"subpage-intro__content wizzywig\">\n<p>Genie\u00dfen Sie die Aussicht auf die Stadt und den Pazifischen Ozean bei einem Aufenthalt im <a href=\"https:\/\/www.santamonica.com\/de\/hotels\/hyatt-centric-delfina-santa-monica\/\">Hyatt Centric Delfina Santa Monica<\/a>. Dieses moderne Hotel ist nur wenige Gehminuten vom Santa Monica Pier entfernt und bietet seinen G\u00e4sten einen kostenlosen Fahrradverleih, einen kostenlosen Parkservice und Champagner. Die Zimmer und Suiten bieten Meerblick, private Balkone und eine moderne Einrichtung.<\/p>\n<\/div>\n<\/article>\n<\/div>\n<\/section>\n                        <\/div>\n    <\/section>","protected":false},"excerpt":{"rendered":"","protected":false},"author":1450,"featured_media":340926,"parent":0,"menu_order":0,"comment_status":"closed","ping_status":"closed","template":"template-editorial.php","meta":{"_acf_changed":false,"inline_featured_image":false,"footnotes":""},"silos":[3890],"class_list":["post-339851","page","type-page","status-publish","has-post-thumbnail","hentry"],"acf":[],"_links":{"self":[{"href":"https:\/\/www.santamonica.com\/de\/wp-json\/wp\/v2\/pages\/339851","targetHints":{"allow":["GET"]}}],"collection":[{"href":"https:\/\/www.santamonica.com\/de\/wp-json\/wp\/v2\/pages"}],"about":[{"href":"https:\/\/www.santamonica.com\/de\/wp-json\/wp\/v2\/types\/page"}],"author":[{"embeddable":true,"href":"https:\/\/www.santamonica.com\/de\/wp-json\/wp\/v2\/users\/1450"}],"replies":[{"embeddable":true,"href":"https:\/\/www.santamonica.com\/de\/wp-json\/wp\/v2\/comments?post=339851"}],"version-history":[{"count":106,"href":"https:\/\/www.santamonica.com\/de\/wp-json\/wp\/v2\/pages\/339851\/revisions"}],"predecessor-version":[{"id":766078,"href":"https:\/\/www.santamonica.com\/de\/wp-json\/wp\/v2\/pages\/339851\/revisions\/766078"}],"wp:featuredmedia":[{"embeddable":true,"href":"https:\/\/www.santamonica.com\/de\/wp-json\/wp\/v2\/media\/340926"}],"wp:attachment":[{"href":"https:\/\/www.santamonica.com\/de\/wp-json\/wp\/v2\/media?parent=339851"}],"wp:term":[{"taxonomy":"silos","embeddable":true,"href":"https:\/\/www.santamonica.com\/de\/wp-json\/wp\/v2\/silos?post=339851"}],"curies":[{"name":"wp","href":"https:\/\/api.w.org\/{rel}","templated":true}]}}