{"id":338406,"date":"2022-06-21T13:08:16","date_gmt":"2022-06-21T20:08:16","guid":{"rendered":"https:\/\/www.santamonica.com\/?page_id=338406"},"modified":"2025-12-09T08:38:24","modified_gmt":"2025-12-09T16:38:24","slug":"sicherheitshinweise-zur-verkehrsfuhrung-in-santa-monica","status":"publish","type":"page","link":"https:\/\/www.santamonica.com\/de\/transportation\/safety-information-getting-around-santa-monica\/","title":{"rendered":"Sichere Fortbewegung"},"content":{"rendered":"<section class=\"image-section-break sm-block\" id=\"Walking\">\n    <div class=\"image-section-break__image-wrapper\">\n                    <picture>\n                    <source\n                        media=\"(min-width: 768px)\"\n                        srcset=\"https:\/\/www.santamonica.com\/wp-content\/uploads\/2022\/07\/Santa-Monica-Crosswalk-Pedestrians.png\"\n                    >\n                    <img decoding=\"async\" src=\"https:\/\/www.santamonica.com\/wp-content\/uploads\/2022\/07\/Santa-Monica-Crosswalk-Pedestrians-mobile.png\" class=\"image-section-break__image\" alt=\"Santa Monica Zebrastreifen mit Fu\u00dfg\u00e4ngern\" title=\"\">\n            <\/picture>\n                \n\n    <\/div>\n    <div class=\"image-section-break__text-content\">\n        <div class=\"image-section-break__first-content --theme3\">\n                            <div class=\"image-section-break__eyebrow-text\">Sicherheitstipps<\/div>\n                                        <h2 class=\"image-section-break__title\">Gehen<\/h2>\n                                        <div class=\"image-section-break__body-copy wysiwyg\"><ul>\n<li><span style=\"font-weight: 400;\">Obwohl Fu\u00dfg\u00e4nger an Fu\u00dfg\u00e4nger\u00fcberwegen Vorfahrt haben, sollten Sie vorsichtig sein und Blickkontakt mit Autofahrern aufnehmen, um sich zu vergewissern, dass diese Sie gesehen haben und ihr Fahrzeug anhalten.<\/span><\/li>\n<li><span style=\"font-weight: 400;\">Das Schreiben von SMS, das Tragen von Kopf- oder Ohrh\u00f6rern und das H\u00f6ren von Musik w\u00e4hrend des Gehens beeintr\u00e4chtigen das Geh\u00f6r und k\u00f6nnen ablenken.<\/span><\/li>\n<li><span style=\"font-weight: 400;\">Fu\u00dfg\u00e4nger d\u00fcrfen nur auf markierten Fu\u00dfg\u00e4nger\u00fcberwegen gehen. Das \u00dcberqueren eines markierten Zebrastreifens au\u00dferhalb des Zebrastreifens - das sogenannte \"Schwalbengehen\" - ist eine Ordnungswidrigkeit, die mit einem Strafzettel geahndet werden kann.<\/span><\/li>\n<\/ul>\n<\/div>\n                                <\/div>\n        <div class=\"image-section-break__second-content\">\n                            <div class=\"image-section-break__body-copy wysiwyg\"><ul>\n<li><span style=\"font-weight: 400;\">\u00dcberqueren Sie die Stra\u00dfe nur bei gr\u00fcnem Licht oder wenn das \u201cWalk\u201d-Schild aktiviert ist. In der gesamten Innenstadt von Santa Monica gibt es Fu\u00dfg\u00e4ngerampeln. An diesen Kreuzungen ist eine reine Fu\u00dfg\u00e4ngerphase in den Ampelzyklus integriert, die es Fu\u00dfg\u00e4ngern und Radfahrern erm\u00f6glicht, die Kreuzung in alle Richtungen, auch diagonal, gleichzeitig zu \u00fcberqueren.<\/span><\/li>\n<li><span style=\"font-weight: 400;\">Seien Sie besonders vorsichtig, wenn Sie mit Kindern \u00fcber die Stra\u00dfe gehen. Denken Sie daran, dass Autofahrer die Kleinen m\u00f6glicherweise nicht sehen; halten Sie ihnen beim \u00dcberqueren die Hand.<\/span><\/li>\n<li><span style=\"font-weight: 400;\">Machen Sie einem schnell fahrenden Fahrzeug nicht die Vorfahrt streitig. Lassen Sie den Fahrzeugen gen\u00fcgend Zeit zum Anhalten.<\/span><\/li>\n<\/ul>\n<\/div>\n                                <\/div>\n    <\/div>\n<\/section>\n\n\n\n<section class=\"image-section-break sm-block\" id=\"Biking\">\n    <div class=\"image-section-break__image-wrapper\">\n                    <picture>\n                    <source\n                        media=\"(min-width: 768px)\"\n                        srcset=\"https:\/\/www.santamonica.com\/wp-content\/uploads\/2022\/07\/Santa-Monica-Bike-Path-1.png\"\n                    >\n                    <img decoding=\"async\" src=\"https:\/\/www.santamonica.com\/wp-content\/uploads\/2022\/07\/Santa-Monica-Bike-Path-Mobile-1.png\" class=\"image-section-break__image\" alt=\"Santa Monica Radweg\" title=\"\">\n            <\/picture>\n                \n\n    <\/div>\n    <div class=\"image-section-break__text-content\">\n        <div class=\"image-section-break__first-content --theme3\">\n                            <div class=\"image-section-break__eyebrow-text\">Sicheres Fahren auf R\u00e4dern<\/div>\n                                        <h2 class=\"image-section-break__title\">Radfahren<\/h2>\n                                        <div class=\"image-section-break__body-copy wysiwyg\"><ul>\n<li style=\"font-weight: 400;\" aria-level=\"1\"><span style=\"font-weight: 400;\">Seien Sie aufmerksam und wachsam.<\/span><\/li>\n<li style=\"font-weight: 400;\" aria-level=\"1\"><span style=\"font-weight: 400;\">Tragen Sie immer einen Helm. (F\u00fcr Fahrer unter 18 Jahren ist das Tragen eines Helms gesetzlich vorgeschrieben.) Santa Monica Travel &amp; Tourism's three\u00a0<a href=\"https:\/\/www.santamonica.com\/de\/uber\/besucherzentren\/\">Besucherinformationszentren<\/a> bieten kostenlose Helme in Einheitsgr\u00f6\u00dfe und kostenloses Helmrecycling.<\/span><\/li>\n<li><span style=\"font-weight: 400;\">Befolgen Sie alle Verkehrsregeln und Signale. Halten Sie bei Stoppschildern und roten Ampeln an.<\/span><\/li>\n<\/ul>\n<\/div>\n                                <\/div>\n        <div class=\"image-section-break__second-content\">\n                            <div class=\"image-section-break__body-copy wysiwyg\"><ul>\n<li><span style=\"font-weight: 400;\">Gegen den Verkehr zu fahren ist illegal und gef\u00e4hrlich. Fahren Sie auf der rechten Seite der Stra\u00dfe, mit dem Verkehr, und benutzen Sie die Fahrradspur, wo vorhanden.<\/span><\/li>\n<li style=\"font-weight: 400;\" aria-level=\"1\"><span style=\"font-weight: 400;\">Verwenden Sie Handzeichen und Blickkontakt, um mit Autofahrern, anderen Radfahrern und Fu\u00dfg\u00e4ngern zu kommunizieren.<\/span><\/li>\n<li style=\"font-weight: 400;\" aria-level=\"1\"><span style=\"font-weight: 400;\">Machen Sie sich f\u00fcr die Autofahrer sichtbar, vor allem bei Nacht. Verwenden Sie Lichter und Reflektoren und tragen Sie helle Kleidung.<\/span><\/li>\n<li style=\"font-weight: 400;\" aria-level=\"1\"><span style=\"font-weight: 400;\">\u00dcberqueren Sie Fu\u00dfg\u00e4nger\u00fcberwege, wenn das fahrradspezifische Lichtsignal mit einem gr\u00fcnen Fahrradsymbol aufleuchtet.<\/span><\/li>\n<\/ul>\n<\/div>\n                                <\/div>\n    <\/div>\n<\/section>\n\n\n\n<section class=\"image-section-break sm-block\" id=\"Driving\">\n    <div class=\"image-section-break__image-wrapper\">\n                \n\n    <\/div>\n    <div class=\"image-section-break__text-content\">\n        <div class=\"image-section-break__first-content --theme3\">\n                            <div class=\"image-section-break__eyebrow-text\">Sichere Fortbewegung<\/div>\n                                        <h2 class=\"image-section-break__title\">Fahren<\/h2>\n                                        <div class=\"image-section-break__body-copy wysiwyg\"><ul>\n<li><span style=\"font-weight: 400;\">Santa Monica ist eine aktive Stadt. Konzentrieren Sie sich jederzeit auf die Stra\u00dfe.<\/span><\/li>\n<li><span style=\"font-weight: 400;\">Fahrer und Beifahrer m\u00fcssen immer angeschnallt sein. Kinder unter 8 Jahren und einer K\u00f6rpergr\u00f6\u00dfe von weniger als 1,80 m m\u00fcssen einen Sicherheitssitz benutzen.<\/span><\/li>\n<li><span style=\"font-weight: 400;\">Fu\u00dfg\u00e4nger haben an Fu\u00dfg\u00e4nger\u00fcberwegen Vorfahrt. Blinkende rote Lichter zeigen an, dass Autofahrer anhalten m\u00fcssen. Warten Sie immer, bis Fu\u00dfg\u00e4nger die Stra\u00dfe sicher \u00fcberqueren k\u00f6nnen.<\/span><\/li>\n<li><span style=\"font-weight: 400;\">Bewahren Sie beim Parken Ihre Wertsachen au\u00dfer Sichtweite auf oder nehmen Sie sie mit.<\/span><\/li>\n<\/ul>\n<\/div>\n                                <\/div>\n        <div class=\"image-section-break__second-content\">\n                            <div class=\"image-section-break__body-copy wysiwyg\"><ul>\n<li><span style=\"font-weight: 400;\">Au\u00dfer an Fu\u00dfg\u00e4nger\u00fcberwegen, wenn die Fu\u00dfg\u00e4ngerampel eingeschaltet ist, oder wenn eine entsprechende Anzeige vorhanden ist, k\u00f6nnen Autofahrer an einer roten Ampel nach rechts abbiegen, nachdem sie vollst\u00e4ndig angehalten haben, solange der Verkehr frei ist.\u00a0<\/span><\/li>\n<li><span style=\"font-weight: 400;\">Autos d\u00fcrfen die Busspuren nicht benutzen, au\u00dfer zum Rechtsabbiegen, das w\u00e4hrend der Hauptverkehrszeiten eingeschr\u00e4nkt ist.<\/span><\/li>\n<li><span style=\"font-weight: 400;\">Halten Sie die vorgeschriebenen Geschwindigkeitsbegrenzungen ein.<\/span><\/li>\n<li><span style=\"font-weight: 400;\">Autofahrer m\u00fcssen f\u00fcr Polizei- und Rettungsfahrzeuge mit eingeschaltetem Blaulicht und Martinshorn anhalten.<\/span><\/li>\n<li><span style=\"font-weight: 400;\">Schreiben Sie keine SMS und hantieren Sie nicht mit dem Telefon w\u00e4hrend des Fahrens - das ist gesetzeswidrig und erh\u00f6ht die Wahrscheinlichkeit eines Zusammensto\u00dfes um das 23,2-fache im Vergleich zum Fahren ohne Beeintr\u00e4chtigung.<\/span><\/li>\n<\/ul>\n<\/div>\n                                <\/div>\n    <\/div>\n<\/section>\n\n\n\n<section class=\"image-section-break sm-block\" id=\"Riding\">\n    <div class=\"image-section-break__image-wrapper\">\n                    <picture>\n                    <source\n                        media=\"(min-width: 768px)\"\n                        srcset=\"https:\/\/www.santamonica.com\/wp-content\/uploads\/2022\/07\/Santa-Monica-Metro-2.png\"\n                    >\n                    <img decoding=\"async\" src=\"https:\/\/www.santamonica.com\/wp-content\/uploads\/2022\/07\/Santa-Monica-Metro-Mobile-2.png\" class=\"image-section-break__image\" alt=\"U-Bahn-Station Santa Monica\" title=\"\">\n            <\/picture>\n                \n\n    <\/div>\n    <div class=\"image-section-break__text-content\">\n        <div class=\"image-section-break__first-content --theme3\">\n                            <div class=\"image-section-break__eyebrow-text\">Metro-Tipps<\/div>\n                                        <h2 class=\"image-section-break__title\">Reiten auf der Schiene<\/h2>\n                                        <div class=\"image-section-break__body-copy wysiwyg\"><ul>\n<li style=\"font-weight: 400;\" aria-level=\"1\"><span style=\"font-weight: 400;\">Halten Sie immer Abstand zu einem fahrenden Zug. Halten Sie sich von der Bahnsteigkante fern, laufen Sie niemals hinter oder neben einem fahrenden Zug her und warten Sie, bis der Zug zum Stillstand gekommen ist, bevor Sie sich ihm n\u00e4hern.<\/span><\/li>\n<li style=\"font-weight: 400;\" aria-level=\"1\"><span style=\"font-weight: 400;\">Halten Sie Ihre Kinder fest, wenn sich ein Zug n\u00e4hert, um zu verhindern, dass sie zu nahe an die Gleise gelangen.<\/span><\/li>\n<li style=\"font-weight: 400;\" aria-level=\"1\"><span style=\"font-weight: 400;\">Fahren Sie auf dem Bahnsteig, den Treppen und Rolltreppen nicht mit dem Fahrrad oder auf Skates.<\/span><\/li>\n<\/ul>\n<\/div>\n                                <\/div>\n        <div class=\"image-section-break__second-content\">\n                            <div class=\"image-section-break__body-copy wysiwyg\"><ul>\n<li><span style=\"font-weight: 400;\">Seien Sie beim Einsteigen vorsichtig, wenn Sie die L\u00fccke zwischen Bahnsteig und Zug \u00fcberqueren.<\/span><\/li>\n<li style=\"font-weight: 400;\" aria-level=\"1\"><span style=\"font-weight: 400;\">Halten Sie sich von den Zugt\u00fcren fern; wenn Sie sie ber\u00fchren oder sich auf sie st\u00fctzen, k\u00f6nnten Sie ihre Bewegung behindern.<\/span><\/li>\n<li style=\"font-weight: 400;\" aria-level=\"1\"><span style=\"font-weight: 400;\">Klettern Sie niemals auf Schienenfahrzeuge und betreten Sie niemals die Gleise.<\/span><\/li>\n<li style=\"font-weight: 400;\" aria-level=\"1\"><span style=\"font-weight: 400;\">Achten Sie auf abgesenkte Bahnschranken. Versuchen Sie nie, dem Zug zuvorzukommen, indem Sie die Schranken umgehen. Warten Sie stattdessen, bis sie sich nach der Durchfahrt des Zuges heben.<\/span><\/li>\n<li style=\"font-weight: 400;\" aria-level=\"1\"><span style=\"font-weight: 400;\">Achten Sie als Fu\u00dfg\u00e4nger auf Z\u00fcge in allen Richtungen.<\/span><\/li>\n<\/ul>\n<\/div>\n                                <\/div>\n    <\/div>\n<\/section>\n\n\n\n<section class=\"image-section-break sm-block\" id=\"Scootering\">\n    <div class=\"image-section-break__image-wrapper\">\n                    <picture>\n                    <source\n                        media=\"(min-width: 768px)\"\n                        srcset=\"https:\/\/www.santamonica.com\/wp-content\/uploads\/2023\/08\/Veo-scooter-Santa-Monica-1656x574-1.jpg\"\n                    >\n                    <img decoding=\"async\" src=\"https:\/\/www.santamonica.com\/wp-content\/uploads\/2023\/08\/Veo-scooter-Santa-Monica-650x866-1.jpg\" class=\"image-section-break__image\" alt=\"\" title=\"\">\n            <\/picture>\n                \n\n    <\/div>\n    <div class=\"image-section-break__text-content\">\n        <div class=\"image-section-break__first-content --theme3\">\n                            <div class=\"image-section-break__eyebrow-text\">Sicheres Fahren<\/div>\n                                        <h2 class=\"image-section-break__title\">Scootering<\/h2>\n                                        <div class=\"image-section-break__body-copy wysiwyg\"><ul>\n<li style=\"font-weight: 400;\" aria-level=\"1\"><span style=\"font-weight: 400;\">Helme sind <\/span><span style=\"font-weight: 400;\">erforderlich f\u00fcr <\/span><span style=\"font-weight: 400;\">Fahrg\u00e4ste unter 18 Jahren. Santa Monica Travel &amp; Tourism's drei <a href=\"https:\/\/www.santamonica.com\/de\/uber\/besucherzentren\/\">Besucherinformationszentren<\/a> bieten kostenlose Helme in Einheitsgr\u00f6\u00dfe und kostenloses Helmrecycling.<\/span><\/li>\n<li style=\"font-weight: 400;\" aria-level=\"1\"><span style=\"font-weight: 400;\">Das Fahren mit mehr als einem Passagier auf dem Roller ist verboten.<\/span><\/li>\n<\/ul>\n<\/div>\n                                <\/div>\n        <div class=\"image-section-break__second-content\">\n                            <div class=\"image-section-break__body-copy wysiwyg\"><ul>\n<li><span style=\"font-weight: 400;\">Motorroller m\u00fcssen auf der Stra\u00dfe gefahren werden, niemals auf dem Gehweg, und d\u00fcrfen nicht auf dem Gehweg geparkt werden, so dass sie den Fu\u00dfg\u00e4ngerverkehr behindern. Die Fahrer m\u00fcssen die Verkehrsregeln beachten.<\/span><\/li>\n<li style=\"font-weight: 400;\" aria-level=\"1\"><span style=\"font-weight: 400;\">Motorisierte Scooter sind auf den Fahrradwegen am Strand, am Santa Monica Pier, auf der Third Street Promenade und in den st\u00e4dtischen Parks, einschlie\u00dflich des Palisades Park, nicht erlaubt.<\/span><\/li>\n<li style=\"font-weight: 400;\" aria-level=\"1\"><span style=\"font-weight: 400;\">Die Benutzung von Motorrollern bei Nacht, die nicht \u00fcber eine geeignete Beleuchtungsanlage verf\u00fcgen, ist verboten.<\/span><\/li>\n<\/ul>\n<\/div>\n                                <\/div>\n    <\/div>\n<\/section>\n\n\n<section class=\"travel-tips --theme7 sm-block base-block\">\n    <div class=\"travel-tips__inner\">\n        <div class=\"travel-tips__body-col\">\n                            <img decoding=\"async\" src=\"https:\/\/www.santamonica.com\/wp-content\/uploads\/2022\/06\/responsible-badge-1.svg\" alt=\"Verantwortungsvoll reisen in Santa Monica\" title=\"\">\n                                        <p class=\"travel-tips__intro\">Reisen Sie sicher und nachhaltig und tragen Sie mit diesen Tipps dazu bei, die Sch\u00f6nheit Santa Monicas zu erhalten und gleichzeitig gesund zu bleiben.<\/p>\n                    <\/div>\n        <div class=\"travel-tips__links-col\">\n                        <div class=\"travel-tips__link-row\">\n                                    <img decoding=\"async\" src=\"https:\/\/www.santamonica.com\/wp-content\/uploads\/2022\/06\/Parking-Information.svg\" alt=\"Parken in Santa Monica\" title=\"\">\n                                                    <a class=\"travel-tips__link\" href=\"https:\/\/www.santamonica.com\/de\/transport\/parkplatz\/\">\n                        Informationen zum Parken                    <\/a>\n                            <\/div>\n                        <div class=\"travel-tips__link-row\">\n                                    <img decoding=\"async\" src=\"https:\/\/www.santamonica.com\/wp-content\/uploads\/2022\/06\/What-to-Pack.svg\" alt=\"Packen f\u00fcr eine Reise nach Santa Monica\" title=\"\">\n                                                    <a class=\"travel-tips__link\" href=\"https:\/\/www.santamonica.com\/de\/santa-monica-erleben\/was-zu-packen-ist\/\">\n                        Was zu packen ist                    <\/a>\n                            <\/div>\n                        <div class=\"travel-tips__link-row\">\n                                    <img decoding=\"async\" src=\"https:\/\/www.santamonica.com\/wp-content\/uploads\/2022\/06\/Health-and-Safety.svg\" alt=\"Santa Monica Reise-Sicherheitstipps\" title=\"\">\n                                                    <a class=\"travel-tips__link\" href=\"https:\/\/www.santamonica.com\/de\/santa-monica-erleben\/sicherheit\/\">\n                        Gesundheit und Sicherheit                    <\/a>\n                            <\/div>\n                        <div class=\"travel-tips__link-row\">\n                                    <img decoding=\"async\" src=\"https:\/\/www.santamonica.com\/wp-content\/uploads\/2022\/06\/The-Essentials.svg\" alt=\"Santa Monica Reise Essentials\" title=\"\">\n                                                    <a class=\"travel-tips__link\" href=\"https:\/\/www.santamonica.com\/de\/santa-monica-erleben\/wesentliches\/\">\n                        Die Essentials                    <\/a>\n                            <\/div>\n                    <\/div>\n\n    <\/div>\n<\/section>\n\n\n<section class=\"blog-feed --theme8 sm-block\">\n    <div class=\"blog-feed__content\">\n        <div class=\"blog-feed__intro\">\n                            <div class=\"blog-feed__eyebrow eyebrow\">Blogs<\/div>                                        <h1 class=\"blog-feed__headline\">Santa Monica entdecken<\/h1>                                        <div class=\"blog-feed__body\"><p>Entdecken Sie Reiserouten, lokale Tipps, Hot Spots und ausgew\u00e4hlte Abenteuer, damit Sie das Beste aus Ihrem Aufenthalt in Santa Monica machen k\u00f6nnen.<\/p>\n<\/div>\n                                        <a class=\"blog-feed__cta\" href=\"https:\/\/www.santamonica.com\/de\/blogeintrage\/\">Alle Blogs anzeigen<\/a>\n                    <\/div>\n\n        <ul class=\"blog-feed__list\">\n                                                <li class=\"blog-feed__item\">\n                        <a href=\"https:\/\/www.santamonica.com\/de\/things-to-do\/outdoors\/\" class=\"blog-feed__item-link\">\n                            <div class=\"blog-feed__image-ratio\">\n                                <img decoding=\"async\" class=\"blog-feed__image\" src=\"https:\/\/www.santamonica.com\/wp-content\/uploads\/2020\/04\/Santa-Monica-Virtual-Beach-blog-post-featured-400x400.jpg\" alt=\"Genie\u00dfen Sie die frische Luft und die Meeresbrise in Santa Monica\" title=\"\">\n                            <\/div>\n                            <div class=\"blog-feed__card-title\">Genie\u00dfen Sie die frische Luft und die Meeresbrise in Santa Monica<\/div>\n                        <\/a>\n                    <\/li>\n                                                                <li class=\"blog-feed__item\">\n                        <a href=\"https:\/\/www.santamonica.com\/de\/things-to-do\/coastal-chronicles-the-history-of-santa-monicas-libraries\/\" class=\"blog-feed__item-link\">\n                            <div class=\"blog-feed__image-ratio\">\n                                <img decoding=\"async\" class=\"blog-feed__image\" src=\"https:\/\/www.santamonica.com\/wp-content\/uploads\/2024\/04\/Untitled-design-34-400x400.jpg\" alt=\"Chroniken der K\u00fcste: Die Geschichte der Bibliotheken von Santa Monica\" title=\"\">\n                            <\/div>\n                            <div class=\"blog-feed__card-title\">Chroniken der K\u00fcste: Die Geschichte der Bibliotheken von Santa Monica<\/div>\n                        <\/a>\n                    <\/li>\n                                                                <li class=\"blog-feed__item\">\n                        <a href=\"https:\/\/www.santamonica.com\/de\/experience-santa-monica\/15-movies-to-satiate-your-santa-monica-wanderlust\/\" class=\"blog-feed__item-link\">\n                            <div class=\"blog-feed__image-ratio\">\n                                <img decoding=\"async\" class=\"blog-feed__image\" src=\"https:\/\/www.santamonica.com\/wp-content\/uploads\/2020\/03\/Movies-Filmed-in-Santa-Monica-blog-post-featured-400x400.jpg\" alt=\"Filme und Fernsehsendungen zur Befriedigung der Wanderlust in Santa Monica\" title=\"\">\n                            <\/div>\n                            <div class=\"blog-feed__card-title\">Filme und Fernsehsendungen zur Befriedigung der Wanderlust in Santa Monica<\/div>\n                        <\/a>\n                    <\/li>\n                                    <\/ul>\n    <\/div>\n<\/section>","protected":false},"excerpt":{"rendered":"","protected":false},"author":1421,"featured_media":350184,"parent":0,"menu_order":0,"comment_status":"closed","ping_status":"closed","template":"template-editorial.php","meta":{"_acf_changed":false,"inline_featured_image":false,"footnotes":""},"silos":[3906],"class_list":["post-338406","page","type-page","status-publish","has-post-thumbnail","hentry"],"acf":[],"_links":{"self":[{"href":"https:\/\/www.santamonica.com\/de\/wp-json\/wp\/v2\/pages\/338406","targetHints":{"allow":["GET"]}}],"collection":[{"href":"https:\/\/www.santamonica.com\/de\/wp-json\/wp\/v2\/pages"}],"about":[{"href":"https:\/\/www.santamonica.com\/de\/wp-json\/wp\/v2\/types\/page"}],"author":[{"embeddable":true,"href":"https:\/\/www.santamonica.com\/de\/wp-json\/wp\/v2\/users\/1421"}],"replies":[{"embeddable":true,"href":"https:\/\/www.santamonica.com\/de\/wp-json\/wp\/v2\/comments?post=338406"}],"version-history":[{"count":140,"href":"https:\/\/www.santamonica.com\/de\/wp-json\/wp\/v2\/pages\/338406\/revisions"}],"predecessor-version":[{"id":387365,"href":"https:\/\/www.santamonica.com\/de\/wp-json\/wp\/v2\/pages\/338406\/revisions\/387365"}],"wp:featuredmedia":[{"embeddable":true,"href":"https:\/\/www.santamonica.com\/de\/wp-json\/wp\/v2\/media\/350184"}],"wp:attachment":[{"href":"https:\/\/www.santamonica.com\/de\/wp-json\/wp\/v2\/media?parent=338406"}],"wp:term":[{"taxonomy":"silos","embeddable":true,"href":"https:\/\/www.santamonica.com\/de\/wp-json\/wp\/v2\/silos?post=338406"}],"curies":[{"name":"wp","href":"https:\/\/api.w.org\/{rel}","templated":true}]}}