{"id":338356,"date":"2022-06-10T16:55:00","date_gmt":"2022-06-10T23:55:00","guid":{"rendered":"https:\/\/www.santamonica.com\/?page_id=338356"},"modified":"2026-03-19T15:25:36","modified_gmt":"2026-03-19T22:25:36","slug":"geist-auszeichnung","status":"publish","type":"page","link":"https:\/\/www.santamonica.com\/de\/spirit-award\/","title":{"rendered":"Thelma Parks Preis f\u00fcr den Geist des Tourismus"},"content":{"rendered":"<section class=\"sun-title sm-block --theme6 --2col sm-block\">\n            <h2 class=\"sun-title__headline\">Nominieren Sie den diesj\u00e4hrigen Gewinner des Thelma Parks Tourism Spirit Award!<\/h2>    \n            <div class=\"sun-title__body  --2col wysiwyg\">\n                    <div class=\"column-1\">\n                <h5>Beschreibung:<\/h5>\n<p>Hat Ihnen jemand den Tag vers\u00fc\u00dft? Santa Monicas pulsierendes Tourismus- und Gastgewerbe erwirtschaftet j\u00e4hrlich \u00fcber $1 Milliarde Euro, dank der engagierten Menschen, die es zu einem Reiseziel von Weltklasse machen. Um au\u00dfergew\u00f6hnliche Leistungen zu w\u00fcrdigen, hat Santa Monica Travel &amp; Tourism (SMTT) den <strong data-start=\"273\" data-end=\"310\">Thelma Parks Preis f\u00fcr den Geist des Tourismus<\/strong>, benannt nach einer geliebten 23-j\u00e4hrigen SMTT-Mitarbeiterin, die bis zu ihrem Tod im Jahr 2011 Engagement und Gastfreundschaft vorlebte.<\/p>\n<p class=\"\" data-start=\"430\" data-end=\"752\">Mit dieser j\u00e4hrlichen Auszeichnung, die jedes Jahr im Mai auf dem Santa Monica Travel &amp; Tourism Summit in Zusammenarbeit mit der Santa Monica Chamber of Commerce verliehen wird, werden diejenigen gew\u00fcrdigt, die in der Branche Au\u00dfergew\u00f6hnliches leisten. Nominiert werden k\u00f6nnen Unternehmen, Einwohner und Besucher. Die Gewinner werden von einer Jury aus Branchenkollegen und -f\u00fchrern ausgew\u00e4hlt.<\/p>\n<h5 data-start=\"430\" data-end=\"752\">Deadline f\u00fcr die Nominierung:<\/h5>\n<p data-start=\"430\" data-end=\"752\">1. Juni 2026<\/p>\n                                <a href=\"https:\/\/www.santamonica.com\/de\/ich-bin-santa-monica\/formular-fur-die-nominierung-zum-spirit-award\/\" class=\"sun-title__cta-col1 button --primary-teal-button\" >Nominieren Sie hier<\/a>                            <\/div>\n            <div class=\"column-2\">\n                <h5>Nominierungsregeln:<\/h5>\n<ul>\n<li>Das Unternehmen muss einen guten Ruf bei der Stadt Santa Monica und der SMTT haben.<\/li>\n<li>Sie m\u00fcssen \u00fcber alle gesetzlich vorgeschriebenen Genehmigungen und Lizenzen verf\u00fcgen.<\/li>\n<li>Alle eingereichten Beitr\u00e4ge gehen in das Eigentum der SMTT \u00fcber, und mit der Einreichung eines Beitrags erteilen Sie der SMTT unwiderruflich die Erlaubnis, den Aufsatz und alle damit verbundenen Materialien, die Sie eingereicht haben, zu bearbeiten, zu vervielf\u00e4ltigen, zu ver\u00f6ffentlichen, zu senden und auszustellen. Indem Sie einen Beitrag einreichen, versichern Sie au\u00dferdem, dass der Beitrag keine Urheberrechte, Ver\u00f6ffentlichungsrechte oder das Recht auf Privatsph\u00e4re verletzt, und erkl\u00e4ren sich damit einverstanden, die SMTT zu verteidigen und schadlos zu halten, wenn solche Anspr\u00fcche gegen sie erhoben werden.<\/li>\n<li>Die Nominierten m\u00fcssen Absolventen des Workshops \"I Am Santa Monica\" sein.<\/li>\n<li>Alle ausgew\u00e4hlten Finalisten\/Gewinner erhalten einen Sitzplatz f\u00fcr die Teilnahme am Santa Monica Travel &amp; Tourism Summit im Mai und m\u00fcssen sich damit einverstanden erkl\u00e4ren, dass ihr Name und ihr Bild in Werbematerialien erscheinen.<\/li>\n<li>Ein (1) Gewinner wird mit dem Thelma Parks Tourism Spirit Award ausgezeichnet und auf dem Travel &amp; Tourism Summit im Mai bekannt gegeben.<\/li>\n<li>Die Nominierungen m\u00fcssen mit dem untenstehenden Formular eingereicht werden.<\/li>\n<\/ul>\n                            <\/div>\n            <\/div>\n    <\/section>\n\n\n\n<div class=\"wp-block-columns is-layout-flex wp-container-core-columns-is-layout-28f84493 wp-block-columns-is-layout-flex base-block\">\n<div class=\"wp-block-column is-layout-flow wp-block-column-is-layout-flow base-block\">\n<h2 class=\"wp-block-heading base-block\">Zu den fr\u00fcheren Gewinnern geh\u00f6ren:<\/h2>\n\n\n\n<ul class=\"wp-block-list base-block\">\n<li class=\"base-block\">Chefkoch Vittorio Lucariello, K\u00fcchenchef im Shutters on the Beach<\/li>\n\n\n\n<li class=\"base-block\">Ramon Jimenez-Bravo, Rezeptionist im Shore Hotel<\/li>\n\n\n\n<li class=\"base-block\">Modesta Melchor, Fairmont Miramar Hotel &amp; Bungalows<\/li>\n\n\n\n<li class=\"base-block\">Darius Smiley, Hyatt Centric Delfina Santa Monica<\/li>\n\n\n\n<li class=\"base-block\">Manju Raman, Huntley Santa Monica Beach<\/li>\n\n\n\n<li class=\"base-block\">Barbara Moss, Fairmont Miramar Hotel &amp; Bungalows<\/li>\n\n\n\n<li class=\"base-block\">Kat Wells, Kreislauf Santa Monica<\/li>\n\n\n\n<li class=\"base-block\">Melanie Lawson, Hilton Santa Monica Hotel &amp; Suites<\/li>\n\n\n\n<li class=\"base-block\">Derek Davis, Botschafter f\u00fcr die Innenstadt von Santa Monica<\/li>\n\n\n\n<li class=\"base-block\">Jessica Mahone, Front Desk Manager im Sandbourne Santa Monica<\/li>\n\n\n\n<li class=\"base-block\">Mickey Barnes, Kellner im The Lobster<\/li>\n\n\n\n<li class=\"base-block\">Elizabeth Wilsonhoyles, Leiterin des G\u00e4steservices im Huntley Santa Monica Beach<\/li>\n<\/ul>\n<\/div>\n<\/div>\n\n\n\n<section class=\"image-section-break sm-block\">\n    <div class=\"image-section-break__image-wrapper\">\n                    <picture>\n                    <source\n                        media=\"(min-width: 768px)\"\n                        srcset=\"https:\/\/www.santamonica.com\/wp-content\/uploads\/2022\/07\/Santa-Monica-The-Bungalow-Employee-1656x574-1.png\"\n                    >\n                    <img decoding=\"async\" src=\"https:\/\/www.santamonica.com\/wp-content\/uploads\/2022\/07\/Santa-Monica-The-Bungalow-Employee-650x866-1.png\" class=\"image-section-break__image\" alt=\"Mitarbeiter hinter der Bar im Bungalow in Santa Monica.\" title=\"\">\n            <\/picture>\n                \n\n            <div class=\"img-lctn-tag --no-link image-section-break__image-caption --right\">Der Bungalow<\/div>\n        <\/div>\n    <div class=\"image-section-break__text-content\">\n        <div class=\"image-section-break__first-content --theme3\">\n                                        <h2 class=\"image-section-break__title\">Hat jemand Ihren Tag versch\u00f6nert?<\/h2>\n                                        <div class=\"image-section-break__body-copy wysiwyg\"><p>Santa Monica ist ein lebendiger und begehrter Ort zum Leben und Arbeiten. Ein gro\u00dfer Teil seines Erfolgs ist den Menschen zu verdanken, die hinter der 1 Milliarde Dollar stehen, die j\u00e4hrlich aus Tourismus- und Gastgewerbeeinnahmen und Steuern erwirtschaftet wird.<\/p>\n<p>Santa Monica Travel &amp; Tourism (SMTT) hatte das Gl\u00fcck, eine erstaunliche 23-j\u00e4hrige Mitarbeiterin, Thelma Parks, zu haben, die im Januar 2011 starb. Ihr zu Ehren haben wir den \u201cThelma Parks Tourism Spirit Award\u201d ins Leben gerufen, um herausragende Leistungen in der Branche zu w\u00fcrdigen.<\/p>\n<\/div>\n                                <\/div>\n        <div class=\"image-section-break__second-content\">\n                            <div class=\"image-section-break__body-copy wysiwyg\"><p>Der Preis spielt eine wichtige Rolle bei der F\u00f6rderung und Belohnung von Spitzenleistungen, Innovation und Engagement in der Tourismus- und Gastgewerbebranche. Unternehmen, Wohnorte und Besucher k\u00f6nnen andere nominieren, die von einem Ausschuss aus Branchenkollegen, Experten und F\u00fchrungskr\u00e4ften gepr\u00fcft und ausgew\u00e4hlt werden.<\/p>\n<p>Die Preistr\u00e4ger werden j\u00e4hrlich in Zusammenarbeit mit der Handelskammer von Santa Monica ausgew\u00e4hlt und geehrt. Der Thelma Parks Tourism Spirit Award wird jedes Jahr im Mai w\u00e4hrend des j\u00e4hrlichen Santa Monica Travel &amp; Tourism Summit verliehen.<\/p>\n<\/div>\n                                <\/div>\n    <\/div>\n<\/section>\n\n\n\n<section class=\"image-section-break sm-block\">\n    <div class=\"image-section-break__image-wrapper\">\n                    <picture>\n                    <source\n                        media=\"(min-width: 768px)\"\n                        srcset=\"https:\/\/www.santamonica.com\/wp-content\/uploads\/2022\/07\/Santa-Monica-Pier-Aerial-1656x574-1.png\"\n                    >\n                    <img decoding=\"async\" src=\"https:\/\/www.santamonica.com\/wp-content\/uploads\/2022\/07\/Santa-Monica-Pier-Aerial-650x866-1.png\" class=\"image-section-break__image\" alt=\"Luftaufnahme von Santa Monica Pier und Pacific Park.\" title=\"\">\n            <\/picture>\n                \n\n            <div class=\"img-lctn-tag --no-link image-section-break__image-caption --right\">Santa Monica Pier<\/div>\n        <\/div>\n    <div class=\"image-section-break__text-content\">\n        <div class=\"image-section-break__first-content --theme3\">\n                                        <h2 class=\"image-section-break__title\">Wie Sie teilnehmen k\u00f6nnen: <\/h2>\n                                        <div class=\"image-section-break__body-copy wysiwyg\"><h4><span style=\"font-weight: 400;\">REGELN F\u00dcR NOMINIERUNGEN:<\/span><\/h4>\n<ul>\n<li style=\"font-weight: 400;\" aria-level=\"1\"><span style=\"font-weight: 400;\">Das Unternehmen muss einen guten Ruf bei der Stadt Santa Monica und der SMTT haben.<\/span><\/li>\n<li style=\"font-weight: 400;\" aria-level=\"1\"><span style=\"font-weight: 400;\">Sie m\u00fcssen \u00fcber alle gesetzlich vorgeschriebenen Genehmigungen und Lizenzen verf\u00fcgen.<\/span><\/li>\n<li style=\"font-weight: 400;\" aria-level=\"1\"><span style=\"font-weight: 400;\">Alle eingereichten Beitr\u00e4ge gehen in das Eigentum der SMTT \u00fcber, und mit der Einreichung eines Beitrags erteilen Sie der SMTT unwiderruflich die Erlaubnis, den Aufsatz und alle damit verbundenen Materialien, die Sie eingereicht haben, zu bearbeiten, zu vervielf\u00e4ltigen, zu ver\u00f6ffentlichen, zu senden und auszustellen. Indem Sie einen Beitrag einreichen, versichern Sie au\u00dferdem, dass der Beitrag keine Urheberrechte, Ver\u00f6ffentlichungsrechte oder das Recht auf Privatsph\u00e4re verletzt, und erkl\u00e4ren sich damit einverstanden, die SMTT zu verteidigen und schadlos zu halten, wenn solche Anspr\u00fcche gegen sie erhoben werden.<\/span><\/li>\n<\/ul>\n<\/div>\n                                <\/div>\n        <div class=\"image-section-break__second-content\">\n                            <div class=\"image-section-break__body-copy wysiwyg\"><ul>\n<li style=\"font-weight: 400;\" aria-level=\"1\"><span style=\"font-weight: 400;\">Die Nominierten m\u00fcssen einen Hochschulabschluss der <\/span><a href=\"https:\/\/www.santamonica.com\/de\/ich-bin-santa-monica\/\"><span style=\"font-weight: 400;\"><strong>Ich bin Santa Monica<\/strong><\/span><\/a>\u00a0<span style=\"font-weight: 400;\">Workshop.<\/span><\/li>\n<li style=\"font-weight: 400;\" aria-level=\"1\"><span style=\"font-weight: 400;\">Alle ausgew\u00e4hlten Finalisten\/Gewinner erhalten einen Sitzplatz f\u00fcr die Teilnahme am Santa Monica Travel &amp; Tourism Summit im Mai und m\u00fcssen sich damit einverstanden erkl\u00e4ren, dass ihr Name und ihr Bild in Werbematerialien erscheinen.<\/span><\/li>\n<li style=\"font-weight: 400;\" aria-level=\"1\"><span style=\"font-weight: 400;\">Ein (1) Gewinner wird mit dem Thelma Parks Tourism Spirit Award ausgezeichnet und auf dem Travel &amp; Tourism Summit im Mai bekannt gegeben.<\/span><\/li>\n<li style=\"font-weight: 400;\" aria-level=\"1\"><span style=\"font-weight: 400;\">Nominierungen m\u00fcssen eingereicht werden \u00fcber <strong><a href=\"https:\/\/www.santamonica.com\/de\/ich-bin-santa-monica\/formular-fur-die-nominierung-zum-spirit-award\/\">dieses Formular<\/a><\/strong>.<\/span><\/li>\n<\/ul>\n<p><span style=\"font-weight: 400;\">Vielen Dank, dass Sie uns helfen, die Mitarbeiter zu ehren, die unseren Besuchern in Santa Monica unvergessliche Erlebnisse bescheren! Wenn Sie Fragen zum Thelma Parks Tourism Spirit Award haben, wenden Sie sich bitte an <\/span><a href=\"mailto:clientservices@santamonica.com\"><span style=\"font-weight: 400;\"><strong>clientservices@santamonica.com<\/strong><\/span><\/a><span style=\"font-weight: 400;\"> oder rufen Sie 310-319-6263 an.<\/span><\/p>\n<\/div>\n                                <\/div>\n    <\/div>\n<\/section>","protected":false},"excerpt":{"rendered":"<p>Zu den fr\u00fcheren Gewinnern geh\u00f6ren:<\/p>","protected":false},"author":1421,"featured_media":348388,"parent":0,"menu_order":0,"comment_status":"closed","ping_status":"closed","template":"template-editorial.php","meta":{"_acf_changed":false,"inline_featured_image":false,"footnotes":""},"silos":[],"class_list":["post-338356","page","type-page","status-publish","has-post-thumbnail","hentry"],"acf":[],"_links":{"self":[{"href":"https:\/\/www.santamonica.com\/de\/wp-json\/wp\/v2\/pages\/338356","targetHints":{"allow":["GET"]}}],"collection":[{"href":"https:\/\/www.santamonica.com\/de\/wp-json\/wp\/v2\/pages"}],"about":[{"href":"https:\/\/www.santamonica.com\/de\/wp-json\/wp\/v2\/types\/page"}],"author":[{"embeddable":true,"href":"https:\/\/www.santamonica.com\/de\/wp-json\/wp\/v2\/users\/1421"}],"replies":[{"embeddable":true,"href":"https:\/\/www.santamonica.com\/de\/wp-json\/wp\/v2\/comments?post=338356"}],"version-history":[{"count":83,"href":"https:\/\/www.santamonica.com\/de\/wp-json\/wp\/v2\/pages\/338356\/revisions"}],"predecessor-version":[{"id":791546,"href":"https:\/\/www.santamonica.com\/de\/wp-json\/wp\/v2\/pages\/338356\/revisions\/791546"}],"wp:featuredmedia":[{"embeddable":true,"href":"https:\/\/www.santamonica.com\/de\/wp-json\/wp\/v2\/media\/348388"}],"wp:attachment":[{"href":"https:\/\/www.santamonica.com\/de\/wp-json\/wp\/v2\/media?parent=338356"}],"wp:term":[{"taxonomy":"silos","embeddable":true,"href":"https:\/\/www.santamonica.com\/de\/wp-json\/wp\/v2\/silos?post=338356"}],"curies":[{"name":"wp","href":"https:\/\/api.w.org\/{rel}","templated":true}]}}