{"id":337201,"date":"2022-06-06T16:02:43","date_gmt":"2022-06-06T23:02:43","guid":{"rendered":"https:\/\/www.santamonica.com\/?page_id=337201"},"modified":"2025-12-09T08:29:27","modified_gmt":"2025-12-09T16:29:27","slug":"warum-in-santa-monica-einkaufen","status":"publish","type":"page","link":"https:\/\/www.santamonica.com\/de\/shopping\/why-shop-in-santa-monica\/","title":{"rendered":"Warum in Santa Monica einkaufen?"},"content":{"rendered":"<section class=\"stakeholder-feed sm-block js-stk-root sm-block\">\n    <div class=\"stakeholder-feed__top\">\n        <div class=\"stakeholder-feed__intro\">\n                            <h2 class=\"stakeholder-feed__headline\">Finden Sie das perfekte Geschenk<\/h2>                                        <div class=\"stakeholder-feed__intro-body wysiwyg\">\n                    <p>Start in der Innenstadt bei <a href=\"https:\/\/www.santamonica.com\/de\/einkaufen\/santa-monica-platz\/\">Santa Monica Platz<\/a>. Dieses luxuri\u00f6se Einkaufsviertel beherbergt weltber\u00fchmte Gesch\u00e4fte wie <a href=\"https:\/\/www.santamonica.com\/de\/einkaufen\/louis-vuitton\/\">Louis Vuitton<\/a>, <a href=\"https:\/\/www.santamonica.com\/de\/einkaufen\/nike\/\">Nike<\/a> und <a href=\"https:\/\/www.santamonica.com\/de\/einkaufen\/tiffany-co\/\">Tiffany &amp; Co.<\/a>. Und mit dem Lieferservice von Santa Monica Place k\u00f6nnen Sie so viel kaufen, wie Sie wollen.<em>ohne<\/em> Sie m\u00fcssen sich keine Gedanken dar\u00fcber machen, wie Sie es zu Ihrem Hotel zur\u00fcckbringen.<\/p>\n                <\/div>\n                    <\/div>\n        <div class=\"stakeholder-feed__nav-section\">\n                            <h3 class=\"stakeholder-feed__feed-title\">Alle Shops anzeigen<\/h3>                                        <a href=\"https:\/\/www.santamonica.com\/de\/einkaufen\/\" class=\"stakeholder-feed__feed-cta button --primary-teal-button\" >Alle anzeigen<\/a>            \n                        <div class=\"stakeholder-feed__pagination xxx--desktop-hide\">\n                <div class=\"swiper-button-prev stakeholder-feed__pagination-prev\"><\/div>\n                <div class=\"swiper-button-next stakeholder-feed__pagination-next\"><\/div>\n            <\/div>\n        <\/div>\n    <\/div>\n    <div class=\"stakeholder-feed__bottom\">\n        <div class=\"stakeholder-feed__feed-list-wrapper swiper js-stk-swiper\">\n            <ul class=\"stakeholder-feed__feed-list swiper-wrapper js-stk-wrapper\">\n                    <li class=\"swiper-slide stakeholder-card --theme3\">\n        <a class=\"stakeholder-card__link\" href=\"https:\/\/www.santamonica.com\/de\/shopping\/goods\/\">\n            <div class=\"stakeholder-card__image\">\n                <img decoding=\"async\" src=\"https:\/\/api.threshold360.com\/step\/v2\/locations\/1964825\/thumbnail\" alt=\"Waren\" title=\"\">\n            <\/div>\n            <div class=\"stakeholder-card__stk-info\">\n                <div class=\"stakeholder-card__stk-name\">Waren<\/div>\n                <div class=\"stakeholder-card__stk-cat\">B\u00fccher\/Karten\/Geschenke<\/div>\n            <\/div>\n        <\/a>\n    <\/li>\n        <li class=\"swiper-slide stakeholder-card --theme3\">\n        <a class=\"stakeholder-card__link\" href=\"https:\/\/www.santamonica.com\/de\/shopping\/architrave-interiors\/\">\n            <div class=\"stakeholder-card__image\">\n                <img decoding=\"async\" src=\"https:\/\/assets.simpleviewinc.com\/simpleview\/image\/upload\/crm\/santamonica\/Screenshot-2024-10-17-at-3.07.10-PM_1D3518D5-BCF8-18FE-EDF1A4C2A7DEE7F2-1d350bc1c742be1_1d352d0e-d584-a157-40e1d5a55dc84944.png\" alt=\"Architrave Innenr\u00e4ume\" title=\"\">\n            <\/div>\n            <div class=\"stakeholder-card__stk-info\">\n                <div class=\"stakeholder-card__stk-name\">Architrave Innenr\u00e4ume<\/div>\n                <div class=\"stakeholder-card__stk-cat\">Haus\/Garten<\/div>\n            <\/div>\n        <\/a>\n    <\/li>\n        <li class=\"swiper-slide stakeholder-card --theme3\">\n        <a class=\"stakeholder-card__link\" href=\"https:\/\/www.santamonica.com\/de\/shopping\/color-me-mine-2525104\/\">\n            <div class=\"stakeholder-card__image\">\n                <img decoding=\"async\" src=\"https:\/\/www.santamonica.com\/wp-content\/uploads\/2024\/05\/placeholder_style-400x400.jpg\" alt=\"Color Me Mine\" title=\"\">\n            <\/div>\n            <div class=\"stakeholder-card__stk-info\">\n                <div class=\"stakeholder-card__stk-name\">Color Me Mine<\/div>\n                <div class=\"stakeholder-card__stk-cat\">Kunst\/Antiquit\u00e4ten\/Vintage<\/div>\n            <\/div>\n        <\/a>\n    <\/li>\n        <li class=\"swiper-slide stakeholder-card --theme3\">\n        <a class=\"stakeholder-card__link\" href=\"https:\/\/www.santamonica.com\/de\/shopping\/foot-locker\/\">\n            <div class=\"stakeholder-card__image\">\n                <img decoding=\"async\" src=\"https:\/\/assets.simpleviewinc.com\/simpleview\/image\/upload\/crm\/santamonica\/Foot-Locker-Shoes_2DD559E5-DBF6-E285-9EEE1A87AD02E3A7-2dd55733f383631_2dd56214-e9fd-c5cf-8f93288833929ef2.png\" alt=\"Foot Locker\" title=\"\">\n            <\/div>\n            <div class=\"stakeholder-card__stk-info\">\n                <div class=\"stakeholder-card__stk-name\">Foot Locker<\/div>\n                <div class=\"stakeholder-card__stk-cat\">Schuhe<\/div>\n            <\/div>\n        <\/a>\n    <\/li>\n                <\/ul>\n        <\/div>\n    <\/div>\n<\/section>\n\n\n\n<div class=\"wp-block-columns is-layout-flex wp-container-core-columns-is-layout-28f84493 wp-block-columns-is-layout-flex base-block\">\n<div class=\"wp-block-column is-layout-flow wp-block-column-is-layout-flow base-block\">\n<h4 class=\"wp-block-heading base-block\">Einzigartige Stile<\/h4>\n\n\n\n<p class=\"base-block\">Coole Geschenke und s\u00fc\u00dfe Kleider finden Sie auf der <a href=\"https:\/\/www.santamonica.com\/de\/einkaufen\/ballebad\/\">Brat-Laden<\/a>, sowie Kleidung und Accessoires mit internationalem Flair bei <a href=\"https:\/\/www.santamonica.com\/de\/einkaufen\/kathmandu-boutique\/\">Kathmandu Boutique<\/a>.<\/p>\n<\/div>\n\n\n\n<div class=\"wp-block-column is-layout-flow wp-block-column-is-layout-flow base-block\">\n<h4 class=\"wp-block-heading base-block\">Gr\u00fcne Produkte<\/h4>\n\n\n\n<p class=\"base-block\">S\u00fcdlich des Pico Boulevard in der N\u00e4he des Strandes befinden sich in der Main Street mehrere umweltfreundliche Indie-L\u00e4den, die m\u00f6glicherweise von der Outdoor-Kultur in Santa Monica inspiriert sind.<\/p>\n<\/div>\n\n\n\n<div class=\"wp-block-column is-layout-flow wp-block-column-is-layout-flow base-block\">\n<h4 class=\"wp-block-heading base-block\">Alte Medien<\/h4>\n\n\n\n<p class=\"base-block\">Sie lieben alte Medien? B\u00fccherw\u00fcrmer und Vinyl-Nerds sollten einen Besuch abstatten <a href=\"https:\/\/www.santamonica.com\/de\/einkaufen\/angel-city-bucher\/\">Angel City B\u00fccher<\/a> f\u00fcr eine kuratierte und eklektische Auswahl an Vinyl-Schallplatten und gebrauchten B\u00fcchern.<\/p>\n<\/div>\n<\/div>\n\n\n\n<section class=\"image-section-break sm-block\">\n    <div class=\"image-section-break__image-wrapper\">\n                    <picture>\n                    <source\n                        media=\"(min-width: 768px)\"\n                        srcset=\"https:\/\/www.santamonica.com\/wp-content\/uploads\/2022\/07\/Promenade1656x574.jpg\"\n                    >\n                    <img decoding=\"async\" src=\"https:\/\/www.santamonica.com\/wp-content\/uploads\/2022\/07\/Promenade650x866.jpg\" class=\"image-section-break__image\" alt=\"Spazierg\u00e4nger auf der Promenade bei Tag; Third Street Promenade\" title=\"\">\n            <\/picture>\n                \n\n    <\/div>\n    <div class=\"image-section-break__text-content\">\n        <div class=\"image-section-break__first-content --theme3\">\n                            <div class=\"image-section-break__eyebrow-text\">Ber\u00fchmte Einkaufsorte<\/div>\n                                        <h2 class=\"image-section-break__title\">Bekannte Gesch\u00e4fte<\/h2>\n                                        <div class=\"image-section-break__body-copy wysiwyg\"><p>Nur einen Block n\u00f6rdlich des Santa Monica Place, im Herzen des Stadtzentrums von Santa Monica, befindet sich <a href=\"https:\/\/www.santamonica.com\/de\/santa-monica-erleben\/nachbarschaften\/zentrum-von-santa-monica-3-strase-promenade\/\">Dritte Stra\u00dfe Promenade<\/a>\u00a0die von Wilshire bis hinunter zum Broadway verl\u00e4uft. Sie wurde 1965 f\u00fcr den Autoverkehr gesperrt und zu einem fu\u00dfg\u00e4ngerfreundlichen Einkaufsparadies gemacht. Obwohl sie haupts\u00e4chlich von gro\u00dfen Bekleidungsgesch\u00e4ften ges\u00e4umt ist, wie z. B. <a href=\"https:\/\/www.santamonica.com\/de\/einkaufen\/gap-babygap-gapkids\/\">L\u00fccke<\/a>, <a href=\"https:\/\/www.santamonica.com\/de\/einkaufen\/anthropologie\/\">Anthropologie<\/a>, <a href=\"https:\/\/www.santamonica.com\/de\/einkaufen\/adidas-schuhe\/\">Adidas<\/a> und <a href=\"https:\/\/www.santamonica.com\/de\/einkaufen\/sephora\/\">Sephora<\/a>, Die Stadt hat einen ausgepr\u00e4gten s\u00fcdkalifornischen Flair.<\/p>\n<\/div>\n                                <\/div>\n        <div class=\"image-section-break__second-content\">\n                            <div class=\"image-section-break__body-copy wysiwyg\"><p>Entspannen Sie sich auf einer Bank, umgeben von Palmen und sch\u00f6nen Blumen, und genie\u00dfen Sie die Darbietungen verschiedener Stra\u00dfenk\u00fcnstler, die sich auf der drei Blocks langen Promenade tummeln. Wenn Sie von der Promenade in die Second oder Fourth Street abbiegen, finden Sie kleinere, individuelle Santa-Monica-Gesch\u00e4fte f\u00fcr einzigartige Geschenke.<\/p>\n<p>Besuchen Sie die <a href=\"https:\/\/www.santamonica.com\/de\/einkaufen\/lieferwagen\/\">Vans<\/a> Store gegen\u00fcber dem Santa Monica Place, einem der ersten Einzelhandelsgesch\u00e4fte des Unternehmens, um die neuesten Ausgaben der charakteristischen Deckschuhe der Marke zu begutachten, die in den sp\u00e4ten 1960er Jahren bei den Skateboardern in S\u00fcdkalifornien beliebt wurden.<\/p>\n<\/div>\n                                <\/div>\n    <\/div>\n<\/section>\n\n\n\n<section class=\"two-images container-max sm-block  sm-block\">\n    <div class=\"two-images__container\">\n\n        <div class=\"two-images__column\">\n            <div class=\"two-images__content\">\n                <div class=\"two-images__content-header-container\">\n                                            <h2 class=\"two-images__content-header\">Nur in Santa Monica<\/h2>                                    <\/div>\n                                    <div class=\"two-images__content-body wysiwyg\">\n                        <p>Von der Lincoln bis zur 17. Stra\u00dfe ist die Montana Avenue mit gehobenen Santa Monica-Shops und Damenmodeboutiquen f\u00fcr Marken, die normalerweise nur in gr\u00f6\u00dferen Gesch\u00e4ften zu finden sind, gespickt.<\/p>\n<p>Etiketten wie <a href=\"https:\/\/www.santamonica.com\/de\/einkaufen\/prachtig\/\">Pr\u00e4chtig<\/a>, <a href=\"https:\/\/www.santamonica.com\/de\/einkaufen\/jill-roberts\/\">Jill Roberts<\/a> und <a href=\"https:\/\/www.santamonica.com\/de\/einkaufen\/margaret-oleary\/\">Margaret O'Leary<\/a> haben hier ihre eigenen R\u00e4ume und bieten eine gr\u00f6\u00dfere und vielf\u00e4ltigere Auswahl.<\/p>\n<p>Nehmen Sie sich auf jeden Fall Zeit f\u00fcr einzigartige kalifornische Gesch\u00e4fte wie <a href=\"https:\/\/www.santamonica.com\/de\/einkaufen\/akzente-schmuckdesign\/\">Akzente-Schmuckdesign<\/a>, eine Accessoire-Boutique, die sich auf lokale Designer spezialisiert hat.<\/p>\n                    <\/div>\n                                            <\/div>\n        <\/div>\n\n        <div class=\"two-images__column\">\n                            <div class=\"two-images__image-container\">\n                    <img decoding=\"async\" width=\"425\" height=\"505\" src=\"https:\/\/www.santamonica.com\/wp-content\/uploads\/2022\/06\/only-in-santa-monica-shopping.jpg\" class=\"two-images__image\" alt=\"nur in santa monica einkaufen\" loading=\"lazy\" srcset=\"https:\/\/www.santamonica.com\/wp-content\/uploads\/2022\/06\/only-in-santa-monica-shopping.jpg 425w, https:\/\/www.santamonica.com\/wp-content\/uploads\/2022\/06\/only-in-santa-monica-shopping-252x300.jpg 252w, https:\/\/www.santamonica.com\/wp-content\/uploads\/2022\/06\/only-in-santa-monica-shopping-126x150.jpg 126w\" sizes=\"auto, (max-width: 425px) 100vw, 425px\" title=\"\">                    \n\n            <div class=\"img-lctn-tag --no-link two-images__image-caption --right\">Akzente-Schmuckdesign<\/div>\n                    <\/div>\n                    <\/div>\n\n        <div class=\"two-images__column\">\n                            <div class=\"two-images__image-container\">\n                    <img decoding=\"async\" width=\"600\" height=\"464\" src=\"https:\/\/www.santamonica.com\/wp-content\/uploads\/2022\/07\/Shop600x464.jpg\" class=\"two-images__image\" alt=\"Kassiererin l\u00e4chelt und reicht dem Kunden die Tasche; H\u00fcte an der Wand dahinter\" loading=\"lazy\" srcset=\"https:\/\/www.santamonica.com\/wp-content\/uploads\/2022\/07\/Shop600x464.jpg 600w, https:\/\/www.santamonica.com\/wp-content\/uploads\/2022\/07\/Shop600x464-300x232.jpg 300w, https:\/\/www.santamonica.com\/wp-content\/uploads\/2022\/07\/Shop600x464-194x150.jpg 194w\" sizes=\"auto, (max-width: 600px) 100vw, 600px\" title=\"\">                    \n\n            <div class=\"img-lctn-tag --no-link two-images__image-caption --right\">Textur: Ein Pulloverladen<\/div>\n                    <\/div>\n                    <\/div>\n\n    <\/div>\n<\/section>\n\n\n<section class=\"blog-feed --theme8 sm-block\">\n    <div class=\"blog-feed__content\">\n        <div class=\"blog-feed__intro\">\n                            <div class=\"blog-feed__eyebrow eyebrow\">Blogs<\/div>                                        <h2 class=\"blog-feed__headline\">Kaufen, nicht fallen lassen <\/h2>                                        <div class=\"blog-feed__body\"><p>Dank eines gut ausgebauten \u00f6ffentlichen Verkehrsnetzes und zahlreicher Fahrradwege ist es unglaublich einfach, sich in Santa Monica fortzubewegen und einzukaufen.<\/p>\n<\/div>\n                                        <a class=\"blog-feed__cta\" href=\"https:\/\/www.santamonica.com\/de\/blogeintrage\/\">Alle Blogs anzeigen<\/a>\n                    <\/div>\n\n        <ul class=\"blog-feed__list\">\n                                                <li class=\"blog-feed__item\">\n                        <a href=\"https:\/\/www.santamonica.com\/de\/trip-planner\/santa-monica-travel-hacks\/\" class=\"blog-feed__item-link\">\n                            <div class=\"blog-feed__image-ratio\">\n                                <img decoding=\"async\" class=\"blog-feed__image\" src=\"https:\/\/www.santamonica.com\/wp-content\/uploads\/2021\/05\/Santa-Monica-Travel-Hacks-Featured-400x400.jpg\" alt=\"Reisehacks f\u00fcr einen fantastischen Urlaub in Santa Monica\" title=\"\">\n                            <\/div>\n                            <div class=\"blog-feed__card-title\">Reisehacks f\u00fcr einen fantastischen Urlaub in Santa Monica<\/div>\n                        <\/a>\n                    <\/li>\n                                                                <li class=\"blog-feed__item\">\n                        <a href=\"https:\/\/www.santamonica.com\/de\/shopping\/santa-monica-shopping-splurge-save\/\" class=\"blog-feed__item-link\">\n                            <div class=\"blog-feed__image-ratio\">\n                                <img decoding=\"async\" class=\"blog-feed__image\" src=\"https:\/\/www.santamonica.com\/wp-content\/uploads\/2019\/10\/shopping-400x400.jpg\" alt=\"Einkaufen in Santa Monica: Ausgeben vs. Sparen\" title=\"\">\n                            <\/div>\n                            <div class=\"blog-feed__card-title\">Einkaufen in Santa Monica: Ausgeben vs. Sparen<\/div>\n                        <\/a>\n                    <\/li>\n                                    <\/ul>\n    <\/div>\n<\/section>\n\n\n\n<p class=\"base-block\"><\/p>","protected":false},"excerpt":{"rendered":"<p>Unique Styles Find cool gifts and cute dresses at the Brat Store, plus clothing and accessories with an international flair at Kathmandu Boutique. Green Products South of Pico Boulevard near the beach, Main Street is home to several indie, eco-friendly stores\u2013possibly inspired by Santa Monica\u2019s outdoor culture. Vintage Media Love vintage media? Bookworms and vinyl nerds should hit up Angel City Books for a curated and eclectic selection of vinyl records and used books.<\/p>","protected":false},"author":1450,"featured_media":337218,"parent":0,"menu_order":0,"comment_status":"closed","ping_status":"closed","template":"template-editorial.php","meta":{"_acf_changed":false,"inline_featured_image":false,"footnotes":""},"silos":[3898],"class_list":["post-337201","page","type-page","status-publish","has-post-thumbnail","hentry"],"acf":[],"_links":{"self":[{"href":"https:\/\/www.santamonica.com\/de\/wp-json\/wp\/v2\/pages\/337201","targetHints":{"allow":["GET"]}}],"collection":[{"href":"https:\/\/www.santamonica.com\/de\/wp-json\/wp\/v2\/pages"}],"about":[{"href":"https:\/\/www.santamonica.com\/de\/wp-json\/wp\/v2\/types\/page"}],"author":[{"embeddable":true,"href":"https:\/\/www.santamonica.com\/de\/wp-json\/wp\/v2\/users\/1450"}],"replies":[{"embeddable":true,"href":"https:\/\/www.santamonica.com\/de\/wp-json\/wp\/v2\/comments?post=337201"}],"version-history":[{"count":48,"href":"https:\/\/www.santamonica.com\/de\/wp-json\/wp\/v2\/pages\/337201\/revisions"}],"predecessor-version":[{"id":778660,"href":"https:\/\/www.santamonica.com\/de\/wp-json\/wp\/v2\/pages\/337201\/revisions\/778660"}],"wp:featuredmedia":[{"embeddable":true,"href":"https:\/\/www.santamonica.com\/de\/wp-json\/wp\/v2\/media\/337218"}],"wp:attachment":[{"href":"https:\/\/www.santamonica.com\/de\/wp-json\/wp\/v2\/media?parent=337201"}],"wp:term":[{"taxonomy":"silos","embeddable":true,"href":"https:\/\/www.santamonica.com\/de\/wp-json\/wp\/v2\/silos?post=337201"}],"curies":[{"name":"wp","href":"https:\/\/api.w.org\/{rel}","templated":true}]}}