{"id":336866,"date":"2022-06-02T14:27:35","date_gmt":"2022-06-02T21:27:35","guid":{"rendered":"https:\/\/www.santamonica.com\/?page_id=336866"},"modified":"2026-01-13T13:33:06","modified_gmt":"2026-01-13T21:33:06","slug":"veranstaltungen","status":"publish","type":"page","link":"https:\/\/www.santamonica.com\/de\/events\/","title":{"rendered":"Veranstaltungen"},"content":{"rendered":"<section class=\"two-images container-max sm-block  sm-block\">\n    <div class=\"two-images__container\">\n\n        <div class=\"two-images__column\">\n            <div class=\"two-images__content\">\n                <div class=\"two-images__content-header-container\">\n                                            <h2 class=\"two-images__content-header\">Entdecken Sie Santa Monica Veranstaltungen<\/h2>                                    <\/div>\n                                    <div class=\"two-images__content-body wysiwyg\">\n                        <p>Santa Monica ist dank des ganzj\u00e4hrig milden Wetters, der N\u00e4he zu Los Angeles und der einzigartigen Veranstaltungsorte ein gro\u00dfartiger Ort, um an einer Veranstaltung teilzunehmen. Gehen Sie zu Fu\u00df, fahren Sie mit dem Fahrrad oder steigen Sie in die Metro-Linie E und genie\u00dfen Sie zahlreiche Veranstaltungen in Santa Monica! Diese Stadt am Meer bietet das ganze Jahr \u00fcber einzigartige Unterhaltungsm\u00f6glichkeiten - viele davon sind kostenlos und finden im Freien statt! Erleben Sie mit Ihrer Familie den kultigen Pacific Park oder planen Sie Ihren perfekten Samstagsausflug, wenn Sie die kommenden Veranstaltungen in Santa Monica entdecken.<\/p>\n                    <\/div>\n                                                    <div class=\"two-images__content-cta\">\n                        <a class=\"two-images__cta\" href=\"https:\/\/www.santamonica.com\/de\/veranstaltungen\/jahrliche-veranstaltungen\/\" target=\"\">J\u00e4hrliche Veranstaltungen anzeigen<\/a>\n                    <\/div>\n                            <\/div>\n        <\/div>\n\n        <div class=\"two-images__column\">\n                            <div class=\"two-images__image-container\">\n                    <img decoding=\"async\" width=\"425\" height=\"505\" src=\"https:\/\/www.santamonica.com\/wp-content\/uploads\/2022\/06\/events-santa-monica.jpg\" class=\"two-images__image\" alt=\"veranstaltungen santa monica\" loading=\"lazy\" srcset=\"https:\/\/www.santamonica.com\/wp-content\/uploads\/2022\/06\/events-santa-monica.jpg 425w, https:\/\/www.santamonica.com\/wp-content\/uploads\/2022\/06\/events-santa-monica-252x300.jpg 252w, https:\/\/www.santamonica.com\/wp-content\/uploads\/2022\/06\/events-santa-monica-126x150.jpg 126w\" sizes=\"auto, (max-width: 425px) 100vw, 425px\" title=\"\">                    \n\n                <\/div>\n                    <\/div>\n\n        <div class=\"two-images__column\">\n                            <div class=\"two-images__image-container\">\n                    <img decoding=\"async\" width=\"600\" height=\"565\" src=\"https:\/\/www.santamonica.com\/wp-content\/uploads\/2022\/06\/fall-events-santa-monica.jpg\" class=\"two-images__image\" alt=\"herbstveranstaltungen santa monica\" loading=\"lazy\" srcset=\"https:\/\/www.santamonica.com\/wp-content\/uploads\/2022\/06\/fall-events-santa-monica.jpg 600w, https:\/\/www.santamonica.com\/wp-content\/uploads\/2022\/06\/fall-events-santa-monica-300x283.jpg 300w, https:\/\/www.santamonica.com\/wp-content\/uploads\/2022\/06\/fall-events-santa-monica-159x150.jpg 159w\" sizes=\"auto, (max-width: 600px) 100vw, 600px\" title=\"\">                    \n\n                <\/div>\n                    <\/div>\n\n    <\/div>\n<\/section>\n\n\n<section class=\"blog-feed --theme8 sm-block\">\n    <div class=\"blog-feed__content\">\n        <div class=\"blog-feed__intro\">\n                            <div class=\"blog-feed__eyebrow eyebrow\">Blogs<\/div>                                        <h2 class=\"blog-feed__headline\">Santa Monica entdecken<\/h2>                                        <div class=\"blog-feed__body\"><p>Entdecken Sie Reiserouten, lokale Tipps, Hot Spots und ausgew\u00e4hlte Abenteuer, damit Sie das Beste aus Ihrem Aufenthalt in Santa Monica machen k\u00f6nnen.<\/p>\n<\/div>\n                                        <a class=\"blog-feed__cta\" href=\"https:\/\/www.santamonica.com\/de\/blogeintrage\/\">Alle Blogs anzeigen<\/a>\n                    <\/div>\n\n        <ul class=\"blog-feed__list\">\n                                                <li class=\"blog-feed__item\">\n                        <a href=\"https:\/\/www.santamonica.com\/de\/mother-road-modern-meetings-route-66-meeting-spaces-set-to-shine-for-centennial-in-santa-monica\/\" class=\"blog-feed__item-link\">\n                            <div class=\"blog-feed__image-ratio\">\n                                <img decoding=\"async\" class=\"blog-feed__image\" src=\"https:\/\/www.santamonica.com\/wp-content\/uploads\/2025\/12\/untitledJuly20162C2020180010-182-2-400x400.jpg\" alt=\"MUTTERSTRASSE, MODERNE TAGUNGEN: ROUTE-66-TAGUNGSR\u00c4UME ERSTRAHLEN ZUM HUNDERTJ\u00c4HRIGEN JUBIL\u00c4UM IN SANTA MONICA\" title=\"\">\n                            <\/div>\n                            <div class=\"blog-feed__card-title\">MUTTERSTRASSE, MODERNE TAGUNGEN: ROUTE-66-TAGUNGSR\u00c4UME ERSTRAHLEN ZUM HUNDERTJ\u00c4HRIGEN JUBIL\u00c4UM IN SANTA MONICA<\/div>\n                        <\/a>\n                    <\/li>\n                                                                <li class=\"blog-feed__item\">\n                        <a href=\"https:\/\/www.santamonica.com\/de\/media\/news-release\/santa-monica-announces-song-contest-in-celebration-of-route-66-centennial\/\" class=\"blog-feed__item-link\">\n                            <div class=\"blog-feed__image-ratio\">\n                                <img decoding=\"async\" class=\"blog-feed__image\" src=\"https:\/\/www.santamonica.com\/wp-content\/uploads\/2025\/11\/DSC01084-400x400.jpg\" alt=\"SANTA MONICA VERK\u00dcNDET SONGWETTBEWERB ZUR FEIER DES HUNDERTJ\u00c4HRIGEN BESTEHENS DER ROUTE 66\" title=\"\">\n                            <\/div>\n                            <div class=\"blog-feed__card-title\">SANTA MONICA VERK\u00dcNDET SONGWETTBEWERB ZUR FEIER DES HUNDERTJ\u00c4HRIGEN BESTEHENS DER ROUTE 66<\/div>\n                        <\/a>\n                    <\/li>\n                                                                <li class=\"blog-feed__item\">\n                        <a href=\"https:\/\/www.santamonica.com\/de\/media\/news-release\/where-to-watch-the-world-series-in-santa-monica\/\" class=\"blog-feed__item-link\">\n                            <div class=\"blog-feed__image-ratio\">\n                                <img decoding=\"async\" class=\"blog-feed__image\" src=\"https:\/\/www.santamonica.com\/wp-content\/uploads\/2025\/10\/dodgers-logo-1-400x400.jpg\" alt=\"WO MAN DIE WORLD SERIES IN SANTA MONICA SEHEN KANN\" title=\"\">\n                            <\/div>\n                            <div class=\"blog-feed__card-title\">WO MAN DIE WORLD SERIES IN SANTA MONICA SEHEN KANN<\/div>\n                        <\/a>\n                    <\/li>\n                                    <\/ul>\n    <\/div>\n<\/section>","protected":false},"excerpt":{"rendered":"","protected":false},"author":1450,"featured_media":350317,"parent":0,"menu_order":0,"comment_status":"closed","ping_status":"closed","template":"template-events-listing.php","meta":{"_acf_changed":false,"inline_featured_image":false,"footnotes":""},"silos":[],"class_list":["post-336866","page","type-page","status-publish","has-post-thumbnail","hentry"],"acf":[],"_links":{"self":[{"href":"https:\/\/www.santamonica.com\/de\/wp-json\/wp\/v2\/pages\/336866","targetHints":{"allow":["GET"]}}],"collection":[{"href":"https:\/\/www.santamonica.com\/de\/wp-json\/wp\/v2\/pages"}],"about":[{"href":"https:\/\/www.santamonica.com\/de\/wp-json\/wp\/v2\/types\/page"}],"author":[{"embeddable":true,"href":"https:\/\/www.santamonica.com\/de\/wp-json\/wp\/v2\/users\/1450"}],"replies":[{"embeddable":true,"href":"https:\/\/www.santamonica.com\/de\/wp-json\/wp\/v2\/comments?post=336866"}],"version-history":[{"count":38,"href":"https:\/\/www.santamonica.com\/de\/wp-json\/wp\/v2\/pages\/336866\/revisions"}],"predecessor-version":[{"id":427718,"href":"https:\/\/www.santamonica.com\/de\/wp-json\/wp\/v2\/pages\/336866\/revisions\/427718"}],"wp:featuredmedia":[{"embeddable":true,"href":"https:\/\/www.santamonica.com\/de\/wp-json\/wp\/v2\/media\/350317"}],"wp:attachment":[{"href":"https:\/\/www.santamonica.com\/de\/wp-json\/wp\/v2\/media?parent=336866"}],"wp:term":[{"taxonomy":"silos","embeddable":true,"href":"https:\/\/www.santamonica.com\/de\/wp-json\/wp\/v2\/silos?post=336866"}],"curies":[{"name":"wp","href":"https:\/\/api.w.org\/{rel}","templated":true}]}}