{"id":336491,"date":"2022-05-27T16:36:34","date_gmt":"2022-05-27T23:36:34","guid":{"rendered":"https:\/\/www.santamonica.com\/?page_id=336491"},"modified":"2025-11-10T07:54:43","modified_gmt":"2025-11-10T15:54:43","slug":"beste-zeit-fur-einen-besuch","status":"publish","type":"page","link":"https:\/\/www.santamonica.com\/de\/experience-santa-monica\/best-time-to-visit\/","title":{"rendered":"Beste Zeit f\u00fcr einen Besuch"},"content":{"rendered":"<section class=\"sun-title sm-block --theme6 sm-block\">\n            <h2 class=\"sun-title__headline\">Besuchen Sie Santa Monica im Sommer<\/h2>    \n            <div class=\"sun-title__body  wysiwyg\">\n                    <p>Santa Monica ist im Sommer die beste Strandzeit: hei\u00dfe Sonne, hei\u00dfe Veranstaltungen und leider auch hei\u00dfe Preise. Angebote (wie Regen) sind zu dieser Jahreszeit selten, aber das sollte Sie nicht davon abhalten, sich die kultigen Aktivit\u00e4ten der Saison entgehen zu lassen. Hier finden Sie eine Aufschl\u00fcsselung der Veranstaltungen f\u00fcr jeden Monat, damit Sie besser planen k\u00f6nnen.<\/p>\n<p>Unter <strong>Juni<\/strong>, begr\u00fc\u00dfen wir die LA Pride und den Beginn der Sommerpause. Das Wetter ist sonnig mit einer durchschnittlichen H\u00f6chsttemperatur von 66\u00b0 und einer Tiefsttemperatur von 59\u00b0.<\/p>\n<p>Unter <strong>Juli<\/strong>, In Santa Monica wird der Unabh\u00e4ngigkeitstag ganz im kalifornischen Stil gefeiert. Das Wetter ist sonnig mit einer durchschnittlichen H\u00f6chsttemperatur von 69\u00b0 und einer Tiefsttemperatur von 62\u00b0.<\/p>\n<p>Unter <strong>August<\/strong>, Nach dem Ende der Sommerpause genie\u00dfen Einheimische und Touristen weiterhin die Sonne. Das Wetter ist sonnig mit einer durchschnittlichen H\u00f6chsttemperatur von 70\u00b0 und einer Tiefsttemperatur von 63\u00b0.<\/p>\n                        <\/div>\n    <\/section>\n\n\n\n<section class=\"two-images container-max sm-block  sm-block\">\n    <div class=\"two-images__container\">\n\n        <div class=\"two-images__column\">\n            <div class=\"two-images__content\">\n                <div class=\"two-images__content-header-container\">\n                                            <h2 class=\"two-images__content-header\">Herbst in Santa Monica<\/h2>                                    <\/div>\n                                    <div class=\"two-images__content-body wysiwyg\">\n                        <p>Der Herbst ist die perfekte Zeit f\u00fcr einen Besuch in Santa Monica: Das Wetter (und die Preise) k\u00fchlen ab und es gibt jede Menge Angebote.<\/p>\n<p>Unter <strong>September<\/strong>, macht sich das Sommerpublikum auf den Heimweg. Das Wetter ist sonnig mit einer durchschnittlichen H\u00f6chsttemperatur von 71\u00b0 und einer Tiefsttemperatur von 63\u00b0.<\/p>\n<p>Unter <strong>Oktober<\/strong>, zieht das Abbot Kinney Festival viele Menschen an. Das Wetter ist sonnig mit einer durchschnittlichen H\u00f6chsttemperatur von 70\u00b0 und einer Tiefsttemperatur von 59\u00b0.<\/p>\n<p>Unter <strong>November<\/strong>, str\u00f6men G\u00e4ste aus aller Welt zum American Film Market. Das Wetter ist sonnig mit einer durchschnittlichen H\u00f6chsttemperatur von 67\u00b0 und einer Tiefsttemperatur von 54\u00b0.<\/p>\n                    <\/div>\n                                            <\/div>\n        <\/div>\n\n        <div class=\"two-images__column\">\n                            <div class=\"two-images__image-container\">\n                    <img decoding=\"async\" width=\"425\" height=\"505\" src=\"https:\/\/www.santamonica.com\/wp-content\/uploads\/2022\/05\/santa-monica-weather.jpg\" class=\"two-images__image\" alt=\"wetter santa monica\" loading=\"lazy\" srcset=\"https:\/\/www.santamonica.com\/wp-content\/uploads\/2022\/05\/santa-monica-weather.jpg 425w, https:\/\/www.santamonica.com\/wp-content\/uploads\/2022\/05\/santa-monica-weather-252x300.jpg 252w, https:\/\/www.santamonica.com\/wp-content\/uploads\/2022\/05\/santa-monica-weather-126x150.jpg 126w\" sizes=\"auto, (max-width: 425px) 100vw, 425px\" title=\"\">                    \n\n                <\/div>\n                    <\/div>\n\n        <div class=\"two-images__column\">\n                            <div class=\"two-images__image-container\">\n                    <img decoding=\"async\" width=\"600\" height=\"565\" src=\"https:\/\/www.santamonica.com\/wp-content\/uploads\/2022\/05\/when-visit-santa-monica.jpg\" class=\"two-images__image\" alt=\"wann besuchen sie santa monica\" loading=\"lazy\" srcset=\"https:\/\/www.santamonica.com\/wp-content\/uploads\/2022\/05\/when-visit-santa-monica.jpg 600w, https:\/\/www.santamonica.com\/wp-content\/uploads\/2022\/05\/when-visit-santa-monica-300x283.jpg 300w, https:\/\/www.santamonica.com\/wp-content\/uploads\/2022\/05\/when-visit-santa-monica-159x150.jpg 159w\" sizes=\"auto, (max-width: 600px) 100vw, 600px\" title=\"\">                    \n\n            <div class=\"img-lctn-tag --no-link two-images__image-caption --right\">Palisaden-Park<\/div>\n                    <\/div>\n                    <\/div>\n\n    <\/div>\n<\/section>\n\n\n<section class=\"image-slider --theme1 sm-block\" >\n    <div class=\"image-slider__wrapper\">\n                    <div class=\"image-slider__copy wysiwyg\"><h2>Winter in Santa Monica<\/h2>\n<p>Der Winter ist die g\u00fcnstigste Zeit des Jahres, um Santa Monica zu besuchen, mit vielen Angeboten und coolen Events.<\/p>\n<p>Unter <strong>Dezember<\/strong>, In den Weihnachtsferien und an Silvester geht es dann wieder los. Das Wetter ist teilweise sonnig mit einer durchschnittlichen H\u00f6chsttemperatur von 65\u00b0 und einer Tiefsttemperatur von 51\u00b0.<\/p>\n<p>Unter <strong>Januar<\/strong>, Mit den Santa Monica and Dine LA's Restaurant Weeks wird kr\u00e4ftig gefuttert. Das Wetter ist teilweise sonnig mit einer durchschnittlichen H\u00f6chsttemperatur von 64\u00b0 und einer Tiefsttemperatur von 50\u00b0.<\/p>\n<p>Unter <strong>Februar<\/strong>, Es ist Zeit f\u00fcr die Oscar-Verleihung. Das Wetter ist teilweise sonnig mit einer durchschnittlichen H\u00f6chsttemperatur von 63\u00b0 und einer Tiefsttemperatur von 51\u00b0.<\/p>\n<\/div>\n                <div class=\"image-slider__slider right\">\n                            <!-- Slider main container -->\n                <div class=\"swiper\">\n                    <!-- Additional required wrapper -->\n                    <div class=\"swiper-wrapper\">\n                        <!-- Slides -->\n                                                    <div class=\"swiper-slide\">\n                                <img decoding=\"async\" width=\"1024\" height=\"576\" src=\"https:\/\/www.santamonica.com\/wp-content\/uploads\/2022\/05\/winter-santa-monica.jpg\" class=\"swiper-slide__image\" alt=\"winter santa monica\" loading=\"lazy\" srcset=\"https:\/\/www.santamonica.com\/wp-content\/uploads\/2022\/05\/winter-santa-monica.jpg 1024w, https:\/\/www.santamonica.com\/wp-content\/uploads\/2022\/05\/winter-santa-monica-300x169.jpg 300w, https:\/\/www.santamonica.com\/wp-content\/uploads\/2022\/05\/winter-santa-monica-267x150.jpg 267w, https:\/\/www.santamonica.com\/wp-content\/uploads\/2022\/05\/winter-santa-monica-768x432.jpg 768w\" sizes=\"auto, (max-width: 1024px) 100vw, 1024px\" title=\"\">                                \n\n            <a href=\"https:\/\/www.santamonica.com\/de\/dinge-die-man-tun-kann\/palisadenpark\/\"  class=\"img-lctn-tag --right\">\n            <div class=\"img-lctn-tag-inside-link image-slider__image-caption right\">Palisaden-Park<\/div>\n        <\/a>\n                                <\/div>\n                                            <\/div>\n                                    <\/div>\n                    <\/div>\n    <\/div>\n<\/section>\n\n\n\n<div class=\"wp-block-columns is-layout-flex wp-container-core-columns-is-layout-28f84493 wp-block-columns-is-layout-flex base-block\">\n<div class=\"wp-block-column is-layout-flow wp-block-column-is-layout-flow base-block\">\n<h4 class=\"wp-block-heading base-block\">M\u00e4rz<\/h4>\n\n\n\n<p class=\"base-block\">Wenn der Fr\u00fchling - nun ja, der Fr\u00fchling - beginnt, sich zu erw\u00e4rmen, wird auch das Wetter w\u00e4rmer: teilweise sonnig mit einer durchschnittlichen H\u00f6chsttemperatur von 62\u00b0 und einer Tiefsttemperatur von 52\u00b0. Fr\u00fchjahrsurlauber zieht es an die herrlichen Str\u00e4nde von Santa Monica, und Jogging-Fans nehmen am j\u00e4hrlichen LA-Marathon teil.<\/p>\n<\/div>\n\n\n\n<div class=\"wp-block-column is-layout-flow wp-block-column-is-layout-flow base-block\">\n<h4 class=\"wp-block-heading base-block\">April<\/h4>\n\n\n\n<p class=\"base-block\">Die Party ist noch nicht zu Ende: Spring Break-Reisende sonnen sich auch im April in den milden Temperaturen von Santa Monica. Zum Gl\u00fcck sinken die Preise - allerdings nur f\u00fcr eine kurze Zeit. Das Wetter ist sonnig mit einer durchschnittlichen H\u00f6chsttemperatur von 63\u00b0 und einer Tiefsttemperatur von 54\u00b0.<\/p>\n<\/div>\n\n\n\n<div class=\"wp-block-column is-layout-flow wp-block-column-is-layout-flow base-block\">\n<h4 class=\"wp-block-heading base-block\">Mai<\/h4>\n\n\n\n<p class=\"base-block\">Im Mai bereiten sich die Einwohner von Santa Monica auf den Sommer vor - und damit auch die Besucher. Jetzt ist die perfekte Zeit f\u00fcr einen Besuch und perfekte Temperaturen zu perfekten Preisen. Seien Sie gewarnt: Angebote sind schwer zu finden. Das Wetter ist sonnig mit einer durchschnittlichen H\u00f6chsttemperatur von 64\u00b0 und einer Tiefsttemperatur von 56\u00b0.<\/p>\n<\/div>\n<\/div>\n\n\n<section class=\"stakeholder-feed sm-block js-stk-root sm-block\">\n    <div class=\"stakeholder-feed__top\">\n        <div class=\"stakeholder-feed__intro\">\n                            <h2 class=\"stakeholder-feed__headline\">Buchen Sie Ihr Hotel <\/h2>                                        <div class=\"stakeholder-feed__intro-body wysiwyg\">\n                    <p>Ob Winter, Fr\u00fchling, Sommer oder Herbst - es ist immer eine gute Zeit, Santa Monica zu besuchen. Und warum? Weil es hier immer etwas Tolles zu erleben gibt. Buchen Sie noch heute eine Unterkunft und finden Sie die perfekte Unterkunft f\u00fcr Ihre Reise!<\/p>\n                <\/div>\n                    <\/div>\n        <div class=\"stakeholder-feed__nav-section\">\n                            <h3 class=\"stakeholder-feed__feed-title\">Santa Monica Hotels<\/h3>                                        <a href=\"https:\/\/www.santamonica.com\/de\/hotels\/\" class=\"stakeholder-feed__feed-cta button --primary-teal-button\" >Alle anzeigen<\/a>            \n                        <div class=\"stakeholder-feed__pagination xxx--desktop-hide\">\n                <div class=\"swiper-button-prev stakeholder-feed__pagination-prev\"><\/div>\n                <div class=\"swiper-button-next stakeholder-feed__pagination-next\"><\/div>\n            <\/div>\n        <\/div>\n    <\/div>\n    <div class=\"stakeholder-feed__bottom\">\n        <div class=\"stakeholder-feed__feed-list-wrapper swiper js-stk-swiper\">\n            <ul class=\"stakeholder-feed__feed-list swiper-wrapper js-stk-wrapper\">\n                    <li class=\"swiper-slide stakeholder-card --theme3\">\n        <a class=\"stakeholder-card__link\" href=\"https:\/\/www.santamonica.com\/de\/hotels\/sandbourne-santa-monica\/\">\n            <div class=\"stakeholder-card__image\">\n                <img decoding=\"async\" src=\"https:\/\/assets.simpleviewinc.com\/simpleview\/image\/upload\/crm\/santamonica\/Sandbourne_Room_610_Double_Queen_City_view_B338C7C2-99D3-3CE9-31A128FB99235122-b338747bc60144f_b339996c-d169-798f-1ff04cf5679020e7.jpg\" alt=\"Sandbourne Santa Monica\" title=\"\">\n            <\/div>\n            <div class=\"stakeholder-card__stk-info\">\n                <div class=\"stakeholder-card__stk-name\">Sandbourne Santa Monica<\/div>\n                <div class=\"stakeholder-card__stk-cat\">Direkt am Strand<\/div>\n            <\/div>\n        <\/a>\n    <\/li>\n        <li class=\"swiper-slide stakeholder-card --theme3\">\n        <a class=\"stakeholder-card__link\" href=\"https:\/\/www.santamonica.com\/de\/hotels\/oceana\/\">\n            <div class=\"stakeholder-card__image\">\n                <img decoding=\"async\" src=\"https:\/\/assets.simpleviewinc.com\/simpleview\/image\/upload\/crm\/santamonica\/Oceana_Entrance_040518-12203-1-_2845590B-B2EA-4E59-96AEF71673803267_21e1345e-b472-45df-bf14070b88fcc58e.jpg\" alt=\"Oceana Santa Monica, LXR Hotels &amp; Resorts\" title=\"\">\n            <\/div>\n            <div class=\"stakeholder-card__stk-info\">\n                <div class=\"stakeholder-card__stk-name\">Oceana Santa Monica, LXR Hotels &amp; Resorts<\/div>\n                <div class=\"stakeholder-card__stk-cat\">Hotels mit Tagungsr\u00e4umen<\/div>\n            <\/div>\n        <\/a>\n    <\/li>\n        <li class=\"swiper-slide stakeholder-card --theme3\">\n        <a class=\"stakeholder-card__link\" href=\"https:\/\/www.santamonica.com\/de\/hotels\/the-pierside-hotel-santa-monica\/\">\n            <div class=\"stakeholder-card__image\">\n                <img decoding=\"async\" src=\"https:\/\/assets.simpleviewinc.com\/simpleview\/image\/upload\/crm\/santamonica\/Coastal-Suite-copy_E05B1141-C891-8900-08D4FDCB5B281AF7-e05b0762bb1095e_e05b3553-ad19-3d82-71dab9c4e5a5a513.jpg\" alt=\"Das Pierside Hotel\" title=\"\">\n            <\/div>\n            <div class=\"stakeholder-card__stk-info\">\n                <div class=\"stakeholder-card__stk-name\">Das Pierside Hotel<\/div>\n                <div class=\"stakeholder-card__stk-cat\">Unterkunft<\/div>\n            <\/div>\n        <\/a>\n    <\/li>\n        <li class=\"swiper-slide stakeholder-card --theme3\">\n        <a class=\"stakeholder-card__link\" href=\"https:\/\/www.santamonica.com\/de\/hotels\/rest-haven-motel\/\">\n            <div class=\"stakeholder-card__image\">\n                <img decoding=\"async\" src=\"https:\/\/assets.simpleviewinc.com\/simpleview\/image\/upload\/crm\/santamonica\/OPI-147_bf63de97-5056-b365-ab1709629f45fa8b.jpg\" alt=\"Rest Haven Motel\" title=\"\">\n            <\/div>\n            <div class=\"stakeholder-card__stk-info\">\n                <div class=\"stakeholder-card__stk-name\">Rest Haven Motel<\/div>\n                <div class=\"stakeholder-card__stk-cat\">Unterkunft<\/div>\n            <\/div>\n        <\/a>\n    <\/li>\n                <\/ul>\n        <\/div>\n    <\/div>\n<\/section>\n\n\n    <section class=\"booking-cta --theme5 sm-block\">\n    <div id=\"widget-container-2070\"><\/div>\n<script type=\"text\/javascript\">\n  (function() {\n    var script = document.createElement('script');\n    script.type = 'text\/javascript';\n    script.async = 'true';\n    script.src = \"https:\/\/admin.bookdirect.net\/hs4\/widgets\/2070.js?widget_element=widget-container-2070\";\n    document.body.appendChild(script);\n  })();\n<\/script>\n    <\/section>\n\n\n\n<section class=\"blog-feed --theme8 sm-block\">\n    <div class=\"blog-feed__content\">\n        <div class=\"blog-feed__intro\">\n                            <div class=\"blog-feed__eyebrow eyebrow\">Blogs<\/div>                                        <h2 class=\"blog-feed__headline\">Santa Monica entdecken<\/h2>                                        <div class=\"blog-feed__body\"><p>Entdecken Sie Reiserouten, lokale Tipps, Hot Spots und ausgew\u00e4hlte Abenteuer, damit Sie das Beste aus Ihrem Aufenthalt in Santa Monica machen k\u00f6nnen.<\/p>\n<\/div>\n                                        <a class=\"blog-feed__cta\" href=\"https:\/\/www.santamonica.com\/de\/blogeintrage\/\">Alle Blogs anzeigen<\/a>\n                    <\/div>\n\n        <ul class=\"blog-feed__list\">\n                                                <li class=\"blog-feed__item\">\n                        <a href=\"https:\/\/www.santamonica.com\/de\/mother-road-modern-meetings-route-66-meeting-spaces-set-to-shine-for-centennial-in-santa-monica\/\" class=\"blog-feed__item-link\">\n                            <div class=\"blog-feed__image-ratio\">\n                                <img decoding=\"async\" class=\"blog-feed__image\" src=\"https:\/\/www.santamonica.com\/wp-content\/uploads\/2025\/12\/untitledJuly20162C2020180010-182-2-400x400.jpg\" alt=\"MUTTERSTRASSE, MODERNE TAGUNGEN: ROUTE-66-TAGUNGSR\u00c4UME ERSTRAHLEN ZUM HUNDERTJ\u00c4HRIGEN JUBIL\u00c4UM IN SANTA MONICA\" title=\"\">\n                            <\/div>\n                            <div class=\"blog-feed__card-title\">MUTTERSTRASSE, MODERNE TAGUNGEN: ROUTE-66-TAGUNGSR\u00c4UME ERSTRAHLEN ZUM HUNDERTJ\u00c4HRIGEN JUBIL\u00c4UM IN SANTA MONICA<\/div>\n                        <\/a>\n                    <\/li>\n                                                                <li class=\"blog-feed__item\">\n                        <a href=\"https:\/\/www.santamonica.com\/de\/media\/news-release\/santa-monica-announces-song-contest-in-celebration-of-route-66-centennial\/\" class=\"blog-feed__item-link\">\n                            <div class=\"blog-feed__image-ratio\">\n                                <img decoding=\"async\" class=\"blog-feed__image\" src=\"https:\/\/www.santamonica.com\/wp-content\/uploads\/2025\/11\/DSC01084-400x400.jpg\" alt=\"SANTA MONICA VERK\u00dcNDET SONGWETTBEWERB ZUR FEIER DES HUNDERTJ\u00c4HRIGEN BESTEHENS DER ROUTE 66\" title=\"\">\n                            <\/div>\n                            <div class=\"blog-feed__card-title\">SANTA MONICA VERK\u00dcNDET SONGWETTBEWERB ZUR FEIER DES HUNDERTJ\u00c4HRIGEN BESTEHENS DER ROUTE 66<\/div>\n                        <\/a>\n                    <\/li>\n                                                                <li class=\"blog-feed__item\">\n                        <a href=\"https:\/\/www.santamonica.com\/de\/media\/news-release\/where-to-watch-the-world-series-in-santa-monica\/\" class=\"blog-feed__item-link\">\n                            <div class=\"blog-feed__image-ratio\">\n                                <img decoding=\"async\" class=\"blog-feed__image\" src=\"https:\/\/www.santamonica.com\/wp-content\/uploads\/2025\/10\/dodgers-logo-1-400x400.jpg\" alt=\"WO MAN DIE WORLD SERIES IN SANTA MONICA SEHEN KANN\" title=\"\">\n                            <\/div>\n                            <div class=\"blog-feed__card-title\">WO MAN DIE WORLD SERIES IN SANTA MONICA SEHEN KANN<\/div>\n                        <\/a>\n                    <\/li>\n                                    <\/ul>\n    <\/div>\n<\/section>","protected":false},"excerpt":{"rendered":"<p>March When spring\u2013well, springs\u2013prices start to warm up, just like the weather: partly sunny with an average high of 62\u00b0 and low of 52\u00b0. Spring breakers head to Santa Monica\u2019s gorgeous beaches, and jogging aficionados make a sprint for the annual LA Marathon. April The party doesn\u2019t end here: spring break travelers continue to bask in the mild Santa Monica temperatures during April. Prices, thankfully, come down\u2013just for a little while, though. The weather is sunny with an average high of 63\u00b0 and low of 54\u00b0. May In May, Santa Monica locals are preparing for summer\u2013and so are visitors. Now [\u2026]<\/p>\n","protected":false},"author":1450,"featured_media":336508,"parent":0,"menu_order":0,"comment_status":"closed","ping_status":"closed","template":"template-editorial.php","meta":{"_acf_changed":false,"inline_featured_image":false,"footnotes":""},"silos":[3887],"class_list":["post-336491","page","type-page","status-publish","has-post-thumbnail","hentry"],"acf":[],"_links":{"self":[{"href":"https:\/\/www.santamonica.com\/de\/wp-json\/wp\/v2\/pages\/336491","targetHints":{"allow":["GET"]}}],"collection":[{"href":"https:\/\/www.santamonica.com\/de\/wp-json\/wp\/v2\/pages"}],"about":[{"href":"https:\/\/www.santamonica.com\/de\/wp-json\/wp\/v2\/types\/page"}],"author":[{"embeddable":true,"href":"https:\/\/www.santamonica.com\/de\/wp-json\/wp\/v2\/users\/1450"}],"replies":[{"embeddable":true,"href":"https:\/\/www.santamonica.com\/de\/wp-json\/wp\/v2\/comments?post=336491"}],"version-history":[{"count":39,"href":"https:\/\/www.santamonica.com\/de\/wp-json\/wp\/v2\/pages\/336491\/revisions"}],"predecessor-version":[{"id":775604,"href":"https:\/\/www.santamonica.com\/de\/wp-json\/wp\/v2\/pages\/336491\/revisions\/775604"}],"wp:featuredmedia":[{"embeddable":true,"href":"https:\/\/www.santamonica.com\/de\/wp-json\/wp\/v2\/media\/336508"}],"wp:attachment":[{"href":"https:\/\/www.santamonica.com\/de\/wp-json\/wp\/v2\/media?parent=336491"}],"wp:term":[{"taxonomy":"silos","embeddable":true,"href":"https:\/\/www.santamonica.com\/de\/wp-json\/wp\/v2\/silos?post=336491"}],"curies":[{"name":"wp","href":"https:\/\/api.w.org\/{rel}","templated":true}]}}