{"id":336295,"date":"2022-06-15T14:43:51","date_gmt":"2022-06-15T21:43:51","guid":{"rendered":"https:\/\/www.santamonica.com\/?page_id=336295"},"modified":"2024-11-14T17:01:58","modified_gmt":"2024-11-15T01:01:58","slug":"lokale-geschafte","status":"publish","type":"page","link":"https:\/\/www.santamonica.com\/de\/shopping\/local-shops\/","title":{"rendered":"Lokale Gesch\u00e4fte"},"content":{"rendered":"<section class=\"two-images container-max sm-block --flip sm-block\">\n    <div class=\"two-images__container --flip\">\n\n        <div class=\"two-images__column\">\n            <div class=\"two-images__content\">\n                <div class=\"two-images__content-header-container\">\n                                            <h2 class=\"two-images__content-header\">Hauptstra\u00dfe<\/h2>                                    <\/div>\n                                    <div class=\"two-images__content-body wysiwyg\">\n                        <p>Santa Monica's <a href=\"https:\/\/www.santamonica.com\/de\/santa-monica-erleben\/nachbarschaften\/hauptstrase\/\"><strong>Hauptstra\u00dfe<\/strong><\/a> hat schon seit langem ein sehr lokales Surferflair, und das setzt sich auch im Shoppingangebot fort. Machen Sie unbedingt einen Halt bei <a href=\"https:\/\/www.santamonica.com\/de\/einkaufen\/angel-city-bucher\/\">Angel City Buchhandlung<\/a> mit einer beeindruckenden Sammlung von alten und seltenen B\u00fcchern und Schallplatten. Viele Menschen kennen das Downtown Santa Monica <a href=\"https:\/\/www.santamonica.com\/de\/santa-monica-erleben\/bauernmarkte\/\">Bauernmarkt<\/a>, In der Main Street findet jeden Sonntagmorgen ein kleinerer Bauernmarkt statt.<\/p>\n                    <\/div>\n                                            <\/div>\n        <\/div>\n\n        <div class=\"two-images__column\">\n                            <div class=\"two-images__image-container\">\n                    <img decoding=\"async\" width=\"425\" height=\"505\" src=\"https:\/\/www.santamonica.com\/wp-content\/uploads\/2022\/06\/farmers-market-dining.jpg\" class=\"two-images__image\" alt=\"Essen auf dem Bauernmarkt\" loading=\"lazy\" srcset=\"https:\/\/www.santamonica.com\/wp-content\/uploads\/2022\/06\/farmers-market-dining.jpg 425w, https:\/\/www.santamonica.com\/wp-content\/uploads\/2022\/06\/farmers-market-dining-252x300.jpg 252w, https:\/\/www.santamonica.com\/wp-content\/uploads\/2022\/06\/farmers-market-dining-126x150.jpg 126w\" sizes=\"auto, (max-width: 425px) 100vw, 425px\" title=\"\">                    \n\n                <\/div>\n                    <\/div>\n\n        <div class=\"two-images__column\">\n                            <div class=\"two-images__image-container\">\n                    <img decoding=\"async\" width=\"600\" height=\"565\" src=\"https:\/\/www.santamonica.com\/wp-content\/uploads\/2022\/06\/biking-downtown-santa-monica.jpg\" class=\"two-images__image\" alt=\"radfahren in der innenstadt von santa monica\" loading=\"lazy\" srcset=\"https:\/\/www.santamonica.com\/wp-content\/uploads\/2022\/06\/biking-downtown-santa-monica.jpg 600w, https:\/\/www.santamonica.com\/wp-content\/uploads\/2022\/06\/biking-downtown-santa-monica-300x283.jpg 300w, https:\/\/www.santamonica.com\/wp-content\/uploads\/2022\/06\/biking-downtown-santa-monica-159x150.jpg 159w\" sizes=\"auto, (max-width: 600px) 100vw, 600px\" title=\"\">                    \n\n                <\/div>\n                    <\/div>\n\n    <\/div>\n<\/section>\n\n\n<section class=\"image-slider --theme1 sm-block\" >\n    <div class=\"image-slider__wrapper\">\n                    <div class=\"image-slider__copy wysiwyg\"><h2>Montana Avenue<\/h2>\n<p>Ein idealer Ort f\u00fcr einen gem\u00fctlichen Einkaufsbummel in Santa Monica ist die Montana Avenue, das Herz eines lebhaften Wohnviertels in der N\u00e4he der Ocean Avenue. Die Gesch\u00e4fte und Caf\u00e9s beginnen an der 7th Street und erstrecken sich \u00fcber 10 Blocks bis zur 17th Street. Schlendern Sie die von B\u00e4umen ges\u00e4umte Stra\u00dfe entlang und entdecken Sie Modeboutiquen und Fachgesch\u00e4fte wie <a href=\"https:\/\/www.santamonica.com\/de\/einkaufen\/prachtig\/\">Pr\u00e4chtig<\/a>, <a href=\"https:\/\/www.santamonica.com\/de\/einkaufen\/kiehls-seit-1851\/\">Kiehl's seit 1851<\/a>, <a href=\"https:\/\/www.santamonica.com\/de\/einkaufen\/rachel-ashwell-shabby-chic-couture\/\">Rachel Ashwell Shabby Chic Couture<\/a> und <a href=\"https:\/\/www.santamonica.com\/de\/einkaufen\/vorteilskosmetik\/\">Benefit-Kosmetik<\/a>. Stillen Sie Ihren Appetit mit etwas S\u00fc\u00dfem von <a href=\"https:\/\/www.santamonica.com\/de\/restaurants\/john-kelly-schokoladen\/\">John Kelly-Schokoladen,<\/a> die k\u00f6stliche, handwerklich hergestellte Pralinen anbietet, die mit Pr\u00e4zision und exquisiten Geschmacksrichtungen hergestellt werden und Einheimische und Besucher gleicherma\u00dfen erfreuen.<\/p>\n<\/div>\n                <div class=\"image-slider__slider left\">\n                            <!-- Slider main container -->\n                <div class=\"swiper js-image-slider\">\n                    <!-- Additional required wrapper -->\n                    <div class=\"swiper-wrapper\">\n                        <!-- Slides -->\n                                                    <div class=\"swiper-slide\">\n                                <img decoding=\"async\" width=\"764\" height=\"597\" src=\"https:\/\/www.santamonica.com\/wp-content\/uploads\/2022\/07\/spfstudios_montana_ave_sm-5.png\" class=\"swiper-slide__image\" alt=\"Art&#039;s-Table-Montana-Ave\" loading=\"lazy\" srcset=\"https:\/\/www.santamonica.com\/wp-content\/uploads\/2022\/07\/spfstudios_montana_ave_sm-5.png 764w, https:\/\/www.santamonica.com\/wp-content\/uploads\/2022\/07\/spfstudios_montana_ave_sm-5-300x234.png 300w, https:\/\/www.santamonica.com\/wp-content\/uploads\/2022\/07\/spfstudios_montana_ave_sm-5-192x150.png 192w\" sizes=\"auto, (max-width: 764px) 100vw, 764px\" title=\"\">                                \n\n            <a href=\"https:\/\/www.santamonica.com\/de\/restaurants\/kunsttisch\/\"  class=\"img-lctn-tag --right\">\n            <div class=\"img-lctn-tag-inside-link image-slider__image-caption right\">Art's Table<\/div>\n        <\/a>\n                                <\/div>\n                                                    <div class=\"swiper-slide\">\n                                <img decoding=\"async\" width=\"1024\" height=\"576\" src=\"https:\/\/www.santamonica.com\/wp-content\/uploads\/2022\/06\/sweet-lady-jane.jpg\" class=\"swiper-slide__image\" alt=\"B\u00e4ckerei Sweet Lady Jane\" loading=\"lazy\" srcset=\"https:\/\/www.santamonica.com\/wp-content\/uploads\/2022\/06\/sweet-lady-jane.jpg 1024w, https:\/\/www.santamonica.com\/wp-content\/uploads\/2022\/06\/sweet-lady-jane-300x169.jpg 300w, https:\/\/www.santamonica.com\/wp-content\/uploads\/2022\/06\/sweet-lady-jane-267x150.jpg 267w, https:\/\/www.santamonica.com\/wp-content\/uploads\/2022\/06\/sweet-lady-jane-768x432.jpg 768w\" sizes=\"auto, (max-width: 1024px) 100vw, 1024px\" title=\"\">                                \n\n            <a href=\"https:\/\/www.santamonica.com\/de\/restaurants\/suse-dame-jane-backerei\/\"  class=\"img-lctn-tag --right\">\n            <div class=\"img-lctn-tag-inside-link image-slider__image-caption right\">B\u00e4ckerei Sweet Lady Jane<\/div>\n        <\/a>\n                                <\/div>\n                                            <\/div>\n                                            <div class=\"image-slider__swiper-controls-wrapper-relocator\">\n                            <div class=\"image-slider__swiper-controls-wrapper\">\n                                <div class=\"swiper-pagination\"><\/div>\n                                <div class=\"swiper-button-prev-custom\">\n                                    <div class=\"arrow-button-left\"><\/div>\n                                <\/div>\n                                <div class=\"swiper-button-next-custom\">\n                                    <div class=\"arrow-button-right\"><\/div>\n                                <\/div>\n                            <\/div>\n                        <\/div>\n                                    <\/div>\n                    <\/div>\n    <\/div>\n<\/section>\n\n\n<section class=\"sun-title sm-block --theme6 sm-block\">\n            <h2 class=\"sun-title__headline\">Pico Boulevard<\/h2>    \n            <div class=\"sun-title__body  wysiwyg\">\n                    <p>Der Pico Boulevard, der sich vom Meer bis in die Innenstadt und dar\u00fcber hinaus erstreckt, beherbergt mehrere kultige Gesch\u00e4fte in Santa Monica. Ein historischer Ort weiter \u00f6stlich auf dem Pico ist <a href=\"https:\/\/www.santamonica.com\/de\/einkaufen\/mccabes-gitarrenladen\/\">McCabe's Gitarrenladen<\/a>, das seit 1958 besteht. Neben dem Verkauf und der Vermietung von Musikinstrumenten und dem Angebot von Unterricht f\u00fcr eine Vielzahl von Instrumenten veranstaltet McCabe's auch Live-Musikabende. Im Laufe der Jahre sind dort viele ber\u00fchmte Folk-K\u00fcnstler aufgetreten, darunter Joni Mitchell, Beck und Tom Waits.<\/p>\n                        <\/div>\n    <\/section>\n\n\n\n<section class=\"two-images container-max sm-block  sm-block\">\n    <div class=\"two-images__container\">\n\n        <div class=\"two-images__column\">\n            <div class=\"two-images__content\">\n                <div class=\"two-images__content-header-container\">\n                                            <h2 class=\"two-images__content-header\">Wilshire Boulevard<\/h2>                                    <\/div>\n                                    <div class=\"two-images__content-body wysiwyg\">\n                        <p><a href=\"https:\/\/www.santamonica.com\/de\/einkaufen\/grose-etiketten\/\">Gro\u00dfartige Etiketten<\/a>, ein luxuri\u00f6ses Konsignationsgesch\u00e4ft f\u00fcr preisbewusste Kunden, ist ein Paradies f\u00fcr Couture mit 3.000 hochwertigen Kleidungsst\u00fccken, 250 Paar Designerschuhen und \u00fcber 100 Handtaschen. Jedes St\u00fcck ist handverlesen, einige stammen von Hollywood-Prominenten. Zu den Designern geh\u00f6ren Chanel, Jimmy Choo, Prada, Gucci und Manolo Blahnik. Die Kunden k\u00f6nnen das Rad drehen, um zus\u00e4tzliche Rabatte zu erhalten.<\/p>\n                    <\/div>\n                                            <\/div>\n        <\/div>\n\n        <div class=\"two-images__column\">\n                            <div class=\"two-images__image-container\">\n                    <img decoding=\"async\" width=\"425\" height=\"505\" src=\"https:\/\/www.santamonica.com\/wp-content\/uploads\/2022\/06\/wilshire-shops.jpg\" class=\"two-images__image\" alt=\"Wilshire-L\u00e4den\" loading=\"lazy\" srcset=\"https:\/\/www.santamonica.com\/wp-content\/uploads\/2022\/06\/wilshire-shops.jpg 425w, https:\/\/www.santamonica.com\/wp-content\/uploads\/2022\/06\/wilshire-shops-252x300.jpg 252w, https:\/\/www.santamonica.com\/wp-content\/uploads\/2022\/06\/wilshire-shops-126x150.jpg 126w\" sizes=\"auto, (max-width: 425px) 100vw, 425px\" title=\"\">                    \n\n                <\/div>\n                    <\/div>\n\n        <div class=\"two-images__column\">\n                            <div class=\"two-images__image-container\">\n                    <img decoding=\"async\" width=\"600\" height=\"565\" src=\"https:\/\/www.santamonica.com\/wp-content\/uploads\/2022\/06\/wilshire-boulevard-shops.jpg\" class=\"two-images__image\" alt=\"Gesch\u00e4fte auf dem Wilshire Boulevard\" loading=\"lazy\" srcset=\"https:\/\/www.santamonica.com\/wp-content\/uploads\/2022\/06\/wilshire-boulevard-shops.jpg 600w, https:\/\/www.santamonica.com\/wp-content\/uploads\/2022\/06\/wilshire-boulevard-shops-300x283.jpg 300w, https:\/\/www.santamonica.com\/wp-content\/uploads\/2022\/06\/wilshire-boulevard-shops-159x150.jpg 159w\" sizes=\"auto, (max-width: 600px) 100vw, 600px\" title=\"\">                    \n\n            <a href=\"https:\/\/www.santamonica.com\/de\/santa-monica-erleben\/nachbarschaften\/wilshire-boulevard\/\"  class=\"img-lctn-tag --right\">\n            <div class=\"img-lctn-tag-inside-link two-images__image-caption right\">Wilshire Boulevard<\/div>\n        <\/a>\n                    <\/div>\n                    <\/div>\n\n    <\/div>\n<\/section>\n\n\n<section class=\"links-grid --theme3 sm-block base-block\">\n    <div class=\"links-grid__wrapper\">\n                                                    <a href=\"https:\/\/www.santamonica.com\/de\/shopping\/why-shop-in-santa-monica\/\" class=\"links-grid__card-link\" aria-label=\"Warum in Santa Monica einkaufen?\" >\n                    <div class=\"links-grid__card\">\n                                                    <div class=\"links-grid__card-image-wrapper\">\n                                <img decoding=\"async\" width=\"400\" height=\"400\" src=\"https:\/\/www.santamonica.com\/wp-content\/uploads\/2022\/06\/santa-monica-shopping-guide-400x400.jpg\" class=\"links-grid__card-image\" alt=\"Einkaufen in Santa Monica\" loading=\"lazy\" title=\"\">                            <\/div>\n                                                <div class=\"links-grid__card-text\">\n                                                            <div class=\"links-grid__card-title\">Warum in Santa Monica einkaufen?<\/div>\n                                                                                <\/div>\n                    <\/div>\n                <\/a>\n                                            <a href=\"https:\/\/www.santamonica.com\/de\/shopping\/shops-by-neighborhood\/\" class=\"links-grid__card-link\" aria-label=\"Gesch\u00e4fte nach Stadtvierteln\" >\n                    <div class=\"links-grid__card\">\n                                                    <div class=\"links-grid__card-image-wrapper\">\n                                <img decoding=\"async\" width=\"400\" height=\"400\" src=\"https:\/\/www.santamonica.com\/wp-content\/uploads\/2023\/06\/third-street-promenade-400x400.jpg\" class=\"links-grid__card-image\" alt=\"Promenade der dritten Stra\u00dfe\" loading=\"lazy\" title=\"\">                            <\/div>\n                                                <div class=\"links-grid__card-text\">\n                                                            <div class=\"links-grid__card-title\">Gesch\u00e4fte nach Stadtvierteln<\/div>\n                                                                                <\/div>\n                    <\/div>\n                <\/a>\n                                            <a href=\"https:\/\/www.santamonica.com\/de\/shopping\/unique-shops\/\" class=\"links-grid__card-link\" aria-label=\"Einzigartige Gesch\u00e4fte\" >\n                    <div class=\"links-grid__card\">\n                                                    <div class=\"links-grid__card-image-wrapper\">\n                                <img decoding=\"async\" width=\"400\" height=\"400\" src=\"https:\/\/www.santamonica.com\/wp-content\/uploads\/2022\/06\/santa-monica-unique-shops-400x400.jpg\" class=\"links-grid__card-image\" alt=\"santa monica einzigartige gesch\u00e4fte\" loading=\"lazy\" title=\"\">                            <\/div>\n                                                <div class=\"links-grid__card-text\">\n                                                            <div class=\"links-grid__card-title\">Einzigartige Gesch\u00e4fte<\/div>\n                                                                                <\/div>\n                    <\/div>\n                <\/a>\n                                            <a href=\"https:\/\/www.santamonica.com\/de\/shopping\/\" class=\"links-grid__card-link\" aria-label=\"Einkaufen\" >\n                    <div class=\"links-grid__card\">\n                                                    <div class=\"links-grid__card-image-wrapper\">\n                                <img decoding=\"async\" width=\"400\" height=\"400\" src=\"https:\/\/www.santamonica.com\/wp-content\/uploads\/2022\/06\/santa-monica-shopping-2-400x400.jpg\" class=\"links-grid__card-image\" alt=\"santa monica einkaufen\" loading=\"lazy\" title=\"\">                            <\/div>\n                                                <div class=\"links-grid__card-text\">\n                                                            <div class=\"links-grid__card-title\">Einkaufen<\/div>\n                                                                                <\/div>\n                    <\/div>\n                <\/a>\n                        <\/div>\n<\/section>\n\n\n\n<section class=\"blog-feed --theme8 sm-block\">\n    <div class=\"blog-feed__content\">\n        <div class=\"blog-feed__intro\">\n                            <div class=\"blog-feed__eyebrow eyebrow\">Blogs<\/div>                                        <h2 class=\"blog-feed__headline\">Santa Monica entdecken<\/h2>                                        <div class=\"blog-feed__body\"><p>Entdecken Sie Reiserouten, lokale Tipps, Hot Spots und ausgew\u00e4hlte Abenteuer, damit Sie das Beste aus Ihrem Aufenthalt in Santa Monica machen k\u00f6nnen.<\/p>\n<\/div>\n                                        <a class=\"blog-feed__cta\" href=\"https:\/\/www.santamonica.com\/de\/blogeintrage\/\">Alle Blogs anzeigen<\/a>\n                    <\/div>\n\n        <ul class=\"blog-feed__list\">\n                                                <li class=\"blog-feed__item\">\n                        <a href=\"https:\/\/www.santamonica.com\/de\/shopping\/most-loved-ways-to-buy-local\/\" class=\"blog-feed__item-link\">\n                            <div class=\"blog-feed__image-ratio\">\n                                <img decoding=\"async\" class=\"blog-feed__image\" src=\"https:\/\/www.santamonica.com\/wp-content\/uploads\/2021\/06\/ShoppingFeature520x546-400x400.jpg\" alt=\"Beliebteste M\u00f6glichkeiten, in Santa Monica lokal einzukaufen\" title=\"\">\n                            <\/div>\n                            <div class=\"blog-feed__card-title\">Beliebteste M\u00f6glichkeiten, in Santa Monica lokal einzukaufen<\/div>\n                        <\/a>\n                    <\/li>\n                                                                <li class=\"blog-feed__item\">\n                        <a href=\"https:\/\/www.santamonica.com\/de\/shopping\/clothing-essentials\/\" class=\"blog-feed__item-link\">\n                            <div class=\"blog-feed__image-ratio\">\n                                <img decoding=\"async\" class=\"blog-feed__image\" src=\"https:\/\/www.santamonica.com\/wp-content\/uploads\/2021\/06\/Santa-Monica-Third-Street-Promenade-Shopping-Featured-400x400.jpg\" alt=\"Unverzichtbare Kleidung und wo man sie in Santa Monica findet\" title=\"\">\n                            <\/div>\n                            <div class=\"blog-feed__card-title\">Unverzichtbare Kleidung und wo man sie in Santa Monica findet<\/div>\n                        <\/a>\n                    <\/li>\n                                                                <li class=\"blog-feed__item\">\n                        <a href=\"https:\/\/www.santamonica.com\/de\/trip-planner\/santa-monica-travel-hacks\/\" class=\"blog-feed__item-link\">\n                            <div class=\"blog-feed__image-ratio\">\n                                <img decoding=\"async\" class=\"blog-feed__image\" src=\"https:\/\/www.santamonica.com\/wp-content\/uploads\/2021\/05\/Santa-Monica-Travel-Hacks-Featured-400x400.jpg\" alt=\"Reisehacks f\u00fcr einen fantastischen Urlaub in Santa Monica\" title=\"\">\n                            <\/div>\n                            <div class=\"blog-feed__card-title\">Reisehacks f\u00fcr einen fantastischen Urlaub in Santa Monica<\/div>\n                        <\/a>\n                    <\/li>\n                                    <\/ul>\n    <\/div>\n<\/section>","protected":false},"excerpt":{"rendered":"","protected":false},"author":1450,"featured_media":346449,"parent":0,"menu_order":0,"comment_status":"closed","ping_status":"closed","template":"template-editorial.php","meta":{"_acf_changed":false,"inline_featured_image":false,"footnotes":""},"silos":[3898],"class_list":["post-336295","page","type-page","status-publish","has-post-thumbnail","hentry"],"acf":[],"_links":{"self":[{"href":"https:\/\/www.santamonica.com\/de\/wp-json\/wp\/v2\/pages\/336295","targetHints":{"allow":["GET"]}}],"collection":[{"href":"https:\/\/www.santamonica.com\/de\/wp-json\/wp\/v2\/pages"}],"about":[{"href":"https:\/\/www.santamonica.com\/de\/wp-json\/wp\/v2\/types\/page"}],"author":[{"embeddable":true,"href":"https:\/\/www.santamonica.com\/de\/wp-json\/wp\/v2\/users\/1450"}],"replies":[{"embeddable":true,"href":"https:\/\/www.santamonica.com\/de\/wp-json\/wp\/v2\/comments?post=336295"}],"version-history":[{"count":84,"href":"https:\/\/www.santamonica.com\/de\/wp-json\/wp\/v2\/pages\/336295\/revisions"}],"predecessor-version":[{"id":434239,"href":"https:\/\/www.santamonica.com\/de\/wp-json\/wp\/v2\/pages\/336295\/revisions\/434239"}],"wp:featuredmedia":[{"embeddable":true,"href":"https:\/\/www.santamonica.com\/de\/wp-json\/wp\/v2\/media\/346449"}],"wp:attachment":[{"href":"https:\/\/www.santamonica.com\/de\/wp-json\/wp\/v2\/media?parent=336295"}],"wp:term":[{"taxonomy":"silos","embeddable":true,"href":"https:\/\/www.santamonica.com\/de\/wp-json\/wp\/v2\/silos?post=336295"}],"curies":[{"name":"wp","href":"https:\/\/api.w.org\/{rel}","templated":true}]}}