{"id":335407,"date":"2022-05-13T17:18:34","date_gmt":"2022-05-14T00:18:34","guid":{"rendered":"https:\/\/www.santamonica.com\/?page_id=335407"},"modified":"2026-02-12T15:23:22","modified_gmt":"2026-02-12T23:23:22","slug":"datenschutzbestimmungen","status":"publish","type":"page","link":"https:\/\/www.santamonica.com\/de\/privacy-policy\/","title":{"rendered":"Datenschutzbestimmungen"},"content":{"rendered":"<div class=\"wp-block-columns is-layout-flex wp-container-core-columns-is-layout-28f84493 wp-block-columns-is-layout-flex base-block\">\n<div class=\"wp-block-column is-layout-flow wp-block-column-is-layout-flow base-block\">\n<h2 class=\"wp-block-heading base-block\">Pers\u00f6nliche Informationen<\/h2>\n\n\n\n<p class=\"base-block\">Santa Monica Travel &amp; Tourism wird die auf unserer Website abgefragten Informationen nicht an andere Organisationen verkaufen oder weitergeben, es sei denn, wir weisen Sie ausdr\u00fccklich darauf hin, bevor wir die Informationen zur Verf\u00fcgung stellen. Diese Informationen werden freiwillig angefordert und sind nicht erforderlich f\u00fcr die Nutzung <a href=\"https:\/\/www.santamonica.com\/de\/\">santamonica.com<\/a>.<\/p>\n\n\n\n<p class=\"base-block\">\u00dcber unsere Kontaktformulare k\u00f6nnen wir Sie bitten, die folgenden Informationen zu erfassen: Vorname, Nachname, Adresse, Telefonnummer, E-Mail-Adresse, Stadt, Bundesland, Postleitzahl und Land.<\/p>\n<\/div>\n\n\n\n<div class=\"wp-block-column is-layout-flow wp-block-column-is-layout-flow base-block\">\n<p class=\"base-block\">Diese Informationen k\u00f6nnen auf folgende Weise verwendet werden:<\/p>\n\n\n\n<ul class=\"wp-block-list base-block\">\n<li class=\"base-block\">Newsletter-Anmeldung: Wenn Sie sich f\u00fcr den Erhalt unseres Newsletters anmelden, werden die gesammelten Informationen dazu verwendet, Ihnen gezielte eNewsletters zu senden, f\u00fcr die Sie sich angemeldet haben. Wir k\u00f6nnen auch Informationen \u00fcber Ihren pers\u00f6nlichen Geschmack sammeln, damit wir unsere Newsletter besser auf Sie und Ihre Interessen abstimmen k\u00f6nnen.<\/li>\n\n\n\n<li class=\"base-block\">Veranstaltung RSVP: Wenn Sie ein Formular absenden, um sich f\u00fcr eine Veranstaltung anzumelden, k\u00f6nnen diese Informationen verwendet werden, um mit Ihnen \u00fcber die Veranstaltung zu kommunizieren.<\/li>\n\n\n\n<li class=\"base-block\">Wettbewerbe: Wenn Sie ein Formular zur Teilnahme an einem Preisausschreiben einreichen, k\u00f6nnen diese Informationen verwendet werden, um mit Ihnen \u00fcber das Preisausschreiben zu kommunizieren.<\/li>\n\n\n\n<li class=\"base-block\">Weitere Informationen: Wir sch\u00e4tzen Ihr Feedback. Wir k\u00f6nnen auch Informationen von Ihnen sammeln, wenn Sie uns anrufen oder eine E-Mail schreiben, unsere Social-Media-Plattformen nutzen oder anderweitig mit uns kommunizieren.<\/li>\n<\/ul>\n<\/div>\n<\/div>\n\n\n\n<div class=\"wp-block-columns is-layout-flex wp-container-core-columns-is-layout-28f84493 wp-block-columns-is-layout-flex base-block\">\n<div class=\"wp-block-column is-layout-flow wp-block-column-is-layout-flow base-block\">\n<h2 class=\"wp-block-heading base-block\">Analytik und R\u00fcckverfolgung<\/h2>\n\n\n\n<p class=\"base-block\"><a href=\"https:\/\/www.santamonica.com\/de\/\">santamonica.com<\/a> verwendet Tracking und Cookies von Drittanbietern, um anonyme Daten aufzuzeichnen und Statistiken und Berichte \u00fcber die Website zu erstellen, um die Website f\u00fcr die Besucher n\u00fctzlicher zu machen und unsere Dienstleistungen und Zug\u00e4nglichkeit zu verbessern.<\/p>\n\n\n\n<p class=\"base-block\">Wir sammeln die folgenden Informationen durch Tracking: Cookies und Nutzungsdaten.<\/p>\n<\/div>\n\n\n\n<div class=\"wp-block-column is-layout-flow wp-block-column-is-layout-flow base-block\">\n<h2 class=\"wp-block-heading base-block\">Links<\/h2>\n\n\n\n<p class=\"base-block\"><a href=\"https:\/\/www.santamonica.com\/de\/\">santamonica.com<\/a> kann Links zu anderen Websites enthalten, auch zu denen unserer Gesch\u00e4ftspartner. Wir bem\u00fchen uns zwar, nur Links zu Websites einzurichten, die unsere Standards und unseren Respekt f\u00fcr den Datenschutz teilen, aber wir sind nicht f\u00fcr die Datenschutzpraktiken anderer Websites verantwortlich, und diese anderen Websites haben unserer Datenschutzpolitik nicht zugestimmt. Informieren Sie sich auf diesen Websites \u00fcber deren Datenschutzrichtlinien, bevor Sie pers\u00f6nliche Daten angeben.<\/p>\n\n\n\n<p class=\"base-block\">Die Links, die wir auf&nbsp;<a href=\"https:\/\/www.santamonica.com\/de\/\">santamonica.com<\/a>&nbsp;sind zu Ihrer Information und Bequemlichkeit da. Wir haben keine Kontrolle \u00fcber diese Websites und sind auch nicht f\u00fcr deren Inhalt verantwortlich. Die Aufnahme dieser Links bedeutet nicht, dass wir das Material auf diesen Websites guthei\u00dfen oder mit deren Betreibern in Verbindung stehen. Wenn Sie sich entschlie\u00dfen, auf eine dieser Websites zuzugreifen, tun Sie dies ausschlie\u00dflich auf eigenes Risiko.<\/p>\n<\/div>\n<\/div>\n\n\n\n<div class=\"wp-block-columns is-layout-flex wp-container-core-columns-is-layout-28f84493 wp-block-columns-is-layout-flex base-block\">\n<div class=\"wp-block-column is-layout-flow wp-block-column-is-layout-flow base-block\">\n<h2 class=\"wp-block-heading base-block\">\u00c4nderungen der Politik<\/h2>\n\n\n\n<p class=\"base-block\">Wir behalten uns das Recht vor, nach eigenem Ermessen jederzeit Teile dieser Vereinbarung ganz oder teilweise zu \u00e4ndern, zu modifizieren, hinzuzuf\u00fcgen oder zu entfernen. \u00c4nderungen an der Vereinbarung werden auf der Website ver\u00f6ffentlicht. Durch die Nutzung dieser Website erkl\u00e4ren Sie sich mit solchen \u00c4nderungen einverstanden und sollten daher regelm\u00e4\u00dfig die Seite besuchen, um sich \u00fcber die aktuellen Nutzungsbedingungen zu informieren, an die Sie gebunden sind.<\/p>\n<\/div>\n\n\n\n<div class=\"wp-block-column is-layout-flow wp-block-column-is-layout-flow base-block\">\n<h2 class=\"wp-block-heading base-block\">Sicherheit von personenbezogenen Daten<\/h2>\n\n\n\n<p class=\"base-block\">Wir treffen angemessene technische und organisatorische Vorkehrungen, um die von uns erfassten personenbezogenen Daten zu sichern und deren Verlust, Missbrauch oder Ver\u00e4nderung zu verhindern.<\/p>\n\n\n\n<p class=\"base-block\">Alle personenbezogenen Daten werden verschl\u00fcsselt und auf sicheren Servern unter unserer Kontrolle gespeichert.<\/p>\n<\/div>\n<\/div>\n\n\n\n<div class=\"wp-block-columns is-layout-flex wp-container-core-columns-is-layout-28f84493 wp-block-columns-is-layout-flex base-block\">\n<div class=\"wp-block-column is-layout-flow wp-block-column-is-layout-flow base-block\">\n<h2 class=\"wp-block-heading base-block\">Aufbewahrung von personenbezogenen Daten<\/h2>\n\n\n\n<p class=\"base-block\">Personenbezogene Daten, die wir f\u00fcr einen oder mehrere Zwecke erheben und verarbeiten, d\u00fcrfen nicht l\u00e4nger aufbewahrt werden, als es f\u00fcr diesen Zweck oder diese Zwecke erforderlich ist.<\/p>\n\n\n\n<p class=\"base-block\">Wir werden personenbezogene Daten nicht l\u00e4nger als 26 Monate aufbewahren, es sei denn, die Aufbewahrung ist zur Erf\u00fcllung einer gesetzlichen Verpflichtung, der wir unterliegen, oder zum Schutz Ihrer lebenswichtigen Interessen oder der lebenswichtigen Interessen einer anderen nat\u00fcrlichen Person erforderlich.<\/p>\n<\/div>\n\n\n\n<div class=\"wp-block-column is-layout-flow wp-block-column-is-layout-flow base-block\">\n<h2 class=\"wp-block-heading base-block\">Abmeldung von der Erhebung pers\u00f6nlicher Daten<\/h2>\n\n\n\n<p class=\"base-block\">Sie haben die M\u00f6glichkeit, die oben genannten Methoden der Datenerfassung abzulehnen. Wenn Sie eine E-Mail von uns erhalten und es vorziehen, solche Mitteilungen in Zukunft nicht mehr zu erhalten, k\u00f6nnen Sie sich anhand der Anweisungen in der E-Mail abmelden. Dar\u00fcber hinaus k\u00f6nnen Sie sich jederzeit abmelden (Opt-out), indem Sie eine E-Mail senden an <a href=\"mailto:marketing@santamonica.com\">marketing@santamonica.com<\/a> oder senden Sie uns eine schriftliche Mitteilung an: Attention Marketing, 2427 Main Street, Santa Monica, CA 90405 und teilen Sie uns mit, dass Sie sich von zuk\u00fcnftigen E-Mails abmelden m\u00f6chten.<\/p>\n\n\n\n<p class=\"base-block\">Au\u00dferdem kann Ihr Browser Ihnen die M\u00f6glichkeit geben, Cookies oder andere Tracking-Tools zu kontrollieren. Wie Sie dies tun, h\u00e4ngt von der Art des Tools ab. Browser bieten die M\u00f6glichkeit, Ihren Cache, gespeicherte Cookies und den Verlauf zu l\u00f6schen. Anweisungen zur Kontrolle Ihres Caches, gespeicherter Cookies und des Verlaufs finden Sie unter <a href=\"https:\/\/kb.iu.edu\/d\/ahic\" target=\"_blank\" rel=\"noreferrer noopener\">https:\/\/kb.iu.edu\/d\/ahic<\/a>. Bestimmte Browser k\u00f6nnen so eingestellt werden, dass sie Browser-Cookies ablehnen. Um mehr \u00fcber Flash-Cookies zu erfahren, die wir von Zeit zu Zeit auf bestimmten Websites verwenden, besuchen Sie bitte <a href=\"http:\/\/www.aboutads.info\/choices\/\" target=\"_blank\" rel=\"noreferrer noopener\">http:\/\/www.aboutads.info\/choices\/<\/a>.<\/p>\n<\/div>\n<\/div>\n\n\n\n<div class=\"wp-block-columns is-layout-flex wp-container-core-columns-is-layout-28f84493 wp-block-columns-is-layout-flex base-block\">\n<div class=\"wp-block-column is-layout-flow wp-block-column-is-layout-flow base-block\">\n<h2 class=\"wp-block-heading base-block\">Eigent\u00fcmer der Daten<\/h2>\n\n\n\n<p class=\"base-block\">Der Eigent\u00fcmer der von uns gesammelten Daten ist Santa Monica Travel &amp; Tourism.<\/p>\n<\/div>\n\n\n\n<div class=\"wp-block-column is-layout-flow wp-block-column-is-layout-flow base-block\">\n<p class=\"base-block\">Wenn Sie Fragen zu unserer Datenschutzpolitik und den Methoden der Datenspeicherung haben, wenden Sie sich bitte an uns:<\/p>\n\n\n\n<p class=\"base-block\">2427 Main Street, Santa Monica, CA 90405<br>1 (800) 544-5319 oder (310) 319-6263<br><a href=\"mailto:marketing@santamonica.com\">marketing@santamonica.com<\/a><\/p>\n<\/div>\n<\/div>\n\n\n\n<div class=\"wp-block-columns is-layout-flex wp-container-core-columns-is-layout-28f84493 wp-block-columns-is-layout-flex base-block\">\n<div class=\"wp-block-column is-layout-flow wp-block-column-is-layout-flow base-block\">\n<h2 class=\"wp-block-heading base-block\">Bedingungen f\u00fcr die Einreichung von Fotos<\/h2>\n\n\n\n<p class=\"base-block\">Mit der Einsendung von Bildern gew\u00e4hrt der Einsender Santa Monica Travel &amp; Tourism eine nicht-exklusive, unbefristete, weltweite, geb\u00fchrenfreie Lizenz zur Nutzung, Reproduktion, Anpassung und Verbreitung der Bilder in allen Medien f\u00fcr SMTT-bezogene Werbe-, Marketing- und Promotionzwecke, einschlie\u00dflich der Nutzung durch autorisierte Dritte. Die einreichende Partei sichert zu, dass alle erforderlichen Rechte und Freigaben eingeholt wurden, und erkl\u00e4rt sich bereit, Santa Monica Travel &amp; Tourism von allen Anspr\u00fcchen, die sich aus der Verwendung der Bilder ergeben, freizustellen und schadlos zu halten. Wenn die einreichende Partei mit diesen Bedingungen nicht einverstanden ist, sollte sie keine Bilder einreichen und eine E-Mail an <a href=\"mailto:marketing@santamonica.com\">marketing@santamonica.com<\/a> mit Fragen.<br><br><a href=\"https:\/\/www.santamonica.com\/wp-content\/uploads\/2026\/02\/Photograph-Submission-Terms-and-Conditions_2026.pdf\">Lesen Sie die vollst\u00e4ndigen Bedingungen f\u00fcr die Einreichung von Fotos<\/a><\/p>\n<\/div>\n\n\n\n<div class=\"wp-block-column is-layout-flow wp-block-column-is-layout-flow base-block\">\n<p class=\"base-block\"><\/p>\n\n\n\n<p class=\"base-block\"><\/p>\n<\/div>\n<\/div>\n\n\n\n<p class=\"base-block\"><\/p>","protected":false},"excerpt":{"rendered":"<p>Personal Information Santa Monica Travel &#038; Tourism will not sell or share any information requested within our site with any other organizations unless we clearly tell you before providing the information. This information is requested voluntarily and is not required to use santamonica.com. We may ask to collect the following information using our contact forms: first name, last name, address, phone number, email address, city, state, zip code and country. This information may be used in the following ways: Newsletter Registration: When you register to receive our newsletter, the information collected is used to send you targeted, opt-in eNewsletters. We [\u2026]<\/p>\n","protected":false},"author":1450,"featured_media":343993,"parent":0,"menu_order":0,"comment_status":"closed","ping_status":"closed","template":"template-editorial.php","meta":{"_acf_changed":false,"inline_featured_image":false,"footnotes":""},"silos":[],"class_list":["post-335407","page","type-page","status-publish","has-post-thumbnail","hentry"],"acf":[],"_links":{"self":[{"href":"https:\/\/www.santamonica.com\/de\/wp-json\/wp\/v2\/pages\/335407","targetHints":{"allow":["GET"]}}],"collection":[{"href":"https:\/\/www.santamonica.com\/de\/wp-json\/wp\/v2\/pages"}],"about":[{"href":"https:\/\/www.santamonica.com\/de\/wp-json\/wp\/v2\/types\/page"}],"author":[{"embeddable":true,"href":"https:\/\/www.santamonica.com\/de\/wp-json\/wp\/v2\/users\/1450"}],"replies":[{"embeddable":true,"href":"https:\/\/www.santamonica.com\/de\/wp-json\/wp\/v2\/comments?post=335407"}],"version-history":[{"count":22,"href":"https:\/\/www.santamonica.com\/de\/wp-json\/wp\/v2\/pages\/335407\/revisions"}],"predecessor-version":[{"id":785660,"href":"https:\/\/www.santamonica.com\/de\/wp-json\/wp\/v2\/pages\/335407\/revisions\/785660"}],"wp:featuredmedia":[{"embeddable":true,"href":"https:\/\/www.santamonica.com\/de\/wp-json\/wp\/v2\/media\/343993"}],"wp:attachment":[{"href":"https:\/\/www.santamonica.com\/de\/wp-json\/wp\/v2\/media?parent=335407"}],"wp:term":[{"taxonomy":"silos","embeddable":true,"href":"https:\/\/www.santamonica.com\/de\/wp-json\/wp\/v2\/silos?post=335407"}],"curies":[{"name":"wp","href":"https:\/\/api.w.org\/{rel}","templated":true}]}}