{"id":335305,"date":"2022-05-13T15:00:53","date_gmt":"2022-05-13T22:00:53","guid":{"rendered":"https:\/\/www.santamonica.com\/?page_id=335305"},"modified":"2026-01-13T13:47:54","modified_gmt":"2026-01-13T21:47:54","slug":"was-zu-packen-ist","status":"publish","type":"page","link":"https:\/\/www.santamonica.com\/de\/experience-santa-monica\/what-to-pack\/","title":{"rendered":"Was zu packen ist"},"content":{"rendered":"<section class=\"two-images container-max sm-block --flip sm-block\">\n    <div class=\"two-images__container --flip\">\n\n        <div class=\"two-images__column\">\n            <div class=\"two-images__content\">\n                <div class=\"two-images__content-header-container\">\n                                            <h2 class=\"two-images__content-header\">Was soll ich in Santa Monica anziehen?<\/h2>                                    <\/div>\n                                    <div class=\"two-images__content-body wysiwyg\">\n                        <p><span style=\"font-weight: 400;\">Denn <\/span><span style=\"font-weight: 400;\">Santa Monica<\/span><span style=\"font-weight: 400;\"> direkt am Strand liegt, ist der allt\u00e4gliche Stil eher leger und entspannt als in anderen Vierteln von Los Angeles. An w\u00e4rmeren Tagen sieht man viele Menschen in T-Shirts oder Tanktops, Shorts und modischer Freizeitkleidung am Strand entlang schlendern. <\/span><strong><a href=\"https:\/\/www.santamonica.com\/de\/santa-monica-erleben\/nachbarschaften\/zentrum-von-santa-monica-3-strase-promenade\/\">Dritte Stra\u00dfe Promenade<\/a><\/strong><span style=\"font-weight: 400;\"> oder erkunden Sie die <\/span><strong><a href=\"https:\/\/www.santamonica.com\/de\/santa-monica-erleben\/nachbarschaften\/montana-avenue\/\">Gesch\u00e4fte in der Montana Avenue<\/a><\/strong><span style=\"font-weight: 400;\">.<\/span><\/p>\n                    <\/div>\n                                            <\/div>\n        <\/div>\n\n        <div class=\"two-images__column\">\n                            <div class=\"two-images__image-container\">\n                    <img decoding=\"async\" width=\"425\" height=\"505\" src=\"https:\/\/www.santamonica.com\/wp-content\/uploads\/2023\/09\/santa-monica-beach.jpg\" class=\"two-images__image\" alt=\"santa monica strand\" loading=\"lazy\" srcset=\"https:\/\/www.santamonica.com\/wp-content\/uploads\/2023\/09\/santa-monica-beach.jpg 425w, https:\/\/www.santamonica.com\/wp-content\/uploads\/2023\/09\/santa-monica-beach-252x300.jpg 252w, https:\/\/www.santamonica.com\/wp-content\/uploads\/2023\/09\/santa-monica-beach-126x150.jpg 126w\" sizes=\"auto, (max-width: 425px) 100vw, 425px\" title=\"\">                    \n\n                <\/div>\n                    <\/div>\n\n        <div class=\"two-images__column\">\n                            <div class=\"two-images__image-container\">\n                    <img decoding=\"async\" width=\"600\" height=\"565\" src=\"https:\/\/www.santamonica.com\/wp-content\/uploads\/2023\/09\/couple-at-santa-monica.jpg\" class=\"two-images__image\" alt=\"p\u00e4rchen in santa monica\" loading=\"lazy\" srcset=\"https:\/\/www.santamonica.com\/wp-content\/uploads\/2023\/09\/couple-at-santa-monica.jpg 600w, https:\/\/www.santamonica.com\/wp-content\/uploads\/2023\/09\/couple-at-santa-monica-300x283.jpg 300w, https:\/\/www.santamonica.com\/wp-content\/uploads\/2023\/09\/couple-at-santa-monica-159x150.jpg 159w\" sizes=\"auto, (max-width: 600px) 100vw, 600px\" title=\"\">                    \n\n                <\/div>\n                    <\/div>\n\n    <\/div>\n<\/section>\n\n\n<section class=\"image-slider --theme1 sm-block\" >\n    <div class=\"image-slider__wrapper\">\n                    <div class=\"image-slider__copy wysiwyg\"><p><span style=\"font-weight: 400;\">Wenn die Temperaturen am Abend abk\u00fchlen, wechseln die Einheimischen oft zu Jeans; viele Frauen vervollst\u00e4ndigen ihren Look mit einer leichten <\/span><span style=\"font-weight: 400;\">Jacke oder Strickjacke<\/span><span style=\"font-weight: 400;\">. Je nach <\/span><span style=\"font-weight: 400;\">auf<\/span><span style=\"font-weight: 400;\"> die Saison<\/span><span style=\"font-weight: 400;\">\u00a0Sie planen Ihre Reise nach <\/span><span style=\"font-weight: 400;\">Santa Monica<\/span><span style=\"font-weight: 400;\">, Wenn Sie eine Jacke mitnehmen m\u00f6chten, k\u00f6nnen die Temperaturen in den Wintern\u00e4chten unter 10 Grad Celsius sinken. Es ist eine gute Idee, Ihre Kleidung in mehreren Schichten zu tragen, damit Sie zus\u00e4tzliche Kleidungsst\u00fccke ausziehen k\u00f6nnen, wenn die Temperaturen etwas w\u00e4rmer sind als Sie erwarten. <\/span><span style=\"font-weight: 400;\">Keine Sorge, wenn Sie etwas zu Hause vergessen haben<\/span><span style=\"font-weight: 400;\">; Pullover<\/span><span style=\"font-weight: 400;\">,<\/span>\u00a0<span style=\"font-weight: 400;\">Kapuzenpullover<\/span><span style=\"font-weight: 400;\"> und lang\u00e4rmelige Hemden<\/span><span style=\"font-weight: 400;\"> sind weithin verf\u00fcgbar in einem der <\/span><span style=\"font-weight: 400;\">Santa Monica<\/span><span style=\"font-weight: 400;\">\u2019die vielen einzigartigen <\/span><a href=\"https:\/\/www.santamonica.com\/de\/einkaufen\/geschafte-nach-stadtteilen\/\"><span style=\"font-weight: 400;\"><strong>speichert<\/strong><\/span><\/a><span style=\"font-weight: 400;\">.<\/span><\/p>\n<p>Wenn Sie \u00fcberlegen, was Sie f\u00fcr Ihren Urlaub in Santa Monica einpacken sollen, vergessen Sie nicht Ihre Badesachen! <span style=\"font-weight: 400;\">Vom sp\u00e4ten Fr\u00fchjahr bis zum fr\u00fchen Herbst kann man durchaus im Bikini oder in Badeshorts schwimmen. Wenn Sie einen Badeanzug haben, der f\u00fcr das Schwimmbad zu Hause zu knallig ist, ist jetzt der richtige Zeitpunkt, ihn zu zeigen! Vielleicht m\u00f6chten Sie auch einen leichten \u00dcberzieher mitnehmen<\/span><span style=\"font-weight: 400;\"> zu verwenden<\/span><span style=\"font-weight: 400;\"> f\u00fcr den Besuch des Imbissstandes oder den Spaziergang am Pier.<\/span><\/p>\n<\/div>\n                <div class=\"image-slider__slider left\">\n                            <!-- Slider main container -->\n                <div class=\"swiper\">\n                    <!-- Additional required wrapper -->\n                    <div class=\"swiper-wrapper\">\n                        <!-- Slides -->\n                                                    <div class=\"swiper-slide\">\n                                <img decoding=\"async\" width=\"1024\" height=\"683\" src=\"https:\/\/www.santamonica.com\/wp-content\/uploads\/2023\/09\/santa-monica-sun-bathing-1-1024x683.webp\" class=\"swiper-slide__image\" alt=\"santa monica sonnenbaden\" loading=\"lazy\" srcset=\"https:\/\/www.santamonica.com\/wp-content\/uploads\/2023\/09\/santa-monica-sun-bathing-1-1024x683.webp 1024w, https:\/\/www.santamonica.com\/wp-content\/uploads\/2023\/09\/santa-monica-sun-bathing-1-300x200.webp 300w, https:\/\/www.santamonica.com\/wp-content\/uploads\/2023\/09\/santa-monica-sun-bathing-1-225x150.webp 225w, https:\/\/www.santamonica.com\/wp-content\/uploads\/2023\/09\/santa-monica-sun-bathing-1-768x512.webp 768w, https:\/\/www.santamonica.com\/wp-content\/uploads\/2023\/09\/santa-monica-sun-bathing-1-1536x1024.webp 1536w, https:\/\/www.santamonica.com\/wp-content\/uploads\/2023\/09\/santa-monica-sun-bathing-1.webp 2048w\" sizes=\"auto, (max-width: 1024px) 100vw, 1024px\" title=\"\">                                \n\n                            <\/div>\n                                            <\/div>\n                                    <\/div>\n                    <\/div>\n    <\/div>\n<\/section>\n\n\n\n<div class=\"wp-block-columns is-layout-flex wp-container-core-columns-is-layout-28f84493 wp-block-columns-is-layout-flex base-block\">\n<div class=\"wp-block-column is-layout-flow wp-block-column-is-layout-flow base-block\">\n<h4 class=\"wp-block-heading base-block\">Stilvoll bleiben<\/h4>\n\n\n\n<p class=\"base-block\">Die meisten <a href=\"https:\/\/www.santamonica.com\/de\/restaurants\/speisefuhrer\/\">Restaurants in Santa Monica<\/a>, Bars und Clubs haben eine legere Kleiderordnung, die sich perfekt f\u00fcr eine entspannte Urlaubskleidung eignet. Dennoch sollten Sie mindestens ein gehobenes Outfit einpacken - eine nicht zu enge Hose und ein Hemd mit Kragen, eine sch\u00f6ne Bluse oder ein Kleid und stilvolle Accessoires.<\/p>\n<\/div>\n\n\n\n<div class=\"wp-block-column is-layout-flow wp-block-column-is-layout-flow base-block\">\n<h4 class=\"wp-block-heading base-block\">Flexibel sein<\/h4>\n\n\n\n<p class=\"base-block\">In keinem Restaurant in Santa Monica sind Jackett und Krawatte vorgeschrieben. F\u00fcr die Damen passt ein Maxikleid gut zu Sandalen, w\u00e4hrend sie durch die <a href=\"https:\/\/www.santamonica.com\/de\/santa-monica-erleben\/bauernmarkte\/\">Bauernmarkt<\/a>, Es sieht aber auch schick aus, wenn man es mit auff\u00e4lligem Schmuck und Keilabs\u00e4tzen kombiniert, wenn die Sonne untergeht. F\u00fcr die Jungs sind ein T-Shirt und eine Jeans perfekt f\u00fcr viele Gelegenheiten. Packen Sie auf jeden Fall eine leichte Jacke ein, falls es nachts k\u00fchl wird. &nbsp;<\/p>\n<\/div>\n\n\n\n<div class=\"wp-block-column is-layout-flow wp-block-column-is-layout-flow base-block\">\n<h4 class=\"wp-block-heading base-block\">Bringen Sie eine Tasche<\/h4>\n\n\n\n<p class=\"base-block\">Packen Sie eine kleinere Handtasche oder einen Tagesrucksack ein, um Ihre Sachen zu transportieren. Wenn Sie so viel zu Fu\u00df unterwegs sind, wird eine gro\u00dfe Tasche oder ein gro\u00dfer Geldbeutel Sie nur beschweren. Nehmen Sie eine Strandtasche mit, wenn Sie vorhaben, einige Zeit im Sand zu verbringen. Am besten etwas Leichteres, vorzugsweise mit einem Schulter- oder \u00dcberkreuzgurt, damit Sie die H\u00e4nde frei haben und bereit sind, Fotos zu machen!<\/p>\n<\/div>\n<\/div>\n\n\n\n<section class=\"two-images container-max sm-block --flip sm-block\">\n    <div class=\"two-images__container --flip\">\n\n        <div class=\"two-images__column\">\n            <div class=\"two-images__content\">\n                <div class=\"two-images__content-header-container\">\n                                            <h2 class=\"two-images__content-header\">Schuhe einpacken f\u00fcr Santa Monica<\/h2>                                    <\/div>\n                                    <div class=\"two-images__content-body wysiwyg\">\n                        <p><span style=\"font-weight: 400;\">Bequem<\/span><span style=\"font-weight: 400;\"> Wandern<\/span><span style=\"font-weight: 400;\"> Schuhe sind unverzichtbar beim Packen f\u00fcr eine Reise nach <\/span><span style=\"font-weight: 400;\">Santa Monica<\/span><span style=\"font-weight: 400;\">. Weil die Stadt nur 8,3 Quadratmeilen gro\u00df ist <\/span><span style=\"font-weight: 400;\">(21,5 Quadratkilometer)<\/span><span style=\"font-weight: 400;\">, k\u00f6nnen Sie fast <\/span><a href=\"https:\/\/www.santamonica.com\/de\/transport\/offentliche-verkehrsmittel\/\"><span style=\"font-weight: 400;\"><strong>\u00fcberall, wo Sie zu Fu\u00df hingehen wollen<\/strong><\/span><\/a><span style=\"font-weight: 400;\">. <\/span><\/p>\n<p><span style=\"font-weight: 400;\">Packen Sie ein oder zwei Paar<\/span><span style=\"font-weight: 400;\"> flip-flops<\/span><span style=\"font-weight: 400;\">\u00a0zum Tragen auf der sch\u00f6nen <\/span><strong><a href=\"https:\/\/www.santamonica.com\/de\/dinge-die-man-tun-kann\/santa-monica-strand\/\">Strand von Santa Monica<\/a><\/strong><span style=\"font-weight: 400;\">,<\/span><span style=\"font-weight: 400;\"> aber stellen Sie sicher, dass Sie auch etwas haben, das stundenlanges St\u00f6bern in den Galerien und Einkaufen aush\u00e4lt. <\/span><span style=\"font-weight: 400;\">unter<\/span> <strong><a href=\"https:\/\/www.santamonica.com\/de\/einkaufen\/santa-monica-platz\/\">Santa Monica Platz<\/a><\/strong><span style=\"font-weight: 400;\">, oder die Sehensw\u00fcrdigkeiten und Kl\u00e4nge des <\/span><strong><a href=\"https:\/\/www.santamonica.com\/de\/dinge-die-man-tun-kann\/besuch-der-santa-monica-pier\/\">Santa Monica Pier<\/a><\/strong><span style=\"font-weight: 400;\">. Heben Sie elegantere Schuhe f\u00fcr <\/span><strong><a href=\"https:\/\/www.santamonica.com\/de\/nachtleben\/\">Ausgehen in Santa Monica<\/a><\/strong><span style=\"font-weight: 400;\">.<\/span><\/p>\n                    <\/div>\n                                            <\/div>\n        <\/div>\n\n        <div class=\"two-images__column\">\n                            <div class=\"two-images__image-container\">\n                    <img decoding=\"async\" width=\"425\" height=\"505\" src=\"https:\/\/www.santamonica.com\/wp-content\/uploads\/2023\/09\/person-next-to-santa-monica-66-sign.jpg\" class=\"two-images__image\" alt=\"Person neben dem Schild &quot;Santa Monica 66\" loading=\"lazy\" srcset=\"https:\/\/www.santamonica.com\/wp-content\/uploads\/2023\/09\/person-next-to-santa-monica-66-sign.jpg 425w, https:\/\/www.santamonica.com\/wp-content\/uploads\/2023\/09\/person-next-to-santa-monica-66-sign-252x300.jpg 252w, https:\/\/www.santamonica.com\/wp-content\/uploads\/2023\/09\/person-next-to-santa-monica-66-sign-126x150.jpg 126w\" sizes=\"auto, (max-width: 425px) 100vw, 425px\" title=\"\">                    \n\n                <\/div>\n                    <\/div>\n\n        <div class=\"two-images__column\">\n                            <div class=\"two-images__image-container\">\n                    <img decoding=\"async\" width=\"600\" height=\"565\" src=\"https:\/\/www.santamonica.com\/wp-content\/uploads\/2023\/09\/santa-monica-pier.jpg\" class=\"two-images__image\" alt=\"santa monica pier\" loading=\"lazy\" srcset=\"https:\/\/www.santamonica.com\/wp-content\/uploads\/2023\/09\/santa-monica-pier.jpg 600w, https:\/\/www.santamonica.com\/wp-content\/uploads\/2023\/09\/santa-monica-pier-300x283.jpg 300w, https:\/\/www.santamonica.com\/wp-content\/uploads\/2023\/09\/santa-monica-pier-159x150.jpg 159w\" sizes=\"auto, (max-width: 600px) 100vw, 600px\" title=\"\">                    \n\n                <\/div>\n                    <\/div>\n\n    <\/div>\n<\/section>\n\n\n<section class=\"sun-title sm-block --theme6 sm-block\">\n            <h2 class=\"sun-title__headline\">Diese Dinge immer einpacken<\/h2>    \n            <div class=\"sun-title__body  wysiwyg\">\n                    <p><span style=\"font-weight: 400;\">Ganz gleich, welche Jahreszeit Sie besuchen <\/span><span style=\"font-weight: 400;\">Santa Monica<\/span><span style=\"font-weight: 400;\">, Packen Sie auf jeden Fall die folgende Urlaubskleidung ein: eine Sonnenbrille, eine Kappe oder einen Sonnenhut und eine Flasche Sonnenschutzmittel.<\/span><\/p>\n<p><span style=\"font-weight: 400;\">Die Sonnenstrahlen k\u00f6nnen sehr stark sein, auch wenn die Temperaturen niedriger sind oder der Tag bedeckt ist. Sie sollten Ihre Augen vor der Blendung und Ihre Haut vor einem m\u00f6glichen Sonnenbrand sch\u00fctzen. Auch wenn Sie dazu neigen, leicht braun zu werden, sollten Sie 30 Minuten vor dem Verlassen des Hauses Sonnenschutzmittel auftragen. <\/span><strong><a href=\"https:\/\/www.santamonica.com\/de\/hotels\/aufenthalt-in-santa-monica\/\">Hotel <\/a><\/strong><span style=\"font-weight: 400;\">Zimmer - und dann noch einmal alle zwei Stunden, wenn Sie drau\u00dfen sind.<\/span><\/p>\n<p><span style=\"font-weight: 400;\">Wenn Sie sich w\u00e4hrend Ihres Aufenthalts zu einem Bad im Pazifik inspirieren lassen (und wir k\u00f6nnen fast wetten, dass Sie das tun werden), werden Sie froh sein, dass Sie ein bisschen mehr SPF in Ihrem <\/span><span style=\"font-weight: 400;\">Santa Monica<\/span><span style=\"font-weight: 400;\"> Tagestasche.<\/span><\/p>\n                        <\/div>\n    <\/section>\n\n\n<section class=\"image-slider --theme1 sm-block\" >\n    <div class=\"image-slider__wrapper\">\n                    <div class=\"image-slider__copy wysiwyg\"><p><span style=\"font-weight: 400;\">Wenn Sie w\u00e4hrend Ihrer Erkundungstour durch Santa Monica einen Aufbewahrungsort f\u00fcr Ihre Gegenst\u00e4nde oder Ihr Gep\u00e4ck ben\u00f6tigen, bietet das Santa Monica Bike Center Schlie\u00dff\u00e4cher an. Die Kosten betragen $10 pro Tag und Gegenstand oder $5 pro Tag und Gegenstand beim Kauf eines Leihfahrrads. Alle Taschen und Gegenst\u00e4nde m\u00fcssen bei Gesch\u00e4ftsschluss, also t\u00e4glich um 19 Uhr, abgeholt werden.<\/span><\/p>\n<p><span style=\"font-weight: 400;\">Herunterladen der<\/span><a href=\"https:\/\/usebounce.com\/\" target=\"_blank\" rel=\"noopener\"><span style=\"font-weight: 400;\"><strong> Bounce-App<\/strong><\/span><\/a><span style=\"font-weight: 400;\">\u00a0 f\u00fcr weitere Gep\u00e4ckaufbewahrungsorte in Santa Monica, einschlie\u00dflich der beiden Sand n\u2019 Surf-Standorte, f\u00fcr Tages-, \u00dcbernacht- und Mehrtagesaufbewahrung.<\/span><\/p>\n<\/div>\n                <div class=\"image-slider__slider right\">\n                            <!-- Slider main container -->\n                <div class=\"swiper\">\n                    <!-- Additional required wrapper -->\n                    <div class=\"swiper-wrapper\">\n                        <!-- Slides -->\n                                                    <div class=\"swiper-slide\">\n                                <img decoding=\"async\" width=\"1024\" height=\"576\" src=\"https:\/\/www.santamonica.com\/wp-content\/uploads\/2023\/09\/santa-monica.jpg\" class=\"swiper-slide__image\" alt=\"santa monica\" loading=\"lazy\" srcset=\"https:\/\/www.santamonica.com\/wp-content\/uploads\/2023\/09\/santa-monica.jpg 1024w, https:\/\/www.santamonica.com\/wp-content\/uploads\/2023\/09\/santa-monica-300x169.jpg 300w, https:\/\/www.santamonica.com\/wp-content\/uploads\/2023\/09\/santa-monica-267x150.jpg 267w, https:\/\/www.santamonica.com\/wp-content\/uploads\/2023\/09\/santa-monica-768x432.jpg 768w\" sizes=\"auto, (max-width: 1024px) 100vw, 1024px\" title=\"\">                                \n\n            <a href=\"https:\/\/www.santamonica.com\/de\/dinge-die-man-tun-kann\/santa-monica-fahrradzentrum\/\" class=\"img-lctn-tag --right\">\n            <div class=\"img-lctn-tag-inside-link image-slider__image-caption right\">Fahrradzentrum Santa Monica<\/div>\n        <\/a>\n                                <\/div>\n                                            <\/div>\n                                    <\/div>\n                    <\/div>\n    <\/div>\n<\/section>","protected":false},"excerpt":{"rendered":"<p>Stay classy Most Santa Monica restaurants, bars, and clubs have a casual dress code that is perfect for relaxed vacation wear. However, you still should pack at least one upscale outfit\u2014a pair of non-denim pants and a collared shirt, a nice blouse or a dress and stylish accessories. Be flexible No restaurants in Santa Monica require a coat and tie. For the ladies, a maxi dress works well with sandals while browsing the farmers\u2019 market, but it also looks chic when paired with bold jewelry and wedge heels after the sun goes down. For the guys, a t-shirt and jeans [\u2026]<\/p>\n","protected":false},"author":1450,"featured_media":757765,"parent":0,"menu_order":0,"comment_status":"closed","ping_status":"closed","template":"template-editorial.php","meta":{"_acf_changed":false,"inline_featured_image":false,"footnotes":""},"silos":[3887],"class_list":["post-335305","page","type-page","status-publish","has-post-thumbnail","hentry"],"acf":[],"_links":{"self":[{"href":"https:\/\/www.santamonica.com\/de\/wp-json\/wp\/v2\/pages\/335305","targetHints":{"allow":["GET"]}}],"collection":[{"href":"https:\/\/www.santamonica.com\/de\/wp-json\/wp\/v2\/pages"}],"about":[{"href":"https:\/\/www.santamonica.com\/de\/wp-json\/wp\/v2\/types\/page"}],"author":[{"embeddable":true,"href":"https:\/\/www.santamonica.com\/de\/wp-json\/wp\/v2\/users\/1450"}],"replies":[{"embeddable":true,"href":"https:\/\/www.santamonica.com\/de\/wp-json\/wp\/v2\/comments?post=335305"}],"version-history":[{"count":71,"href":"https:\/\/www.santamonica.com\/de\/wp-json\/wp\/v2\/pages\/335305\/revisions"}],"predecessor-version":[{"id":781578,"href":"https:\/\/www.santamonica.com\/de\/wp-json\/wp\/v2\/pages\/335305\/revisions\/781578"}],"wp:featuredmedia":[{"embeddable":true,"href":"https:\/\/www.santamonica.com\/de\/wp-json\/wp\/v2\/media\/757765"}],"wp:attachment":[{"href":"https:\/\/www.santamonica.com\/de\/wp-json\/wp\/v2\/media?parent=335305"}],"wp:term":[{"taxonomy":"silos","embeddable":true,"href":"https:\/\/www.santamonica.com\/de\/wp-json\/wp\/v2\/silos?post=335305"}],"curies":[{"name":"wp","href":"https:\/\/api.w.org\/{rel}","templated":true}]}}