{"id":335287,"date":"2022-05-13T14:57:37","date_gmt":"2022-05-13T21:57:37","guid":{"rendered":"https:\/\/www.santamonica.com\/?page_id=335287"},"modified":"2025-08-05T12:17:19","modified_gmt":"2025-08-05T19:17:19","slug":"nachtleben","status":"publish","type":"page","link":"https:\/\/www.santamonica.com\/de\/nightlife\/","title":{"rendered":"Nachtleben"},"content":{"rendered":"<section class=\"sun-title sm-block --theme6 sm-block\">\n            <h2 class=\"sun-title__headline\">Rooftop-Bars<\/h2>    \n            <div class=\"sun-title__body  wysiwyg\">\n                    <div class=\"is-layout-flow wp-block-column is-vertically-aligned-center base-block\">\n<p class=\"base-block\">Die Rooftop-Bars in Santa Monica bieten Einheimischen und Besuchern gleicherma\u00dfen ein einzigartiges und unvergessliches Erlebnis. Mit ihrem atemberaubenden Panoramablick auf die Stadt und den Pazifischen Ozean bieten diese Bars die perfekte Kulisse f\u00fcr einen Cocktailabend und ein Treffen mit Freunden. Ganz gleich, ob Sie ein luxuri\u00f6ses Ambiente wie im Coco Club oder die entspannte Atmosph\u00e4re des LouLou am Santa Monica Place bevorzugen - in Santa Monica haben Sie die Qual der Wahl.<\/p>\n<\/div>\n<div class=\"is-layout-flow wp-block-column is-vertically-aligned-center base-block\"><\/div>\n                        <\/div>\n    <\/section>\n\n\n<section class=\"image-slider --theme1 sm-block\" >\n    <div class=\"image-slider__wrapper\">\n                    <div class=\"image-slider__copy wysiwyg\"><h3>Elefant<\/h3>\n<p>Die Dachterrasse des <strong><a href=\"https:\/\/www.santamonica.com\/de\/restaurants\/strandhaus-elephante\/\">Elefant<\/a><\/strong> ist ein Muss f\u00fcr alle, die eine atemberaubende Aussicht, k\u00f6stliches Essen und handgemachte Cocktails genie\u00dfen m\u00f6chten. Die Rooftop-Bar bietet eine mediterran inspirierte Speisekarte, die die Aromen und Zutaten der Region in den Vordergrund stellt.<\/p>\n<h3>Calabra<\/h3>\n<p><strong><a href=\"https:\/\/www.santamonica.com\/de\/restaurants\/calabra\/\">Calabra's<\/a><\/strong> Rooftop Bar und Restaurant befindet sich im 5. Stock des Santa Monica Proper Hotels. Diese anspruchsvolle Bar bietet ein einzigartiges Erlebnis, das Sie sicher beeindrucken wird. Die Bar selbst ist stilvoll mit einer modernen, minimalistischen \u00c4sthetik eingerichtet und verf\u00fcgt \u00fcber bequeme Sitzbereiche und eine stimmungsvolle Beleuchtung, die eine warme und einladende Atmosph\u00e4re schafft.<\/p>\n<\/div>\n                <div class=\"image-slider__slider right\">\n                            <!-- Slider main container -->\n                <div class=\"swiper js-image-slider\">\n                    <!-- Additional required wrapper -->\n                    <div class=\"swiper-wrapper\">\n                        <!-- Slides -->\n                                                    <div class=\"swiper-slide\">\n                                <img decoding=\"async\" width=\"1024\" height=\"580\" src=\"https:\/\/www.santamonica.com\/wp-content\/uploads\/2023\/05\/1024x580-Elephante-Rooftop-Restaurant-and-Bar-Santa-Monica.jpg\" class=\"swiper-slide__image\" alt=\"Elephante Restaurant und Bar auf dem Dach\" loading=\"lazy\" srcset=\"https:\/\/www.santamonica.com\/wp-content\/uploads\/2023\/05\/1024x580-Elephante-Rooftop-Restaurant-and-Bar-Santa-Monica.jpg 1024w, https:\/\/www.santamonica.com\/wp-content\/uploads\/2023\/05\/1024x580-Elephante-Rooftop-Restaurant-and-Bar-Santa-Monica-300x170.jpg 300w, https:\/\/www.santamonica.com\/wp-content\/uploads\/2023\/05\/1024x580-Elephante-Rooftop-Restaurant-and-Bar-Santa-Monica-265x150.jpg 265w, https:\/\/www.santamonica.com\/wp-content\/uploads\/2023\/05\/1024x580-Elephante-Rooftop-Restaurant-and-Bar-Santa-Monica-768x435.jpg 768w\" sizes=\"auto, (max-width: 1024px) 100vw, 1024px\" title=\"\">                                \n\n            <div class=\"img-lctn-tag --no-link image-slider__image-caption --right\">Elephante Restaurant und Bar auf dem Dach<\/div>\n                                <\/div>\n                                                    <div class=\"swiper-slide\">\n                                <img decoding=\"async\" width=\"1024\" height=\"576\" src=\"https:\/\/www.santamonica.com\/wp-content\/uploads\/2022\/05\/santa-monica-proper-hotel.jpg\" class=\"swiper-slide__image\" alt=\"Santa Monica Proper Hotel\" loading=\"lazy\" srcset=\"https:\/\/www.santamonica.com\/wp-content\/uploads\/2022\/05\/santa-monica-proper-hotel.jpg 1024w, https:\/\/www.santamonica.com\/wp-content\/uploads\/2022\/05\/santa-monica-proper-hotel-300x169.jpg 300w, https:\/\/www.santamonica.com\/wp-content\/uploads\/2022\/05\/santa-monica-proper-hotel-267x150.jpg 267w, https:\/\/www.santamonica.com\/wp-content\/uploads\/2022\/05\/santa-monica-proper-hotel-768x432.jpg 768w\" sizes=\"auto, (max-width: 1024px) 100vw, 1024px\" title=\"\">                                \n\n            <a href=\"https:\/\/www.santamonica.com\/de\/hotels\/santa-monica-proper-hotel\/\"  class=\"img-lctn-tag --right\">\n            <div class=\"img-lctn-tag-inside-link image-slider__image-caption right\">Santa Monica Proper Hotel<\/div>\n        <\/a>\n                                <\/div>\n                                            <\/div>\n                                            <div class=\"image-slider__swiper-controls-wrapper-relocator\">\n                            <div class=\"image-slider__swiper-controls-wrapper\">\n                                <div class=\"swiper-pagination\"><\/div>\n                                <div class=\"swiper-button-prev-custom\">\n                                    <div class=\"arrow-button-left\"><\/div>\n                                <\/div>\n                                <div class=\"swiper-button-next-custom\">\n                                    <div class=\"arrow-button-right\"><\/div>\n                                <\/div>\n                            <\/div>\n                        <\/div>\n                                    <\/div>\n                    <\/div>\n    <\/div>\n<\/section>\n\n\n<section class=\"image-slider --theme1 sm-block\" >\n    <div class=\"image-slider__wrapper\">\n                    <div class=\"image-slider__copy wysiwyg\"><h3>Der Coco Club<\/h3>\n<p>Die Dachterrassenbar im\u00a0<strong><a href=\"https:\/\/www.santamonica.com\/de\/treffen\/der-coco-club\/\">Der Coco Club<\/a><\/strong>\u00a0befindet sich im 6. Stock des Beacon Hotels und bietet einen atemberaubenden Blick auf den Pazifischen Ozean und die K\u00fcste von Santa Monica. Die Bar ist ein trendiges und stilvolles Ziel f\u00fcr alle, die ein einzigartiges und gehobenes Erlebnis in einer der ber\u00fchmtesten Strandst\u00e4dte Kaliforniens suchen.<\/p>\n<h3>LouLou<\/h3>\n<p><strong><a href=\"https:\/\/www.santamonica.com\/de\/treffen\/loulou-rooftop-restaurant-lounge-venue\/\">LouLou Santa Monica<\/a><\/strong>\u00a0ist eine stilvolle und raffinierte Rooftop-Bar und ein Restaurant auf dem Speisedeck des Santa Monica Place, das eine entspannte Atmosph\u00e4re mit atemberaubendem Blick auf den Ozean und die umliegende Stadt bietet. Dieses franz\u00f6sisch-kalifornische Restaurant bietet bequeme Sitzgelegenheiten, bequeme Lounge-Sessel und eine schlichte Einrichtung, die Eleganz und Modernit\u00e4t ausstrahlt. Die Au\u00dfenterrasse ist ebenfalls beheizt und bietet Platz f\u00fcr gr\u00f6\u00dfere Gruppen.<\/p>\n<\/div>\n                <div class=\"image-slider__slider left\">\n                            <!-- Slider main container -->\n                <div class=\"swiper js-image-slider\">\n                    <!-- Additional required wrapper -->\n                    <div class=\"swiper-wrapper\">\n                        <!-- Slides -->\n                                                    <div class=\"swiper-slide\">\n                                <img decoding=\"async\" width=\"1024\" height=\"580\" src=\"https:\/\/www.santamonica.com\/wp-content\/uploads\/2024\/03\/The-Coco-Club-Santa-Monica.jpg\" class=\"swiper-slide__image\" alt=\"Der Coco Club mit Meerblick\" loading=\"lazy\" srcset=\"https:\/\/www.santamonica.com\/wp-content\/uploads\/2024\/03\/The-Coco-Club-Santa-Monica.jpg 1024w, https:\/\/www.santamonica.com\/wp-content\/uploads\/2024\/03\/The-Coco-Club-Santa-Monica-300x170.jpg 300w, https:\/\/www.santamonica.com\/wp-content\/uploads\/2024\/03\/The-Coco-Club-Santa-Monica-265x150.jpg 265w, https:\/\/www.santamonica.com\/wp-content\/uploads\/2024\/03\/The-Coco-Club-Santa-Monica-768x435.jpg 768w\" sizes=\"auto, (max-width: 1024px) 100vw, 1024px\" title=\"\">                                \n\n            <a href=\"https:\/\/www.santamonica.com\/de\/treffen\/der-coco-club\/\"  class=\"img-lctn-tag --right\">\n            <div class=\"img-lctn-tag-inside-link image-slider__image-caption right\">Der Coco Club<\/div>\n        <\/a>\n                                <\/div>\n                                                    <div class=\"swiper-slide\">\n                                <img decoding=\"async\" width=\"1024\" height=\"683\" src=\"https:\/\/www.santamonica.com\/wp-content\/uploads\/2023\/05\/Loulous-Nightlife-1024x683.webp\" class=\"swiper-slide__image\" alt=\"Loulou Santa Monica Nachtleben\" loading=\"lazy\" srcset=\"https:\/\/www.santamonica.com\/wp-content\/uploads\/2023\/05\/Loulous-Nightlife-1024x683.webp 1024w, https:\/\/www.santamonica.com\/wp-content\/uploads\/2023\/05\/Loulous-Nightlife-300x200.webp 300w, https:\/\/www.santamonica.com\/wp-content\/uploads\/2023\/05\/Loulous-Nightlife-225x150.webp 225w, https:\/\/www.santamonica.com\/wp-content\/uploads\/2023\/05\/Loulous-Nightlife-768x512.webp 768w, https:\/\/www.santamonica.com\/wp-content\/uploads\/2023\/05\/Loulous-Nightlife.webp 1313w\" sizes=\"auto, (max-width: 1024px) 100vw, 1024px\" title=\"\">                                \n\n            <div class=\"img-lctn-tag --no-link image-slider__image-caption --right\">Loulou Santa Monica Nachtleben<\/div>\n                                <\/div>\n                                            <\/div>\n                                            <div class=\"image-slider__swiper-controls-wrapper-relocator\">\n                            <div class=\"image-slider__swiper-controls-wrapper\">\n                                <div class=\"swiper-pagination\"><\/div>\n                                <div class=\"swiper-button-prev-custom\">\n                                    <div class=\"arrow-button-left\"><\/div>\n                                <\/div>\n                                <div class=\"swiper-button-next-custom\">\n                                    <div class=\"arrow-button-right\"><\/div>\n                                <\/div>\n                            <\/div>\n                        <\/div>\n                                    <\/div>\n                    <\/div>\n    <\/div>\n<\/section>\n\n\n<section class=\"sun-title sm-block --theme6 --2col sm-block\">\n            <h2 class=\"sun-title__headline\">Gehobene Bars<\/h2>    \n            <div class=\"sun-title__body  --2col wysiwyg\">\n                    <div class=\"column-1\">\n                <p><span style=\"font-weight: 400;\">Die gehobenen Bars von Santa Monica bieten ein luxuri\u00f6ses und anspruchsvolles Nachtleben f\u00fcr alle, die eine gehobene Atmosph\u00e4re suchen. <\/span><strong><a href=\"https:\/\/www.santamonica.com\/de\/restaurants\/der-bungalow\/\">Der Bungalow<\/a><\/strong><span style=\"font-weight: 400;\"> im <\/span><span style=\"font-weight: 400;\">Fairmont Miramar Hotel<\/span><span style=\"font-weight: 400;\"> ist eine der beliebteren Bars, in der Sie das Gef\u00fchl haben, zur stilvollsten Hausparty Kaliforniens eingeladen worden zu sein. Die einladende Einrichtung mit Tischtennisplatten und Brettspielen sorgt f\u00fcr eine entspannte und einladende Atmosph\u00e4re. <\/span><\/p>\n                            <\/div>\n            <div class=\"column-2\">\n                <p><span style=\"font-weight: 400;\">Besuchen Sie <\/span><strong><a href=\"https:\/\/www.santamonica.com\/de\/restaurants\/das-penthouse\/\">Das Penthouse<\/a><\/strong><span style=\"font-weight: 400;\"> f\u00fcr unvergleichliche Ausblicke auf den Pazifik, gelegen an der Spitze des gehobenen Huntley Santa Monica Beach gegen\u00fcber von <\/span><span style=\"font-weight: 400;\">Santa Monica Strand<\/span><span style=\"font-weight: 400;\">. Genie\u00dfen Sie kalifornische K\u00fcche und handgemachte Cocktails in einem der schicken Restaurant-Cabanas, w\u00e4hrend Sie den 360-Grad-Blick auf die Stadt, den Strand und den Pazifik genie\u00dfen. Die gehobenen Bars von Santa Monica sind das perfekte Ziel f\u00fcr alle, die ein anspruchsvolles und unvergessliches Nachtleben erleben m\u00f6chten.<\/span><\/p>\n                            <\/div>\n            <\/div>\n    <\/section>\n\n\n\n<section class=\"two-images container-max sm-block  sm-block\">\n    <div class=\"two-images__container\">\n\n        <div class=\"two-images__column\">\n            <div class=\"two-images__content\">\n                <div class=\"two-images__content-header-container\">\n                                            <h2 class=\"two-images__content-header\">Santa Monica Pier Happy Hour Angebote<\/h2>                                    <\/div>\n                                    <div class=\"two-images__content-body wysiwyg\">\n                        <p><span style=\"font-weight: 400;\">Entdecken Sie die unglaubliche <\/span><strong><a href=\"https:\/\/www.santamonica.com\/de\/restaurants\/happy-hour\/\">Happy-Hour-Angebote<\/a><\/strong><span style=\"font-weight: 400;\"> in Santa Monica erh\u00e4ltlich! Genie\u00dfen Sie erm\u00e4\u00dfigte Getr\u00e4nke und Vorspeisen f\u00fcr nur $5 in verschiedenen Bars und Restaurants in der Umgebung. Das ist die perfekte Gelegenheit, um die verschiedenen Geschmacksrichtungen von Santa Monica zu genie\u00dfen, ohne das Budget zu sprengen. Warum sollten Sie sich auf ein einziges Lokal beschr\u00e4nken, wenn Sie mehrere erkunden k\u00f6nnen? <\/span><span style=\"font-weight: 400;\">Happy Hour<\/span><span style=\"font-weight: 400;\"> Standorten in Santa Monica? Prost auf tolle Preise und noch bessere Erlebnisse!<\/span><\/p>\n                    <\/div>\n                                            <\/div>\n        <\/div>\n\n        <div class=\"two-images__column\">\n                            <div class=\"two-images__image-container\">\n                    <img decoding=\"async\" width=\"425\" height=\"505\" src=\"https:\/\/www.santamonica.com\/wp-content\/uploads\/2023\/05\/upscale-southern-california-nightlife.jpg\" class=\"two-images__image\" alt=\"gehobenes Nachtleben in S\u00fcdkalifornien\" loading=\"lazy\" srcset=\"https:\/\/www.santamonica.com\/wp-content\/uploads\/2023\/05\/upscale-southern-california-nightlife.jpg 425w, https:\/\/www.santamonica.com\/wp-content\/uploads\/2023\/05\/upscale-southern-california-nightlife-252x300.jpg 252w, https:\/\/www.santamonica.com\/wp-content\/uploads\/2023\/05\/upscale-southern-california-nightlife-126x150.jpg 126w\" sizes=\"auto, (max-width: 425px) 100vw, 425px\" title=\"\">                    \n\n                <\/div>\n                    <\/div>\n\n        <div class=\"two-images__column\">\n                            <div class=\"two-images__image-container\">\n                    <img decoding=\"async\" width=\"600\" height=\"565\" src=\"https:\/\/www.santamonica.com\/wp-content\/uploads\/2023\/05\/bar-in-santa-monica.jpg\" class=\"two-images__image\" alt=\"bar in santa monica\" loading=\"lazy\" srcset=\"https:\/\/www.santamonica.com\/wp-content\/uploads\/2023\/05\/bar-in-santa-monica.jpg 600w, https:\/\/www.santamonica.com\/wp-content\/uploads\/2023\/05\/bar-in-santa-monica-300x283.jpg 300w, https:\/\/www.santamonica.com\/wp-content\/uploads\/2023\/05\/bar-in-santa-monica-159x150.jpg 159w\" sizes=\"auto, (max-width: 600px) 100vw, 600px\" title=\"\">                    \n\n                <\/div>\n                    <\/div>\n\n    <\/div>\n<\/section>\n\n\n<section class=\"sun-title sm-block --theme6 sm-block\">\n            <h2 class=\"sun-title__headline\">Gibt es in Santa Monica ein gutes Nachtleben?<\/h2>    \n            <div class=\"sun-title__body  wysiwyg\">\n                    <p><span style=\"font-weight: 400;\">Santa Monica verf\u00fcgt \u00fcber ein lebhaftes und vielf\u00e4ltiges Nachtleben mit vielen M\u00f6glichkeiten f\u00fcr jeden Geschmack. Ganz gleich, ob Sie eine Dachterrassenbar mit atemberaubender Aussicht, eine lebhafte Bar mit Live-Musik oder eine gehobene Lounge f\u00fcr einen anspruchsvollen Abend suchen, Santa Monica bietet alles. Mit seinen sch\u00f6nen Str\u00e4nden, dem sonnigen Wetter und dem aufregenden Nachtleben ist Santa Monica der perfekte Ort, um eine unvergessliche Nacht mit Freunden oder Angeh\u00f6rigen zu verbringen. Nach einer langen Nacht, in der Sie das Nachtleben von Santa Monica kennengelernt haben, k\u00f6nnen Sie sich in einem der fantastischen <\/span><strong><a href=\"https:\/\/www.santamonica.com\/de\/restaurants\/brunch\/\">Brunch in Santa Monica<\/a><\/strong><span style=\"font-weight: 400;\">.\u00a0 <\/span><\/p>\n                        <\/div>\n    <\/section>\n\n\n<section class=\"sun-title sm-block --theme6 sm-block\">\n            <h2 class=\"sun-title__headline\">Entdecken Sie die besten Santa Monica Clubs, Dive Bars, Musiklokale, Rooftop Bars, Sportbars und mehr!<\/h2>    \n            <div class=\"sun-title__body  wysiwyg\">\n                    <p><span style=\"font-weight: 400;\">Egal, ob Sie auf der Suche nach einem schummrigen <\/span><strong><a href=\"https:\/\/www.santamonica.com\/de\/nachtleben\/fuhrer-fur-santa-monica-bars\/weinlokale\/\">Weinstube<\/a><\/strong><span style=\"font-weight: 400;\"> oder einen Ort, an dem Sie Ihre Flip-Flops tragen k\u00f6nnen, nachdem Sie einen Tag im <\/span><a href=\"https:\/\/www.santamonica.com\/de\/dinge-die-man-tun-kann\/santa-monica-strand\/\"><span style=\"font-weight: 400;\"><strong>Santa Monica Strand<\/strong><\/span><\/a><span style=\"font-weight: 400;\">,<\/span><span style=\"font-weight: 400;\"> gibt es in jeder Gegend tolle M\u00f6glichkeiten. Ausprobieren <\/span><span style=\"font-weight: 400;\">unser <\/span><strong><a href=\"https:\/\/www.santamonica.com\/de\/nachtleben\/fuhrer-fur-santa-monica-bars\/\">Leitfaden f\u00fcr Bars in Santa Monica<\/a><\/strong><span style=\"font-weight: 400;\"> um die besten Pl\u00e4tze zu finden<\/span><span style=\"font-weight: 400;\">\u00a0um ein gro\u00dfes Spiel zu sehen, taucht mit <\/span><span style=\"font-weight: 400;\">Craft-Bier<\/span><span style=\"font-weight: 400;\"> Listen, die eine Meile lang sind, oder Nachtclubs, in denen Sie die Nacht durchtanzen k\u00f6nnen in Santa Monica, CA!<\/span><\/p>\n                        <\/div>\n    <\/section>","protected":false},"excerpt":{"rendered":"","protected":false},"author":1450,"featured_media":379999,"parent":0,"menu_order":0,"comment_status":"closed","ping_status":"closed","template":"template-stakeholder-listing.php","meta":{"_acf_changed":false,"inline_featured_image":false,"footnotes":""},"silos":[],"class_list":["post-335287","page","type-page","status-publish","has-post-thumbnail","hentry"],"acf":[],"_links":{"self":[{"href":"https:\/\/www.santamonica.com\/de\/wp-json\/wp\/v2\/pages\/335287","targetHints":{"allow":["GET"]}}],"collection":[{"href":"https:\/\/www.santamonica.com\/de\/wp-json\/wp\/v2\/pages"}],"about":[{"href":"https:\/\/www.santamonica.com\/de\/wp-json\/wp\/v2\/types\/page"}],"author":[{"embeddable":true,"href":"https:\/\/www.santamonica.com\/de\/wp-json\/wp\/v2\/users\/1450"}],"replies":[{"embeddable":true,"href":"https:\/\/www.santamonica.com\/de\/wp-json\/wp\/v2\/comments?post=335287"}],"version-history":[{"count":48,"href":"https:\/\/www.santamonica.com\/de\/wp-json\/wp\/v2\/pages\/335287\/revisions"}],"predecessor-version":[{"id":431477,"href":"https:\/\/www.santamonica.com\/de\/wp-json\/wp\/v2\/pages\/335287\/revisions\/431477"}],"wp:featuredmedia":[{"embeddable":true,"href":"https:\/\/www.santamonica.com\/de\/wp-json\/wp\/v2\/media\/379999"}],"wp:attachment":[{"href":"https:\/\/www.santamonica.com\/de\/wp-json\/wp\/v2\/media?parent=335287"}],"wp:term":[{"taxonomy":"silos","embeddable":true,"href":"https:\/\/www.santamonica.com\/de\/wp-json\/wp\/v2\/silos?post=335287"}],"curies":[{"name":"wp","href":"https:\/\/api.w.org\/{rel}","templated":true}]}}