{"id":335275,"date":"2022-05-13T14:56:40","date_gmt":"2022-05-13T21:56:40","guid":{"rendered":"https:\/\/www.santamonica.com\/?page_id=335275"},"modified":"2026-01-13T13:39:19","modified_gmt":"2026-01-13T21:39:19","slug":"restaurants","status":"publish","type":"page","link":"https:\/\/www.santamonica.com\/de\/restaurants\/","title":{"rendered":"Ein Restaurant finden"},"content":{"rendered":"<section class=\"sun-title sm-block --theme6 --2col sm-block\">\n            <h3 class=\"sun-title__headline\">Verw\u00f6hnen Sie sich in Santa Monica<\/h3>    \n            <div class=\"sun-title__body  --2col wysiwyg\">\n                    <div class=\"column-1\">\n                <p>Die Restaurants in Santa Monica werden schnell zum wahrgewordenen Traum eines jeden Feinschmeckers, mit kulinarischen Innovationen, die auch den anspruchsvollsten Esser begeistern.<\/p>\n<p>Die besten Restaurants in Santa Monica zu finden, ist ganz einfach mit unserer <a href=\"https:\/\/www.santamonica.com\/de\/restaurants\/speisefuhrer\/\">Santa Monica Restaurantf\u00fchrer<\/a>, das eine Auswahl an K\u00fcchen wie die s\u00fcdostasiatische und die franz\u00f6sisch-amerikanische K\u00fcche anbietet. Der Restaurantf\u00fchrer von Santa Monica erleichtert Ihnen die Wahl zwischen k\u00f6stlichen italienischen Feinkostl\u00e4den, wie <a href=\"https:\/\/www.santamonica.com\/de\/restaurant\/bay-cities-italian-deli\/\">Bay Cities Italian Deli<\/a>, frische Bauernhof-Tisch-Restaurants wie <a href=\"https:\/\/www.santamonica.com\/de\/restaurant\/feigenrestaurant\/\">ABBILDUNG<\/a> und feine Restaurants, wie das Zwei-Sterne-Restaurant von Josiah Citrin, <a href=\"https:\/\/www.santamonica.com\/de\/restaurant\/melisse\/\">M\u00e9lisse<\/a> und Ein-Stern <a href=\"https:\/\/www.santamonica.com\/de\/restaurants\/citrin\/\">Citrin<\/a>.<\/p>\n<p>Beginnen Sie Ihren Morgen mit einem Spaziergang auf der Montana Avenue, wo es viele Caf\u00e9s und L\u00e4den gibt, oder besuchen Sie die<a href=\"https:\/\/www.santamonica.com\/de\/restaurant\/vaterburo\/\"> Das B\u00fcro des Vaters<\/a> f\u00fcr eine Kostprobe des ber\u00fchmten \u201cOffice Burger\u201d zum Mittagessen. F\u00fcr ein gesundes Getr\u00e4nk zu jeder Tageszeit, schauen Sie vorbei <a href=\"https:\/\/www.santamonica.com\/de\/restaurant\/kreation-kafe-juicery\/\">Kreation Kafe<\/a> f\u00fcr eine Vielzahl von frisch gepressten S\u00e4ften.<\/p>\n                            <\/div>\n            <div class=\"column-2\">\n                <p>Fahren Sie zur 3rd Street Promenade im Stadtzentrum von Santa Monica f\u00fcr ein Date, wo Sie mit dem Aufzug in den 18. <a href=\"https:\/\/www.santamonica.com\/de\/restaurant\/das-penthouse\/\">Das Penthouse<\/a> des Huntley Santa Monica Beach auf einen Happy-Hour-Cocktail oder ein Glas trocken gereiften Wein, w\u00e4hrend Sie die malerische Meereslandschaft betrachten. Nachdem Sie die Aussicht genossen haben, k\u00f6nnen Sie die Romantik noch steigern und eines der feinen Restaurants in Santa Monica aufsuchen, <a href=\"https:\/\/www.santamonica.com\/de\/restaurants\/rustikale-schlucht\/\">Rustikaler Canyon<\/a>, <a href=\"https:\/\/www.santamonica.com\/de\/restaurants\/pasjoli\/\">Pasjoli<\/a> oder <a href=\"https:\/\/www.santamonica.com\/de\/restaurants\/kapodaster\/\">Kapodaster<\/a>. Genie\u00dfen Sie beim Abendessen mit der Familie lokale Spezialit\u00e4ten wie <a href=\"https:\/\/www.santamonica.com\/de\/restaurants\/lunetta\/\">Lunetta<\/a> oder <a href=\"https:\/\/www.santamonica.com\/de\/restaurants\/teerrosen\/\">Teer und Rosen<\/a>, Die Los Angeles Times behauptete, dass \u201c...zum ersten Mal in der Geschichte unseres Landes Blumenkohl k\u00f6stlicher als ein erstklassiges Steak ist.\u201d<\/p>\n<p>Vergessen Sie nicht eine s\u00fc\u00dfe Leckerei. Besuchen Sie den Wilshire Boulevard f\u00fcr <a href=\"https:\/\/www.santamonica.com\/de\/restaurants\/die-butterseite\/\">Die Butter End's<\/a> extravagante, frisch gebackene Kekse, Scones, Kuchen und mehr.<\/p>\n<p>Nat\u00fcrlich gibt es in Santa Monica Restaurants f\u00fcr jede Gelegenheit und jeden Geschmack. Entdecken Sie den vielf\u00e4ltigen Santa Monica Restaurantf\u00fchrer unten.<\/p>\n                            <\/div>\n            <\/div>\n    <\/section>\n\n\n<section class=\"links-grid --theme3 sm-block\">\n    <div class=\"links-grid__wrapper\">\n                                                    <a href=\"https:\/\/www.santamonica.com\/de\/restaurants\/beach-restaurants\/\" class=\"links-grid__card-link\" aria-label=\"Strand-Restaurants\" >\n                    <div class=\"links-grid__card\">\n                                                    <div class=\"links-grid__card-image-wrapper\">\n                                <img decoding=\"async\" width=\"400\" height=\"400\" src=\"https:\/\/www.santamonica.com\/wp-content\/uploads\/2022\/06\/beach-restaurants-400x400.jpg\" class=\"links-grid__card-image\" alt=\"Santa Monica Beach Restaurants\" loading=\"lazy\" title=\"\">                            <\/div>\n                                                <div class=\"links-grid__card-text\">\n                                                            <div class=\"links-grid__card-title\">Strand-Restaurants<\/div>\n                                                                                <\/div>\n                    <\/div>\n                <\/a>\n                                            <a href=\"https:\/\/www.santamonica.com\/de\/restaurants\/local-restaurants\/\" class=\"links-grid__card-link\" aria-label=\"Lokale Favoriten\" >\n                    <div class=\"links-grid__card\">\n                                                    <div class=\"links-grid__card-image-wrapper\">\n                                <img decoding=\"async\" width=\"400\" height=\"400\" src=\"https:\/\/www.santamonica.com\/wp-content\/uploads\/2023\/12\/friends-eating-brunch-in-local-santa-monica-400x400.webp\" class=\"links-grid__card-image\" alt=\"freunde beim brunch im lokalen santa monica\" loading=\"lazy\" title=\"\">                            <\/div>\n                                                <div class=\"links-grid__card-text\">\n                                                            <div class=\"links-grid__card-title\">Lokale Favoriten<\/div>\n                                                                                <\/div>\n                    <\/div>\n                <\/a>\n                                            <a href=\"https:\/\/www.santamonica.com\/de\/experience-santa-monica\/farmers-markets\/\" class=\"links-grid__card-link\" aria-label=\"Bauernmarkt\" >\n                    <div class=\"links-grid__card\">\n                                                    <div class=\"links-grid__card-image-wrapper\">\n                                <img decoding=\"async\" width=\"400\" height=\"400\" src=\"https:\/\/www.santamonica.com\/wp-content\/uploads\/2022\/06\/santa-monica-farmers-market-1-400x400.jpg\" class=\"links-grid__card-image\" alt=\"Bauernmarkt in Santa Monica\" loading=\"lazy\" title=\"\">                            <\/div>\n                                                <div class=\"links-grid__card-text\">\n                                                            <div class=\"links-grid__card-title\">Bauernmarkt<\/div>\n                                                                                <\/div>\n                    <\/div>\n                <\/a>\n                                            <a href=\"https:\/\/www.santamonica.com\/de\/nightlife\/\" class=\"links-grid__card-link\" aria-label=\"Nachtleben\" >\n                    <div class=\"links-grid__card\">\n                                                    <div class=\"links-grid__card-image-wrapper\">\n                                <img decoding=\"async\" width=\"400\" height=\"400\" src=\"https:\/\/www.santamonica.com\/wp-content\/uploads\/2022\/06\/bars-and-nightlife-400x400.jpg\" class=\"links-grid__card-image\" alt=\"Bars und Nachtleben\" loading=\"lazy\" title=\"\">                            <\/div>\n                                                <div class=\"links-grid__card-text\">\n                                                            <div class=\"links-grid__card-title\">Nachtleben<\/div>\n                                                                                <\/div>\n                    <\/div>\n                <\/a>\n                        <\/div>\n<\/section>\n\n\n\n<section class=\"blog-feed --theme8 sm-block\">\n    <div class=\"blog-feed__content\">\n        <div class=\"blog-feed__intro\">\n                            <div class=\"blog-feed__eyebrow eyebrow\">Blogs<\/div>                                        <h2 class=\"blog-feed__headline\">Santa Monica entdecken<\/h2>                                        <div class=\"blog-feed__body\"><p>Entdecken Sie Reiserouten, lokale Tipps, Hot Spots und ausgew\u00e4hlte Abenteuer, damit Sie das Beste aus Ihrem Aufenthalt in Santa Monica machen k\u00f6nnen.<\/p>\n<\/div>\n                                        <a class=\"blog-feed__cta\" href=\"https:\/\/www.santamonica.com\/de\/blogeintrage\/\">Alle Blogs anzeigen<\/a>\n                    <\/div>\n\n        <ul class=\"blog-feed__list\">\n                                                <li class=\"blog-feed__item\">\n                        <a href=\"https:\/\/www.santamonica.com\/de\/things-to-do\/coastal-chronicles-the-history-of-santa-monicas-libraries\/\" class=\"blog-feed__item-link\">\n                            <div class=\"blog-feed__image-ratio\">\n                                <img decoding=\"async\" class=\"blog-feed__image\" src=\"https:\/\/www.santamonica.com\/wp-content\/uploads\/2024\/04\/Untitled-design-34-400x400.jpg\" alt=\"Chroniken der K\u00fcste: Die Geschichte der Bibliotheken von Santa Monica\" title=\"\">\n                            <\/div>\n                            <div class=\"blog-feed__card-title\">Chroniken der K\u00fcste: Die Geschichte der Bibliotheken von Santa Monica<\/div>\n                        <\/a>\n                    <\/li>\n                                                                <li class=\"blog-feed__item\">\n                        <a href=\"https:\/\/www.santamonica.com\/de\/things-to-do\/sweets-for-your-sweet-desserts-to-celebrate-valentines-day\/\" class=\"blog-feed__item-link\">\n                            <div class=\"blog-feed__image-ratio\">\n                                <img decoding=\"async\" class=\"blog-feed__image\" src=\"https:\/\/www.santamonica.com\/wp-content\/uploads\/2024\/01\/Couple-Drinking-600x564-2-400x400.jpg\" alt=\"S\u00fc\u00dfes f\u00fcr Ihre Liebsten: Desserts zum Valentinstag\" title=\"\">\n                            <\/div>\n                            <div class=\"blog-feed__card-title\">S\u00fc\u00dfes f\u00fcr Ihre Liebsten: Desserts zum Valentinstag<\/div>\n                        <\/a>\n                    <\/li>\n                                                                <li class=\"blog-feed__item\">\n                        <a href=\"https:\/\/www.santamonica.com\/de\/restaurants\/santa-monica-coffee-shops\/\" class=\"blog-feed__item-link\">\n                            <div class=\"blog-feed__image-ratio\">\n                                <img decoding=\"async\" class=\"blog-feed__image\" src=\"https:\/\/www.santamonica.com\/wp-content\/uploads\/2023\/10\/best-santa-monica-coffee-shops-400x400.jpg\" alt=\"Die 11 besten Caf\u00e9s und Teeh\u00e4user in Santa Monica\" title=\"\">\n                            <\/div>\n                            <div class=\"blog-feed__card-title\">Die 11 besten Caf\u00e9s und Teeh\u00e4user in Santa Monica<\/div>\n                        <\/a>\n                    <\/li>\n                                    <\/ul>\n    <\/div>\n<\/section>","protected":false},"excerpt":{"rendered":"","protected":false},"author":1450,"featured_media":341423,"parent":0,"menu_order":0,"comment_status":"closed","ping_status":"closed","template":"template-stakeholder-listing.php","meta":{"_acf_changed":false,"inline_featured_image":false,"footnotes":""},"silos":[],"class_list":["post-335275","page","type-page","status-publish","has-post-thumbnail","hentry"],"acf":[],"_links":{"self":[{"href":"https:\/\/www.santamonica.com\/de\/wp-json\/wp\/v2\/pages\/335275","targetHints":{"allow":["GET"]}}],"collection":[{"href":"https:\/\/www.santamonica.com\/de\/wp-json\/wp\/v2\/pages"}],"about":[{"href":"https:\/\/www.santamonica.com\/de\/wp-json\/wp\/v2\/types\/page"}],"author":[{"embeddable":true,"href":"https:\/\/www.santamonica.com\/de\/wp-json\/wp\/v2\/users\/1450"}],"replies":[{"embeddable":true,"href":"https:\/\/www.santamonica.com\/de\/wp-json\/wp\/v2\/comments?post=335275"}],"version-history":[{"count":47,"href":"https:\/\/www.santamonica.com\/de\/wp-json\/wp\/v2\/pages\/335275\/revisions"}],"predecessor-version":[{"id":781558,"href":"https:\/\/www.santamonica.com\/de\/wp-json\/wp\/v2\/pages\/335275\/revisions\/781558"}],"wp:featuredmedia":[{"embeddable":true,"href":"https:\/\/www.santamonica.com\/de\/wp-json\/wp\/v2\/media\/341423"}],"wp:attachment":[{"href":"https:\/\/www.santamonica.com\/de\/wp-json\/wp\/v2\/media?parent=335275"}],"wp:term":[{"taxonomy":"silos","embeddable":true,"href":"https:\/\/www.santamonica.com\/de\/wp-json\/wp\/v2\/silos?post=335275"}],"curies":[{"name":"wp","href":"https:\/\/api.w.org\/{rel}","templated":true}]}}