{"id":335272,"date":"2022-05-13T14:56:16","date_gmt":"2022-05-13T21:56:16","guid":{"rendered":"https:\/\/www.santamonica.com\/?page_id=335272"},"modified":"2022-07-25T23:11:20","modified_gmt":"2022-07-26T06:11:20","slug":"leuchtet","status":"publish","type":"page","link":"https:\/\/www.santamonica.com\/de\/shines\/","title":{"rendered":"Santa Monica gl\u00e4nzt"},"content":{"rendered":"<section class=\"subpage-links container-max sm-block\">\n        <div class=\"subpage-links__diamonds\"><\/div>\n                <div class=\"subpage-links__content\">\n            <div class=\"subpage-links__card\">\n                <div class=\"subpage-links__card-wrapper\">\n                    <a href=\"https:\/\/www.santamonica.com\/de\/hotels\/\" class=\"subpage-links__card-link\" aria-label=\"Buchen Sie Ihr Santa Monica Hotel\">\n                                                    <img decoding=\"async\" width=\"550\" height=\"785\" src=\"https:\/\/www.santamonica.com\/wp-content\/uploads\/2022\/06\/hotels.jpg\" class=\"subpage-links__card-image\" alt=\"Hotels\" loading=\"lazy\" srcset=\"https:\/\/www.santamonica.com\/wp-content\/uploads\/2022\/06\/hotels.jpg 550w, https:\/\/www.santamonica.com\/wp-content\/uploads\/2022\/06\/hotels-210x300.jpg 210w, https:\/\/www.santamonica.com\/wp-content\/uploads\/2022\/06\/hotels-105x150.jpg 105w\" sizes=\"auto, (max-width: 550px) 100vw, 550px\" title=\"\">                                                                            <div class=\"subpage-links__card-description\">\n                                <span class=\"subpage-links__card-title\">Buchen Sie Ihr Santa Monica Hotel<\/span>\n                                <div class=\"subpage-links__card-button card-arrow\">Erkunden Sie<\/div>\n                            <\/div>\n                                            <\/a>\n                <\/div>\n            <\/div>\n            <div class=\"subpage-links__card\">\n                <div class=\"subpage-links__card-wrapper\">\n                    <a href=\"https:\/\/www.santamonica.com\/de\/routenplaner\/\" class=\"subpage-links__card-link\" aria-label=\"Erstellen Sie Ihre Santa Monica Reise\">\n                                                    <img decoding=\"async\" width=\"550\" height=\"785\" src=\"https:\/\/www.santamonica.com\/wp-content\/uploads\/2022\/06\/trip-planner.jpg\" class=\"subpage-links__card-image\" alt=\"Routenplaner\" loading=\"lazy\" srcset=\"https:\/\/www.santamonica.com\/wp-content\/uploads\/2022\/06\/trip-planner.jpg 550w, https:\/\/www.santamonica.com\/wp-content\/uploads\/2022\/06\/trip-planner-210x300.jpg 210w, https:\/\/www.santamonica.com\/wp-content\/uploads\/2022\/06\/trip-planner-105x150.jpg 105w\" sizes=\"auto, (max-width: 550px) 100vw, 550px\" title=\"\">                                                                            <div class=\"subpage-links__card-description\">\n                                <div class=\"subpage-links__card-title\">Erstellen Sie Ihre Santa Monica Reise<\/div>\n                                <div class=\"subpage-links__card-button card-arrow\">Erkunden Sie<\/div>\n                            <\/div>\n                                            <\/a>\n                <\/div>\n            <\/div>\n            <div class=\"subpage-links__card\">\n                <div class=\"subpage-links__card-wrapper\">\n                    <a href=\"https:\/\/www.santamonica.com\/de\/verantwortungsvoll-reisen\/\" class=\"subpage-links__card-link\" aria-label=\"Verantwortungsbewusstes Reisen\">\n                                                    <img decoding=\"async\" width=\"550\" height=\"785\" src=\"https:\/\/www.santamonica.com\/wp-content\/uploads\/2022\/07\/Santa-Monica-Metro-station-550x785-1.jpg\" class=\"subpage-links__card-image\" alt=\"U-Bahn-Station Santa Monica\" loading=\"lazy\" srcset=\"https:\/\/www.santamonica.com\/wp-content\/uploads\/2022\/07\/Santa-Monica-Metro-station-550x785-1.jpg 550w, https:\/\/www.santamonica.com\/wp-content\/uploads\/2022\/07\/Santa-Monica-Metro-station-550x785-1-210x300.jpg 210w, https:\/\/www.santamonica.com\/wp-content\/uploads\/2022\/07\/Santa-Monica-Metro-station-550x785-1-105x150.jpg 105w\" sizes=\"auto, (max-width: 550px) 100vw, 550px\" title=\"\">                                                                            <div class=\"subpage-links__card-description\">\n                                <div class=\"subpage-links__card-title\">Verantwortungsbewusstes Reisen<\/div>\n                                <div class=\"subpage-links__card-button card-arrow\">Erkunden Sie<\/div>\n                            <\/div>\n                                            <\/a>\n                <\/div>\n            <\/div>\n        <\/div>\n            <\/section>\n\n\n<section class=\"links-grid --theme3 sm-block\">\n    <div class=\"links-grid__wrapper\">\n                                                    <a href=\"https:\/\/www.santamonica.com\/de\/restaurants\/outdoor-dining\/\" class=\"links-grid__card-link\" aria-label=\"Essen im Freien\" >\n                    <div class=\"links-grid__card\">\n                                                    <div class=\"links-grid__card-image-wrapper\">\n                                <img decoding=\"async\" width=\"400\" height=\"400\" src=\"https:\/\/www.santamonica.com\/wp-content\/uploads\/2023\/07\/group-of-friends-at-viceroy-santa-monica-400x400.jpg\" class=\"links-grid__card-image\" alt=\"Gruppe von Freunden im Viceroy Santa Monica - Essen im Freien in Santa Monica\" loading=\"lazy\" title=\"\">                            <\/div>\n                                                <div class=\"links-grid__card-text\">\n                                                            <div class=\"links-grid__card-title\">Essen im Freien<\/div>\n                                                                                <\/div>\n                    <\/div>\n                <\/a>\n                                            <a href=\"\" class=\"links-grid__card-link\" aria-label=\"\" >\n                    <div class=\"links-grid__card\">\n                                                <div class=\"links-grid__card-text\">\n                                                                                <\/div>\n                    <\/div>\n                <\/a>\n                                            <a href=\"https:\/\/www.santamonica.com\/de\/blog-posts\/\" class=\"links-grid__card-link\" aria-label=\"Blog-Beitr\u00e4ge\" >\n                    <div class=\"links-grid__card\">\n                                                    <div class=\"links-grid__card-image-wrapper\">\n                                <img decoding=\"async\" width=\"400\" height=\"400\" src=\"https:\/\/www.santamonica.com\/wp-content\/uploads\/2022\/06\/smtt-blog-400x400.jpg\" class=\"links-grid__card-image\" alt=\"smtt blog\" loading=\"lazy\" title=\"\">                            <\/div>\n                                                <div class=\"links-grid__card-text\">\n                                                            <div class=\"links-grid__card-title\">Blog-Beitr\u00e4ge<\/div>\n                                                                                <\/div>\n                    <\/div>\n                <\/a>\n                                            <a href=\"https:\/\/www.santamonica.com\/de\/newsletter-signup\/\" class=\"links-grid__card-link\" aria-label=\"Anmeldung zum Newsletter\" >\n                    <div class=\"links-grid__card\">\n                                                    <div class=\"links-grid__card-image-wrapper\">\n                                <img decoding=\"async\" width=\"400\" height=\"400\" src=\"https:\/\/www.santamonica.com\/wp-content\/uploads\/2022\/06\/places-for-kids-in-santa-monica-400x400.jpg\" class=\"links-grid__card-image\" alt=\"Unternehmungen in Santa Monica mit Kindern\" loading=\"lazy\" title=\"\">                            <\/div>\n                                                <div class=\"links-grid__card-text\">\n                                                            <div class=\"links-grid__card-title\">Anmeldung zum Newsletter<\/div>\n                                                                                <\/div>\n                    <\/div>\n                <\/a>\n                        <\/div>\n<\/section>\n\n\n\n\n<div class=\"wp-block-columns is-layout-flex wp-container-core-columns-is-layout-28f84493 wp-block-columns-is-layout-flex base-block\">\n<div class=\"wp-block-column is-layout-flow wp-block-column-is-layout-flow base-block\" style=\"flex-basis:33.33%\"><iframe loading=\"lazy\" src=\"https:\/\/open.spotify.com\/embed\/playlist\/1b0ekQrQPO2U1J9VOyQlvg\" width=\"100%\" height=\"380\" frameborder=\"0\" data-gtm-yt-inspected-7=\"true\"><\/iframe><\/div>\n\n\n\n<div class=\"wp-block-column is-layout-flow wp-block-column-is-layout-flow base-block\" style=\"flex-basis:66.66%\">\n<h5 class=\"wp-block-heading base-block\">Santa Monica Vibes auf Spotify anh\u00f6ren<\/h5>\n\n\n\n<p class=\"base-block\">Die Santa Monica Vibes sind jetzt live auf Spotify! KCRW-DJ Anthony Valadez hat einen Soundtrack kreiert, der die Essenz unserer Stadt am Strand mit ihren Sonnenunterg\u00e4ngen, Zugezogenen, Einheimischen und allem, was sie ausmacht, klanglich einf\u00e4ngt.<\/p>\n\n\n\n<p class=\"base-block\">Haben Sie einen Song, der Sie an eine besondere Zeit (Leben, Arbeiten oder Spielen) in Santa Monica erinnert? Teilen Sie uns Ihren Santa Monica-Song mit und gewinnen Sie die Chance, ihn in unsere Santa Monica-Playlist aufzunehmen! <\/p>\n<\/div>\n<\/div>\n\n\n<section class=\"events-feed sm-block sm-block\">\n    <div class=\"events-feed__inner\">\n        <div class=\"events-feed__body\">\n                            <div class=\"events-feed__body-eyebrow eyebrow\">Ausgew\u00e4hlte Ereignisse<\/div>                                        <h3 class=\"events-feed__body-headline\">Was passiert in Santa Monica<\/h3>                                        <div class=\"events-feed__body-intro wysiwyg\"><p>J\u00e4hrliche Veranstaltungen, saisonale Festivals, Happenings mit Schwerpunkt auf der Westk\u00fcste und aufregende besondere Anl\u00e4sse mischen sich in Santa Monicas pulsierendem Veranstaltungskalender. Dank des ganzj\u00e4hrig idealen Wetters und des vielf\u00e4ltigen kulturellen Angebots ist in Santa Monica immer etwas los.<\/p>\n<\/div>\n                                        <a href=\"https:\/\/www.santamonica.com\/de\/veranstaltungen\/\" class=\"events-feed__body-cta button --primary-teal-button\" >Den Kalender ansehen<\/a>                    <\/div>\n        <div class=\"events-feed__events\">\n                            <a class=\"events-feed__event\" href=\"https:\/\/www.santamonica.com\/de\/event\/karen-knorr-scavi\/2026-04-15\/\">\n                    <div class=\"events-feed__event-date\">\n                        <div class=\"events-feed__event-month\">\n                            Apr.                        <\/div>\n                        <div class=\"events-feed__event-day\">\n                            15                        <\/div>\n                                            <\/div>\n                                            <div class=\"events-feed__event-cat --theme3\">Art<\/div>\n                                        <div class=\"events-feed__event-details\">\n                        <h3 class=\"events-feed__event-title\">\n                            Karen Knorr - \u201cScavi\u201d                        <\/h3>\n                        <div class=\"events-feed__event-desc\">Die Galerie Danziger freut sich, Scavi, Karen Knorrs neueste Serie, zu pr\u00e4sentieren. \u201cScavi\u201d, das italienische Wort f\u00fcr \u201cAusgrabungen\u201d, begann in...<\/div>\n                    <\/div>\n                    <div class=\"events-feed__event-thumb\">\n                        <img decoding=\"async\" src=\"https:\/\/www.santamonica.com\/wp-content\/uploads\/2026\/02\/Screenshot-2026-02-27-at-2.11.02-PM-1024x768.png\" alt=\"Karen Knorr - \" title=\"\">\n                    <\/div>\n                <\/a>\n                            <a class=\"events-feed__event\" href=\"https:\/\/www.santamonica.com\/de\/event\/downtown-farmers-market\/2026-04-15\/\">\n                    <div class=\"events-feed__event-date\">\n                        <div class=\"events-feed__event-month\">\n                            Apr.                        <\/div>\n                        <div class=\"events-feed__event-day\">\n                            15                        <\/div>\n                                            <\/div>\n                                            <div class=\"events-feed__event-cat --theme3\">Essen\/Getr\u00e4nke<\/div>\n                                        <div class=\"events-feed__event-details\">\n                        <h3 class=\"events-feed__event-title\">\n                            Downtown Farmers Market - Mittwochsmarkt                        <\/h3>\n                        <div class=\"events-feed__event-desc\">Der gr\u00f6\u00dfte zertifizierte Bauernmarkt in S\u00fcdkalifornien und ein Favorit f\u00fcr lokale K\u00f6che! Genie\u00dfen Sie einen von Santa Monicas Bauernm\u00e4rkten...<\/div>\n                    <\/div>\n                    <div class=\"events-feed__event-thumb\">\n                        <img decoding=\"async\" src=\"https:\/\/www.santamonica.com\/wp-content\/uploads\/2022\/08\/All-Farmers-Markets.png\" alt=\"Downtown Farmers Market - Mittwochsmarkt\" title=\"\">\n                    <\/div>\n                <\/a>\n                            <a class=\"events-feed__event\" href=\"https:\/\/www.santamonica.com\/de\/event\/betsys-tyler-wells-x-jolie-laides-scott-schultz-at-crudo-e-nudo\/\">\n                    <div class=\"events-feed__event-date\">\n                        <div class=\"events-feed__event-month\">\n                            Apr.                        <\/div>\n                        <div class=\"events-feed__event-day\">\n                            15                        <\/div>\n                                            <\/div>\n                                            <div class=\"events-feed__event-cat --theme3\">Essen\/Getr\u00e4nke<\/div>\n                                        <div class=\"events-feed__event-details\">\n                        <h3 class=\"events-feed__event-title\">\n                            Tyler Wells von Betsy x Scott Schultz von Jolie Laide bei Crudo e Nudo                        <\/h3>\n                        <div class=\"events-feed__event-desc\">Vom 13. bis 19. April bringt Crudo e Nudo's 5th Anniversary Guest Chef &amp; Winemaker Series die Freunde des Chefkochs und Eigent\u00fcmers Brian Bornemann zusammen...<\/div>\n                    <\/div>\n                    <div class=\"events-feed__event-thumb\">\n                        <img decoding=\"async\" src=\"https:\/\/www.santamonica.com\/wp-content\/uploads\/2026\/03\/Screenshot-2026-03-24-at-3.19.36-PM-1024x1024.png\" alt=\"Tyler Wells von Betsy x Scott Schultz von Jolie Laide bei Crudo e Nudo\" title=\"\">\n                    <\/div>\n                <\/a>\n                    <\/div>\n    <\/div>\n<\/section>\n\n\n<section class=\"crowdriff-stories --theme6  sm-block\" >\n    <div class=\"crowdriff-stories__content\">\n                    <h1 class=\"crowdriff-stories__headline\">Visuelle Geschichten<\/h1>        \n        <!-- Begin amp.travel gallery code -->\n                    <script>\n                (function(u, w, d, a, q, e) {\n                    if (w.amptravel) return;\n                    q = [];\n                    a = w.amptravel = function(a, p) {\n                        w.amptravel.q.push({\n                            a: a,\n                            p: p\n                        });\n                    };\n                    a.q = q;\n                    a.v = \"2\";\n                    e = d.createElement(\"script\");\n                    e.setAttribute(\"src\", u + \"\/v\" + a.v + \"\/js\");\n                    d.head.appendChild(e);\n                })(\n                    \"https:\/\/g.amp.travel\",\n                    window,\n                    document\n                );\n            <\/script>\n            <div data-amp-travel-gallery-id=\"f6a6909f-a821-4445-ae20-d9801a7b4ee2\" data-amp-travel=\"gallery-container\"><\/div>\n            <!-- End amp.travel gallery code -->\n            <\/div>\n<\/section>\n\n\n<section class=\"blog-feed --theme8 sm-block\">\n    <div class=\"blog-feed__content\">\n        <div class=\"blog-feed__intro\">\n                            <div class=\"blog-feed__eyebrow eyebrow\">Blogs<\/div>                                        <h2 class=\"blog-feed__headline\">Insider-Tipps<\/h2>                                        <div class=\"blog-feed__body\"><p>Entdecken Sie Reiserouten, lokale Tipps, Hot Spots und ausgew\u00e4hlte Abenteuer, damit Sie das Beste aus Ihrem Aufenthalt in Santa Monica machen k\u00f6nnen.<\/p>\n<\/div>\n                                        <a class=\"blog-feed__cta\" href=\"https:\/\/www.santamonica.com\/de\/blogeintrage\/\">Alle Blogs anzeigen<\/a>\n                    <\/div>\n\n        <ul class=\"blog-feed__list\">\n                                                <li class=\"blog-feed__item\">\n                        <a href=\"https:\/\/www.santamonica.com\/de\/mother-road-modern-meetings-route-66-meeting-spaces-set-to-shine-for-centennial-in-santa-monica\/\" class=\"blog-feed__item-link\">\n                            <div class=\"blog-feed__image-ratio\">\n                                <img decoding=\"async\" class=\"blog-feed__image\" src=\"https:\/\/www.santamonica.com\/wp-content\/uploads\/2025\/12\/untitledJuly20162C2020180010-182-2-400x400.jpg\" alt=\"MUTTERSTRASSE, MODERNE TAGUNGEN: ROUTE-66-TAGUNGSR\u00c4UME ERSTRAHLEN ZUM HUNDERTJ\u00c4HRIGEN JUBIL\u00c4UM IN SANTA MONICA\" title=\"\">\n                            <\/div>\n                            <div class=\"blog-feed__card-title\">MUTTERSTRASSE, MODERNE TAGUNGEN: ROUTE-66-TAGUNGSR\u00c4UME ERSTRAHLEN ZUM HUNDERTJ\u00c4HRIGEN JUBIL\u00c4UM IN SANTA MONICA<\/div>\n                        <\/a>\n                    <\/li>\n                                                                <li class=\"blog-feed__item\">\n                        <a href=\"https:\/\/www.santamonica.com\/de\/media\/news-release\/santa-monica-announces-song-contest-in-celebration-of-route-66-centennial\/\" class=\"blog-feed__item-link\">\n                            <div class=\"blog-feed__image-ratio\">\n                                <img decoding=\"async\" class=\"blog-feed__image\" src=\"https:\/\/www.santamonica.com\/wp-content\/uploads\/2025\/11\/DSC01084-400x400.jpg\" alt=\"SANTA MONICA VERK\u00dcNDET SONGWETTBEWERB ZUR FEIER DES HUNDERTJ\u00c4HRIGEN BESTEHENS DER ROUTE 66\" title=\"\">\n                            <\/div>\n                            <div class=\"blog-feed__card-title\">SANTA MONICA VERK\u00dcNDET SONGWETTBEWERB ZUR FEIER DES HUNDERTJ\u00c4HRIGEN BESTEHENS DER ROUTE 66<\/div>\n                        <\/a>\n                    <\/li>\n                                                                <li class=\"blog-feed__item\">\n                        <a href=\"https:\/\/www.santamonica.com\/de\/media\/news-release\/where-to-watch-the-world-series-in-santa-monica\/\" class=\"blog-feed__item-link\">\n                            <div class=\"blog-feed__image-ratio\">\n                                <img decoding=\"async\" class=\"blog-feed__image\" src=\"https:\/\/www.santamonica.com\/wp-content\/uploads\/2025\/10\/dodgers-logo-1-400x400.jpg\" alt=\"WO MAN DIE WORLD SERIES IN SANTA MONICA SEHEN KANN\" title=\"\">\n                            <\/div>\n                            <div class=\"blog-feed__card-title\">WO MAN DIE WORLD SERIES IN SANTA MONICA SEHEN KANN<\/div>\n                        <\/a>\n                    <\/li>\n                                    <\/ul>\n    <\/div>\n<\/section>","protected":false},"excerpt":{"rendered":"<p>Listen to Santa Monica Vibes on Spotify Santa Monica Vibes are now live on Spotify! KCRW DJ Anthony Valadez created a soundtrack that sonically captures the essence of our beachside [&hellip;]<\/p>\n","protected":false},"author":1450,"featured_media":341334,"parent":0,"menu_order":0,"comment_status":"closed","ping_status":"closed","template":"template-things-to-do.php","meta":{"_acf_changed":false,"inline_featured_image":false,"footnotes":""},"silos":[],"class_list":["post-335272","page","type-page","status-publish","has-post-thumbnail","hentry"],"acf":[],"_links":{"self":[{"href":"https:\/\/www.santamonica.com\/de\/wp-json\/wp\/v2\/pages\/335272","targetHints":{"allow":["GET"]}}],"collection":[{"href":"https:\/\/www.santamonica.com\/de\/wp-json\/wp\/v2\/pages"}],"about":[{"href":"https:\/\/www.santamonica.com\/de\/wp-json\/wp\/v2\/types\/page"}],"author":[{"embeddable":true,"href":"https:\/\/www.santamonica.com\/de\/wp-json\/wp\/v2\/users\/1450"}],"replies":[{"embeddable":true,"href":"https:\/\/www.santamonica.com\/de\/wp-json\/wp\/v2\/comments?post=335272"}],"version-history":[{"count":72,"href":"https:\/\/www.santamonica.com\/de\/wp-json\/wp\/v2\/pages\/335272\/revisions"}],"predecessor-version":[{"id":349686,"href":"https:\/\/www.santamonica.com\/de\/wp-json\/wp\/v2\/pages\/335272\/revisions\/349686"}],"wp:featuredmedia":[{"embeddable":true,"href":"https:\/\/www.santamonica.com\/de\/wp-json\/wp\/v2\/media\/341334"}],"wp:attachment":[{"href":"https:\/\/www.santamonica.com\/de\/wp-json\/wp\/v2\/media?parent=335272"}],"wp:term":[{"taxonomy":"silos","embeddable":true,"href":"https:\/\/www.santamonica.com\/de\/wp-json\/wp\/v2\/silos?post=335272"}],"curies":[{"name":"wp","href":"https:\/\/api.w.org\/{rel}","templated":true}]}}