{"id":335263,"date":"2022-05-13T14:55:42","date_gmt":"2022-05-13T21:55:42","guid":{"rendered":"https:\/\/www.santamonica.com\/?page_id=335263"},"modified":"2026-03-16T09:11:22","modified_gmt":"2026-03-16T16:11:22","slug":"hochzeiten","status":"publish","type":"page","link":"https:\/\/www.santamonica.com\/de\/experience-santa-monica\/weddings\/","title":{"rendered":"Hochzeiten"},"content":{"rendered":"<section class=\"two-images container-max sm-block --flip sm-block\">\n    <div class=\"two-images__container --flip\">\n\n        <div class=\"two-images__column\">\n            <div class=\"two-images__content\">\n                <div class=\"two-images__content-header-container\">\n                                            <h2 class=\"two-images__content-header\">Hochzeiten am Strand<\/h2>                                    <\/div>\n                                    <div class=\"two-images__content-body wysiwyg\">\n                        <p>Hochzeiten am Strand sind erlaubt am <a href=\"https:\/\/www.santamonica.com\/de\/dinge-die-man-tun-kann\/santa-monica-strand\/\">Santa Monica State Beach<\/a> und in <a href=\"https:\/\/www.santamonica.com\/de\/dinge-die-man-tun-kann\/palisadenpark\/\">Palisaden-Park<\/a>. Die Stadt stellt keine Genehmigungen f\u00fcr Hochzeitszeremonien (oder andere kleine Versammlungen) am Strand aus, aber alle Regeln m\u00fcssen befolgt werden:<\/p>\n<ul>\n<li>Hochzeiten k\u00f6nnen \u00fcberall am Strand abgehalten werden, solange die Sicht der Rettungsschwimmer nicht behindert wird.<\/li>\n<li>Die Pl\u00e4tze werden nach dem Prinzip \"Wer zuerst kommt, mahlt zuerst\" vergeben.<\/li>\n<li>Bei Hochzeiten m\u00fcssen weniger als 150 Personen vor Ort sein.<\/li>\n<li>Hochzeiten k\u00f6nnen auch im Palisades Park abgehalten werden.<\/li>\n<\/ul>\n                    <\/div>\n                                            <\/div>\n        <\/div>\n\n        <div class=\"two-images__column\">\n                            <div class=\"two-images__image-container\">\n                    <img decoding=\"async\" width=\"425\" height=\"505\" src=\"https:\/\/www.santamonica.com\/wp-content\/uploads\/2022\/06\/weddings-on-the-beach.jpg\" class=\"two-images__image\" alt=\"Hochzeiten am Strand\" loading=\"lazy\" srcset=\"https:\/\/www.santamonica.com\/wp-content\/uploads\/2022\/06\/weddings-on-the-beach.jpg 425w, https:\/\/www.santamonica.com\/wp-content\/uploads\/2022\/06\/weddings-on-the-beach-252x300.jpg 252w, https:\/\/www.santamonica.com\/wp-content\/uploads\/2022\/06\/weddings-on-the-beach-126x150.jpg 126w\" sizes=\"auto, (max-width: 425px) 100vw, 425px\" title=\"\">                    \n\n            <div class=\"img-lctn-tag --no-link two-images__image-caption --right\">Santa Monica Picknick Co<\/div>\n                    <\/div>\n                    <\/div>\n\n        <div class=\"two-images__column\">\n                            <div class=\"two-images__image-container\">\n                    <img decoding=\"async\" width=\"600\" height=\"565\" src=\"https:\/\/www.santamonica.com\/wp-content\/uploads\/2022\/06\/beach-weddings.jpg\" class=\"two-images__image\" alt=\"Strandhochzeiten\" loading=\"lazy\" srcset=\"https:\/\/www.santamonica.com\/wp-content\/uploads\/2022\/06\/beach-weddings.jpg 600w, https:\/\/www.santamonica.com\/wp-content\/uploads\/2022\/06\/beach-weddings-300x283.jpg 300w, https:\/\/www.santamonica.com\/wp-content\/uploads\/2022\/06\/beach-weddings-159x150.jpg 159w\" sizes=\"auto, (max-width: 600px) 100vw, 600px\" title=\"\">                    \n\n            <div class=\"img-lctn-tag --no-link two-images__image-caption --right\">Santa Monica Picknick Co<\/div>\n                    <\/div>\n                    <\/div>\n\n    <\/div>\n<\/section>\n\n\n<section class=\"image-slider --theme1 sm-block\" >\n    <div class=\"image-slider__wrapper\">\n                    <div class=\"image-slider__copy wysiwyg\"><p><strong>Erlaubt:<\/strong><\/p>\n<ul>\n<li>Tische, St\u00fchle, L\u00e4ufer und kleine Torb\u00f6gen<\/li>\n<li>Vord\u00e4cher unter 400 Quadratfu\u00df<\/li>\n<li>B\u00fchnen unter 30 Zoll H\u00f6he<\/li>\n<li>Verst\u00e4rkte Beschallung zwischen 8:00 Uhr und 22:00 Uhr.<\/li>\n<\/ul>\n<p><strong>Nicht erlaubt:<\/strong><\/p>\n<ul>\n<li>Bauwerke, die eine Bau- und Sicherheitsgenehmigung oder eine Brandschutzgenehmigung erfordern w\u00fcrden<\/li>\n<li>Zelte mit Seitenw\u00e4nden<\/li>\n<li>Fahrzeuge auf Parkrasen oder Wegen, Sand, Radweg oder Ocean Front Walk<\/li>\n<li>Abstecken von Gegenst\u00e4nden in den Rasen oder Anbringen von Gegenst\u00e4nden an B\u00e4umen, Str\u00e4uchern, Anlagen und anderen Einrichtungen<\/li>\n<li>Blockieren von B\u00fcrgersteigen oder Fu\u00dfg\u00e4ngerwegen<\/li>\n<li>Feuer, Kochen, Alkohol, Glasbeh\u00e4lter und Rauchen<\/li>\n<li>Generatoren in Parks oder am Strand<\/li>\n<\/ul>\n<\/div>\n                <div class=\"image-slider__slider left\">\n                            <!-- Slider main container -->\n                <div class=\"swiper js-image-slider\">\n                    <!-- Additional required wrapper -->\n                    <div class=\"swiper-wrapper\">\n                        <!-- Slides -->\n                                                    <div class=\"swiper-slide\">\n                                <img decoding=\"async\" width=\"1024\" height=\"683\" src=\"https:\/\/www.santamonica.com\/wp-content\/uploads\/2025\/01\/Santa_Monica_Beach_Couple_01-1024x683.jpg\" class=\"swiper-slide__image\" alt=\"\" loading=\"lazy\" srcset=\"https:\/\/www.santamonica.com\/wp-content\/uploads\/2025\/01\/Santa_Monica_Beach_Couple_01-1024x683.jpg 1024w, https:\/\/www.santamonica.com\/wp-content\/uploads\/2025\/01\/Santa_Monica_Beach_Couple_01-300x200.jpg 300w, https:\/\/www.santamonica.com\/wp-content\/uploads\/2025\/01\/Santa_Monica_Beach_Couple_01-225x150.jpg 225w, https:\/\/www.santamonica.com\/wp-content\/uploads\/2025\/01\/Santa_Monica_Beach_Couple_01-768x512.jpg 768w, https:\/\/www.santamonica.com\/wp-content\/uploads\/2025\/01\/Santa_Monica_Beach_Couple_01-1536x1025.jpg 1536w, https:\/\/www.santamonica.com\/wp-content\/uploads\/2025\/01\/Santa_Monica_Beach_Couple_01-2048x1366.jpg 2048w\" sizes=\"auto, (max-width: 1024px) 100vw, 1024px\" title=\"\">                                \n\n            <div class=\"img-lctn-tag --no-link image-slider__image-caption --right\">Santa Monica State Beach<\/div>\n                                <\/div>\n                                                    <div class=\"swiper-slide\">\n                                <img decoding=\"async\" width=\"1024\" height=\"576\" src=\"https:\/\/www.santamonica.com\/wp-content\/uploads\/2022\/06\/beach-weddings-santa-monica.jpg\" class=\"swiper-slide__image\" alt=\"strand hochzeiten santa monica\" loading=\"lazy\" srcset=\"https:\/\/www.santamonica.com\/wp-content\/uploads\/2022\/06\/beach-weddings-santa-monica.jpg 1024w, https:\/\/www.santamonica.com\/wp-content\/uploads\/2022\/06\/beach-weddings-santa-monica-300x169.jpg 300w, https:\/\/www.santamonica.com\/wp-content\/uploads\/2022\/06\/beach-weddings-santa-monica-267x150.jpg 267w, https:\/\/www.santamonica.com\/wp-content\/uploads\/2022\/06\/beach-weddings-santa-monica-768x432.jpg 768w\" sizes=\"auto, (max-width: 1024px) 100vw, 1024px\" title=\"\">                                \n\n            <div class=\"img-lctn-tag --no-link image-slider__image-caption --right\">Santa Monica State Beach<\/div>\n                                <\/div>\n                                            <\/div>\n                                            <div class=\"image-slider__swiper-controls-wrapper-relocator\">\n                            <div class=\"image-slider__swiper-controls-wrapper\">\n                                <div class=\"swiper-pagination\"><\/div>\n                                <div class=\"swiper-button-prev-custom\">\n                                    <div class=\"arrow-button-left\"><\/div>\n                                <\/div>\n                                <div class=\"swiper-button-next-custom\">\n                                    <div class=\"arrow-button-right\"><\/div>\n                                <\/div>\n                            <\/div>\n                        <\/div>\n                                    <\/div>\n                    <\/div>\n    <\/div>\n<\/section>\n\n\n\n<section class=\"two-images container-max sm-block --flip sm-block\">\n    <div class=\"two-images__container --flip\">\n\n        <div class=\"two-images__column\">\n            <div class=\"two-images__content\">\n                <div class=\"two-images__content-header-container\">\n                                            <h2 class=\"two-images__content-header\">Ein Hochzeitsort mit Aussicht<\/h2>                                    <\/div>\n                                    <div class=\"two-images__content-body wysiwyg\">\n                        <p>Am Santa Monica State Beach gelegen, ist das <a href=\"https:\/\/www.santamonica.com\/de\/dinge-die-man-tun-kann\/strandhaus-der-gemeinde-annenberg\/\">Strandhaus der Gemeinde Annenberg<\/a> kann Hochzeitsgesellschaften von 10 bis 400 Personen beherbergen. Im Sommer ist es eine beliebte Option f\u00fcr Hochzeiten am Strand, wo die Zeremonien am Strand leicht in abendliche Feiern \u00fcbergehen k\u00f6nnen.<\/p>\n<p>Weitere Informationen \u00fcber das Annenberg Community Beach House erhalten Sie unter <a href=\"tel:3104584934\">(310) 458-4934<\/a>.<\/p>\n                    <\/div>\n                                            <\/div>\n        <\/div>\n\n        <div class=\"two-images__column\">\n                            <div class=\"two-images__image-container\">\n                    <img decoding=\"async\" width=\"424\" height=\"504\" src=\"https:\/\/www.santamonica.com\/wp-content\/uploads\/2022\/08\/Annenberg-424x504-1.jpg\" class=\"two-images__image\" alt=\"Bild eines historischen wei\u00dfen Geb\u00e4udes\" loading=\"lazy\" srcset=\"https:\/\/www.santamonica.com\/wp-content\/uploads\/2022\/08\/Annenberg-424x504-1.jpg 424w, https:\/\/www.santamonica.com\/wp-content\/uploads\/2022\/08\/Annenberg-424x504-1-252x300.jpg 252w, https:\/\/www.santamonica.com\/wp-content\/uploads\/2022\/08\/Annenberg-424x504-1-126x150.jpg 126w\" sizes=\"auto, (max-width: 424px) 100vw, 424px\" title=\"\">                    \n\n                <\/div>\n                    <\/div>\n\n        <div class=\"two-images__column\">\n                            <div class=\"two-images__image-container\">\n                    <img decoding=\"async\" width=\"600\" height=\"464\" src=\"https:\/\/www.santamonica.com\/wp-content\/uploads\/2022\/08\/Annenberg-600x464-1.jpg\" class=\"two-images__image\" alt=\"Wohnzimmer des Annenberg Community Beach House; wei\u00dfe W\u00e4nde mit schwarz-wei\u00dfen Bildern und eine Sitzecke mit roten Kissen\" loading=\"lazy\" srcset=\"https:\/\/www.santamonica.com\/wp-content\/uploads\/2022\/08\/Annenberg-600x464-1.jpg 600w, https:\/\/www.santamonica.com\/wp-content\/uploads\/2022\/08\/Annenberg-600x464-1-300x232.jpg 300w, https:\/\/www.santamonica.com\/wp-content\/uploads\/2022\/08\/Annenberg-600x464-1-194x150.jpg 194w\" sizes=\"auto, (max-width: 600px) 100vw, 600px\" title=\"\">                    \n\n                <\/div>\n                    <\/div>\n\n    <\/div>\n<\/section>\n\n\n<section class=\"stakeholder-feed sm-block js-stk-root sm-block\">\n    <div class=\"stakeholder-feed__top\">\n        <div class=\"stakeholder-feed__intro\">\n                            <h2 class=\"stakeholder-feed__headline\">Hotel Hochzeitslocations<\/h2>                                        <div class=\"stakeholder-feed__intro-body wysiwyg\">\n                    <p>Viele Hotels in Santa Monica bieten R\u00e4umlichkeiten f\u00fcr Hochzeiten und Empf\u00e4nge sowie weitere Annehmlichkeiten, Speisem\u00f6glichkeiten und andere Dienstleistungen an. Die Reise- und Tourismusabteilung von Santa Monica kann Ihnen bei der Buchung von Zimmerpaketen (in der Regel 10 oder mehr Zimmer\/Nacht) in allen Preisklassen behilflich sein. Rufen Sie  an. <a href=\"tel:8007712322\">(800) 771-2322<\/a> oder E-Mail <a href=\"mailto:meet@santamonica.com\">meet@santamonica.com<\/a>.<\/p>\n                <\/div>\n                    <\/div>\n        <div class=\"stakeholder-feed__nav-section\">\n                            <h3 class=\"stakeholder-feed__feed-title\">Alle Veranstaltungsorte durchsuchen<\/h3>                                        <a href=\"https:\/\/www.santamonica.com\/de\/treffen-konventionen\/hotels-und-veranstaltungsorte\/\" class=\"stakeholder-feed__feed-cta button --primary-teal-button\" >Alle anzeigen<\/a>            \n                        <div class=\"stakeholder-feed__pagination xxx--desktop-hide\">\n                <div class=\"swiper-button-prev stakeholder-feed__pagination-prev\"><\/div>\n                <div class=\"swiper-button-next stakeholder-feed__pagination-next\"><\/div>\n            <\/div>\n        <\/div>\n    <\/div>\n    <div class=\"stakeholder-feed__bottom\">\n        <div class=\"stakeholder-feed__feed-list-wrapper swiper js-stk-swiper\">\n            <ul class=\"stakeholder-feed__feed-list swiper-wrapper js-stk-wrapper\">\n                    <li class=\"swiper-slide stakeholder-card --theme3\">\n        <a class=\"stakeholder-card__link\" href=\"https:\/\/www.santamonica.com\/de\/meetings\/shutters-on-the-beach-venue\/\">\n            <div class=\"stakeholder-card__image\">\n                <img decoding=\"async\" src=\"https:\/\/assets.simpleviewinc.com\/simpleview\/image\/upload\/crm\/santamonica\/LOBBY11_4CDCB0D1-DDF2-B8D5-7657223C89CB20AE-4cdc9dc8d0723a9_4cdcc1a4-fce6-3733-b6a1fe99457dbb14.jpg\" alt=\"Fensterl\u00e4den am Strand\" title=\"\">\n            <\/div>\n            <div class=\"stakeholder-card__stk-info\">\n                <div class=\"stakeholder-card__stk-name\">Fensterl\u00e4den am Strand<\/div>\n                <div class=\"stakeholder-card__stk-cat\"><\/div>\n            <\/div>\n        <\/a>\n    <\/li>\n        <li class=\"swiper-slide stakeholder-card --theme3\">\n        <a class=\"stakeholder-card__link\" href=\"https:\/\/www.santamonica.com\/de\/meetings\/hyatt-centric-delfina-santa-monica-venue\/\">\n            <div class=\"stakeholder-card__image\">\n                <img decoding=\"async\" src=\"https:\/\/assets.simpleviewinc.com\/simpleview\/image\/upload\/crm\/santamonica\/Delfina-Ballroom-2_17656EDC-D293-BEE5-7045CE979B6D8448-17656c469c33578_176573a7-d505-cd27-f4139d6a9238f973.jpg\" alt=\"Hyatt Centric Delfina Santa Monica\" title=\"\">\n            <\/div>\n            <div class=\"stakeholder-card__stk-info\">\n                <div class=\"stakeholder-card__stk-name\">Hyatt Centric Delfina Santa Monica<\/div>\n                <div class=\"stakeholder-card__stk-cat\"><\/div>\n            <\/div>\n        <\/a>\n    <\/li>\n        <li class=\"swiper-slide stakeholder-card --theme3\">\n        <a class=\"stakeholder-card__link\" href=\"https:\/\/www.santamonica.com\/de\/meetings\/fairmont-miramar-hotel-bungalows-venue\/\">\n            <div class=\"stakeholder-card__image\">\n                <img decoding=\"async\" src=\"https:\/\/assets.simpleviewinc.com\/simpleview\/image\/upload\/crm\/santamonica\/FMH2-POOL-CHRISTIANHORAN_POOL_LANDSCAPE_4F5BEADA-C28C-ACDB-3CD68CA70751D488-4f5be18eaa3c8d4_4f5befc1-acd3-a019-80bb9d8ff86df3aa.jpg\" alt=\"Fairmont Miramar Hotel &amp; Bungalows\" title=\"\">\n            <\/div>\n            <div class=\"stakeholder-card__stk-info\">\n                <div class=\"stakeholder-card__stk-name\">Fairmont Miramar Hotel &amp; Bungalows<\/div>\n                <div class=\"stakeholder-card__stk-cat\"><\/div>\n            <\/div>\n        <\/a>\n    <\/li>\n                <\/ul>\n        <\/div>\n    <\/div>\n<\/section>\n\n\n<section class=\"blog-feed --theme8 sm-block\">\n    <div class=\"blog-feed__content\">\n        <div class=\"blog-feed__intro\">\n                            <div class=\"blog-feed__eyebrow eyebrow\">Blogs<\/div>                                        <h2 class=\"blog-feed__headline\">Santa Monica entdecken<\/h2>                                        <div class=\"blog-feed__body\"><p>Entdecken Sie Reiserouten, lokale Tipps, Hot Spots und ausgew\u00e4hlte Abenteuer, damit Sie das Beste aus Ihrem Aufenthalt in Santa Monica machen k\u00f6nnen.<\/p>\n<\/div>\n                                        <a class=\"blog-feed__cta\" href=\"https:\/\/www.santamonica.com\/de\/blogeintrage\/\">Alle Blogs anzeigen<\/a>\n                    <\/div>\n\n        <ul class=\"blog-feed__list\">\n                                                <li class=\"blog-feed__item\">\n                        <a href=\"https:\/\/www.santamonica.com\/de\/mother-road-modern-meetings-route-66-meeting-spaces-set-to-shine-for-centennial-in-santa-monica\/\" class=\"blog-feed__item-link\">\n                            <div class=\"blog-feed__image-ratio\">\n                                <img decoding=\"async\" class=\"blog-feed__image\" src=\"https:\/\/www.santamonica.com\/wp-content\/uploads\/2025\/12\/untitledJuly20162C2020180010-182-2-400x400.jpg\" alt=\"MUTTERSTRASSE, MODERNE TAGUNGEN: ROUTE-66-TAGUNGSR\u00c4UME ERSTRAHLEN ZUM HUNDERTJ\u00c4HRIGEN JUBIL\u00c4UM IN SANTA MONICA\" title=\"\">\n                            <\/div>\n                            <div class=\"blog-feed__card-title\">MUTTERSTRASSE, MODERNE TAGUNGEN: ROUTE-66-TAGUNGSR\u00c4UME ERSTRAHLEN ZUM HUNDERTJ\u00c4HRIGEN JUBIL\u00c4UM IN SANTA MONICA<\/div>\n                        <\/a>\n                    <\/li>\n                                                                <li class=\"blog-feed__item\">\n                        <a href=\"https:\/\/www.santamonica.com\/de\/media\/news-release\/santa-monica-announces-song-contest-in-celebration-of-route-66-centennial\/\" class=\"blog-feed__item-link\">\n                            <div class=\"blog-feed__image-ratio\">\n                                <img decoding=\"async\" class=\"blog-feed__image\" src=\"https:\/\/www.santamonica.com\/wp-content\/uploads\/2025\/11\/DSC01084-400x400.jpg\" alt=\"SANTA MONICA VERK\u00dcNDET SONGWETTBEWERB ZUR FEIER DES HUNDERTJ\u00c4HRIGEN BESTEHENS DER ROUTE 66\" title=\"\">\n                            <\/div>\n                            <div class=\"blog-feed__card-title\">SANTA MONICA VERK\u00dcNDET SONGWETTBEWERB ZUR FEIER DES HUNDERTJ\u00c4HRIGEN BESTEHENS DER ROUTE 66<\/div>\n                        <\/a>\n                    <\/li>\n                                                                <li class=\"blog-feed__item\">\n                        <a href=\"https:\/\/www.santamonica.com\/de\/media\/news-release\/where-to-watch-the-world-series-in-santa-monica\/\" class=\"blog-feed__item-link\">\n                            <div class=\"blog-feed__image-ratio\">\n                                <img decoding=\"async\" class=\"blog-feed__image\" src=\"https:\/\/www.santamonica.com\/wp-content\/uploads\/2025\/10\/dodgers-logo-1-400x400.jpg\" alt=\"WO MAN DIE WORLD SERIES IN SANTA MONICA SEHEN KANN\" title=\"\">\n                            <\/div>\n                            <div class=\"blog-feed__card-title\">WO MAN DIE WORLD SERIES IN SANTA MONICA SEHEN KANN<\/div>\n                        <\/a>\n                    <\/li>\n                                    <\/ul>\n    <\/div>\n<\/section>","protected":false},"excerpt":{"rendered":"","protected":false},"author":1450,"featured_media":350862,"parent":0,"menu_order":0,"comment_status":"closed","ping_status":"closed","template":"template-editorial.php","meta":{"_acf_changed":false,"inline_featured_image":false,"footnotes":""},"silos":[3887],"class_list":["post-335263","page","type-page","status-publish","has-post-thumbnail","hentry"],"acf":[],"_links":{"self":[{"href":"https:\/\/www.santamonica.com\/de\/wp-json\/wp\/v2\/pages\/335263","targetHints":{"allow":["GET"]}}],"collection":[{"href":"https:\/\/www.santamonica.com\/de\/wp-json\/wp\/v2\/pages"}],"about":[{"href":"https:\/\/www.santamonica.com\/de\/wp-json\/wp\/v2\/types\/page"}],"author":[{"embeddable":true,"href":"https:\/\/www.santamonica.com\/de\/wp-json\/wp\/v2\/users\/1450"}],"replies":[{"embeddable":true,"href":"https:\/\/www.santamonica.com\/de\/wp-json\/wp\/v2\/comments?post=335263"}],"version-history":[{"count":133,"href":"https:\/\/www.santamonica.com\/de\/wp-json\/wp\/v2\/pages\/335263\/revisions"}],"predecessor-version":[{"id":790761,"href":"https:\/\/www.santamonica.com\/de\/wp-json\/wp\/v2\/pages\/335263\/revisions\/790761"}],"wp:featuredmedia":[{"embeddable":true,"href":"https:\/\/www.santamonica.com\/de\/wp-json\/wp\/v2\/media\/350862"}],"wp:attachment":[{"href":"https:\/\/www.santamonica.com\/de\/wp-json\/wp\/v2\/media?parent=335263"}],"wp:term":[{"taxonomy":"silos","embeddable":true,"href":"https:\/\/www.santamonica.com\/de\/wp-json\/wp\/v2\/silos?post=335263"}],"curies":[{"name":"wp","href":"https:\/\/api.w.org\/{rel}","templated":true}]}}