{"id":335257,"date":"2022-05-13T14:55:13","date_gmt":"2022-05-13T21:55:13","guid":{"rendered":"https:\/\/www.santamonica.com\/?page_id=335257"},"modified":"2026-01-13T13:39:06","modified_gmt":"2026-01-13T21:39:06","slug":"lgbtq","status":"publish","type":"page","link":"https:\/\/www.santamonica.com\/de\/experience-santa-monica\/lgbtq\/","title":{"rendered":"LGBTQ+"},"content":{"rendered":"<section class=\"stakeholder-feed sm-block js-stk-root sm-block\">\n    <div class=\"stakeholder-feed__top\">\n        <div class=\"stakeholder-feed__intro\">\n                            <h2 class=\"stakeholder-feed__headline\">LGBTQ+ freundliche Hotels in Santa Monica <\/h2>                                        <div class=\"stakeholder-feed__intro-body wysiwyg\">\n                    <p>Normalerweise denkt man bei LGBTQ+-Kultur in der N\u00e4he von Los Angeles an West Hollywood... aber Santa Monica mit seiner entspannten Strandatmosph\u00e4re und seinen freundlichen Einwohnern k\u00f6nnte der perfekte Urlaubsort sein.<\/p>\n                <\/div>\n                    <\/div>\n        <div class=\"stakeholder-feed__nav-section\">\n                            <h3 class=\"stakeholder-feed__feed-title\">Alle gay-friendly Aufenthalte anzeigen<\/h3>                                        <a href=\"https:\/\/www.santamonica.com\/de\/hotels\/\" class=\"stakeholder-feed__feed-cta button --primary-teal-button\" >Alle Unterk\u00fcnfte anzeigen<\/a>            \n                        <div class=\"stakeholder-feed__pagination xxx--desktop-hide\">\n                <div class=\"swiper-button-prev stakeholder-feed__pagination-prev\"><\/div>\n                <div class=\"swiper-button-next stakeholder-feed__pagination-next\"><\/div>\n            <\/div>\n        <\/div>\n    <\/div>\n    <div class=\"stakeholder-feed__bottom\">\n        <div class=\"stakeholder-feed__feed-list-wrapper swiper js-stk-swiper\">\n            <ul class=\"stakeholder-feed__feed-list swiper-wrapper js-stk-wrapper\">\n                    <li class=\"swiper-slide stakeholder-card --theme3\">\n        <a class=\"stakeholder-card__link\" href=\"https:\/\/www.santamonica.com\/de\/hotels\/viceroy-santa-monica\/\">\n            <div class=\"stakeholder-card__image\">\n                <img decoding=\"async\" src=\"https:\/\/assets.simpleviewinc.com\/simpleview\/image\/upload\/crm\/santamonica\/vsm_pool_deck_day_EC7A9647-CE70-45FF-9B8CC6B6FFDB2E5F_fefae56e-8ad5-4f50-bd740feb178bb13a.jpg\" alt=\"Viceroy Santa Monica\" title=\"\">\n            <\/div>\n            <div class=\"stakeholder-card__stk-info\">\n                <div class=\"stakeholder-card__stk-name\">Viceroy Santa Monica<\/div>\n                <div class=\"stakeholder-card__stk-cat\">Einen Block vom Strand entfernt<\/div>\n            <\/div>\n        <\/a>\n    <\/li>\n        <li class=\"swiper-slide stakeholder-card --theme3\">\n        <a class=\"stakeholder-card__link\" href=\"https:\/\/www.santamonica.com\/de\/hotels\/sandbourne-santa-monica\/\">\n            <div class=\"stakeholder-card__image\">\n                <img decoding=\"async\" src=\"https:\/\/assets.simpleviewinc.com\/simpleview\/image\/upload\/crm\/santamonica\/Sandbourne_Room_610_Double_Queen_City_view_B338C7C2-99D3-3CE9-31A128FB99235122-b338747bc60144f_b339996c-d169-798f-1ff04cf5679020e7.jpg\" alt=\"Sandbourne Santa Monica\" title=\"\">\n            <\/div>\n            <div class=\"stakeholder-card__stk-info\">\n                <div class=\"stakeholder-card__stk-name\">Sandbourne Santa Monica<\/div>\n                <div class=\"stakeholder-card__stk-cat\">Hotels mit Tagungsr\u00e4umen<\/div>\n            <\/div>\n        <\/a>\n    <\/li>\n        <li class=\"swiper-slide stakeholder-card --theme3\">\n        <a class=\"stakeholder-card__link\" href=\"https:\/\/www.santamonica.com\/de\/?post_type=stakeholder&#038;p=37125\">\n            <div class=\"stakeholder-card__image\">\n                <img decoding=\"async\" src=\"https:\/\/assets.simpleviewinc.com\/simpleview\/image\/upload\/crm\/santamonica\/PaliHouseSM_Living-Dylan-Jeni0_c03e8f69-5056-b365-ab93545a035e0991.jpg\" alt=\"Maison Twenty Seven\" title=\"\">\n            <\/div>\n            <div class=\"stakeholder-card__stk-info\">\n                <div class=\"stakeholder-card__stk-name\">Maison Twenty Seven<\/div>\n                <div class=\"stakeholder-card__stk-cat\">Verl\u00e4ngerter Aufenthalt<\/div>\n            <\/div>\n        <\/a>\n    <\/li>\n                <\/ul>\n        <\/div>\n    <\/div>\n<\/section>\n\n\n<section class=\"sun-title sm-block --theme6 sm-block\">\n            <h3 class=\"sun-title__headline\">Will Rogers State Beach<\/h3>    \n            <div class=\"sun-title__body  wysiwyg\">\n                    <p><a href=\"http:\/\/www.parks.ca.gov\/?page_id=625\" target=\"_blank\" rel=\"noopener\">Will Rogers State Beach<\/a>, der inoffizielle LGBTQ+-Strand von Los Angeles, ist ein gro\u00dfartiger Ort, um sich zu treffen. Dieser beliebte Surfspot bietet Annehmlichkeiten wie Volleyballpl\u00e4tze, Toiletten und Gymnastikger\u00e4te. Der Marvin Braude Bike Trail, auch bekannt als South Bay Bicycle Trail oder The Strand, f\u00fchrt hier vorbei.<\/p>\n<p>Dieser Strand ist Teil des Will Rogers State Historic Park, der beliebte Wanderwege beherbergt: den zwei Meilen langen Rundweg zum Inspiration Point und den Backbone Trail, der direkt in die Santa Monica Mountains f\u00fchrt.<\/p>\n                        <\/div>\n    <\/section>\n\n\n\n<section class=\"image-section-break sm-block\">\n    <div class=\"image-section-break__image-wrapper\">\n                    <picture>\n                    <source\n                        media=\"(min-width: 768px)\"\n                        srcset=\"https:\/\/www.santamonica.com\/wp-content\/uploads\/2022\/05\/santa-monica-pier.jpg\"\n                    >\n                    <img decoding=\"async\" src=\"https:\/\/www.santamonica.com\/wp-content\/uploads\/2022\/05\/santa-monica-pier-M.jpg\" class=\"image-section-break__image\" alt=\"santa monica pier\" title=\"\">\n            <\/picture>\n                \n\n    <\/div>\n    <div class=\"image-section-break__text-content\">\n        <div class=\"image-section-break__first-content --theme3\">\n                            <div class=\"image-section-break__eyebrow-text\">Die Liebe reist nach Santa Monica<\/div>\n                                        <h2 class=\"image-section-break__title\">Luxuri\u00f6se Aufenthalte f\u00fcr jeden Reisenden<\/h2>\n                                            <\/div>\n        <div class=\"image-section-break__second-content\">\n                            <div class=\"image-section-break__body-copy wysiwyg\"><p>Sie k\u00f6nnen nichts falsch machen mit dem <a href=\"https:\/\/www.santamonica.com\/de\/hotels\/jw-marriott-santa-monica-le-merigot\/\">Sandbourne Santa Monica<\/a><a href=\"https:\/\/www.santamonica.com\/de\/hotels\/jw-marriott-santa-monica-le-merigot\/\">\u00a0<\/a>Strandhotel - vor allem in Anbetracht ihrer LGBTQ+-freundlichen Einstellung und ihrer Philosophie der Gleichberechtigung. Schauen Sie sich einfach ihre #LoveTravels-Kampagne an! Das hoteleigene Spa mit umfassendem Service und die Le Troquet Patio Lounge sind nur zwei der vielen Annehmlichkeiten, die ein Aufenthalt hier mit sich bringt.<\/p>\n<\/div>\n                                <\/div>\n    <\/div>\n<\/section>\n\n\n\n<section class=\"two-images container-max sm-block  sm-block\">\n    <div class=\"two-images__container\">\n\n        <div class=\"two-images__column\">\n            <div class=\"two-images__content\">\n                <div class=\"two-images__content-header-container\">\n                                            <h2 class=\"two-images__content-header\">IGLTA-gepr\u00fcfte Hotels<\/h2>                                    <\/div>\n                                    <div class=\"two-images__content-body wysiwyg\">\n                        <p>Die <a href=\"https:\/\/www.santamonica.com\/de\/stakeholder\/viceroy-santa-monica-2\/\">Viceroy Santa Monica<\/a> mit seiner trendigen Atmosph\u00e4re ist ein lokaler LGBTQ+-Favorit aufgrund seiner Zugeh\u00f6rigkeit zur International LGBTQ+ Travel Association.<\/p>\n<p>Von der weitl\u00e4ufigen Au\u00dfenterrasse und den Pools bis hin zu den schicken Cabanas bietet das Viceroy alles, was Sie brauchen, an einem Ort. Und wenn Sie bereit sind, das Beste von Santa Monica zu erkunden, steht eine Flotte von Fahrr\u00e4dern, die nur f\u00fcr G\u00e4ste zug\u00e4nglich sind, f\u00fcr eine Spritztour bereit.<\/p>\n                    <\/div>\n                                            <\/div>\n        <\/div>\n\n        <div class=\"two-images__column\">\n                            <div class=\"two-images__image-container\">\n                    <img decoding=\"async\" width=\"425\" height=\"503\" src=\"https:\/\/www.santamonica.com\/wp-content\/uploads\/2022\/06\/viceroy-exterior-pool-e1655424331576.jpg\" class=\"two-images__image\" alt=\"viceroy Au\u00dfenpool\" loading=\"lazy\" srcset=\"https:\/\/www.santamonica.com\/wp-content\/uploads\/2022\/06\/viceroy-exterior-pool-e1655424331576.jpg 425w, https:\/\/www.santamonica.com\/wp-content\/uploads\/2022\/06\/viceroy-exterior-pool-e1655424331576-253x300.jpg 253w, https:\/\/www.santamonica.com\/wp-content\/uploads\/2022\/06\/viceroy-exterior-pool-e1655424331576-127x150.jpg 127w\" sizes=\"auto, (max-width: 425px) 100vw, 425px\" title=\"\">                    \n\n            <div class=\"img-lctn-tag --no-link two-images__image-caption --right\">Viceroy<\/div>\n                    <\/div>\n                    <\/div>\n\n        <div class=\"two-images__column\">\n                            <div class=\"two-images__image-container\">\n                    <img decoding=\"async\" width=\"600\" height=\"564\" src=\"https:\/\/www.santamonica.com\/wp-content\/uploads\/2022\/06\/viceroy-lobby.jpg\" class=\"two-images__image\" alt=\"Vizek\u00f6nig-Lobby\" loading=\"lazy\" srcset=\"https:\/\/www.santamonica.com\/wp-content\/uploads\/2022\/06\/viceroy-lobby.jpg 600w, https:\/\/www.santamonica.com\/wp-content\/uploads\/2022\/06\/viceroy-lobby-300x282.jpg 300w, https:\/\/www.santamonica.com\/wp-content\/uploads\/2022\/06\/viceroy-lobby-160x150.jpg 160w\" sizes=\"auto, (max-width: 600px) 100vw, 600px\" title=\"\">                    \n\n                <\/div>\n                    <\/div>\n\n    <\/div>\n<\/section>\n\n\n\n<div class=\"wp-block-columns is-layout-flex wp-container-core-columns-is-layout-28f84493 wp-block-columns-is-layout-flex base-block\">\n<div class=\"wp-block-column is-layout-flow wp-block-column-is-layout-flow base-block\">\n<h4 class=\"wp-block-heading base-block\">Gem\u00fctliche Zimmer<\/h4>\n\n\n\n<p class=\"base-block\">Wenn Sie ein Boutique-Erlebnis suchen, sollten Sie sich in das <a href=\"https:\/\/www.santamonica.com\/de\/hotels\/palihouse-santa-monica\/\">Palihouse Santa Monica<\/a>. Das in einem ruhigeren Teil der Stadt gelegene Hotel mit 33 Zimmern ist f\u00fcr sein aufmerksames Personal und seine schicke Ausstattung bekannt. Die G\u00e4ste schw\u00e4rmen von der eklektischen Inneneinrichtung der Lobby und der entspannenden Umgebung, die das Palihouse zu einem gro\u00dfartigen Ort machen, um jeden Tag in Santa Monica zu beginnen und zu beenden.<\/p>\n<\/div>\n\n\n\n<div class=\"wp-block-column is-layout-flow wp-block-column-is-layout-flow base-block\">\n<h4 class=\"wp-block-heading base-block\">Schicke Aufenthalte<\/h4>\n\n\n\n<p class=\"base-block\"><a href=\"https:\/\/www.santamonica.com\/de\/hotels\/huntley-santa-monica-strand\/\">Huntley Santa Monica Strand<\/a> verf\u00fcgt \u00fcber eine stilvolle Inneneinrichtung, einzigartige Annehmlichkeiten und pers\u00f6nliche Dienstleistungen. Es liegt in der N\u00e4he des Strandes und des ber\u00fchmten Santa Monica Pier. Besuchen Sie das Restaurant\/die Bar, <a href=\"https:\/\/www.santamonica.com\/de\/restaurants\/das-penthouse\/\">Das Penthouse<\/a>, auf der 18. Etage f\u00fcr eine unglaubliche Aussicht. Die Panoramafenster bieten herrliche Ausblicke auf den Ozean, die Skyline von Santa Monica, die Berge von Malibu und sogar das Hollywood-Schild.<\/p>\n<\/div>\n\n\n\n<div class=\"wp-block-column is-layout-flow wp-block-column-is-layout-flow base-block\">\n<h4 class=\"wp-block-heading base-block\">Strandige Bungalows<\/h4>\n\n\n\n<p class=\"base-block\">Gelegen innerhalb <a href=\"https:\/\/www.santamonica.com\/de\/hotels\/gateway-hotel-santa-monica\/\">Das Gateway Hotel Santa Monica<\/a>, <a href=\"https:\/\/www.santamonica.com\/de\/restaurants\/sozalo\/\">Socalo<\/a> ist eine ganzt\u00e4gig ge\u00f6ffnete kalifornische Kantine und ein mexikanisches Lokal von den preisgekr\u00f6nten Chefk\u00f6chen und Eigent\u00fcmern Mary Sue Milliken und Susan Feniger. Die 123 hellen, modernen Zimmer bieten Kopfkissenbetten, 42-Zoll-Flachbildfernseher mit Kabelanschluss, kostenlosen Kaffee, Tee und mehr.<\/p>\n<\/div>\n<\/div>\n\n\n    <section class=\"booking-cta --theme5 sm-block\">\n    <div id=\"widget-container-2070\"><\/div>\n<script type=\"text\/javascript\">\n  (function() {\n    var script = document.createElement('script');\n    script.type = 'text\/javascript';\n    script.async = 'true';\n    script.src = \"https:\/\/admin.bookdirect.net\/hs4\/widgets\/2070.js?widget_element=widget-container-2070\";\n    document.body.appendChild(script);\n  })();\n<\/script>\n    <\/section>\n\n\n\n<section class=\"blog-feed --theme8 sm-block\">\n    <div class=\"blog-feed__content\">\n        <div class=\"blog-feed__intro\">\n                            <div class=\"blog-feed__eyebrow eyebrow\">Blogs<\/div>                                        <h2 class=\"blog-feed__headline\">Santa Monica entdecken<\/h2>                                        <div class=\"blog-feed__body\"><p>Entdecken Sie Reiserouten, lokale Tipps, Hot Spots und ausgew\u00e4hlte Abenteuer, damit Sie das Beste aus Ihrem Aufenthalt in Santa Monica machen k\u00f6nnen.<\/p>\n<\/div>\n                                        <a class=\"blog-feed__cta\" href=\"https:\/\/www.santamonica.com\/de\/blogeintrage\/\">Alle Blogs anzeigen<\/a>\n                    <\/div>\n\n        <ul class=\"blog-feed__list\">\n                                                <li class=\"blog-feed__item\">\n                        <a href=\"https:\/\/www.santamonica.com\/de\/hotels\/santa-monica-hotels-with-free-parking\/\" class=\"blog-feed__item-link\">\n                            <div class=\"blog-feed__image-ratio\">\n                                <img decoding=\"async\" class=\"blog-feed__image\" src=\"https:\/\/www.santamonica.com\/wp-content\/uploads\/2024\/07\/Hotels-Featured-Image-400x400.png\" alt=\"Santa Monica Hotels mit kostenlosem Parkplatz\" title=\"\">\n                            <\/div>\n                            <div class=\"blog-feed__card-title\">Santa Monica Hotels mit kostenlosem Parkplatz<\/div>\n                        <\/a>\n                    <\/li>\n                                                                <li class=\"blog-feed__item\">\n                        <a href=\"https:\/\/www.santamonica.com\/de\/hotels\/santa-monica-hotels-for-architecture-and-design-enthusiasts\/\" class=\"blog-feed__item-link\">\n                            <div class=\"blog-feed__image-ratio\">\n                                <img decoding=\"async\" class=\"blog-feed__image\" src=\"https:\/\/www.santamonica.com\/wp-content\/uploads\/2021\/05\/PalihouseSantaMonicaFeatured-400x400.jpg\" alt=\"Santa Monica Hotels f\u00fcr Architektur- und Designbegeisterte\" title=\"\">\n                            <\/div>\n                            <div class=\"blog-feed__card-title\">Santa Monica Hotels f\u00fcr Architektur- und Designbegeisterte<\/div>\n                        <\/a>\n                    <\/li>\n                                                                <li class=\"blog-feed__item\">\n                        <a href=\"https:\/\/www.santamonica.com\/de\/things-to-do\/six-safe-socially-distanced-dates-in-santa-monica\/\" class=\"blog-feed__item-link\">\n                            <div class=\"blog-feed__image-ratio\">\n                                <img decoding=\"async\" class=\"blog-feed__image\" src=\"https:\/\/www.santamonica.com\/wp-content\/uploads\/2021\/02\/How-to-Have-a-Socially-Distanced-Date-in-Santa-Monica-400x400.jpg\" alt=\"Sechs sichere, gesellschaftlich distanzierte Dates in Santa Monica\" title=\"\">\n                            <\/div>\n                            <div class=\"blog-feed__card-title\">Sechs sichere, gesellschaftlich distanzierte Dates in Santa Monica<\/div>\n                        <\/a>\n                    <\/li>\n                                    <\/ul>\n    <\/div>\n<\/section>","protected":false},"excerpt":{"rendered":"<p>Quaint rooms For a more boutique experience, escape to the Palihouse Santa Monica. Situated in a quieter part of the city, this 33-room hotel is known for its attentive staff and chic amenities. Guests rave about the lobby\u2019s eclectic interior design and relaxing environment, making Palihouse a great place to start and end any day in Santa Monica. Chic stays Huntley Santa Monica Beach boasts stylish interiors, unique amenities and personal services. It\u2019s close to the beach\u2013and the famous Santa Monica Pier. Visit the restaurant\/bar, The Penthouse, on the 18th floor for incredible views. Panoramic windows offer gorgeous ocean vistas, [\u2026]<\/p>\n","protected":false},"author":1450,"featured_media":379149,"parent":0,"menu_order":0,"comment_status":"closed","ping_status":"closed","template":"template-editorial.php","meta":{"_acf_changed":false,"inline_featured_image":false,"footnotes":""},"silos":[3887],"class_list":["post-335257","page","type-page","status-publish","has-post-thumbnail","hentry"],"acf":[],"_links":{"self":[{"href":"https:\/\/www.santamonica.com\/de\/wp-json\/wp\/v2\/pages\/335257","targetHints":{"allow":["GET"]}}],"collection":[{"href":"https:\/\/www.santamonica.com\/de\/wp-json\/wp\/v2\/pages"}],"about":[{"href":"https:\/\/www.santamonica.com\/de\/wp-json\/wp\/v2\/types\/page"}],"author":[{"embeddable":true,"href":"https:\/\/www.santamonica.com\/de\/wp-json\/wp\/v2\/users\/1450"}],"replies":[{"embeddable":true,"href":"https:\/\/www.santamonica.com\/de\/wp-json\/wp\/v2\/comments?post=335257"}],"version-history":[{"count":82,"href":"https:\/\/www.santamonica.com\/de\/wp-json\/wp\/v2\/pages\/335257\/revisions"}],"predecessor-version":[{"id":778661,"href":"https:\/\/www.santamonica.com\/de\/wp-json\/wp\/v2\/pages\/335257\/revisions\/778661"}],"wp:featuredmedia":[{"embeddable":true,"href":"https:\/\/www.santamonica.com\/de\/wp-json\/wp\/v2\/media\/379149"}],"wp:attachment":[{"href":"https:\/\/www.santamonica.com\/de\/wp-json\/wp\/v2\/media?parent=335257"}],"wp:term":[{"taxonomy":"silos","embeddable":true,"href":"https:\/\/www.santamonica.com\/de\/wp-json\/wp\/v2\/silos?post=335257"}],"curies":[{"name":"wp","href":"https:\/\/api.w.org\/{rel}","templated":true}]}}