{"id":335224,"date":"2022-05-13T14:51:25","date_gmt":"2022-05-13T21:51:25","guid":{"rendered":"https:\/\/www.santamonica.com\/?page_id=335224"},"modified":"2026-01-13T13:33:11","modified_gmt":"2026-01-13T21:33:11","slug":"einkaufen","status":"publish","type":"page","link":"https:\/\/www.santamonica.com\/de\/shopping\/","title":{"rendered":"Einkaufen"},"content":{"rendered":"<section class=\"sun-title sm-block --theme1 sm-block\">\n            <h2 class=\"sun-title__headline\">Sehen, was in Mode ist<\/h2>    \n    <\/section>\n\n\n\n<figure class=\"wp-block-embed is-type-video is-provider-youtube wp-block-embed-youtube wp-embed-aspect-16-9 wp-has-aspect-ratio base-block\"><div class=\"wp-block-embed__wrapper\">\n<iframe title=\"Santa Monica Einkaufen\" width=\"500\" height=\"281\" src=\"https:\/\/www.youtube.com\/embed\/o5aMIoaXm5g?feature=oembed\" frameborder=\"0\" allow=\"accelerometer; autoplay; clipboard-write; encrypted-media; gyroscope; picture-in-picture; web-share\" referrerpolicy=\"strict-origin-when-cross-origin\" allowfullscreen><\/iframe>\n<\/div><\/figure>\n\n\n<section class=\"sun-title sm-block --theme6 sm-block\">\n            <h2 class=\"sun-title__headline\">Santa Monica Einkaufszentren<\/h2>    \n            <div class=\"sun-title__body  wysiwyg\">\n                    <p><span style=\"font-weight: 400;\">Die Stadt bietet<\/span><span style=\"font-weight: 400;\">\u00a0a <\/span><span style=\"font-weight: 400;\">gro\u00dfe Auswahl an Gesch\u00e4ften <\/span><span style=\"font-weight: 400;\">und<\/span><span style=\"font-weight: 400;\"> Einkaufsm\u00f6glichkeiten<\/span><span style=\"font-weight: 400;\">, <\/span><span style=\"font-weight: 400;\">von der <\/span><a href=\"https:\/\/www.santamonica.com\/de\/santa-monica-erleben\/nachbarschaften\/zentrum-von-santa-monica-3-strase-promenade\/\"><strong>Dritte <\/strong><span style=\"font-weight: 400;\"><strong>Stra\u00dfe Promenade<\/strong><\/span><\/a> <span style=\"font-weight: 400;\">und <\/span><a href=\"https:\/\/www.santamonica.com\/de\/einkaufen\/santa-monica-platz\/\"><span style=\"font-weight: 400;\"><strong>Santa Monica Platz<\/strong><\/span><\/a><span style=\"font-weight: 400;\"> in <\/span><span style=\"font-weight: 400;\">Stadtzentrum Santa Monica<\/span><span style=\"font-weight: 400;\"> zu <\/span><strong><a href=\"https:\/\/www.santamonica.com\/de\/einkaufen\/einzigartige-geschafte\/\">einzigartige Boutiquen<\/a><\/strong><span style=\"font-weight: 400;\"> entlang der Hauptstra\u00dfe<\/span><span style=\"font-weight: 400;\">, <\/span><a href=\"https:\/\/www.santamonica.com\/de\/santa-monica-erleben\/nachbarschaften\/meerespark\/\"><strong>Meerespark <\/strong><span style=\"font-weight: 400;\"><strong>Boulevard<\/strong>,<\/span> <\/a><span style=\"font-weight: 400;\">und <\/span><span style=\"font-weight: 400;\">Montana Avenue<\/span><span style=\"font-weight: 400;\">. Viele dieser Einkaufsm\u00f6glichkeiten bieten bequeme Zusatzleistungen wie die Lieferung am selben Tag und den Transport von Paketen an! <\/span><span style=\"font-weight: 400;\">Sind Sie auf der Suche nach frischen lokalen Produkten? Besuchen Sie einen der w\u00f6chentlich stattfindenden, <\/span><span style=\"font-weight: 400;\">Open-Air<\/span> <strong><a href=\"https:\/\/www.santamonica.com\/de\/santa-monica-erleben\/bauernmarkte\/\">Bauernm\u00e4rkte in Santa Monica<\/a><\/strong><span style=\"font-weight: 400;\"> und ein paar Morgeneink\u00e4ufe machen.<\/span><span style=\"font-weight: 400;\"> Entdecken Sie die <\/span><span style=\"font-weight: 400;\">beste Einkaufsm\u00f6glichkeiten in Santa Monica<\/span><span style=\"font-weight: 400;\"> Standorte<\/span>\u00a0<span style=\"font-weight: 400;\">in der ganzen Stadt und finden Sie in unserem Santa Monica Shopping Guide genau das, was Sie suchen. Filtern Sie nach Kategorie, Stadtviertel, Budget und mehr, um den richtigen Stil zu finden.<\/span><\/p>\n                        <\/div>\n    <\/section>\n\n\n\n<section class=\"two-images container-max sm-block  sm-block\">\n    <div class=\"two-images__container\">\n\n        <div class=\"two-images__column\">\n            <div class=\"two-images__content\">\n                <div class=\"two-images__content-header-container\">\n                                            <h2 class=\"two-images__content-header\">Suchen Sie nach M\u00f6glichkeiten, sich w\u00e4hrend Ihres Aufenthaltes fortzubewegen?<\/h2>                                    <\/div>\n                                    <div class=\"two-images__content-body wysiwyg\">\n                        <p><span style=\"font-weight: 400;\">Sehen Sie sich Santa Monicas <\/span><a href=\"https:\/\/www.santamonica.com\/de\/transport\/offentliche-verkehrsmittel\/\"><span style=\"font-weight: 400;\"><strong>\u00f6ffentliche Verkehrsmittel<\/strong><\/span><\/a><span style=\"font-weight: 400;\"> Optionen und genie\u00dfen Sie das Reiseziel ohne Auto. <\/span><span style=\"font-weight: 400;\">\u00d6ffentliche Verkehrsmittel k\u00f6nnen Sie zu folgenden Orten bringen <\/span><span style=\"font-weight: 400;\">Brennpunkte<\/span><span style=\"font-weight: 400;\"> wie die <\/span><strong><a href=\"https:\/\/www.santamonica.com\/de\/dinge-die-man-tun-kann\/besuch-der-santa-monica-pier\/\">Santa Monica Pier<\/a><\/strong><span style=\"font-weight: 400;\"> oder irgendwo im Gro\u00dfraum <\/span><span style=\"font-weight: 400;\">Los Angeles<\/span><span style=\"font-weight: 400;\"> Region.\u00a0<\/span><\/p>\n<p><span style=\"font-weight: 400;\">Bei der Erkundung der Einkaufsm\u00f6glichkeiten in den einzelnen Stadtvierteln von Santa Monica sollten Sie auf keinen Fall die folgenden Angebote verpassen <\/span><a href=\"https:\/\/www.santamonica.com\/de\/restaurants\/einheimische-restaurants\/\"><span style=\"font-weight: 400;\"><strong>von den Einheimischen gepr\u00fcfte Restaurants in Santa Monica<\/strong><\/span><\/a><span style=\"font-weight: 400;\">, zus\u00e4tzlich <\/span><strong><a href=\"https:\/\/www.santamonica.com\/de\/dinge-die-man-tun-kann\/\">Dinge, die man tun kann<\/a><\/strong><span style=\"font-weight: 400;\">, <\/span><strong><a href=\"https:\/\/www.santamonica.com\/de\/veranstaltungen\/jahrliche-veranstaltungen\/\">Gro\u00dfveranstaltungen und Feste<\/a><\/strong><span style=\"font-weight: 400;\"> sowie \u00fcber 40 <\/span><strong><a href=\"https:\/\/www.santamonica.com\/de\/hotels\/\">Hotels<\/a><\/strong><span style=\"font-weight: 400;\"> innerhalb von 4 Meilen zum Meer.<\/span><\/p>\n                    <\/div>\n                                            <\/div>\n        <\/div>\n\n        <div class=\"two-images__column\">\n                            <div class=\"two-images__image-container\">\n                    <img decoding=\"async\" width=\"425\" height=\"505\" src=\"https:\/\/www.santamonica.com\/wp-content\/uploads\/2023\/02\/best-santa-monica-shopping.jpg\" class=\"two-images__image\" alt=\"beste einkaufsm\u00f6glichkeiten in santa monica\" loading=\"lazy\" srcset=\"https:\/\/www.santamonica.com\/wp-content\/uploads\/2023\/02\/best-santa-monica-shopping.jpg 425w, https:\/\/www.santamonica.com\/wp-content\/uploads\/2023\/02\/best-santa-monica-shopping-252x300.jpg 252w, https:\/\/www.santamonica.com\/wp-content\/uploads\/2023\/02\/best-santa-monica-shopping-126x150.jpg 126w\" sizes=\"auto, (max-width: 425px) 100vw, 425px\" title=\"\">                    \n\n                <\/div>\n                    <\/div>\n\n        <div class=\"two-images__column\">\n                            <div class=\"two-images__image-container\">\n                    <img decoding=\"async\" width=\"600\" height=\"565\" src=\"https:\/\/www.santamonica.com\/wp-content\/uploads\/2023\/02\/santa-monica-stores.jpg\" class=\"two-images__image\" alt=\"santa monica-gesch\u00e4fte\" loading=\"lazy\" srcset=\"https:\/\/www.santamonica.com\/wp-content\/uploads\/2023\/02\/santa-monica-stores.jpg 600w, https:\/\/www.santamonica.com\/wp-content\/uploads\/2023\/02\/santa-monica-stores-300x283.jpg 300w, https:\/\/www.santamonica.com\/wp-content\/uploads\/2023\/02\/santa-monica-stores-159x150.jpg 159w\" sizes=\"auto, (max-width: 600px) 100vw, 600px\" title=\"\">                    \n\n                <\/div>\n                    <\/div>\n\n    <\/div>\n<\/section>\n\n\n\n<section class=\"image-section-break sm-block\">\n    <div class=\"image-section-break__image-wrapper\">\n                    <picture>\n                    <source\n                        media=\"(min-width: 768px)\"\n                        srcset=\"https:\/\/www.santamonica.com\/wp-content\/uploads\/2024\/07\/BuyLocalShopping.png\"\n                    >\n                    <img decoding=\"async\" src=\"https:\/\/www.santamonica.com\/wp-content\/uploads\/2024\/07\/BuyLocalShoppingTall.png\" class=\"image-section-break__image\" alt=\"\" title=\"\">\n            <\/picture>\n                \n\n    <\/div>\n    <div class=\"image-section-break__text-content\">\n        <div class=\"image-section-break__first-content --theme3\">\n                            <div class=\"image-section-break__eyebrow-text\">Finden Sie die perfekte Passform<\/div>\n                                        <h2 class=\"image-section-break__title\">Nachhaltig einkaufen<\/h2>\n                                        <div class=\"image-section-break__body-copy wysiwyg\"><p data-sourcepos=\"3:1-3:45\">Santa Monica ist mehr als nur Sonne, Sand und Surfen - es ist ein Einkaufsparadies! In einer Stadt voller einzigartiger Boutiquen, Kunsthandwerksl\u00e4den und nachhaltiger Marken, die den allt\u00e4glichen Beach-to-City-Lifestyle widerspiegeln, <a href=\"https:\/\/www.santamonica.gov\/programs\/buy-local-santa-monica\" target=\"_blank\" rel=\"noopener\">Einkaufen vor Ort<\/a> ist der perfekte Weg, um den einzigartigen Charme und die lebendige Gemeinschaft der Stadt zu erleben.<\/p>\n<\/div>\n                                <\/div>\n        <div class=\"image-section-break__second-content\">\n                            <div class=\"image-section-break__body-copy wysiwyg\"><p>Von stilvoller Mode bis hin zu umweltfreundlichen Produkten bieten die lokalen Gesch\u00e4fte in Santa Monica eine Vielzahl einzigartiger Sch\u00e4tze f\u00fcr nachhaltige Eink\u00e4ufer. Kaufen Sie Kunsthandwerk von Frauen in der K\u00fcnstler-Kooperative <strong><a href=\"https:\/\/www.santamonica.com\/de\/einkaufen\/galerie-der-zehn-frauen\/\">Galerie der zehn Frauen<\/a>, <\/strong>authentisches Holzspielzeug bei <a href=\"https:\/\/www.santamonica.com\/de\/einkaufen\/akologie\/\">Akologie<\/a> und Vintage-Kleidung (neben Vintage-Wein) bei <a href=\"https:\/\/www.santamonica.com\/de\/einkaufen\/gottlicher-jahrgang\/\">G\u00f6ttlicher Jahrgang<\/a> und f\u00fchlen sich bei jedem Einkauf gut, weil Sie wissen, dass Sie lokale Gesch\u00e4fte unterst\u00fctzen.<\/p>\n<p>Ganz gleich, ob Sie einen malerischen Buchladen, eine schicke Boutique oder ein gem\u00fctliches Caf\u00e9 suchen - hier finden Sie genau das, was Sie brauchen, und haben bei jedem Einkauf ein gutes Gef\u00fchl. Beginnen Sie Ihr Shopping-Abenteuer noch heute und erleben Sie das Beste von Santa Monica.<\/p>\n<\/div>\n                                <\/div>\n    <\/div>\n<\/section>\n\n\n<section class=\"crowdriff-gallery sm-block\">\n    <div class=\"crowdriff-gallery__content\">\n                    <h2 class=\"crowdriff-gallery__headline\">Soziale Ereignisse in Santa Monica<\/h2>                            <script id=\"cr-init__44e0064d\" src=\"https:\/\/starling.crowdriff.com\/js\/crowdriff.js\" async><\/script>\n            <\/div>\n<\/section>","protected":false},"excerpt":{"rendered":"","protected":false},"author":1450,"featured_media":343566,"parent":0,"menu_order":0,"comment_status":"closed","ping_status":"closed","template":"template-stakeholder-listing.php","meta":{"_acf_changed":false,"inline_featured_image":false,"footnotes":""},"silos":[],"class_list":["post-335224","page","type-page","status-publish","has-post-thumbnail","hentry"],"acf":[],"_links":{"self":[{"href":"https:\/\/www.santamonica.com\/de\/wp-json\/wp\/v2\/pages\/335224","targetHints":{"allow":["GET"]}}],"collection":[{"href":"https:\/\/www.santamonica.com\/de\/wp-json\/wp\/v2\/pages"}],"about":[{"href":"https:\/\/www.santamonica.com\/de\/wp-json\/wp\/v2\/types\/page"}],"author":[{"embeddable":true,"href":"https:\/\/www.santamonica.com\/de\/wp-json\/wp\/v2\/users\/1450"}],"replies":[{"embeddable":true,"href":"https:\/\/www.santamonica.com\/de\/wp-json\/wp\/v2\/comments?post=335224"}],"version-history":[{"count":64,"href":"https:\/\/www.santamonica.com\/de\/wp-json\/wp\/v2\/pages\/335224\/revisions"}],"predecessor-version":[{"id":424429,"href":"https:\/\/www.santamonica.com\/de\/wp-json\/wp\/v2\/pages\/335224\/revisions\/424429"}],"wp:featuredmedia":[{"embeddable":true,"href":"https:\/\/www.santamonica.com\/de\/wp-json\/wp\/v2\/media\/343566"}],"wp:attachment":[{"href":"https:\/\/www.santamonica.com\/de\/wp-json\/wp\/v2\/media?parent=335224"}],"wp:term":[{"taxonomy":"silos","embeddable":true,"href":"https:\/\/www.santamonica.com\/de\/wp-json\/wp\/v2\/silos?post=335224"}],"curies":[{"name":"wp","href":"https:\/\/api.w.org\/{rel}","templated":true}]}}