{"id":335196,"date":"2022-05-13T14:44:08","date_gmt":"2022-05-13T21:44:08","guid":{"rendered":"https:\/\/www.santamonica.com\/?page_id=335196"},"modified":"2026-01-13T13:47:45","modified_gmt":"2026-01-13T21:47:45","slug":"hotels","status":"publish","type":"page","link":"https:\/\/www.santamonica.com\/de\/hotels\/","title":{"rendered":"Finden Sie Ihr perfektes Hotel"},"content":{"rendered":"<h2 class=\"wp-block-heading has-text-align-center base-block\">Hotelerlebnisse erkunden<\/h2>\n\n\n<section class=\"links-grid --theme3 sm-block\">\n    <div class=\"links-grid__wrapper\">\n                                                    <a href=\"https:\/\/www.santamonica.com\/de\/hotels\/staying-in-santa-monica\/\" class=\"links-grid__card-link\" aria-label=\"\u00dcbernachten in Santa Monica\" >\n                    <div class=\"links-grid__card\">\n                                                    <div class=\"links-grid__card-image-wrapper\">\n                                <img decoding=\"async\" width=\"400\" height=\"400\" src=\"https:\/\/www.santamonica.com\/wp-content\/uploads\/2022\/06\/santa-monica-lodging-400x400.jpg\" class=\"links-grid__card-image\" alt=\"Unterkunftsm\u00f6glichkeiten in Santa Monica\" loading=\"lazy\" title=\"\">                            <\/div>\n                                                <div class=\"links-grid__card-text\">\n                                                            <div class=\"links-grid__card-title\">\u00dcbernachten in Santa Monica<\/div>\n                                                                                        <div class=\"links-grid__card-description\">Santa Monica bietet eine Vielzahl von Hotelunterk\u00fcnften, von Luxus bis Economy.<\/div>\n                                                    <\/div>\n                    <\/div>\n                <\/a>\n                                            <a href=\"https:\/\/www.santamonica.com\/de\/hotels\/hotels-near-santa-monica-pier\/\" class=\"links-grid__card-link\" aria-label=\"Direkt am Strand\" >\n                    <div class=\"links-grid__card\">\n                                                    <div class=\"links-grid__card-image-wrapper\">\n                                <img decoding=\"async\" width=\"400\" height=\"400\" src=\"https:\/\/www.santamonica.com\/wp-content\/uploads\/2024\/01\/Beach-front-hotels-400x400.jpg\" class=\"links-grid__card-image\" alt=\"Hotels in der N\u00e4he des Santa Monica Pier\" loading=\"lazy\" title=\"\">                            <\/div>\n                                                <div class=\"links-grid__card-text\">\n                                                            <div class=\"links-grid__card-title\">Direkt am Strand<\/div>\n                                                                                        <div class=\"links-grid__card-description\">In keiner anderen Stadt am Strand von Los Angeles gibt es eine so gro\u00dfe Auswahl an Hotels mit Blick auf den Pazifischen Ozean.<\/div>\n                                                    <\/div>\n                    <\/div>\n                <\/a>\n                                            <a href=\"https:\/\/www.santamonica.com\/de\/hotels\/hotels-by-budget\/\" class=\"links-grid__card-link\" aria-label=\"Hotels nach Budget\" >\n                    <div class=\"links-grid__card\">\n                                                    <div class=\"links-grid__card-image-wrapper\">\n                                <img decoding=\"async\" width=\"400\" height=\"400\" src=\"https:\/\/www.santamonica.com\/wp-content\/uploads\/2022\/06\/santa-monica-hotels-2-400x400.jpg\" class=\"links-grid__card-image\" alt=\"G\u00fcnstige Hotels in Santa Monica\" loading=\"lazy\" title=\"\">                            <\/div>\n                                                <div class=\"links-grid__card-text\">\n                                                            <div class=\"links-grid__card-title\">Hotels nach Budget<\/div>\n                                                                                        <div class=\"links-grid__card-description\">Die Hotels in Santa Monica unterscheiden sich in Preis und Budget je nach Lage und Ausstattung.<\/div>\n                                                    <\/div>\n                    <\/div>\n                <\/a>\n                                            <a href=\"https:\/\/www.santamonica.com\/de\/hotels\/hotels-by-neighborhood\/\" class=\"links-grid__card-link\" aria-label=\"Hotels nach Stadtvierteln\" >\n                    <div class=\"links-grid__card\">\n                                                    <div class=\"links-grid__card-image-wrapper\">\n                                <img decoding=\"async\" width=\"400\" height=\"400\" src=\"https:\/\/www.santamonica.com\/wp-content\/uploads\/2022\/07\/Santa-Monica-city-aerial-view-540x540-1-400x400.jpg\" class=\"links-grid__card-image\" alt=\"Unterkunftsm\u00f6glichkeiten in Santa Monica\" loading=\"lazy\" srcset=\"https:\/\/www.santamonica.com\/wp-content\/uploads\/2022\/07\/Santa-Monica-city-aerial-view-540x540-1-400x400.jpg 400w, https:\/\/www.santamonica.com\/wp-content\/uploads\/2022\/07\/Santa-Monica-city-aerial-view-540x540-1-300x300.jpg 300w, https:\/\/www.santamonica.com\/wp-content\/uploads\/2022\/07\/Santa-Monica-city-aerial-view-540x540-1-150x150.jpg 150w, https:\/\/www.santamonica.com\/wp-content\/uploads\/2022\/07\/Santa-Monica-city-aerial-view-540x540-1.jpg 540w\" sizes=\"auto, (max-width: 400px) 100vw, 400px\" title=\"\">                            <\/div>\n                                                <div class=\"links-grid__card-text\">\n                                                            <div class=\"links-grid__card-title\">Hotels nach Stadtvierteln<\/div>\n                                                                                        <div class=\"links-grid__card-description\">Santa Monica ist mehr als nur eine Strandstadt; es gibt acht gro\u00dfartige Stadtteile direkt am Strand!<\/div>\n                                                    <\/div>\n                    <\/div>\n                <\/a>\n                        <\/div>\n<\/section>\n\n\n\n<section class=\"sun-title sm-block --theme6 sm-block\">\n            <h2 class=\"sun-title__headline\">H\u00e4ufig gestellte Fragen<\/h2>    \n            <div class=\"sun-title__body  wysiwyg\">\n                    <h3>Lohnt es sich, in Santa Monica zu bleiben?<\/h3>\n<p>Ein Aufenthalt in Santa Monica ist eine gute Option f\u00fcr Besucher, die in der N\u00e4he von Sehensw\u00fcrdigkeiten, Restaurants und dem Strand wohnen m\u00f6chten. Alle Hotels sind nicht weiter als vier Meilen vom Meer entfernt. Die meisten liegen direkt am Strand oder sind zu Fu\u00df zu erreichen, sodass Sie sich den \u00c4rger und die Geb\u00fchren ersparen k\u00f6nnen, die bei der Parkplatzsuche anfallen.<\/p>\n<h3>Welches ist das beste Hotel in Santa Monica?<\/h3>\n<p>Santa Monica bietet einige der besten Hotels in Kalifornien, die in Bezug auf Lage, Ausstattung und Gesamtatmosph\u00e4re unterschiedliche Vorlieben bedienen. Wenn Sie auf der Suche nach Luxus sind, finden Sie hier viele Hotels der gehobenen Klasse, in denen Sie sich stilvoll entspannen k\u00f6nnen. Wer es etwas entspannter mag, findet in Santa Monica auch eine Reihe von Qualit\u00e4tsunterk\u00fcnften, von <a href=\"https:\/\/www.santamonica.com\/de\/hotels\/hotels-nach-budget\/#mid-range-hotels\">Boutique- und Mittelklassehotels<\/a> zu <a href=\"https:\/\/www.santamonica.com\/de\/hotels\/hotels-nach-budget\/#budget-friendly-hotels\">budgetfreundliche Optionen<\/a>.<\/p>\n<h3>Welches sind die besten Hotel-Lobbys in Santa Monica, CA?<\/h3>\n<p><strong><a href=\"https:\/\/www.santamonica.com\/de\/hotels\/das-ambrose-hotel\/\">Das Ambrose Hotel<\/a><\/strong> verf\u00fcgt \u00fcber sch\u00f6ne Gemeinschaftsr\u00e4ume mit Pflanzen und einladenden Sitzgelegenheiten und ist nur 7 Autominuten vom Strand entfernt. <strong><a href=\"https:\/\/www.santamonica.com\/de\/hotels\/hotel-casa-del-mar\/\">Hotel Casa Del Mar<\/a><\/strong> liegt direkt am Strand und bietet eine Vielzahl von Speisem\u00f6glichkeiten, darunter Terrazza mit Blick auf das Meer (Reservierungen sind eine gute Idee), und in der Lobby-Lounge gibt es handwerklich hergestellte Cocktails in eleganter Atmosph\u00e4re.<\/p>\n<p>Je nach Geschmack bieten die meisten Hotellobbys gem\u00fctliche Sitzgelegenheiten und einen Raum f\u00fcr geselliges Beisammensein sowie Annehmlichkeiten wie kostenlose Getr\u00e4nke, Wi-Fi und gem\u00fctliche Sitzgelegenheiten f\u00fcr G\u00e4ste. Viele Hotellobbys verf\u00fcgen auch \u00fcber Bars oder Restaurants, aber wir empfehlen Ihnen, anzurufen oder die Liste der Hotels zu durchst\u00f6bern, um mehr dar\u00fcber zu erfahren, was sie zu bieten haben.<\/p>\n                        <\/div>\n    <\/section>\n\n\n<section class=\"blog-feed --theme8 sm-block\">\n    <div class=\"blog-feed__content\">\n        <div class=\"blog-feed__intro\">\n                            <div class=\"blog-feed__eyebrow eyebrow\">Blogs<\/div>                                        <h2 class=\"blog-feed__headline\">Santa Monica entdecken<\/h2>                                        <div class=\"blog-feed__body\"><p>Entdecken Sie Reiserouten, lokale Tipps, Hot Spots und ausgew\u00e4hlte Abenteuer, damit Sie das Beste aus Ihrem Aufenthalt in Santa Monica machen k\u00f6nnen.<\/p>\n<\/div>\n                                        <a class=\"blog-feed__cta\" href=\"https:\/\/www.santamonica.com\/de\/blogeintrage\/\">Alle Blogs anzeigen<\/a>\n                    <\/div>\n\n        <ul class=\"blog-feed__list\">\n                                                <li class=\"blog-feed__item\">\n                        <a href=\"https:\/\/www.santamonica.com\/de\/restaurants\/a-guide-to-santa-monicas-hotel-bars\/\" class=\"blog-feed__item-link\">\n                            <div class=\"blog-feed__image-ratio\">\n                                <img decoding=\"async\" class=\"blog-feed__image\" src=\"https:\/\/www.santamonica.com\/wp-content\/uploads\/2019\/07\/desktop-1-e1563912356679-400x400.jpg\" alt=\"Ein F\u00fchrer zu Santa Monicas Hotelbars\" title=\"\">\n                            <\/div>\n                            <div class=\"blog-feed__card-title\">Ein F\u00fchrer zu Santa Monicas Hotelbars<\/div>\n                        <\/a>\n                    <\/li>\n                                                                <li class=\"blog-feed__item\">\n                        <a href=\"https:\/\/www.santamonica.com\/de\/experience-santa-monica\/a-guide-to-santa-monicas-laid-back-luxury\/\" class=\"blog-feed__item-link\">\n                            <div class=\"blog-feed__image-ratio\">\n                                <img decoding=\"async\" class=\"blog-feed__image\" src=\"https:\/\/www.santamonica.com\/wp-content\/uploads\/2019\/07\/feature-400x400.jpg\" alt=\"Ein F\u00fchrer zu Santa Monicas entspanntem Luxus\" title=\"\">\n                            <\/div>\n                            <div class=\"blog-feed__card-title\">Ein F\u00fchrer zu Santa Monicas entspanntem Luxus<\/div>\n                        <\/a>\n                    <\/li>\n                                                                <li class=\"blog-feed__item\">\n                        <a href=\"https:\/\/www.santamonica.com\/de\/hotels\/family-friendly-hotels-in-santa-monica\/\" class=\"blog-feed__item-link\">\n                            <div class=\"blog-feed__image-ratio\">\n                                <img decoding=\"async\" class=\"blog-feed__image\" src=\"https:\/\/www.santamonica.com\/wp-content\/uploads\/2019\/03\/family-friendly-hotels-featured-400x400.jpg\" alt=\"Familienfreundliche Hotels in Santa Monica\" title=\"\">\n                            <\/div>\n                            <div class=\"blog-feed__card-title\">Familienfreundliche Hotels in Santa Monica<\/div>\n                        <\/a>\n                    <\/li>\n                                    <\/ul>\n    <\/div>\n<\/section>","protected":false},"excerpt":{"rendered":"<p>Hotelerlebnisse erkunden<\/p>","protected":false},"author":1450,"featured_media":24774,"parent":0,"menu_order":0,"comment_status":"closed","ping_status":"closed","template":"template-stakeholder-listing.php","meta":{"_acf_changed":false,"inline_featured_image":false,"footnotes":""},"silos":[],"class_list":["post-335196","page","type-page","status-publish","has-post-thumbnail","hentry"],"acf":[],"_links":{"self":[{"href":"https:\/\/www.santamonica.com\/de\/wp-json\/wp\/v2\/pages\/335196","targetHints":{"allow":["GET"]}}],"collection":[{"href":"https:\/\/www.santamonica.com\/de\/wp-json\/wp\/v2\/pages"}],"about":[{"href":"https:\/\/www.santamonica.com\/de\/wp-json\/wp\/v2\/types\/page"}],"author":[{"embeddable":true,"href":"https:\/\/www.santamonica.com\/de\/wp-json\/wp\/v2\/users\/1450"}],"replies":[{"embeddable":true,"href":"https:\/\/www.santamonica.com\/de\/wp-json\/wp\/v2\/comments?post=335196"}],"version-history":[{"count":70,"href":"https:\/\/www.santamonica.com\/de\/wp-json\/wp\/v2\/pages\/335196\/revisions"}],"predecessor-version":[{"id":781574,"href":"https:\/\/www.santamonica.com\/de\/wp-json\/wp\/v2\/pages\/335196\/revisions\/781574"}],"wp:featuredmedia":[{"embeddable":true,"href":"https:\/\/www.santamonica.com\/de\/wp-json\/wp\/v2\/media\/24774"}],"wp:attachment":[{"href":"https:\/\/www.santamonica.com\/de\/wp-json\/wp\/v2\/media?parent=335196"}],"wp:term":[{"taxonomy":"silos","embeddable":true,"href":"https:\/\/www.santamonica.com\/de\/wp-json\/wp\/v2\/silos?post=335196"}],"curies":[{"name":"wp","href":"https:\/\/api.w.org\/{rel}","templated":true}]}}